{"id":6169,"date":"2015-04-03T19:06:53","date_gmt":"2015-04-03T17:06:53","guid":{"rendered":"http:\/\/www.chile-reise.com\/?page_id=6169"},"modified":"2015-04-10T19:24:42","modified_gmt":"2015-04-10T17:24:42","slug":"cabanas-caleta-gonzalo","status":"publish","type":"page","link":"https:\/\/www.chile-reise.com\/de\/hotels\/carretera-austral\/cabanas-caleta-gonzalo\/","title":{"rendered":"Caba\u00f1as Caleta Gonzalo ***"},"content":{"rendered":"<p>\r\n        <style type='text\/css'>\r\n            #gallery-1 {\r\n                margin: auto;\r\n            }\r\n            #gallery-1 .gallery-item {\r\n                float: left;\r\n                margin-top: 10px;\r\n                text-align: center;\r\n                width: 33%;           }\r\n            #gallery-1 img {\r\n                border: 2px solid #cfcfcf;\r\n            }\r\n            #gallery-1 .gallery-caption {\r\n                margin-left: 0;\r\n            }\r\n        <\/style>\r\n        <!-- see gallery_shortcode() in wp-includes\/media.php -->\r\n        <div id='gallery-1' class='gallery-images gallery galleryid-6169'><dl class='gallery-item'>\r\n            <dt class='gallery-icon'>\r\n                <a href='https:\/\/www.chile-reise.com\/wp-content\/uploads\/Caba\u00f1as-Caleta-Gonzalo.jpg'><img loading=\"lazy\" decoding=\"async\" width=\"240\" height=\"140\" src=\"https:\/\/www.chile-reise.com\/wp-content\/uploads\/Caba\u00f1as-Caleta-Gonzalo-240x140.jpg\" class=\"attachment-thumbnail size-thumbnail\" alt=\"Caba\u00f1as Caleta Gonzalo\" \/><\/a>\r\n            <\/dt>\r\n                <dd class='gallery-caption'>\r\n                Caba\u00f1as Caleta Gonzalo\r\n                <\/dd><\/dl><dl class='gallery-item'>\r\n            <dt class='gallery-icon'>\r\n                <a href='https:\/\/www.chile-reise.com\/wp-content\/uploads\/Caba\u00f1as-Caleta-Gonzalo-Room.jpg'><img loading=\"lazy\" decoding=\"async\" width=\"240\" height=\"140\" src=\"https:\/\/www.chile-reise.com\/wp-content\/uploads\/Caba\u00f1as-Caleta-Gonzalo-Room-240x140.jpg\" class=\"attachment-thumbnail size-thumbnail\" alt=\"Caba\u00f1as Caleta Gonzalo Room\" \/><\/a>\r\n            <\/dt>\r\n                <dd class='gallery-caption'>\r\n                Caba\u00f1as Caleta Gonzalo Room\r\n                <\/dd><\/dl><dl class='gallery-item'>\r\n            <dt class='gallery-icon'>\r\n                <a href='https:\/\/www.chile-reise.com\/wp-content\/uploads\/Caba\u00f1as-Caleta-Gonzalo-3.jpg'><img loading=\"lazy\" decoding=\"async\" width=\"240\" height=\"140\" src=\"https:\/\/www.chile-reise.com\/wp-content\/uploads\/Caba\u00f1as-Caleta-Gonzalo-3-240x140.jpg\" class=\"attachment-thumbnail size-thumbnail\" alt=\"Caba\u00f1as Caleta Gonzalo\" \/><\/a>\r\n            <\/dt>\r\n                <dd class='gallery-caption'>\r\n                Caba\u00f1as Caleta Gonzalo View\r\n                <\/dd><\/dl><br style=\"clear: both\" \/><dl class='gallery-item'>\r\n            <dt class='gallery-icon'>\r\n                <a href='https:\/\/www.chile-reise.com\/wp-content\/uploads\/Caba\u00f1as-Caleta-Gonzalo-Room-2.jpg'><img loading=\"lazy\" decoding=\"async\" width=\"240\" height=\"140\" src=\"https:\/\/www.chile-reise.com\/wp-content\/uploads\/Caba\u00f1as-Caleta-Gonzalo-Room-2-240x140.jpg\" class=\"attachment-thumbnail size-thumbnail\" alt=\"Caba\u00f1as Caleta Gonzalo Room\" \/><\/a>\r\n            <\/dt>\r\n                <dd class='gallery-caption'>\r\n                Caba\u00f1as Caleta Gonzalo Room\r\n                <\/dd><\/dl><dl class='gallery-item'>\r\n            <dt class='gallery-icon'>\r\n                <a href='https:\/\/www.chile-reise.com\/wp-content\/uploads\/Caba\u00f1as-Caleta-Gonzalo-4.jpg'><img loading=\"lazy\" decoding=\"async\" width=\"240\" height=\"140\" src=\"https:\/\/www.chile-reise.com\/wp-content\/uploads\/Caba\u00f1as-Caleta-Gonzalo-4-240x140.jpg\" class=\"attachment-thumbnail size-thumbnail\" alt=\"Caba\u00f1as Caleta Gonzalo\" \/><\/a>\r\n            <\/dt>\r\n                <dd class='gallery-caption'>\r\n                Caba\u00f1as Caleta Gonzalo Overview\r\n                <\/dd><\/dl><dl class='gallery-item'>\r\n            <dt class='gallery-icon'>\r\n                <a href='https:\/\/www.chile-reise.com\/wp-content\/uploads\/Caba\u00f1as-Caleta-Gonzalo-2.jpg'><img loading=\"lazy\" decoding=\"async\" width=\"240\" height=\"140\" src=\"https:\/\/www.chile-reise.com\/wp-content\/uploads\/Caba\u00f1as-Caleta-Gonzalo-2-240x140.jpg\" class=\"attachment-thumbnail size-thumbnail\" alt=\"Caba\u00f1as Caleta Gonzalo\" \/><\/a>\r\n            <\/dt>\r\n                <dd class='gallery-caption'>\r\n                Caba\u00f1as Caleta Gonzalo\r\n                <\/dd><\/dl><br style=\"clear: both\" \/>\r\n            <br style='clear: both;' \/>\r\n        <\/div>\n\n<div class=\"clear\"><\/div><div class=\"divider\"><\/div>\nDie Caba\u00f1as Caleta Gonzalo befinden sich am s\u00fcdlichen Eingang des privat-verwalteten Pumal\u00edn Naturparks, in Caleta Gonzalo, s\u00fcdlich von Puerto Montt an der Carretera Austral. Die rustikalen aber gro\u00dfz\u00fcgig ausgestatteten H\u00e4uschen sind alle individuell im landestypischen Stil dekoriert und sehr gem\u00fctlich. Jeder Bungalow hat ein eigenes vollausgestattetes Badezimmer, Hochbetten f\u00fcr Kinder oder zus\u00e4tzliche Erwachsene und eine gro\u00dfartige Aussicht auf den sch\u00f6nen Re\u00f1ihue Fjord. Das Caleta Gonzalo Caf\u00e9 serviert Ihnen hausgemachte Speisen und frisch gebackenes Brot.<\/p>\n<p><strong>Zimmer:<\/strong> 7 Caba\u00f1as (Bungalows)<br \/>\n<strong>Ausstattung:<\/strong> Caf\u00e9-Restaurant, privates Bad, Hochbetten f\u00fcr Kinder<\/p>","protected":false},"excerpt":{"rendered":"<p>Die Caba\u00f1as Caleta Gonzalo befinden sich am s\u00fcdlichen Eingang des privat-verwalteten Pumal\u00edn Naturparks, in Caleta Gonzalo, s\u00fcdlich von Puerto Montt an der Carretera Austral. Die rustikalen aber gro\u00dfz\u00fcgig ausgestatteten H\u00e4uschen sind alle individuell im landestypischen Stil dekoriert und sehr gem\u00fctlich. &#8230;<\/p>\n","protected":false},"author":3,"featured_media":0,"parent":218,"menu_order":0,"comment_status":"open","ping_status":"closed","template":"","meta":{"slim_seo":{"title":"Caba\u00f1as Caleta Gonzalo *** Caba\u00f1as Caleta Gonzalo *** - travelArt","description":"Caba\u00f1as Caleta Gonzalo Caba\u00f1as Caleta Gonzalo Room Caba\u00f1as Caleta Gonzalo View Caba\u00f1as Caleta Gonzalo Room Caba\u00f1as Caleta Gonzalo Overview Caba\u00f1as Caleta Gonzal"},"footnotes":""},"class_list":["post-6169","page","type-page","status-publish","hentry"],"_links":{"self":[{"href":"https:\/\/www.chile-reise.com\/de\/wp-json\/wp\/v2\/pages\/6169","targetHints":{"allow":["GET"]}}],"collection":[{"href":"https:\/\/www.chile-reise.com\/de\/wp-json\/wp\/v2\/pages"}],"about":[{"href":"https:\/\/www.chile-reise.com\/de\/wp-json\/wp\/v2\/types\/page"}],"author":[{"embeddable":true,"href":"https:\/\/www.chile-reise.com\/de\/wp-json\/wp\/v2\/users\/3"}],"replies":[{"embeddable":true,"href":"https:\/\/www.chile-reise.com\/de\/wp-json\/wp\/v2\/comments?post=6169"}],"version-history":[{"count":0,"href":"https:\/\/www.chile-reise.com\/de\/wp-json\/wp\/v2\/pages\/6169\/revisions"}],"up":[{"embeddable":true,"href":"https:\/\/www.chile-reise.com\/de\/wp-json\/wp\/v2\/pages\/218"}],"wp:attachment":[{"href":"https:\/\/www.chile-reise.com\/de\/wp-json\/wp\/v2\/media?parent=6169"}],"curies":[{"name":"wp","href":"https:\/\/api.w.org\/{rel}","templated":true}]}}