{"id":6167,"date":"2015-04-03T18:59:38","date_gmt":"2015-04-03T16:59:38","guid":{"rendered":"http:\/\/www.chile-reise.com\/?page_id=6167"},"modified":"2015-04-10T19:25:15","modified_gmt":"2015-04-10T17:25:15","slug":"uman-lodge","status":"publish","type":"page","link":"https:\/\/www.chile-reise.com\/de\/hotels\/carretera-austral\/uman-lodge\/","title":{"rendered":"Uman Lodge *****"},"content":{"rendered":"<p>\r\n        <style type='text\/css'>\r\n            #gallery-1 {\r\n                margin: auto;\r\n            }\r\n            #gallery-1 .gallery-item {\r\n                float: left;\r\n                margin-top: 10px;\r\n                text-align: center;\r\n                width: 33%;           }\r\n            #gallery-1 img {\r\n                border: 2px solid #cfcfcf;\r\n            }\r\n            #gallery-1 .gallery-caption {\r\n                margin-left: 0;\r\n            }\r\n        <\/style>\r\n        <!-- see gallery_shortcode() in wp-includes\/media.php -->\r\n        <div id='gallery-1' class='gallery-images gallery galleryid-6167'><dl class='gallery-item'>\r\n            <dt class='gallery-icon'>\r\n                <a href='https:\/\/www.chile-reise.com\/wp-content\/uploads\/Uman-Lodge_travelArt4.jpg'><img loading=\"lazy\" decoding=\"async\" width=\"240\" height=\"140\" src=\"https:\/\/www.chile-reise.com\/wp-content\/uploads\/Uman-Lodge_travelArt4-240x140.jpg\" class=\"attachment-thumbnail size-thumbnail\" alt=\"Uman Lodge travelArt4\" \/><\/a>\r\n            <\/dt>\r\n                <dd class='gallery-caption'>\r\n                Uman Lodge Terrace and View\r\n                <\/dd><\/dl><dl class='gallery-item'>\r\n            <dt class='gallery-icon'>\r\n                <a href='https:\/\/www.chile-reise.com\/wp-content\/uploads\/Uman-Lodge_travelArt12.jpg'><img loading=\"lazy\" decoding=\"async\" width=\"240\" height=\"140\" src=\"https:\/\/www.chile-reise.com\/wp-content\/uploads\/Uman-Lodge_travelArt12-240x140.jpg\" class=\"attachment-thumbnail size-thumbnail\" alt=\"Uman Lodge travelArt12\" \/><\/a>\r\n            <\/dt>\r\n                <dd class='gallery-caption'>\r\n                Uman Lodge Room\r\n                <\/dd><\/dl><dl class='gallery-item'>\r\n            <dt class='gallery-icon'>\r\n                <a href='https:\/\/www.chile-reise.com\/wp-content\/uploads\/Uman-Lodge_travelArt14.jpg'><img loading=\"lazy\" decoding=\"async\" width=\"240\" height=\"140\" src=\"https:\/\/www.chile-reise.com\/wp-content\/uploads\/Uman-Lodge_travelArt14-240x140.jpg\" class=\"attachment-thumbnail size-thumbnail\" alt=\"Uman Lodge travelArt14\" \/><\/a>\r\n            <\/dt>\r\n                <dd class='gallery-caption'>\r\n                Uman Lodge Pool\r\n                <\/dd><\/dl><br style=\"clear: both\" \/>\r\n            <br style='clear: both;' \/>\r\n        <\/div>\n\n<div class=\"clear\"><\/div><div class=\"divider\"><\/div>\nAuf 489 Hektar befindet sich die Uman Lodge auf dem Landst\u00fcck Fundo La Confluencia an einer Klippe mit traumhaftem Blick auf die umliegende Andenkordillere und das Tal der Fl\u00fcsse R\u00edo Espol\u00f3n und Futaleuf\u00fa mit ihren kristallklaren Wassern. Die Lodge bietet insgesamt 16 ger\u00e4umige Suiten, die kleinste von ihnen 52m\u00b2 gro\u00df, die jeweils \u00fcber eine eigene Terrasse verf\u00fcgen. Gourmets kommen in dem Restaurant mit patagonischer K\u00fcche, lokaltypischem Geb\u00e4ck und vielem mehr voll auf ihre Kosten. Auch G\u00e4ste, die sportliche Abwechslung suchen, werden hier f\u00fcndig: Canopy, Hochseilgarten, Rafting, Fliegenfischen und Trekking sind nur einige Angebote der Uman Lodge. Von der Lodge aus k\u00f6nnen Sie ideal die Umgebung der wundersch\u00f6nen Region erkunden. Die Nationalparks Futaleuf\u00fa und der See Lago Yelcho sind die wohl ber\u00fchmtesten Ausflugsziele der Region.<\/p>\n<p><strong>Zimmer:<\/strong> 16<br \/>\n<strong>Ausstattung: <\/strong>private Terrasse, Veranstaltungssaal, Konferenzraum, Health Club mit Spa, Fitnessstudio, Schwimmbecken, Outdoor-Aktivit\u00e4ten<br \/>\n<strong>Internet:<\/strong> Wi-Fi<br \/>\n<\/p>","protected":false},"excerpt":{"rendered":"<p>Auf 489 Hektar befindet sich die Uman Lodge auf dem Landst\u00fcck Fundo La Confluencia an einer Klippe mit traumhaftem Blick auf die umliegende Andenkordillere und das Tal der Fl\u00fcsse R\u00edo Espol\u00f3n und Futaleuf\u00fa mit ihren kristallklaren Wassern. Die Lodge bietet &#8230;<\/p>\n","protected":false},"author":3,"featured_media":0,"parent":218,"menu_order":0,"comment_status":"open","ping_status":"closed","template":"","meta":{"slim_seo":{"title":"Uman Lodge ***** Uman Lodge ***** - travelArt","description":"Uman Lodge Terrace and View Uman Lodge Room Uman Lodge Pool Auf 489 Hektar befindet sich die Uman Lodge auf dem Landst\u00fcck Fundo La Confluencia an einer Klippe m"},"footnotes":""},"class_list":["post-6167","page","type-page","status-publish","hentry"],"_links":{"self":[{"href":"https:\/\/www.chile-reise.com\/de\/wp-json\/wp\/v2\/pages\/6167","targetHints":{"allow":["GET"]}}],"collection":[{"href":"https:\/\/www.chile-reise.com\/de\/wp-json\/wp\/v2\/pages"}],"about":[{"href":"https:\/\/www.chile-reise.com\/de\/wp-json\/wp\/v2\/types\/page"}],"author":[{"embeddable":true,"href":"https:\/\/www.chile-reise.com\/de\/wp-json\/wp\/v2\/users\/3"}],"replies":[{"embeddable":true,"href":"https:\/\/www.chile-reise.com\/de\/wp-json\/wp\/v2\/comments?post=6167"}],"version-history":[{"count":0,"href":"https:\/\/www.chile-reise.com\/de\/wp-json\/wp\/v2\/pages\/6167\/revisions"}],"up":[{"embeddable":true,"href":"https:\/\/www.chile-reise.com\/de\/wp-json\/wp\/v2\/pages\/218"}],"wp:attachment":[{"href":"https:\/\/www.chile-reise.com\/de\/wp-json\/wp\/v2\/media?parent=6167"}],"curies":[{"name":"wp","href":"https:\/\/api.w.org\/{rel}","templated":true}]}}