{"id":6165,"date":"2015-04-09T20:22:40","date_gmt":"2015-04-09T18:22:40","guid":{"rendered":"http:\/\/www.chile-reise.com\/?page_id=6165"},"modified":"2017-02-23T22:22:27","modified_gmt":"2017-02-23T20:22:27","slug":"noi-centro-de-ocio","status":"publish","type":"page","link":"https:\/\/www.chile-reise.com\/de\/hotels\/seengebiet\/noi-centro-de-ocio\/","title":{"rendered":"Centro de Ocio ****"},"content":{"rendered":"<style type='text\/css'>\r\n            #gallery-1 {\r\n                margin: auto;\r\n            }\r\n            #gallery-1 .gallery-item {\r\n                float: left;\r\n                margin-top: 10px;\r\n                text-align: center;\r\n                width: 33%;           }\r\n            #gallery-1 img {\r\n                border: 2px solid #cfcfcf;\r\n            }\r\n            #gallery-1 .gallery-caption {\r\n                margin-left: 0;\r\n            }\r\n        <\/style>\r\n        <!-- see gallery_shortcode() in wp-includes\/media.php -->\r\n        <div id='gallery-1' class='gallery-images gallery galleryid-6165'><dl class='gallery-item'>\r\n            <dt class='gallery-icon'>\r\n                <a href='https:\/\/www.chile-reise.com\/wp-content\/uploads\/NOI-Centro-de-Ocio.jpeg'><img loading=\"lazy\" decoding=\"async\" width=\"240\" height=\"140\" src=\"https:\/\/www.chile-reise.com\/wp-content\/uploads\/NOI-Centro-de-Ocio-240x140.jpeg\" class=\"attachment-thumbnail size-thumbnail\" alt=\"NOI Centro de Ocio\" \/><\/a>\r\n            <\/dt>\r\n                <dd class='gallery-caption'>\r\n                NOI Centro de Ocio\r\n                <\/dd><\/dl><dl class='gallery-item'>\r\n            <dt class='gallery-icon'>\r\n                <a href='https:\/\/www.chile-reise.com\/wp-content\/uploads\/NOI-Centro-de-Ocio-Room-1.jpg'><img loading=\"lazy\" decoding=\"async\" width=\"240\" height=\"140\" src=\"https:\/\/www.chile-reise.com\/wp-content\/uploads\/NOI-Centro-de-Ocio-Room-1-240x140.jpg\" class=\"attachment-thumbnail size-thumbnail\" alt=\"NOI Centro de Ocio Room (1)\" \/><\/a>\r\n            <\/dt>\r\n                <dd class='gallery-caption'>\r\n                NOI Centro de Ocio Room\r\n                <\/dd><\/dl><dl class='gallery-item'>\r\n            <dt class='gallery-icon'>\r\n                <a href='https:\/\/www.chile-reise.com\/wp-content\/uploads\/NOI-Centro-de-Ocio-Night.jpg'><img loading=\"lazy\" decoding=\"async\" width=\"240\" height=\"140\" src=\"https:\/\/www.chile-reise.com\/wp-content\/uploads\/NOI-Centro-de-Ocio-Night-240x140.jpg\" class=\"attachment-thumbnail size-thumbnail\" alt=\"NOI Centro de Ocio Night\" \/><\/a>\r\n            <\/dt>\r\n                <dd class='gallery-caption'>\r\n                NOI Centro de Ocio View at Night\r\n                <\/dd><\/dl><br style=\"clear: both\" \/>\r\n            <br style='clear: both;' \/>\r\n        <\/div>\n\n<div class=\"clear\"><\/div><div class=\"divider\"><\/div>\nDas Hotel Centro de Ocio liegt auf der Halbinsel Ril\u00e1n, gegen\u00fcber der Inselhauptstadt Castro auf der anderen Seite des Fjordes. Das urgem\u00fctliche Hotel bietet sch\u00f6ne Holzterrassen mit Blick auf den Fjord und unterschiedlich gestaltete, helle und freundliche Zimmer in verschiedenen Geb\u00e4uden. Das Hotel ist der richtige Ort f\u00fcr Reisende, die sich Ruhe, Erholung und einen angenehmen Ausgangspunkt mit warmer Atmosph\u00e4re f\u00fcr die Entdeckungstouren auf der rauen Insel w\u00fcnschen. <\/p>\n<p><strong>Zimmer: <\/strong>15<br \/>\n<strong>Ausstattung:<\/strong> Terrasse, Zentralheizung, Restaurant, Spa, Veranstaltungssaal, Parkpl\u00e4tze<br \/>\n<strong>Internet:<\/strong> WiFi<br \/>\n<em>Ausgezeichnet mit \u201eSello S\u201c, dem chilenischen Nachhaltigkeitssiegel.<\/em>","protected":false},"excerpt":{"rendered":"<p>Das Hotel Centro de Ocio liegt auf der Halbinsel Ril\u00e1n, gegen\u00fcber der Inselhauptstadt Castro auf der anderen Seite des Fjordes. Das urgem\u00fctliche Hotel bietet sch\u00f6ne Holzterrassen mit Blick auf den Fjord und unterschiedlich gestaltete, helle und freundliche Zimmer in verschiedenen &#8230;<\/p>\n","protected":false},"author":3,"featured_media":0,"parent":214,"menu_order":0,"comment_status":"open","ping_status":"closed","template":"","meta":{"slim_seo":{"title":"Centro de Ocio **** - travelArt","description":"[:de] NOI Centro de Ocio NOI Centro de Ocio Room NOI Centro de Ocio View at Night Das Hotel Centro de Ocio liegt auf der Halbinsel Ril\u00e1n, gegen\u00fcber der Inselhau"},"footnotes":""},"class_list":["post-6165","page","type-page","status-publish","hentry"],"_links":{"self":[{"href":"https:\/\/www.chile-reise.com\/de\/wp-json\/wp\/v2\/pages\/6165","targetHints":{"allow":["GET"]}}],"collection":[{"href":"https:\/\/www.chile-reise.com\/de\/wp-json\/wp\/v2\/pages"}],"about":[{"href":"https:\/\/www.chile-reise.com\/de\/wp-json\/wp\/v2\/types\/page"}],"author":[{"embeddable":true,"href":"https:\/\/www.chile-reise.com\/de\/wp-json\/wp\/v2\/users\/3"}],"replies":[{"embeddable":true,"href":"https:\/\/www.chile-reise.com\/de\/wp-json\/wp\/v2\/comments?post=6165"}],"version-history":[{"count":0,"href":"https:\/\/www.chile-reise.com\/de\/wp-json\/wp\/v2\/pages\/6165\/revisions"}],"up":[{"embeddable":true,"href":"https:\/\/www.chile-reise.com\/de\/wp-json\/wp\/v2\/pages\/214"}],"wp:attachment":[{"href":"https:\/\/www.chile-reise.com\/de\/wp-json\/wp\/v2\/media?parent=6165"}],"curies":[{"name":"wp","href":"https:\/\/api.w.org\/{rel}","templated":true}]}}