{"id":6163,"date":"2015-04-03T18:44:57","date_gmt":"2015-04-03T16:44:57","guid":{"rendered":"http:\/\/www.chile-reise.com\/?page_id=6163"},"modified":"2015-04-09T21:52:59","modified_gmt":"2015-04-09T19:52:59","slug":"noi-blend-colchagua","status":"publish","type":"page","link":"https:\/\/www.chile-reise.com\/de\/hotels\/weinhotels\/noi-blend-colchagua\/","title":{"rendered":"NOI Blend Colchagua (B)"},"content":{"rendered":"<p>\r\n        <style type='text\/css'>\r\n            #gallery-1 {\r\n                margin: auto;\r\n            }\r\n            #gallery-1 .gallery-item {\r\n                float: left;\r\n                margin-top: 10px;\r\n                text-align: center;\r\n                width: 33%;           }\r\n            #gallery-1 img {\r\n                border: 2px solid #cfcfcf;\r\n            }\r\n            #gallery-1 .gallery-caption {\r\n                margin-left: 0;\r\n            }\r\n        <\/style>\r\n        <!-- see gallery_shortcode() in wp-includes\/media.php -->\r\n        <div id='gallery-1' class='gallery-images gallery galleryid-6163'><dl class='gallery-item'>\r\n            <dt class='gallery-icon'>\r\n                <a href='https:\/\/www.chile-reise.com\/wp-content\/uploads\/Hotel-Noi-Blend.jpg'><img loading=\"lazy\" decoding=\"async\" width=\"240\" height=\"140\" src=\"https:\/\/www.chile-reise.com\/wp-content\/uploads\/Hotel-Noi-Blend-240x140.jpg\" class=\"attachment-thumbnail size-thumbnail\" alt=\"Hotel Noi Blend\" \/><\/a>\r\n            <\/dt><\/dl><dl class='gallery-item'>\r\n            <dt class='gallery-icon'>\r\n                <a href='https:\/\/www.chile-reise.com\/wp-content\/uploads\/NOI-Blend-Room-3.jpg'><img loading=\"lazy\" decoding=\"async\" width=\"240\" height=\"140\" src=\"https:\/\/www.chile-reise.com\/wp-content\/uploads\/NOI-Blend-Room-3-240x140.jpg\" class=\"attachment-thumbnail size-thumbnail\" alt=\"NOI Blend Room\" \/><\/a>\r\n            <\/dt><\/dl><dl class='gallery-item'>\r\n            <dt class='gallery-icon'>\r\n                <a href='https:\/\/www.chile-reise.com\/wp-content\/uploads\/NOI-Blend-Garden.jpg'><img loading=\"lazy\" decoding=\"async\" width=\"240\" height=\"140\" src=\"https:\/\/www.chile-reise.com\/wp-content\/uploads\/NOI-Blend-Garden-240x140.jpg\" class=\"attachment-thumbnail size-thumbnail\" alt=\"NOI Blend Garden\" \/><\/a>\r\n            <\/dt><\/dl><br style=\"clear: both\" \/><dl class='gallery-item'>\r\n            <dt class='gallery-icon'>\r\n                <a href='https:\/\/www.chile-reise.com\/wp-content\/uploads\/NOI-Blend-Room-1.jpg'><img loading=\"lazy\" decoding=\"async\" width=\"240\" height=\"140\" src=\"https:\/\/www.chile-reise.com\/wp-content\/uploads\/NOI-Blend-Room-1-240x140.jpg\" class=\"attachment-thumbnail size-thumbnail\" alt=\"NOI Blend Room\" \/><\/a>\r\n            <\/dt><\/dl><dl class='gallery-item'>\r\n            <dt class='gallery-icon'>\r\n                <a href='https:\/\/www.chile-reise.com\/wp-content\/uploads\/NOI-Blend-Restaurant.jpg'><img loading=\"lazy\" decoding=\"async\" width=\"240\" height=\"140\" src=\"https:\/\/www.chile-reise.com\/wp-content\/uploads\/NOI-Blend-Restaurant-240x140.jpg\" class=\"attachment-thumbnail size-thumbnail\" alt=\"NOI Blend Restaurant\" \/><\/a>\r\n            <\/dt><\/dl><dl class='gallery-item'>\r\n            <dt class='gallery-icon'>\r\n                <a href='https:\/\/www.chile-reise.com\/wp-content\/uploads\/NOI-Blend-Room-2.jpg'><img loading=\"lazy\" decoding=\"async\" width=\"240\" height=\"140\" src=\"https:\/\/www.chile-reise.com\/wp-content\/uploads\/NOI-Blend-Room-2-240x140.jpg\" class=\"attachment-thumbnail size-thumbnail\" alt=\"NOI Blend Room\" \/><\/a>\r\n            <\/dt><\/dl><br style=\"clear: both\" \/>\r\n            <br style='clear: both;' \/>\r\n        <\/div>\n\n<div class=\"clear\"><\/div><div class=\"divider\"><\/div>\nDas Geb\u00e4ude des Hotels NOI Blend Colchagua ist eine alte Weinbodega, die durch stilvolle Renovierung in eine Oase urbanen Chics in der ruhigen l\u00e4ndlichen Umgebung von Santa Cruz verwandelt wurde. Jedes der ger\u00e4umigen und gem\u00fctlichen Zimmer ist in einem eigenen Stil dekoriert. Weinliebhaber und G\u00e4ste, die das idyllische Landleben sch\u00e4tzen, werden sich hier wohl f\u00fchlen. Die Umgebung bietet eine F\u00fclle von Ausflugsm\u00f6glichkeiten, seien es Weintouren, Museumsbesuche oder Reitausfl\u00fcge und Wandern. Das Hotel NOI Blend Colchagua bietet den perfekten Ausgangspunkt, an den man abends gerne zur\u00fcckkehrt, um den Tag entspannt ausklingen zu lassen.<\/p>\n<p><strong>Zimmer:<\/strong> 13<br \/>\n<strong>Ausstattung:<\/strong> Heizung, Klimaanlage, Haartrockner, TV auf Anfrage, Terrasse, Garten, Schwimmbecken, Spa, Kamin, Restaurant, Weinkeller, Pferde, W\u00e4scheservice, Parkpl\u00e4tze<br \/>\n<strong>Internet:<\/strong> WiFi<\/p>","protected":false},"excerpt":{"rendered":"<p>Das Geb\u00e4ude des Hotels NOI Blend Colchagua ist eine alte Weinbodega, die durch stilvolle Renovierung in eine Oase urbanen Chics in der ruhigen l\u00e4ndlichen Umgebung von Santa Cruz verwandelt wurde. Jedes der ger\u00e4umigen und gem\u00fctlichen Zimmer ist in einem eigenen &#8230;<\/p>\n","protected":false},"author":3,"featured_media":0,"parent":433,"menu_order":0,"comment_status":"open","ping_status":"closed","template":"","meta":{"slim_seo":{"title":"NOI Blend Colchagua (B) NOI Blend Colchagua (B) - travelArt","description":"Das Geb\u00e4ude des Hotels NOI Blend Colchagua ist eine alte Weinbodega, die durch stilvolle Renovierung in eine Oase urbanen Chics in der ruhigen l\u00e4ndlichen Umgebu"},"footnotes":""},"class_list":["post-6163","page","type-page","status-publish","hentry"],"_links":{"self":[{"href":"https:\/\/www.chile-reise.com\/de\/wp-json\/wp\/v2\/pages\/6163","targetHints":{"allow":["GET"]}}],"collection":[{"href":"https:\/\/www.chile-reise.com\/de\/wp-json\/wp\/v2\/pages"}],"about":[{"href":"https:\/\/www.chile-reise.com\/de\/wp-json\/wp\/v2\/types\/page"}],"author":[{"embeddable":true,"href":"https:\/\/www.chile-reise.com\/de\/wp-json\/wp\/v2\/users\/3"}],"replies":[{"embeddable":true,"href":"https:\/\/www.chile-reise.com\/de\/wp-json\/wp\/v2\/comments?post=6163"}],"version-history":[{"count":0,"href":"https:\/\/www.chile-reise.com\/de\/wp-json\/wp\/v2\/pages\/6163\/revisions"}],"up":[{"embeddable":true,"href":"https:\/\/www.chile-reise.com\/de\/wp-json\/wp\/v2\/pages\/433"}],"wp:attachment":[{"href":"https:\/\/www.chile-reise.com\/de\/wp-json\/wp\/v2\/media?parent=6163"}],"curies":[{"name":"wp","href":"https:\/\/api.w.org\/{rel}","templated":true}]}}