{"id":6161,"date":"2015-04-03T18:32:52","date_gmt":"2015-04-03T16:32:52","guid":{"rendered":"http:\/\/www.chile-reise.com\/?page_id=6161"},"modified":"2015-04-03T19:59:43","modified_gmt":"2015-04-03T17:59:43","slug":"hotel-torremayor-providencia","status":"publish","type":"page","link":"https:\/\/www.chile-reise.com\/de\/hotels\/santiago-zentralchile-und-pazifikkueste\/hotel-torremayor-providencia\/","title":{"rendered":"Hotel Torremayor Providencia ****"},"content":{"rendered":"<p>\r\n        <style type='text\/css'>\r\n            #gallery-1 {\r\n                margin: auto;\r\n            }\r\n            #gallery-1 .gallery-item {\r\n                float: left;\r\n                margin-top: 10px;\r\n                text-align: center;\r\n                width: 33%;           }\r\n            #gallery-1 img {\r\n                border: 2px solid #cfcfcf;\r\n            }\r\n            #gallery-1 .gallery-caption {\r\n                margin-left: 0;\r\n            }\r\n        <\/style>\r\n        <!-- see gallery_shortcode() in wp-includes\/media.php -->\r\n        <div id='gallery-1' class='gallery-images gallery galleryid-6161'><dl class='gallery-item'>\r\n            <dt class='gallery-icon'>\r\n                <a href='https:\/\/www.chile-reise.com\/wp-content\/uploads\/Torremayor-Entrada.jpg'><img loading=\"lazy\" decoding=\"async\" width=\"240\" height=\"140\" src=\"https:\/\/www.chile-reise.com\/wp-content\/uploads\/Torremayor-Entrada-240x140.jpg\" class=\"attachment-thumbnail size-thumbnail\" alt=\"Torremayor Entrada\" \/><\/a>\r\n            <\/dt>\r\n                <dd class='gallery-caption'>\r\n                Hotel Torremayo Providencia Entrance\r\n                <\/dd><\/dl><dl class='gallery-item'>\r\n            <dt class='gallery-icon'>\r\n                <a href='https:\/\/www.chile-reise.com\/wp-content\/uploads\/Torremayor-Hab-1.jpg'><img loading=\"lazy\" decoding=\"async\" width=\"240\" height=\"140\" src=\"https:\/\/www.chile-reise.com\/wp-content\/uploads\/Torremayor-Hab-1-240x140.jpg\" class=\"attachment-thumbnail size-thumbnail\" alt=\"Torremayor Hab (1)\" \/><\/a>\r\n            <\/dt>\r\n                <dd class='gallery-caption'>\r\n                Hotel Torremayo Providencia Room\r\n                <\/dd><\/dl><dl class='gallery-item'>\r\n            <dt class='gallery-icon'>\r\n                <a href='https:\/\/www.chile-reise.com\/wp-content\/uploads\/Torremayor-Comedor.jpg'><img loading=\"lazy\" decoding=\"async\" width=\"240\" height=\"140\" src=\"https:\/\/www.chile-reise.com\/wp-content\/uploads\/Torremayor-Comedor-240x140.jpg\" class=\"attachment-thumbnail size-thumbnail\" alt=\"Torremayor Comedor\" \/><\/a>\r\n            <\/dt>\r\n                <dd class='gallery-caption'>\r\n                Hotel Torremayo Providencia Cafeteria\r\n                <\/dd><\/dl><br style=\"clear: both\" \/>\r\n            <br style='clear: both;' \/>\r\n        <\/div>\n\n<div class=\"clear\"><\/div><div class=\"divider\"><\/div>\nDurch seine unmittelbare N\u00e4he zur Metro und zu vielf\u00e4ltigen Einkaufs- und Ausgehm\u00f6glichkeiten mitten in Providencia bietet das Hotel Unabh\u00e4ngigkeit und Sicherheit auch f\u00fcr G\u00e4ste, die gerne auf eigene Faust die Umgebung erkunden. Eine Lobby-Bar und eine Dachterrasse mit Panoramaschwimmbecken sorgen f\u00fcr Entspannung nach einem erlebnisreichen Tag in der chilenischen Hauptstadt. Die Zimmer verf\u00fcgen jeweils \u00fcber eine moderne, helle Einrichtung und alle Annehmlichkeiten, die man von einem guten 4*-Hotel erwarten kann. Ein dem Hotel zugeh\u00f6riges Parkhaus bietet zudem n\u00fctzlichen Komfort f\u00fcr Mietwagenreisende.<\/p>\n<p><strong>Zimmer: <\/strong>91<br \/>\n<strong>Ausstattung:<\/strong> Haartrockner, Telefon, Kabel-TV, Klimaanlage, Zimmersafe, Minibar, Heizung,<br \/>\nRestaurant, Lobby-Bar, W\u00e4scheservice, Schwimmbecken, Parkhaus<br \/>\n<strong>Internet: <\/strong>Wi-Fi<\/p>","protected":false},"excerpt":{"rendered":"<p>Durch seine unmittelbare N\u00e4he zur Metro und zu vielf\u00e4ltigen Einkaufs- und Ausgehm\u00f6glichkeiten mitten in Providencia bietet das Hotel Unabh\u00e4ngigkeit und Sicherheit auch f\u00fcr G\u00e4ste, die gerne auf eigene Faust die Umgebung erkunden. Eine Lobby-Bar und eine Dachterrasse mit Panoramaschwimmbecken sorgen &#8230;<\/p>\n","protected":false},"author":3,"featured_media":0,"parent":210,"menu_order":0,"comment_status":"open","ping_status":"closed","template":"","meta":{"slim_seo":{"title":"Hotel Torremayor Providencia **** Hotel Torremayor Providencia **** - travelArt","description":"Hotel Torremayo Providencia Entrance Hotel Torremayo Providencia Room Hotel Torremayo Providencia Cafeteria Durch seine unmittelbare N\u00e4he zur Metro und zu vielf"},"footnotes":""},"class_list":["post-6161","page","type-page","status-publish","hentry"],"_links":{"self":[{"href":"https:\/\/www.chile-reise.com\/de\/wp-json\/wp\/v2\/pages\/6161","targetHints":{"allow":["GET"]}}],"collection":[{"href":"https:\/\/www.chile-reise.com\/de\/wp-json\/wp\/v2\/pages"}],"about":[{"href":"https:\/\/www.chile-reise.com\/de\/wp-json\/wp\/v2\/types\/page"}],"author":[{"embeddable":true,"href":"https:\/\/www.chile-reise.com\/de\/wp-json\/wp\/v2\/users\/3"}],"replies":[{"embeddable":true,"href":"https:\/\/www.chile-reise.com\/de\/wp-json\/wp\/v2\/comments?post=6161"}],"version-history":[{"count":0,"href":"https:\/\/www.chile-reise.com\/de\/wp-json\/wp\/v2\/pages\/6161\/revisions"}],"up":[{"embeddable":true,"href":"https:\/\/www.chile-reise.com\/de\/wp-json\/wp\/v2\/pages\/210"}],"wp:attachment":[{"href":"https:\/\/www.chile-reise.com\/de\/wp-json\/wp\/v2\/media?parent=6161"}],"curies":[{"name":"wp","href":"https:\/\/api.w.org\/{rel}","templated":true}]}}