{"id":6155,"date":"2015-04-03T18:23:16","date_gmt":"2015-04-03T16:23:16","guid":{"rendered":"http:\/\/www.chile-reise.com\/?page_id=6155"},"modified":"2015-04-10T16:53:47","modified_gmt":"2015-04-10T14:53:47","slug":"altiplanico-bellas-artes","status":"publish","type":"page","link":"https:\/\/www.chile-reise.com\/de\/hotels\/santiago-zentralchile-und-pazifikkueste\/altiplanico-bellas-artes\/","title":{"rendered":"Altiplanico Bellas Artes (B)"},"content":{"rendered":"<p>Mitten im Herzen des bunten Viertels \u201eBellas Artes\u201c, direkt gegen\u00fcber des Kunstmuseums und in der N\u00e4he des Parkes \u201eParque Forestal\u201c, liegt das sch\u00f6ne Boutique-Hotel Altiplanico Bellas Artes. Das unter Denkmalschutz stehende Geb\u00e4ude aus dem Jahr 1909 f\u00fcgt sich perfekt in den Stil des bohemischen Stadtviertels ein. Das Hotel zeichnet sich wie die anderen Altiplanico-Hotels durch seinen luxuri\u00f6s-modernen, geradlinigen Stil aus und bietet eine hochwertige Einrichtung. In dem gem\u00fctlichen Innengarten k\u00f6nnen G\u00e4ste den Tag entspannt ausklingen lassen. <\/p>\n<p><strong>Zimmer:<\/strong> 24<br \/>\n<strong>Ausstattung:<\/strong> Haartrockner, Telefon, TV, Heizung, Klimaanlage, Zimmersafe, Minibar, Kaffeemaschine, Restaurant, Bar<br \/>\n<strong>Internet:<\/strong> Wi-Fi<\/p>","protected":false},"excerpt":{"rendered":"<p>Mitten im Herzen des bunten Viertels \u201eBellas Artes\u201c, direkt gegen\u00fcber des Kunstmuseums und in der N\u00e4he des Parkes \u201eParque Forestal\u201c, liegt das sch\u00f6ne Boutique-Hotel Altiplanico Bellas Artes. Das unter Denkmalschutz stehende Geb\u00e4ude aus dem Jahr 1909 f\u00fcgt sich perfekt in &#8230;<\/p>\n","protected":false},"author":3,"featured_media":0,"parent":210,"menu_order":0,"comment_status":"open","ping_status":"closed","template":"","meta":{"slim_seo":{"title":"Altiplanico Bellas Artes (B) Altiplanico Bellas Artes (B) - travelArt","description":"Mitten im Herzen des bunten Viertels \u201eBellas Artes\u201c, direkt gegen\u00fcber des Kunstmuseums und in der N\u00e4he des Parkes \u201eParque Forestal\u201c, liegt das sch\u00f6ne Boutique-H"},"footnotes":""},"class_list":["post-6155","page","type-page","status-publish","hentry"],"_links":{"self":[{"href":"https:\/\/www.chile-reise.com\/de\/wp-json\/wp\/v2\/pages\/6155","targetHints":{"allow":["GET"]}}],"collection":[{"href":"https:\/\/www.chile-reise.com\/de\/wp-json\/wp\/v2\/pages"}],"about":[{"href":"https:\/\/www.chile-reise.com\/de\/wp-json\/wp\/v2\/types\/page"}],"author":[{"embeddable":true,"href":"https:\/\/www.chile-reise.com\/de\/wp-json\/wp\/v2\/users\/3"}],"replies":[{"embeddable":true,"href":"https:\/\/www.chile-reise.com\/de\/wp-json\/wp\/v2\/comments?post=6155"}],"version-history":[{"count":0,"href":"https:\/\/www.chile-reise.com\/de\/wp-json\/wp\/v2\/pages\/6155\/revisions"}],"up":[{"embeddable":true,"href":"https:\/\/www.chile-reise.com\/de\/wp-json\/wp\/v2\/pages\/210"}],"wp:attachment":[{"href":"https:\/\/www.chile-reise.com\/de\/wp-json\/wp\/v2\/media?parent=6155"}],"curies":[{"name":"wp","href":"https:\/\/api.w.org\/{rel}","templated":true}]}}