{"id":6153,"date":"2015-04-03T18:15:50","date_gmt":"2015-04-03T16:15:50","guid":{"rendered":"http:\/\/www.chile-reise.com\/?page_id=6153"},"modified":"2015-04-03T18:26:56","modified_gmt":"2015-04-03T16:26:56","slug":"the-singular-santiago","status":"publish","type":"page","link":"https:\/\/www.chile-reise.com\/de\/hotels\/santiago-zentralchile-und-pazifikkueste\/the-singular-santiago\/","title":{"rendered":"The Singular Santiago*****"},"content":{"rendered":"<p>\r\n        <style type='text\/css'>\r\n            #gallery-1 {\r\n                margin: auto;\r\n            }\r\n            #gallery-1 .gallery-item {\r\n                float: left;\r\n                margin-top: 10px;\r\n                text-align: center;\r\n                width: 33%;           }\r\n            #gallery-1 img {\r\n                border: 2px solid #cfcfcf;\r\n            }\r\n            #gallery-1 .gallery-caption {\r\n                margin-left: 0;\r\n            }\r\n        <\/style>\r\n        <!-- see gallery_shortcode() in wp-includes\/media.php -->\r\n        <div id='gallery-1' class='gallery-images gallery galleryid-6153'><dl class='gallery-item'>\r\n            <dt class='gallery-icon'>\r\n                <a href='https:\/\/www.chile-reise.com\/wp-content\/uploads\/Singular-SCL.fw_.png'><img loading=\"lazy\" decoding=\"async\" width=\"240\" height=\"140\" src=\"https:\/\/www.chile-reise.com\/wp-content\/uploads\/Singular-SCL.fw_-240x140.png\" class=\"attachment-thumbnail size-thumbnail\" alt=\"Singular SCL.fw\" \/><\/a>\r\n            <\/dt>\r\n                <dd class='gallery-caption'>\r\n                The Singular Santiago\r\n                <\/dd><\/dl><dl class='gallery-item'>\r\n            <dt class='gallery-icon'>\r\n                <a href='https:\/\/www.chile-reise.com\/wp-content\/uploads\/Singular-SCL-Room.fw_.png'><img loading=\"lazy\" decoding=\"async\" width=\"240\" height=\"140\" src=\"https:\/\/www.chile-reise.com\/wp-content\/uploads\/Singular-SCL-Room.fw_-240x140.png\" class=\"attachment-thumbnail size-thumbnail\" alt=\"Singular SCL Room.fw\" \/><\/a>\r\n            <\/dt>\r\n                <dd class='gallery-caption'>\r\n                The Singular Santiago Room\r\n                <\/dd><\/dl><dl class='gallery-item'>\r\n            <dt class='gallery-icon'>\r\n                <a href='https:\/\/www.chile-reise.com\/wp-content\/uploads\/Singular-SCL-Pool.fw_.png'><img loading=\"lazy\" decoding=\"async\" width=\"240\" height=\"140\" src=\"https:\/\/www.chile-reise.com\/wp-content\/uploads\/Singular-SCL-Pool.fw_-240x140.png\" class=\"attachment-thumbnail size-thumbnail\" alt=\"Singular SCL Pool.fw\" \/><\/a>\r\n            <\/dt>\r\n                <dd class='gallery-caption'>\r\n                The Singular Santiago Pool\r\n                <\/dd><\/dl><br style=\"clear: both\" \/><dl class='gallery-item'>\r\n            <dt class='gallery-icon'>\r\n                <a href='https:\/\/www.chile-reise.com\/wp-content\/uploads\/Singular-SCL-Room-2.fw_.png'><img loading=\"lazy\" decoding=\"async\" width=\"240\" height=\"140\" src=\"https:\/\/www.chile-reise.com\/wp-content\/uploads\/Singular-SCL-Room-2.fw_-240x140.png\" class=\"attachment-thumbnail size-thumbnail\" alt=\"Singular SCL Room 2.fw\" \/><\/a>\r\n            <\/dt>\r\n                <dd class='gallery-caption'>\r\n                The Singular Santiago Room\r\n                <\/dd><\/dl><dl class='gallery-item'>\r\n            <dt class='gallery-icon'>\r\n                <a href='https:\/\/www.chile-reise.com\/wp-content\/uploads\/Singular-SCL-Patio.fw_.png'><img loading=\"lazy\" decoding=\"async\" width=\"240\" height=\"140\" src=\"https:\/\/www.chile-reise.com\/wp-content\/uploads\/Singular-SCL-Patio.fw_-240x140.png\" class=\"attachment-thumbnail size-thumbnail\" alt=\"Singular SCL Patio.fw\" \/><\/a>\r\n            <\/dt>\r\n                <dd class='gallery-caption'>\r\n                The Singular Santiago Patio\r\n                <\/dd><\/dl><dl class='gallery-item'>\r\n            <dt class='gallery-icon'>\r\n                <a href='https:\/\/www.chile-reise.com\/wp-content\/uploads\/Scingular-SCL-Salon.fw_.png'><img loading=\"lazy\" decoding=\"async\" width=\"240\" height=\"140\" src=\"https:\/\/www.chile-reise.com\/wp-content\/uploads\/Scingular-SCL-Salon.fw_-240x140.png\" class=\"attachment-thumbnail size-thumbnail\" alt=\"Scingular SCL Salon.fw\" \/><\/a>\r\n            <\/dt>\r\n                <dd class='gallery-caption'>\r\n                The Singular Santiago Salon\r\n                <\/dd><\/dl><br style=\"clear: both\" \/>\r\n            <br style='clear: both;' \/>\r\n        <\/div>\n\n<div class=\"clear\"><\/div><div class=\"divider\"><\/div>\nIm lebhaften und beliebten zentralen Viertel Lastarria, nahe des Santa Luc\u00eda-H\u00fcgels, liegt das The Singular Lastarria. In einem der \u00e4ltesten Stadtviertels der chilenischen Hauptstadt und mit vielerlei Attraktionen, wie dem ber\u00fchmten \u201cMuseum Bellas Artes\u201d und zahlreichen Parks in Flussn\u00e4he ein echtes Wohlf\u00fchlviertel im trubeligen Zentrum Santiagos. Die Einrichtung des Hotels ist klassisch elegant und modern gehalten. Im Spa-Bereich k\u00f6nnen sich die G\u00e4ste in der Sauna, bei einer Massage oder im Jacuzzi verw\u00f6hnen lassen. Ebenfalls k\u00f6nnen sie im Restaurant die exklusive K\u00fcche genie\u00dfen. Das Hotel The Singular Lastarria ist somit ein perfekter Ausgangspunkt, um das Zentrum Santiagos zu erkunden.<\/p>\n<p><strong>Zimmer: <\/strong>62<br \/>\n<strong>Ausstattung:<\/strong> Haartrockner, Kabel-TV, Zimmersafe, Minibar, Restaurant, Bar, Schwimmbecken, Veranstaltungss\u00e4le, Spa-Bereich, W\u00e4scheservice<br \/>\n<strong>Internet:<\/strong> Wi-Fi <\/p>","protected":false},"excerpt":{"rendered":"<p>Im lebhaften und beliebten zentralen Viertel Lastarria, nahe des Santa Luc\u00eda-H\u00fcgels, liegt das The Singular Lastarria. In einem der \u00e4ltesten Stadtviertels der chilenischen Hauptstadt und mit vielerlei Attraktionen, wie dem ber\u00fchmten \u201cMuseum Bellas Artes\u201d und zahlreichen Parks in Flussn\u00e4he ein &#8230;<\/p>\n","protected":false},"author":3,"featured_media":0,"parent":210,"menu_order":0,"comment_status":"open","ping_status":"closed","template":"","meta":{"slim_seo":{"title":"The Singular Santiago***** The Singular Santiago***** - travelArt","description":"The Singular Santiago The Singular Santiago Room The Singular Santiago Pool The Singular Santiago Room The Singular Santiago Patio The Singular Santiago Salon I"},"footnotes":""},"class_list":["post-6153","page","type-page","status-publish","hentry"],"_links":{"self":[{"href":"https:\/\/www.chile-reise.com\/de\/wp-json\/wp\/v2\/pages\/6153","targetHints":{"allow":["GET"]}}],"collection":[{"href":"https:\/\/www.chile-reise.com\/de\/wp-json\/wp\/v2\/pages"}],"about":[{"href":"https:\/\/www.chile-reise.com\/de\/wp-json\/wp\/v2\/types\/page"}],"author":[{"embeddable":true,"href":"https:\/\/www.chile-reise.com\/de\/wp-json\/wp\/v2\/users\/3"}],"replies":[{"embeddable":true,"href":"https:\/\/www.chile-reise.com\/de\/wp-json\/wp\/v2\/comments?post=6153"}],"version-history":[{"count":0,"href":"https:\/\/www.chile-reise.com\/de\/wp-json\/wp\/v2\/pages\/6153\/revisions"}],"up":[{"embeddable":true,"href":"https:\/\/www.chile-reise.com\/de\/wp-json\/wp\/v2\/pages\/210"}],"wp:attachment":[{"href":"https:\/\/www.chile-reise.com\/de\/wp-json\/wp\/v2\/media?parent=6153"}],"curies":[{"name":"wp","href":"https:\/\/api.w.org\/{rel}","templated":true}]}}