{"id":6106,"date":"2015-04-03T16:38:47","date_gmt":"2015-04-03T14:38:47","guid":{"rendered":"http:\/\/www.chile-reise.com\/?page_id=6106"},"modified":"2015-04-10T16:55:00","modified_gmt":"2015-04-10T14:55:00","slug":"oporto-hotel-boutique","status":"publish","type":"page","link":"https:\/\/www.chile-reise.com\/de\/hotels\/santiago-zentralchile-und-pazifikkueste\/oporto-hotel-boutique\/","title":{"rendered":"Hotel Oporto ***"},"content":{"rendered":"<p>\r\n        <style type='text\/css'>\r\n            #gallery-1 {\r\n                margin: auto;\r\n            }\r\n            #gallery-1 .gallery-item {\r\n                float: left;\r\n                margin-top: 10px;\r\n                text-align: center;\r\n                width: 33%;           }\r\n            #gallery-1 img {\r\n                border: 2px solid #cfcfcf;\r\n            }\r\n            #gallery-1 .gallery-caption {\r\n                margin-left: 0;\r\n            }\r\n        <\/style>\r\n        <!-- see gallery_shortcode() in wp-includes\/media.php -->\r\n        <div id='gallery-1' class='gallery-images gallery galleryid-6106'><dl class='gallery-item'>\r\n            <dt class='gallery-icon'>\r\n                <a href='https:\/\/www.chile-reise.com\/wp-content\/uploads\/Oporto-1.jpg'><img loading=\"lazy\" decoding=\"async\" width=\"240\" height=\"140\" src=\"https:\/\/www.chile-reise.com\/wp-content\/uploads\/Oporto-1-240x140.jpg\" class=\"attachment-thumbnail size-thumbnail\" alt=\"Oporto (1)\" \/><\/a>\r\n            <\/dt>\r\n                <dd class='gallery-caption'>\r\n                Oporto Boutique Hotel Entrance\r\n                <\/dd><\/dl><dl class='gallery-item'>\r\n            <dt class='gallery-icon'>\r\n                <a href='https:\/\/www.chile-reise.com\/wp-content\/uploads\/Oporto-2.jpg'><img loading=\"lazy\" decoding=\"async\" width=\"240\" height=\"140\" src=\"https:\/\/www.chile-reise.com\/wp-content\/uploads\/Oporto-2-240x140.jpg\" class=\"attachment-thumbnail size-thumbnail\" alt=\"Oporto (2)\" \/><\/a>\r\n            <\/dt>\r\n                <dd class='gallery-caption'>\r\n                Oporto Boutique Hotel Room\r\n                <\/dd><\/dl><dl class='gallery-item'>\r\n            <dt class='gallery-icon'>\r\n                <a href='https:\/\/www.chile-reise.com\/wp-content\/uploads\/Oporto-Cafeter\u00eda.jpg'><img loading=\"lazy\" decoding=\"async\" width=\"240\" height=\"140\" src=\"https:\/\/www.chile-reise.com\/wp-content\/uploads\/Oporto-Cafeter\u00eda-240x140.jpg\" class=\"attachment-thumbnail size-thumbnail\" alt=\"Oporto Cafeter\u00eda\" \/><\/a>\r\n            <\/dt>\r\n                <dd class='gallery-caption'>\r\n                Oporto Boutique Hotel Cafeter\u00eda\r\n                <\/dd><\/dl><br style=\"clear: both\" \/>\r\n            <br style='clear: both;' \/>\r\n        <\/div>\n\n<div class=\"clear\"><\/div><div class=\"divider\"><\/div>\nDas Boutique-Hotel Oporto liegt abseits vom Trubel und doch nur wenige Blocks von Metro, Gesch\u00e4ften und Restaurants entfernt in einem Wohnviertel von Providencia. Das Hotel erstreckt sich auf zwei fast hundertj\u00e4hrige Geb\u00e4ude, die im modernen Stil und unter Beachtung zeitgem\u00e4\u00dfer Energiespar- und Umweltschutzma\u00dfnahmen mit Liebe zum Detail renoviert wurden. Das Hotelrestaurant bietet typisch chilenische und internationale Speisen mit Zutaten aus organischem Anbau sowie hervorragende Kuchenspezialit\u00e4ten in sch\u00f6nem Ambiente. Die Besitzer des Hotels f\u00fchren es pers\u00f6nlich und sind stets zur Stelle.<\/p>\n<p><strong>Zimmer:<\/strong> 23<br \/>\n<strong>Ausstattung<\/strong>: Haartrockner, TV, Telefon, Klimaanlage, Safe, Restaurant, Cafeteria, W\u00e4scherei, Parkpl\u00e4tze<br \/>\n<strong>Internet:<\/strong> Wi-Fi<\/p>","protected":false},"excerpt":{"rendered":"<p>Das Boutique-Hotel Oporto liegt abseits vom Trubel und doch nur wenige Blocks von Metro, Gesch\u00e4ften und Restaurants entfernt in einem Wohnviertel von Providencia. Das Hotel erstreckt sich auf zwei fast hundertj\u00e4hrige Geb\u00e4ude, die im modernen Stil und unter Beachtung zeitgem\u00e4\u00dfer &#8230;<\/p>\n","protected":false},"author":3,"featured_media":0,"parent":210,"menu_order":0,"comment_status":"open","ping_status":"closed","template":"","meta":{"slim_seo":{"title":"Hotel Oporto *** Hotel Oporto *** - travelArt","description":"Oporto Boutique Hotel Entrance Oporto Boutique Hotel Room Oporto Boutique Hotel Cafeter\u00eda Das Boutique-Hotel Oporto liegt abseits vom Trubel und doch nur wenige"},"footnotes":""},"class_list":["post-6106","page","type-page","status-publish","hentry"],"_links":{"self":[{"href":"https:\/\/www.chile-reise.com\/de\/wp-json\/wp\/v2\/pages\/6106","targetHints":{"allow":["GET"]}}],"collection":[{"href":"https:\/\/www.chile-reise.com\/de\/wp-json\/wp\/v2\/pages"}],"about":[{"href":"https:\/\/www.chile-reise.com\/de\/wp-json\/wp\/v2\/types\/page"}],"author":[{"embeddable":true,"href":"https:\/\/www.chile-reise.com\/de\/wp-json\/wp\/v2\/users\/3"}],"replies":[{"embeddable":true,"href":"https:\/\/www.chile-reise.com\/de\/wp-json\/wp\/v2\/comments?post=6106"}],"version-history":[{"count":0,"href":"https:\/\/www.chile-reise.com\/de\/wp-json\/wp\/v2\/pages\/6106\/revisions"}],"up":[{"embeddable":true,"href":"https:\/\/www.chile-reise.com\/de\/wp-json\/wp\/v2\/pages\/210"}],"wp:attachment":[{"href":"https:\/\/www.chile-reise.com\/de\/wp-json\/wp\/v2\/media?parent=6106"}],"curies":[{"name":"wp","href":"https:\/\/api.w.org\/{rel}","templated":true}]}}