{"id":6103,"date":"2015-04-03T22:03:13","date_gmt":"2015-04-03T20:03:13","guid":{"rendered":"http:\/\/www.chile-reise.com\/?page_id=6103"},"modified":"2022-05-05T16:20:02","modified_gmt":"2022-05-05T14:20:02","slug":"local-life-markets-bike-tour","status":"publish","type":"page","link":"https:\/\/www.chile-reise.com\/de\/packages-daytrips\/santiago-zentralchile-und-pazifikkueste\/local-life-markets-bike-tour\/","title":{"rendered":"Morgendliche Fahrradtour \u201cLokales Leben und M\u00e4rkte\u201d"},"content":{"rendered":"<style type='text\/css'>\r\n            #gallery-1 {\r\n                margin: auto;\r\n            }\r\n            #gallery-1 .gallery-item {\r\n                float: left;\r\n                margin-top: 10px;\r\n                text-align: center;\r\n                width: 33%;           }\r\n            #gallery-1 img {\r\n                border: 2px solid #cfcfcf;\r\n            }\r\n            #gallery-1 .gallery-caption {\r\n                margin-left: 0;\r\n            }\r\n        <\/style>\r\n        <!-- see gallery_shortcode() in wp-includes\/media.php -->\r\n        <div id='gallery-1' class='gallery-images gallery galleryid-6103'><dl class='gallery-item'>\r\n            <dt class='gallery-icon'>\r\n                <a href='https:\/\/www.chile-reise.com\/wp-content\/uploads\/Markets-Tour-1.jpg'><img loading=\"lazy\" decoding=\"async\" width=\"240\" height=\"140\" src=\"https:\/\/www.chile-reise.com\/wp-content\/uploads\/Markets-Tour-1-240x140.jpg\" class=\"attachment-thumbnail size-thumbnail\" alt=\"Markets Tour\" \/><\/a>\r\n            <\/dt>\r\n                <dd class='gallery-caption'>\r\n                Local Life and Markets Morning Bike Tour\r\n                <\/dd><\/dl><dl class='gallery-item'>\r\n            <dt class='gallery-icon'>\r\n                <a href='https:\/\/www.chile-reise.com\/wp-content\/uploads\/Markets-Tour-2.jpg'><img loading=\"lazy\" decoding=\"async\" width=\"240\" height=\"140\" src=\"https:\/\/www.chile-reise.com\/wp-content\/uploads\/Markets-Tour-2-240x140.jpg\" class=\"attachment-thumbnail size-thumbnail\" alt=\"Markets Tour\" \/><\/a>\r\n            <\/dt>\r\n                <dd class='gallery-caption'>\r\n                You will be surprised by the variety of delicacies you will get to know!\r\n                <\/dd><\/dl><dl class='gallery-item'>\r\n            <dt class='gallery-icon'>\r\n                <a href='https:\/\/www.chile-reise.com\/wp-content\/uploads\/Markets-Tour-3.jpg'><img loading=\"lazy\" decoding=\"async\" width=\"240\" height=\"140\" src=\"https:\/\/www.chile-reise.com\/wp-content\/uploads\/Markets-Tour-3-240x140.jpg\" class=\"attachment-thumbnail size-thumbnail\" alt=\"Markets Tour\" \/><\/a>\r\n            <\/dt>\r\n                <dd class='gallery-caption'>\r\n                Inmerse in the everyday-life of the locals!\r\n                <\/dd><\/dl><br style=\"clear: both\" \/>\r\n            <br style='clear: both;' \/>\r\n        <\/div>\n\n<div class=\"clear\"><\/div><div class=\"divider\"><\/div>\n<strong>Art der Reise:<\/strong> Kultur<br \/>\n<strong>Dauer:<\/strong> Halbtages-Tour<\/p>\n\n\t<script type=\"text\/javascript\">\tjQuery(document).ready(function($){\tjQuery(\"ul.tabs-nav\").tabs(\"> .pane\"); }); <\/script>\n\n\t\t<div class=\"post-tabs\">\n\t\t\n<ul class=\"tabs-nav\">\n<li>Tourverlauf<\/li>\n<li>Video<\/li>\n<\/ul>\n\n\t\t<div class=\"pane\">\n\t\t\nBei dieser Tour tauchen Sie mitten in Santiago\u00b4s Alltagsleben ein und werden bald vergessen, dass Sie als Tourist unterwegs sind. Sie radeln durch quirlige, interessante Stadtviertel und besuchen verschiedene Markte mit Obst, Gem\u00fcse und Meeresspezialit\u00e4ten. Ihr lokaler Reiseleiter f\u00fchrt Sie in die abwechslungsreiche Geschichte der Orte ein, erkl\u00e4rt lokale Eigenheiten, die Architektur, die Hintergr\u00fcnde verschiedener Einwanderungswellen und wie sie das Leben in der Stadt beeinflusst haben. Am Ende der Tour werden Sie Santiago ein St\u00fcck mehr mit den Augen seiner Bewohner sehen und verstehen!<br \/>\n\n\t\t<\/div>\n\t\n\n\t\t<div class=\"pane\">\n\t\t\n<iframe loading=\"lazy\" width=\"420\" height=\"315\" src=\"https:\/\/www.youtube.com\/embed\/CzJm_bcwP5c\" frameborder=\"0\" allowfullscreen><\/iframe><br \/>\n\n\t\t<\/div>\n\t\n\n\t\t<\/div>","protected":false},"excerpt":{"rendered":"<p>Art der Reise: Kultur Dauer: Halbtages-Tour<\/p>\n","protected":false},"author":3,"featured_media":0,"parent":99,"menu_order":0,"comment_status":"open","ping_status":"closed","template":"","meta":{"slim_seo":{"title":"[:de]Morgendliche Fahrradtour \u201cLokales Leben und M\u00e4rkte\u201d[:en]\"Local Life and Markets Morning\" Bike Tour[:] - travelArt","description":"[:de] Local Life and Markets Morning Bike Tour You will be surprised by the variety of delicacies you will get to know! Inmerse in the everyday-life of the loca"},"footnotes":""},"class_list":["post-6103","page","type-page","status-publish","hentry"],"_links":{"self":[{"href":"https:\/\/www.chile-reise.com\/de\/wp-json\/wp\/v2\/pages\/6103","targetHints":{"allow":["GET"]}}],"collection":[{"href":"https:\/\/www.chile-reise.com\/de\/wp-json\/wp\/v2\/pages"}],"about":[{"href":"https:\/\/www.chile-reise.com\/de\/wp-json\/wp\/v2\/types\/page"}],"author":[{"embeddable":true,"href":"https:\/\/www.chile-reise.com\/de\/wp-json\/wp\/v2\/users\/3"}],"replies":[{"embeddable":true,"href":"https:\/\/www.chile-reise.com\/de\/wp-json\/wp\/v2\/comments?post=6103"}],"version-history":[{"count":0,"href":"https:\/\/www.chile-reise.com\/de\/wp-json\/wp\/v2\/pages\/6103\/revisions"}],"up":[{"embeddable":true,"href":"https:\/\/www.chile-reise.com\/de\/wp-json\/wp\/v2\/pages\/99"}],"wp:attachment":[{"href":"https:\/\/www.chile-reise.com\/de\/wp-json\/wp\/v2\/media?parent=6103"}],"curies":[{"name":"wp","href":"https:\/\/api.w.org\/{rel}","templated":true}]}}