{"id":5892,"date":"2015-01-25T18:00:13","date_gmt":"2015-01-25T16:00:13","guid":{"rendered":"http:\/\/www.chile-reise.com\/?page_id=5892"},"modified":"2015-01-25T18:08:57","modified_gmt":"2015-01-25T16:08:57","slug":"picada-tour","status":"publish","type":"page","link":"https:\/\/www.chile-reise.com\/de\/packages-daytrips\/santiago-zentralchile-und-pazifikkueste\/picada-tour\/","title":{"rendered":"&#8222;Picada&#8220; Tour"},"content":{"rendered":"<p>\r\n        <style type='text\/css'>\r\n            #gallery-1 {\r\n                margin: auto;\r\n            }\r\n            #gallery-1 .gallery-item {\r\n                float: left;\r\n                margin-top: 10px;\r\n                text-align: center;\r\n                width: 33%;           }\r\n            #gallery-1 img {\r\n                border: 2px solid #cfcfcf;\r\n            }\r\n            #gallery-1 .gallery-caption {\r\n                margin-left: 0;\r\n            }\r\n        <\/style>\r\n        <!-- see gallery_shortcode() in wp-includes\/media.php -->\r\n        <div id='gallery-1' class='gallery-images gallery galleryid-5892'><dl class='gallery-item'>\r\n            <dt class='gallery-icon'>\r\n                <a href='https:\/\/www.chile-reise.com\/wp-content\/uploads\/Picada-Tour-1.jpg'><img loading=\"lazy\" decoding=\"async\" width=\"240\" height=\"140\" src=\"https:\/\/www.chile-reise.com\/wp-content\/uploads\/Picada-Tour-1-240x140.jpg\" class=\"attachment-thumbnail size-thumbnail\" alt=\"Picada Tour\" \/><\/a>\r\n            <\/dt>\r\n                <dd class='gallery-caption'>\r\n                Typical Chilean &#8222;Picada&#8220; dish\r\n                <\/dd><\/dl><dl class='gallery-item'>\r\n            <dt class='gallery-icon'>\r\n                <a href='https:\/\/www.chile-reise.com\/wp-content\/uploads\/Restaurant-El-Hoyo_Santiago.jpg'><img loading=\"lazy\" decoding=\"async\" width=\"240\" height=\"140\" src=\"https:\/\/www.chile-reise.com\/wp-content\/uploads\/Restaurant-El-Hoyo_Santiago-240x140.jpg\" class=\"attachment-thumbnail size-thumbnail\" alt=\"Restaurant El Hoyo Santiago\" \/><\/a>\r\n            <\/dt>\r\n                <dd class='gallery-caption'>\r\n                Typical Restaurant\r\n                <\/dd><\/dl><dl class='gallery-item'>\r\n            <dt class='gallery-icon'>\r\n                <a href='https:\/\/www.chile-reise.com\/wp-content\/uploads\/Marraqueta.jpg'><img loading=\"lazy\" decoding=\"async\" width=\"240\" height=\"140\" src=\"https:\/\/www.chile-reise.com\/wp-content\/uploads\/Marraqueta-240x140.jpg\" class=\"attachment-thumbnail size-thumbnail\" alt=\"Marraqueta\" \/><\/a>\r\n            <\/dt>\r\n                <dd class='gallery-caption'>\r\n                &#8222;Marraqueta&#8220; bread\r\n                <\/dd><\/dl><br style=\"clear: both\" \/>\r\n            <br style='clear: both;' \/>\r\n        <\/div>\n\n<div class=\"clear\"><\/div><div class=\"divider\"><\/div>\n<p><strong>Art der Reise:<\/strong> Wein &#038; Gourmet<br \/>\n<strong>Dauer:<\/strong> 1 Tag<\/p>\n\n\t<script type=\"text\/javascript\">\tjQuery(document).ready(function($){\tjQuery(\"ul.tabs-nav\").tabs(\"> .pane\"); }); <\/script>\n\n\t\t<div class=\"post-tabs\">\n\t\t\n<ul class=\"tabs-nav\">\n<li>Tourverlauf<\/li>\n<\/ul>\n\n\t\t<div class=\"pane\">\n\t\t\nBei dieser Tour zeigen wir Ihnen, was und wo \u201eJuanito Perez\u201c (der chilenische \u201eOtto-Normal-Verbraucher\u201c) gerne isst. Sie verschiedene \u201ePicadas\u201c von Santiago. Picadas sind Gark\u00fcchen, in denen es einfache, aber leckere Hausmannskost nach traditionellen Rezepten zu f\u00fcr jedermann erschwinglichen Preisen gibt \u2013 fast wie ein Blick in die K\u00fcche der chilenischen Hausfrau.Nat\u00fcrlich belibt es nicht beim Besuch, sondern Sie k\u00f6nnen herzhaft zulangen und werden dabei von Ihrem Reiseleiter in die Besonderheiten der traditionellen chilenischen K\u00fcche eingef\u00fchrt. Typisch chilenische Getr\u00e4nke mit und ohne Alkohol geh\u00f6ren auch dazu.<br \/>\n\n\t\t<\/div>\n\t\n\n\t\t<\/div>\n\t<\/p>","protected":false},"excerpt":{"rendered":"<p>Art der Reise: Wein &#038; Gourmet Dauer: 1 Tag<\/p>\n","protected":false},"author":3,"featured_media":0,"parent":99,"menu_order":0,"comment_status":"open","ping_status":"closed","template":"","meta":{"slim_seo":{"title":"\"Picada\" Tour \"Picada\" Tour - travelArt","description":"Typical Chilean &#8222;Picada&#8220; dish Typical Restaurant &#8222;Marraqueta&#8220; bread Art der Reise: Wein & Gourmet Dauer: 1 Tag Tourverlauf Bei dieser To"},"footnotes":""},"class_list":["post-5892","page","type-page","status-publish","hentry"],"_links":{"self":[{"href":"https:\/\/www.chile-reise.com\/de\/wp-json\/wp\/v2\/pages\/5892","targetHints":{"allow":["GET"]}}],"collection":[{"href":"https:\/\/www.chile-reise.com\/de\/wp-json\/wp\/v2\/pages"}],"about":[{"href":"https:\/\/www.chile-reise.com\/de\/wp-json\/wp\/v2\/types\/page"}],"author":[{"embeddable":true,"href":"https:\/\/www.chile-reise.com\/de\/wp-json\/wp\/v2\/users\/3"}],"replies":[{"embeddable":true,"href":"https:\/\/www.chile-reise.com\/de\/wp-json\/wp\/v2\/comments?post=5892"}],"version-history":[{"count":0,"href":"https:\/\/www.chile-reise.com\/de\/wp-json\/wp\/v2\/pages\/5892\/revisions"}],"up":[{"embeddable":true,"href":"https:\/\/www.chile-reise.com\/de\/wp-json\/wp\/v2\/pages\/99"}],"wp:attachment":[{"href":"https:\/\/www.chile-reise.com\/de\/wp-json\/wp\/v2\/media?parent=5892"}],"curies":[{"name":"wp","href":"https:\/\/api.w.org\/{rel}","templated":true}]}}