{"id":560,"date":"2013-07-05T21:28:55","date_gmt":"2013-07-05T19:28:55","guid":{"rendered":"http:\/\/www.chile-reise.com\/wordpress\/?page_id=560"},"modified":"2025-05-26T15:58:52","modified_gmt":"2025-05-26T13:58:52","slug":"traveller-feedback","status":"publish","type":"page","link":"https:\/\/www.chile-reise.com\/de\/traveller-feedback\/","title":{"rendered":"Reise-Feedbacks"},"content":{"rendered":"<a href=\"https:\/\/www.chile-reise.com\/wp-content\/uploads\/happy-people.png\"><img loading=\"lazy\" decoding=\"async\" src=\"https:\/\/www.chile-reise.com\/wp-content\/uploads\/happy-people.png\" alt=\"happy people\" width=\"700\" height=\"300\" class=\"aligncenter size-full wp-image-13018\" srcset=\"https:\/\/www.chile-reise.com\/wp-content\/uploads\/happy-people.png 700w, https:\/\/www.chile-reise.com\/wp-content\/uploads\/happy-people-620x266.png 620w\" sizes=\"auto, (max-width: 700px) 100vw, 700px\" \/><\/a><\/p>\n<p>Das Feedback unserer Reisenden in Chile ist uns sehr wichtig, da es uns hilft, unseren Service st\u00e4ndig zu verbessern. <\/p>\n<p><strong>Lesen Sie hier einige Kommentare unserer Reisenden!<\/strong><\/p>\n<p><a href=\"https:\/\/www.chile-reise.com\/wp-content\/uploads\/feedbacks.png\"><img loading=\"lazy\" decoding=\"async\" src=\"https:\/\/www.chile-reise.com\/wp-content\/uploads\/feedbacks.png\" alt=\"\" width=\"200\" height=\"100\" class=\"alignleft size-full wp-image-13020\" \/><\/a><br \/>\n<\/br><br \/>\n<\/br><br \/>\n<\/br><\/p>\n<p><strong>Top Reiseleiter<\/strong><br \/>\nAlle Reiseleiter waren top. Spannende Geschichten, wertvolle Tipps, super Organisation.<br \/>\nTina L. | 2025-02-24<\/p>\n<div class=\"clear\"><\/div><div class=\"divider\"><\/div>\n<p><strong>Es war alles einzigartig sch\u00f6n<\/strong><br \/>\nUnser Reiseleiter Patrick war sehr kompetent, freundlich und ein Organistationstalent. Durch seine ansteckende gute Laune und positive Energie haben wir selbst die unwirklichem Wetterverh\u00e4ltnisse am Rafael-Gletscher in vollen Z\u00fcgen genossen. Es war alles einzigartig sch\u00f6n. Da gibt es nichts, was uns nicht gefallen hat.<br \/>\nEhepaar B. | 2025-01-29<\/p>\n<div class=\"clear\"><\/div><div class=\"divider\"><\/div>\n<p><strong>Wir haben Chile wirklich kennengelernt<\/strong><br \/>\nEine wirklich interessante und abwechslungsreiche Reise \u2013 ich hatte das Gef\u00fchl, dass wir dieses sch\u00f6ne Land wirklich kennengelernt haben. Ausgezeichnete Reiseleiterin: Sie war super organisiert und sehr sachkundig. Wir haben sie alle sehr gesch\u00e4tzt. Sehr sch\u00f6ne Hotels. Die Busse waren von guter Qualit\u00e4t, und die Fahrer waren alle sehr hilfsbereit. Reichlich Wasser in Flaschen (vielleicht ein kleines Detail, aber dennoch sehr wichtig). Sehr effiziente und p\u00fcnktliche Inlandsfl\u00fcge \u2013 sie haben es uns wirklich erm\u00f6glicht, so viel zu sehen. Die glutenfreien Optionen waren gut gemacht, das lief einwandfrei in Chile.<br \/>\n(\u00fcbersetzt aus dem Englischen)<br \/>\nDenise C. | 2024-12-20<br \/>\n<div class=\"clear\"><\/div><div class=\"divider\"><\/div>\n<p><strong>Tolle Reiseleiter in Atacama<\/strong><br \/>\nHallo, wir sind zur\u00fcck in Singapur und ich m\u00f6chte sagen, dass Sie den richtigen Reiseleiter f\u00fcr unseren Besuch in Atacama ausgesucht haben! Wir sind froh, dass wir Adriana und Alejandro als Begleiter hatten.<br \/>\n(\u00fcbersetzt aus dem Englischen)<br \/>\nKai P. | 2024-09-24<\/p>\n<div class=\"clear\"><\/div><div class=\"divider\"><\/div>\n<p><strong>Gro\u00dfartige Erfahrung und hervorragender Reiseleiter<\/strong><br \/>\nIch hatte eine fantastische Zeit in Chile und auf der Osterinsel. Reiseleiter Robert war super und ich habe so viel \u00fcber das Land &#8211; die Hauptstadt &#8211; die Menschen und die Osterinsel gelernt. Vielen Dank f\u00fcr eine tolle Zeit.<br \/>\n(\u00fcbersetzt aus dem Englischen)<br \/>\nJulia M. | 2024-08-20<\/p>\n<div class=\"clear\"><\/div><div class=\"divider\"><\/div>\n<p><strong>Unser Fahrer war fantastisch<\/strong><br \/>\nOkay, noch eine Nachricht f\u00fcr euch, dieses Mal \u00fcber unseren Fahrer Jose. Er war FANTASTISCH!!! Er hat uns von Punta Arenas nach Las Torres gefahren, dann zwei Tage sp\u00e4ter von Las Torres zum Lago Grey, dann heute vom Lago Grey zur\u00fcck nach Punta Arenas. Wir haben also sehr viel Zeit mit Jose verbracht. Er war \u00e4u\u00dferst professionell und sehr zuvorkommend. Und er gab sich alle M\u00fche, uns etwas \u00fcber Patagonien beizubringen: die Geografie, die Biologie, die Tiere. Er hielt immer wieder an, damit wir sch\u00f6ne Fotos machen konnten. Au\u00dferdem war er f\u00fcnf Jahre lang Parkw\u00e4chter in Torres del Paine, er wei\u00df also alles \u00fcber dieses Gebiet. Und er ist sehr leidenschaftlich bei der Sache. Er war wirklich genauso ein Reiseleiter wie ein Fahrer.  Wir haben unsere Zeit mit Jose sehr genossen.<br \/>\nVielen Dank f\u00fcr eure Arbeit mit Wilderness Travel bei der Zusammenstellung dieser &#8222;Reise des Lebens&#8220; f\u00fcr uns. Es war perfekt organisiert und alle Fahrer und Reiseleiter waren fantastisch!<br \/>\nMolly R. | 2024-01-21<\/p>\n<div class=\"clear\"><\/div><div class=\"divider\"><\/div>\n<p><strong>Der absolut beste Reiseleiter, dem wir je begegnet sind<\/strong><br \/>\nHallo! Hier ist Molly aus den Vereinigten Staaten. Ich m\u00f6chte Sie wissen lassen, was f\u00fcr eine wunderbare Erfahrung wir gestern mit unserem Reiseleiter Benjamin und unserem Fahrer Ricardo gemacht haben. Beide waren extrem freundlich und sehr professionell. Au\u00dferdem ist Benjamin der absolut beste Reiseleiter, den wir je erlebt haben. Wir sind schon viel in viele L\u00e4nder gereist und haben immer Touren gemacht. Wir haben viele Reiseleiter erlebt, aber keiner von ihnen war so gut wie Benjamin. Sein Wissen \u00fcber Chile, \u00fcber Santiago und \u00fcber Lateinamerika war unglaublich. Eigentlich kennt er sich in der ganzen Welt aus! Er hat die Sehensw\u00fcrdigkeiten und die Geschichte mit so viel Enthusiasmus und Leidenschaft vermittelt. Wir sind so froh, dass wir eine Tour in Santiago zu unserem Chile-Abenteuer hinzugef\u00fcgt haben! Zehn von zehn Sternen f\u00fcr Benjamin und Ricardo!<br \/>\n(\u00fcbersetzt aus dem Englischen)<br \/>\nMolly R. | 2024-01-20<\/p>\n<div class=\"clear\"><\/div><div class=\"divider\"><\/div>\n<p><strong>Guide war spitze!<\/strong><br \/>\nAls kleines Feedback, unser Guide in Atacama, Diego war Spitzenklasse.<br \/>\nReisegruppe | 2024-01-12<\/p>\n<div class=\"clear\"><\/div><div class=\"divider\"><\/div>\n<p><strong>Eine sehr ausgeglichene Reise<\/strong><br \/>\nIch bin nun zur\u00fcck, genauer gesagt begeistert zur\u00fcck. Es hat perfekt funktioniert, die Hotels waren toll ausgew\u00e4hlt und die Reisef\u00fchrer kompetent und menschlich angenehm. Es war auch eine sehr ausgeglichene Reise, ich k\u00f6nnte meinen sch\u00f6nsten Tag oder das interessanteste Ziel in Chile nicht bestimmen.<br \/>\nMichael R. | 2024-01-11<\/p>\n<div class=\"clear\"><\/div><div class=\"divider\"><\/div>\n<p><strong>Restlos begeistert<\/strong><br \/>\nEin ganz gro\u00dfes Lob f\u00fcr euren Reiseleiter. Wir waren von der Reise insgesamt restlos begeistert!<br \/>\nEhepaar K. | 2023-11-14<\/p>\n<div class=\"clear\"><\/div><div class=\"divider\"><\/div>\n<p><strong>Sehr freundlich, p\u00fcnktlich und hilfsbereit<\/strong><br \/>\nAuch wenn schon wieder 3 Wochen nach unserer R\u00fcckkehr ins Land gegangen sind, m\u00f6chten wir Ihnen unseren besonderen Dank f\u00fcr die Organisation, die Transfers, die Reiseleitung und die Fahrer in der Atacama-W\u00fcste aussprechen!<br \/>\nAlle waren super freundlich, absolut p\u00fcnktlich, immer hilfsbereit und boten uns sehr informative Einblicke und Eindr\u00fccke.<br \/>\nEhepaar S. | 2023-05-08<\/p>\n<div class=\"clear\"><\/div><div class=\"divider\"><\/div>\n<p><strong>Die perfekte Unterkunft<\/strong><br \/>\nEine der besten und sch\u00f6nsten Unterk\u00fcnfte, die wir je hatten &#8211; und wir reisen viel und haben schon Vieles gesehen. Die Location ist einmalig: von jedem Bungalow sieht man die Torres. Das Essen war hervorragend und ganz speziell auf jeden einzelnen Gast abgestimmt (mit jeweils eigener pers\u00f6nlicher Men\u00fckarte). Einmalig war, dass wir nicht nur unseren pers\u00f6nlichen Privatfahrer hatten sondern zus\u00e4tzlich noch einen privaten deutsch sprechenden Guide. Als Highlight wurden wir dann noch mit der Sichtung von 4 Pumas belohnt, welche gerade ein Guanaco gerissen hatten &#8211; und dies nur 3-4 Meter vom Fahrzeug aus entfernt!!<br \/>\nEhepaar F. | 2023-01-20<\/p>\n<div class=\"clear\"><\/div><div class=\"divider\"><\/div>\n<p><strong>Professionelle und hilfsbereite Reiseleiter<\/strong><br \/>\nWir sahen eine solche Vielfalt in Bezug auf Geographie und Aktivit\u00e4ten.  Das Timing f\u00fcr jeden Aufenthalt war perfekt. Die Reiseleiter Valentina und Oscar waren professionell und sehr hilfsbereit. Vielen Dank f\u00fcr alles, was Sie getan haben, um diese einmalige &#8222;Reise des Lebens&#8220; zu erm\u00f6glichen.<br \/>\n(\u00fcbersetzt aus dem Englischen)<br \/>\nCarol R. | 2022-09-27<\/p>\n<div class=\"clear\"><\/div><div class=\"divider\"><\/div>\n<p><strong>Wir lernten viele verschiedene Aspekte Chiles kennen<\/strong><br \/>\nUnsere Reise war fantastisch!  Die Vielfalt der Orte und Aktivit\u00e4ten gab uns einen tollen Einblick in das Land und die Unterk\u00fcnfte waren spektakul\u00e4r. Die Reiseleiter Valentina und Oscar waren wunderbar &#8211; beide sehr herzlich und hilfsbereit. Valentina vermittelte uns viel Wissen \u00fcber das, was wir sahen, so dass wir w\u00e4hrend der Fahrt viele verschiedene Aspekte Chiles kennenlernten. Ihr Wissen trug entscheidend dazu bei, dass wir das Land, in dem wir uns befanden, noch mehr zu sch\u00e4tzen wussten.  Besonders interessant war f\u00fcr mich die Geschichte und das aktuelle politische Klima des Landes.<br \/>\n(\u00fcbersetzt aus dem Englischen)<br \/>\nAnne R. | 2022-09-27<\/p>\n<div class=\"clear\"><\/div><div class=\"divider\"><\/div>\n<p><strong>Die beste Reiseleiterin<\/strong><br \/>\nDie Reiseleiterin Patricia war super! Gut strukturiert, h\u00f6flich, hatte viel Wissen, welches sie mit Leidenschaft an uns weitergegeben hat. Sie war auf jeden Fall die beste Reiseleiterin der ganzen Reise.<br \/>\nSusanne S. | 2022-02-25<\/p>\n<div class=\"clear\"><\/div><div class=\"divider\"><\/div>\n<p><strong>Sehr gute Betreuung der Reisegruppe<\/strong><br \/>\nDer Gruppe hat die Reise sehr gut gefallen und sie haben sich durch euch und die Reiseleiter sehr gut betreut gef\u00fchlt. Alle 3 Reiseleiter h\u00e4tten sich \u00fcberdurchschnittlich f\u00fcr die Gruppe eingesetzt und man h\u00e4tte sp\u00fcren k\u00f6nnen, dass sie sich \u00fcber den Besuch der Gruppe gefreut haben. Die Zusammenstellung des Programms hat der Gruppe ebenfalls sehr gut gefallen.<br \/>\nReisegruppe aus Deutschland | 2022-01-14<\/p>\n<div class=\"clear\"><\/div><div class=\"divider\"><\/div>\n<p><strong>Es gab Highlights jeden Tag<\/strong><br \/>\nJeder Tag hatte Highlights. Die Hotels waren immer in einer tollen Lage. Die Organisation und der Transport verliefen reibungslos. Die Reiseleiter waren gut qualifiziert, vermittelten ihr Wissen und zeigten uns die Sch\u00f6nheiten ihrer Heimat.<br \/>\nPetra H. | 2020-02-18<\/p>\n<div class=\"clear\"><\/div><div class=\"divider\"><\/div>\n<p><strong>Eine bleibende positive Erinnerung<\/strong><br \/>\nDie Reise hat uns sehr gut gefallen. Alles hat super geklappt, die Hotels waren tiptop und wir waren sehr zufrieden mit den Reisef\u00fchrern und Fahrern. Der Urlaub in Chile wird uns noch lange positiv in Erinnerung bleiben.<br \/>\nAngelina S. | 2019-11-19<\/p>\n<div class=\"clear\"><\/div><div class=\"divider\"><\/div>\n<p><strong>Danke!<\/strong><br \/>\nMeine Frau und ich m\u00f6chten uns ganz herzlich f\u00fcr den Service bedanken, den wir w\u00e4hrend unserer letzten Reisen nach Santiago und San Pedro de Atacama erhalten haben.<br \/>\nZun\u00e4chst gilt unser Dank unserem Reiseleiter und Fahrer w\u00e4hrend unserer drei Tage in Santiago. Von dem Moment an, als wir am Flughafen abgeholt wurden, hatten wir einen guten Draht zu den beiden und f\u00fchrten viele interessante Gespr\u00e4che.<br \/>\nMit hohen Erwartungen an den Service nach unserem Aufenthalt in Santiago, wurden wir dann am Flughafen von Calama von dem anderen Team empfangen, mit dem wir drei sehr unterhaltsame und interessante Tage verbrachten. Die Ausfl\u00fcge zur Besichtigung der \u00f6rtlichen Landschaft waren ohnehin schon atemberaubend, aber sie wurden durch den wirklich au\u00dfergew\u00f6hnlichen Service, der professionell, sehr pers\u00f6nlich und sehr angenehm war, noch unvergesslicher.<br \/>\nWir sind uns bewusst, dass bei der Organisation solcher Touren auch die Anforderungen an das Personal hoch sein m\u00fcssen. Abschlie\u00dfend w\u00fcnschen wir dem gesamten Team von travelArt viel Erfolg f\u00fcr die Zukunft.<br \/>\n(\u00fcbersetzt aus dem Englischen)<br \/>\nDavid &#038; Tracey G. | 2019-06-08<\/p>\n<div class=\"clear\"><\/div><div class=\"divider\"><\/div>\n<p><strong>Ich freue mich auf die R\u00fcckkehr nach Chile<\/strong><br \/>\nSicher nach Hause zur\u00fcckgekehrt, m\u00f6chte ich mich bei Ihnen f\u00fcr den Service bedanken, den Sie mir und meiner Gruppe w\u00e4hrend meiner letzten Reise zum Kap Hoorn geboten haben. Alle unsere Ausfl\u00fcge verliefen sehr gut, und ich gr\u00fc\u00dfe auch Ihre \u00f6rtlichen Reiseleiter und Fahrer. Ich freue mich darauf, im Januar n\u00e4chsten Jahres mit einer neuen Gruppe wieder in Santiago zu sein.<br \/>\nHerzliche Gr\u00fc\u00dfe<br \/>\n(\u00fcbersetzt aus dem Englischen)<br \/>\nHenrik B. | 2019-04-01<\/p>\n<div class=\"clear\"><\/div><div class=\"divider\"><\/div>\n<p><strong>Es war eine unvergessliche Reise<\/strong><br \/>\nWir, ein bunter Haufen aus Deutschland, \u00d6sterreich, Schweiz und Italien waren im Januar\/Februar 2019 auf gro\u00dfer Tour. Es war eine unvergessliche Reise mit neun Fl\u00fcgen und auch neun Reiseleitungen. Am 23. und 24. Januar machten wir einen Stopp in Santiago de Chile. Die dortige Reiseleitung (beste Reiseleitung S\u00fcdamerikas mit hervorragenden Deutschkenntnissen, mit Witz und Charme) hat uns in den zwei Tage einfach unvergesslich begleitet und Chile zu einem Erlebnis gemacht. Vielen, vielen Dank, wir werden vielleicht wieder kommen.<br \/>\nHerzlichste Gr\u00fc\u00dfe aus Deutschland, \u00d6sterreich und der Schweiz | 2019-02-23<\/p>\n<div class=\"clear\"><\/div><div class=\"divider\"><\/div>\n<p><strong>Interessante  und politisch vielf\u00e4ltige Reiseleitung <\/strong><br \/>\nHallo nach Chile aus Deutschland<br \/>\nAuf diesem Weg am Heiligabend noch einmal vielen Dank f\u00fcr die sehr interessante  und politisch vielf\u00e4ltige Reiseleitung in Chile. Die Informationen von 1970 bis 2018 haben uns sehr geholfen, unsere medialen Erinnerungen aus 1973 besser zu verarbeiten.<br \/>\nHenny und Stefan K. | 2018-12-24<\/p>\n<div class=\"clear\"><\/div><div class=\"divider\"><\/div>\n<p><strong>Absolut gro\u00dfartig!<\/strong><br \/>\nIm Februar 2018 haben wir eine Reise durch Argentinien und Chile gemacht. Santiago war unser letztes Ziel. Unsere Reiseleiterin in dieser wunderbaren Stadt zeigte uns die wichtigsten Orte in Santiago. Wir waren beeindruckt von ihrem Deutsch und der Art, wie sie uns herumf\u00fchrte und alles erkl\u00e4rte. Ihre F\u00fchrung war ausgezeichnet, kompetent und sie war eine ausgesprochen lebensfrohe Begleiterin. Wir haben die Tage in Santiago mit ihr genossen und k\u00f6nnen travelArt nur empfehlen. Absolut gro\u00dfartig!<br \/>\n(\u00fcbersetzt aus dem Englischen)<br \/>\nCornelia und Roland K. | 2018-06-16<\/p>\n<div class=\"clear\"><\/div><div class=\"divider\"><\/div>\n<p><strong>Perfekt gepasst!<\/strong><br \/>\nMit den Guides und der Organisation war ich sehr zufrieden. Ich m\u00f6chte den Reiseleiter in Torres del Paine hervorheben. Er war unwahrscheinlich bem\u00fcht und stand uns mit dem Fahrer jederzeit zur Verf\u00fcgung. Au\u00dferdem fotografiert er auch selber gerne und wei\u00df deshalb, was uns wichtig ist. Das hat alles perfekt gepasst, genau wie ich mir das vorgestellt habe! Der H\u00f6hepunkt war sicher der Puma, dem wir auf 20 Meter begegnet sind&#8230;<br \/>\nAm Ende haben wir auch noch viele Wale gesehen und so gibt es nix zu meckern&#8230;<br \/>\nMartin S. | 2017-04-29","protected":false},"excerpt":{"rendered":"<p>Das Feedback unserer Reisenden in Chile ist uns sehr wichtig, da es uns hilft, unseren Service st\u00e4ndig zu verbessern. Lesen Sie hier einige Kommentare unserer Reisenden! Top Reiseleiter Alle Reiseleiter waren top. Spannende Geschichten, wertvolle Tipps, super Organisation. Tina L. &#8230;<\/p>\n","protected":false},"author":16,"featured_media":0,"parent":0,"menu_order":0,"comment_status":"open","ping_status":"open","template":"","meta":{"slim_seo":{"title":"[:de]Reise-Feedbacks[:en]Traveller Feedback[:] - travelArt","description":"[:de] Das Feedback unserer Reisenden in Chile ist uns sehr wichtig, da es uns hilft, unseren Service st\u00e4ndig zu verbessern. Lesen Sie hier einige Kommentare uns"},"footnotes":""},"class_list":["post-560","page","type-page","status-publish","hentry"],"_links":{"self":[{"href":"https:\/\/www.chile-reise.com\/de\/wp-json\/wp\/v2\/pages\/560","targetHints":{"allow":["GET"]}}],"collection":[{"href":"https:\/\/www.chile-reise.com\/de\/wp-json\/wp\/v2\/pages"}],"about":[{"href":"https:\/\/www.chile-reise.com\/de\/wp-json\/wp\/v2\/types\/page"}],"author":[{"embeddable":true,"href":"https:\/\/www.chile-reise.com\/de\/wp-json\/wp\/v2\/users\/16"}],"replies":[{"embeddable":true,"href":"https:\/\/www.chile-reise.com\/de\/wp-json\/wp\/v2\/comments?post=560"}],"version-history":[{"count":8,"href":"https:\/\/www.chile-reise.com\/de\/wp-json\/wp\/v2\/pages\/560\/revisions"}],"predecessor-version":[{"id":17308,"href":"https:\/\/www.chile-reise.com\/de\/wp-json\/wp\/v2\/pages\/560\/revisions\/17308"}],"wp:attachment":[{"href":"https:\/\/www.chile-reise.com\/de\/wp-json\/wp\/v2\/media?parent=560"}],"curies":[{"name":"wp","href":"https:\/\/api.w.org\/{rel}","templated":true}]}}