{"id":5500,"date":"2014-10-15T22:51:23","date_gmt":"2014-10-15T20:51:23","guid":{"rendered":"http:\/\/www.chile-reise.com\/?page_id=5500"},"modified":"2014-12-05T19:06:28","modified_gmt":"2014-12-05T17:06:28","slug":"naturparadies-und-kulturerbe","status":"publish","type":"page","link":"https:\/\/www.chile-reise.com\/de\/packages-daytrips\/seengebiet\/naturparadies-und-kulturerbe\/","title":{"rendered":"Chilo\u00e9: Naturparadies und Kulturerbe"},"content":{"rendered":"<p>\r\n        <style type='text\/css'>\r\n            #gallery-1 {\r\n                margin: auto;\r\n            }\r\n            #gallery-1 .gallery-item {\r\n                float: left;\r\n                margin-top: 10px;\r\n                text-align: center;\r\n                width: 33%;           }\r\n            #gallery-1 img {\r\n                border: 2px solid #cfcfcf;\r\n            }\r\n            #gallery-1 .gallery-caption {\r\n                margin-left: 0;\r\n            }\r\n        <\/style>\r\n        <!-- see gallery_shortcode() in wp-includes\/media.php -->\r\n        <div id='gallery-1' class='gallery-images gallery galleryid-5500'><dl class='gallery-item'>\r\n            <dt class='gallery-icon'>\r\n                <a href='https:\/\/www.chile-reise.com\/wp-content\/uploads\/Castro-Cathedral.jpg'><img loading=\"lazy\" decoding=\"async\" width=\"240\" height=\"140\" src=\"https:\/\/www.chile-reise.com\/wp-content\/uploads\/Castro-Cathedral-240x140.jpg\" class=\"attachment-thumbnail size-thumbnail\" alt=\"Castro Cathedral\" \/><\/a>\r\n            <\/dt>\r\n                <dd class='gallery-caption'>\r\n                Castro Cathedral\r\n                <\/dd><\/dl><dl class='gallery-item'>\r\n            <dt class='gallery-icon'>\r\n                <a href='https:\/\/www.chile-reise.com\/wp-content\/uploads\/Pinguine-Pu\u00f1ihuil.jpeg'><img loading=\"lazy\" decoding=\"async\" width=\"240\" height=\"140\" src=\"https:\/\/www.chile-reise.com\/wp-content\/uploads\/Pinguine-Pu\u00f1ihuil-240x140.jpeg\" class=\"attachment-thumbnail size-thumbnail\" alt=\"Pinguine Pu\u00f1ihuil\" \/><\/a>\r\n            <\/dt>\r\n                <dd class='gallery-caption'>\r\n                Penguins at Pu\u00f1ihuil\r\n                <\/dd><\/dl><dl class='gallery-item'>\r\n            <dt class='gallery-icon'>\r\n                <a href='https:\/\/www.chile-reise.com\/wp-content\/uploads\/Pu\u00f1ihuil-Beach1.jpg'><img loading=\"lazy\" decoding=\"async\" width=\"240\" height=\"140\" src=\"https:\/\/www.chile-reise.com\/wp-content\/uploads\/Pu\u00f1ihuil-Beach1-240x140.jpg\" class=\"attachment-thumbnail size-thumbnail\" alt=\"Pu\u00f1ihuil Beach\" \/><\/a>\r\n            <\/dt>\r\n                <dd class='gallery-caption'>\r\n                Playa Pu\u00f1ihuil\r\n                <\/dd><\/dl><br style=\"clear: both\" \/><dl class='gallery-item'>\r\n            <dt class='gallery-icon'>\r\n                <a href='https:\/\/www.chile-reise.com\/wp-content\/uploads\/Fundaci\u00f3n-Amigos-de-las-Iglesias.jpg'><img loading=\"lazy\" decoding=\"async\" width=\"240\" height=\"140\" src=\"https:\/\/www.chile-reise.com\/wp-content\/uploads\/Fundaci\u00f3n-Amigos-de-las-Iglesias-240x140.jpg\" class=\"attachment-thumbnail size-thumbnail\" alt=\"Fundaci\u00f3n Amigos de las Iglesias\" \/><\/a>\r\n            <\/dt>\r\n                <dd class='gallery-caption'>\r\n                Museo \r\n                <\/dd><\/dl><dl class='gallery-item'>\r\n            <dt class='gallery-icon'>\r\n                <a href='https:\/\/www.chile-reise.com\/wp-content\/uploads\/Chilo\u00e9-2_original.jpg'><img loading=\"lazy\" decoding=\"async\" width=\"240\" height=\"140\" src=\"https:\/\/www.chile-reise.com\/wp-content\/uploads\/Chilo\u00e9-2_original-240x140.jpg\" class=\"attachment-thumbnail size-thumbnail\" alt=\"Chilo\u00e9 2 original\" \/><\/a>\r\n            <\/dt>\r\n                <dd class='gallery-caption'>\r\n                Chilo\u00e9\r\n                <\/dd><\/dl><dl class='gallery-item'>\r\n            <dt class='gallery-icon'>\r\n                <a href='https:\/\/www.chile-reise.com\/wp-content\/uploads\/Dalcahue.jpg'><img loading=\"lazy\" decoding=\"async\" width=\"240\" height=\"140\" src=\"https:\/\/www.chile-reise.com\/wp-content\/uploads\/Dalcahue-240x140.jpg\" class=\"attachment-thumbnail size-thumbnail\" alt=\"Dalcahue\" \/><\/a>\r\n            <\/dt>\r\n                <dd class='gallery-caption'>\r\n                Ancud\r\n                <\/dd><\/dl><br style=\"clear: both\" \/>\r\n            <br style='clear: both;' \/>\r\n        <\/div>\n\n<div class=\"clear\"><\/div><div class=\"divider\"><\/div>\n<p>Chilo\u00e9 ist eine Insel voller Mythen, Legenden, Br\u00e4uchen und interessanten Menschen mit einem ganz eigenen Lebensrhytmus \u2013 Sie werden verzaubert sein!<\/p>\n<p>Die Kirchen von Chilo\u00e9 gelten als einer der gr\u00f6\u00dften Kultursch\u00e4tze des Landes und wurden im Jahr 2000 in das Weltkulturerbe der UNESCO aufgenommen. Die ersten der insgesamt 16 unter Schutz stehenden Kirchen wurden im 18. Jahrhundert von den Jesuiten mit Hilfe der kunstfertigen einheimischen Zimmerleute errichtet. Die Kirchen wurden komplett aus Holz und ohne einen einzigen Nagel gebaut.<\/p>\n<p><strong>Art der Reise:<\/strong> Kultur\/Natur<br \/>\n<strong>Dauer:<\/strong> 4 Tage<\/p>\n\n\t<script type=\"text\/javascript\">\tjQuery(document).ready(function($){\tjQuery(\"ul.tabs-nav\").tabs(\"> .pane\"); }); <\/script>\n\n\t\t<div class=\"post-tabs\">\n\t\t\n<ul class=\"tabs-nav\">\n<li>Tourverlauf<\/li>\n<li>Leistung<\/li>\n<li>Ausr\u00fcstung<\/li>\n<\/ul>\n\n\t\t<div class=\"pane\">\n\t\t\n<strong>Tag 1: Castro<\/strong><br \/>\nFlug nach Castro. Ihr deutschsprachiger Reiseleiter und Chilo\u00e9-Experte wird Sie am Flughafen empfangen. Nach dem Check-in im Hotel entdecken Sie die Inselhauptstadt Castro bei einer Stadtrundfahrt. Dabei besichtigen Sie die San Francisco-Kirche, deren farbenfrohe Fassade sich am Hauptplatz der Stadt erhebt. Achten Sie auf die feinen Holzschnitzarbeiten und die Verkleidung mit Alerce-Holz im Innenraum. Am Hafen besuchen Sie den gr\u00f6\u00dften Kunsthandwerkermarkt der Insel. Castro ist f\u00fcr seine \u201ePalafitos\u201c bekannt, H\u00e4user, die auf Pf\u00e4hlen \u00fcber dem Wasser gebaut sind. Es gibt verschiedene Erkl\u00e4rungen f\u00fcr diese Tradition, doch die Einleuchtendste ist vielleicht die einfache Tatsache, dass fr\u00fche Siedler versuchten, Steuern zu sparen, denn der Meeresgrund geh\u00f6rte ja bekanntlich jedermann.<br \/>\n\u00dcbernachtung in Castro.<\/p>\n<p><strong>Tag 2: Pinguinkolonie Pu\u00f1ihuil, Wanderung von Duhatao nach Chepu und Curanto-Essen<\/strong><br \/>\nHeute geht es in den Norden der Insel. In Ancud erhalten Sie Ihre Lunchpakete f\u00fcr die heutige Wanderung. Dann wir Ihnen die Pinuinkolonie von Pu\u00f1ihuil, eine der wenigen Pinguinkolonien, wo Magellan- und Humboldt-Pinguine zusammen leben. Wenn das Wetter es zul\u00e4sst, fahren Sie mit einem kleinen Boot zu den Felsen hinaus, auf denen die Pinguine w\u00e4hrend der Brutzeit nisten. Nach der sicherlich unterhaltsamen Begegnung mit den Pinguinen, geht der aktive Teil des Tages los: Am Meer entlang wandern Sie ca. 4 Stunden auf dem \u201eSendero de Chile\u201c von Duhato nach Chepu. Dabei kommen Sie durch immergr\u00fcnen Wald und passieren den idyllischen Strand von Aul\u00edn. Nach dieser Wanderung werden Sie wunderbar entspannt und erfrischt wieder nach Ancud zur\u00fcckkehren. Vorher machen Sie jedoch halt, um<br \/>\nein echtes \u201eCuranto\u201c zu probieren, ein lokaltypiches Gericht aus Fleisch, Kartoffeln, Kohn und Meeresfr\u00fcchten, das geschichtet in einem Erdofen gegart wird.<br \/>\n\u00dcbernachtung in Ancud.<\/p>\n<p><strong>Tag 3: Fundaci\u00f3n Amigos de las Igl\u00e9sias de Chilo\u00e9 und Caul\u00edn<\/strong><br \/>\nHeute besuchen Sie die Stiftung der \u201eFreunde der Kirchen Chilo\u00e9s\u201c. In dem faszinierenden Museum der Stiftung lernen Sie alles \u00fcber die einzigartige Architektur der chilotischen Kirchen und die Geschichten dahinter. Weiter geht es in die Bucht Caul\u00edn, wo Sie Schwarzhalsschw\u00e4ne und andere V\u00f6gel beobachten k\u00f6nnen.<br \/>\nFahrt nach Puerto Varas und \u00dcbernachtung.<\/p>\n<p><strong>Tag 4: Puerto Varas<\/strong><br \/>\nAbreise oder Anschlussprogramm Puerto Varas<\/p>\n\n\t\t<\/div>\n\t\n\n\t\t<div class=\"pane\">\n\t\t\n\u00dcbernachtung, Fr\u00fchst\u00fcck, genannte Exkursionen, Reiseleitung<br \/>\n\n\t\t<\/div>\n\t\n\n\t\t<div class=\"pane\">\n\t\t\nBitte denken Sie an Allwetterkleidung: feste Schuhe, Regen- und Sonnenschutz<br \/>\n\n\t\t<\/div>\n\t\n\n\t\t<\/div>\n\t<\/p>","protected":false},"excerpt":{"rendered":"<p>Chilo\u00e9 ist eine Insel voller Mythen, Legenden, Br\u00e4uchen und interessanten Menschen mit einem ganz eigenen Lebensrhytmus \u2013 Sie werden verzaubert sein! Die Kirchen von Chilo\u00e9 gelten als einer der gr\u00f6\u00dften Kultursch\u00e4tze des Landes und wurden im Jahr 2000 in das &#8230;<\/p>\n","protected":false},"author":3,"featured_media":0,"parent":101,"menu_order":0,"comment_status":"open","ping_status":"open","template":"","meta":{"slim_seo":{"title":"Chilo\u00e9: Naturparadies und Kulturerbe Chilo\u00e9: Natural Paradise and Cultural Heritage - travelArt","description":"Castro Cathedral Penguins at Pu\u00f1ihuil Playa Pu\u00f1ihuil Museo Chilo\u00e9 Ancud Chilo\u00e9 ist eine Insel voller Mythen, Legenden, Br\u00e4uchen und interessanten Menschen mit e"},"footnotes":""},"class_list":["post-5500","page","type-page","status-publish","hentry"],"_links":{"self":[{"href":"https:\/\/www.chile-reise.com\/de\/wp-json\/wp\/v2\/pages\/5500","targetHints":{"allow":["GET"]}}],"collection":[{"href":"https:\/\/www.chile-reise.com\/de\/wp-json\/wp\/v2\/pages"}],"about":[{"href":"https:\/\/www.chile-reise.com\/de\/wp-json\/wp\/v2\/types\/page"}],"author":[{"embeddable":true,"href":"https:\/\/www.chile-reise.com\/de\/wp-json\/wp\/v2\/users\/3"}],"replies":[{"embeddable":true,"href":"https:\/\/www.chile-reise.com\/de\/wp-json\/wp\/v2\/comments?post=5500"}],"version-history":[{"count":0,"href":"https:\/\/www.chile-reise.com\/de\/wp-json\/wp\/v2\/pages\/5500\/revisions"}],"up":[{"embeddable":true,"href":"https:\/\/www.chile-reise.com\/de\/wp-json\/wp\/v2\/pages\/101"}],"wp:attachment":[{"href":"https:\/\/www.chile-reise.com\/de\/wp-json\/wp\/v2\/media?parent=5500"}],"curies":[{"name":"wp","href":"https:\/\/api.w.org\/{rel}","templated":true}]}}