{"id":55,"date":"2013-07-02T18:06:28","date_gmt":"2013-07-02T16:06:28","guid":{"rendered":"http:\/\/www.chile-reise.com\/wordpress\/?page_id=55"},"modified":"2013-07-05T21:57:26","modified_gmt":"2013-07-05T19:57:26","slug":"faqs","status":"publish","type":"page","link":"https:\/\/www.chile-reise.com\/de\/faqs\/","title":{"rendered":"FAQs"},"content":{"rendered":"<p><div class=\"qa-faqs qa-category cf animation-fade accordion collapsible\">\n\t\t<div class=\"qa-category\">\n\t\t\t<h2 class=\"faq-catname\">faqs<\/h2>\n\t\t\t<div id=\"qa-faq0\" class=\"qa-faq\">\n\t\t\t<h3 class=\"qa-faq-title\"><a class=\"qa-faq-anchor\" href=\"https:\/\/www.chile-reise.com\/de\/faqs\/wie-erhalte-ich-meine-reiseunterlagen\/\">Wie erhalte ich meine Reiseunterlagen?<\/a><\/h3>\n\t\t\t<div class=\"qa-faq-answer\"><p>Zusammen mit unserer Best\u00e4tigung erhalten Sie einen detaillierten Reiseverlauf. Bei Ankunft in Chile werden Sie am Flughafen von einem travelArt Mitarbeiter empfangen, der Ihnen Ihre Reiseunterlagen und das komplette Informationspaket aush\u00e4ndigt. Dazu z\u00e4hlen: * Voucher (Gutscheine) f\u00fcr jedes Hotel und jeden gebuchten Service * detaillierter Reiseablauf mit den letzten, aktuellen Informationen und genauem Zeitplan * Flugtickets f\u00fcr die innerchilenischen Fl\u00fcge (sofern \u00fcber uns gebucht), unsere * 24-Stunden-Service Telefonnummern, * City Infos (Tipps zu Sehensw\u00fcrdigkeiten und Freizeitgestaltung) und, je nach Reiseverlauf, ggf eine * Landkarte von Chile und eine * Chile Informationsbrosch\u00fcre.<\/p>\n<\/div><!--.qa-faq-answer-->\n\t\t\t\t<\/div><!--.qa-faq-->\n\t\t\t<div id=\"qa-faq1\" class=\"qa-faq\">\n\t\t\t<h3 class=\"qa-faq-title\"><a class=\"qa-faq-anchor\" href=\"https:\/\/www.chile-reise.com\/de\/faqs\/was-ist-wenn-ich-stornieren-muss\/\">Was ist, wenn ich stornieren muss?<\/a><\/h3>\n\t\t\t<div class=\"qa-faq-answer\"><p>Ein R\u00fccktritt vom Reisevertrag muss schriftlich erkl\u00e4rt werden. Ma\u00dfgebend f\u00fcr den R\u00fccktrittszeitpunkt und f\u00fcr die H\u00f6he der R\u00fccktrittskosten ist der Eingang der R\u00fccktrittserkl\u00e4rung bei uns. F\u00fcr Sie als Kunden gelten folgende R\u00fccktrittskosten: Bis 46 Tage vor Reiseantritt wird Ihnen, bis auf eine Bearbeitungsgeb\u00fchr von 100 USD, der komplette Reisepreis zur\u00fcckerstattet. 45 bis 30 Tage vor Reiseantritt betragen die R\u00fccktrittskosten 30% des gesamten Reisepreises. 29 bis 15 Tage vor Reiseantritt betragen die R\u00fccktrittskosten 50% des gesamten Reisepreises. 14 Tage oder weniger vor Reiseantritt bzw. bei Nichtantritt der Reise betragen die R\u00fccktrittskosten 100% des gesamten Reisepreises. F\u00fcr Reiseprogramme in Patagonien gelten besondere R\u00fccktrittsbedingungen: Bis 61 Tage vor Reiseantritt wird Ihnen, bis auf eine Bearbeitungsgeb\u00fchr von 100 USD, der komplette Reisepreis zur\u00fcckerstattet. 60 bis 30 Tage vor Reiseantritt betragen die R\u00fccktrittskosten 30% des gesamten Reisepreises. 29 Tage oder weniger vor Reiseantritt bzw. bei Nichtantritt der Reise betragen die R\u00fccktrittskosten 100% des gesamten Reisepreises.<\/p>\n<\/div><!--.qa-faq-answer-->\n\t\t\t\t<\/div><!--.qa-faq-->\n\t\t\t<div id=\"qa-faq2\" class=\"qa-faq\">\n\t\t\t<h3 class=\"qa-faq-title\"><a class=\"qa-faq-anchor\" href=\"https:\/\/www.chile-reise.com\/de\/faqs\/werden-rueckerstattungen-gewaehrt\/\">Werden R\u00fcckerstattungen gew\u00e4hrt?<\/a><\/h3>\n\t\t\t<div class=\"qa-faq-answer\"><p>travelArt leistet keine R\u00fcckzahlungen f\u00fcr w\u00e4hrend der Reise nicht in Anspruch genommene Leistungen wie z.B. Hoteln\u00e4chte, Essen, Stadtrundfahrten, etc.<\/p>\n<\/div><!--.qa-faq-answer-->\n\t\t\t\t<\/div><!--.qa-faq-->\n\t\t\t<div id=\"qa-faq3\" class=\"qa-faq\">\n\t\t\t<h3 class=\"qa-faq-title\"><a class=\"qa-faq-anchor\" href=\"https:\/\/www.chile-reise.com\/de\/faqs\/haftungsbedingungen\/\">Haftungsbedingungen<\/a><\/h3>\n\t\t\t<div class=\"qa-faq-answer\"><p>Da wir bei den Reiseleistungen nur als Vermittler auftreten, was insbesondere f\u00fcr die Bef\u00f6rderung mit Bahn, Auto, Bus, Schiff oder Flugzeug und Hotelunterbringung etc. gilt, \u00fcbernehmen wir keinerlei Haftung. Allein der jeweilige Leistungserbringer selbst haftet dem Kunden gegen\u00fcber. travelArt \u00fcbernimmt auch keine Haftung f\u00fcr verloren gegangene Gegenst\u00e4nde. Es ist allein Sache des Kunden, die ihm angebotenen Reiseleistungen in Anspruch zu nehmen. Bei einer Nichtinanspruchnahme angebotener Reiseleistungen hat der Kunde keinen Anspruch darauf, dass ihm Reisekosten erstattet werden. Wir behalten uns das Recht vor, einzelne Reiseleistungen zu \u00e4ndern, soweit dies f\u00fcr den Kunden zumutbar ist (z.B. durch andere Hotels gleicher Kategorie oder durch geringf\u00fcgige Anpassungen der Reiseroute). Wir behalten uns au\u00dferdem das Recht vor, vor Reiseantritt vom Reisevertrag zur\u00fcckzutreten. In diesem Fall erh\u00e4lt der Kunde den vollen Reisepreis zur\u00fcck. F\u00fcr ungenutzte Services der Reise werden keine R\u00fcckerstattungen gew\u00e4hrt. Wir behalten uns das Recht vor, jeden als Kunden zu akzeptieren, abzulehnen oder von einer Reise auszuschlie\u00dfen. F\u00fcr das Gep\u00e4ck ist der Eigent\u00fcmer selbst verantwortlich. Die Entgegennahme und Ausgabe von Vouchern wird als Einverst\u00e4ndniserkl\u00e4rung zu den oben genannten Bedingungen erachtet.<\/p>\n<\/div><!--.qa-faq-answer-->\n\t\t\t\t<\/div><!--.qa-faq-->\n\t\t\t<div id=\"qa-faq4\" class=\"qa-faq\">\n\t\t\t<h3 class=\"qa-faq-title\"><a class=\"qa-faq-anchor\" href=\"https:\/\/www.chile-reise.com\/de\/faqs\/nuetzliche-pack-und-ausruestungsinformationen-fuer-chile-reisende\/\">N\u00fctzliche Pack- und Ausr\u00fcstungsinformationen f\u00fcr Chile-Reisende<\/a><\/h3>\n\t\t\t<div class=\"qa-faq-answer\"><p><strong>Anforderungsprofil an den Reisegast:<\/strong> Wir w\u00fcnschen uns den flexiblen Reisegast mit einer gewissen Portion Abenteuerlust und Pioniergeist,  denn Chile ist aufgrund seiner geografischen Struktur ein sehr besonderes Land! Die Entfernung zwischen Nordchile und Patagonien entspricht der zwischen Spanien und Norwegen &#8211; mit den entsprechenden Klimaunterschieden. Je nach Ihren Reisestationen und -monaten in Chile erwarten Sie Temperaturen zwischen 10\u00b0  und 35\u00b0 C. In den chilenischen Wintermonaten zwischen Mai und August kann es in S\u00fcdchile auch unter 0\u00b0 C kalt werden. In S\u00fcdpatagonien k\u00f6nnen zum Teil starke Winde auftreten. Sind Wanderungen in Ihrem Programm vorgesehen, sind diese in der Regel einfach zu bew\u00e4ltigen und individuell einteilbar. In Patagonien und in Nordchile werden zum gro\u00dfen Teil Schotterpisten befahren.<\/p>\n<p>Die nachfolgende Grundausr\u00fcstung ist eine Anregung wobei jeder Gast individuelle Gewohnheiten und Bed\u00fcrfnisse hat:<\/p>\n<p><strong>Kleidung<\/strong><\/p>\n<ul>\n<li>Kopfbedeckung (z.B. Kappe, Schirmm\u00fctze)<\/li>\n<li>leichter Fleece-Pullover<\/li>\n<li>Fleece-Jacke mit Rei\u00dfverschluss<\/li>\n<li>Regenjacke (ideal GoreTex)<\/li>\n<li>Hemd\/Bluse<\/li>\n<li>T-Shirt<\/li>\n<li>Trekking-Hose lang<\/li>\n<li>Trekking-Hose, Zip-Off (Hosenbeine k\u00f6nnen mit Rei\u00dfverschluss abgetrennt werden)<\/li>\n<li>leichte Sommerhose (etwas weniger outdoorm\u00e4\u00dfig, f\u00fcr die Stadt)<\/li>\n<li>Shorts oder kurze Sporthose (eher f\u00fcr Nordchile empfohlen)<\/li>\n<li>Badehose\/Badeanzug\/Bikini<\/li>\n<li>Trekkingsocken<\/li>\n<li>leichte Handschuhe, Stirnband (f\u00fcr S\u00fcdchile empfohlen)<\/li>\n<\/ul>\n<p><strong>Schuhe<\/strong><\/p>\n<ul>\n<li>leichte Wanderschuhe mit GoreTex<\/li>\n<li>Trekkingsandalen (z.B. Teva, eher f\u00fcr Nordchile empfohlen)<\/li>\n<\/ul>\n<p><strong>Waschzeug<\/strong><\/p>\n<p>Hier gibt es sehr individuelle Anforderungen. In Chile gibt es auch in jeder kleineren Stadt recht gut sortierte Apotheken die alle Hygiene-Artikel f\u00fchren. F\u00fcr wichtig erachten wir:<\/p>\n<ul>\n<li>Sonnenmilch mit hohem LF<\/li>\n<li>Lippenschutzcreme<\/li>\n<li>f\u00fcr Kontaktlinsentr\u00e4ger: Linsenbeh\u00e4lter, Kontaktlinsen, ggf. Pflegemittel<\/li>\n<li>Ersatzbrille<\/li>\n<\/ul>\n<p><strong>F\u00fcr die Nacht<\/strong><\/p>\n<ul>\n<li>leichtes Reisekissen (das auch auf l\u00e4ngeren Busfahrten dann als Sitz- oder R\u00fcckenunterlage genommen werden kann)<\/li>\n<li>Ohrenst\u00f6psel, z.B. Hansaplast L\u00e4rmstopp<\/li>\n<li>Schlafbrille (In der Regel wird diese kostenlos von den Fluggesellschaften beim Hinflug nach Santiago ausgeteilt. Wir empfehlen diese f\u00fcr die weitere Reise mitzunehmen.)<\/li>\n<\/ul>\n<p><strong>Geld + Papiere<\/strong><\/p>\n<ul>\n<li>Reisepass<\/li>\n<li>Impfausweis<\/li>\n<li>F\u00fchrerschein (nur f\u00fcr Mietwagenreisen, hier an den internationalen F\u00fchrerschein denken)<\/li>\n<li>Kreditkarten (die in Chile fast \u00fcberall akzeptiert werden)<\/li>\n<li>Bargeld (Euro wird in allen gr\u00f6\u00dferen Hotels und Wechselstuben akzeptiert, der US$ ist noch weiter verbreitet)<\/li>\n<li>Adressenliste<\/li>\n<li>Kopien aller Dokumente + Informationen f\u00fcr den Notfall (wasserdicht verpackt, z.B. in ZipLoc-Gefrierbeutel, m\u00f6glichst eine Kopie in jedem Gep\u00e4ckst\u00fcck)\n<ul>\n<li>Reisepass, Flug- und andere Tickets\/Voucher, F\u00fchrerschein<\/li>\n<li>Name, Anschrift, Nationalit\u00e4t<\/li>\n<li>Blutgruppe, Allergien, Krankheiten<\/li>\n<li>Kontaktperson zu Hause<\/li>\n<li>Infos zum Sperren der Kreditkarten (Notfall-Telefonnummern, Kartennummern)<\/li>\n<li>Infos zu Versicherungen (Notfall-Telefonnummern, Bezeichnung der Tarife, Versicherungsnummern<\/li>\n<\/ul>\n<\/li>\n<\/ul>\n<p><strong>Werkzeug<\/strong><\/p>\n<ul>\n<li>N\u00e4hzeug<\/li>\n<li>Leukoplast<\/li>\n<li>Sicherheitsnadeln<\/li>\n<li>Taschenmesser (Bei Fl\u00fcgen bitte nicht ins Handgep\u00e4ck sondern in den Koffer packen!)<\/li>\n<\/ul>\n<p><strong>Technik<\/strong><\/p>\n<ul>\n<li>Ersatzakkus<\/li>\n<li>Ladeger\u00e4t<\/li>\n<li>Steckeradapter sind in der Regel nicht notwendig sofern Ihre Ger\u00e4te Flachstecker haben, k\u00f6nnen jedoch bei Bedarf vor Ort erworben werden<\/li>\n<li>Kleines Fernglas (optional)<\/li>\n<li>Nummern\/Kombinations-Schloss f\u00fcr Tagesrucksack oder Koffer<\/li>\n<li>Ersatz-Speicherkarte f\u00fcr die Digitalkamera (Sie werden viele Fotos machen!)<\/li>\n<\/ul>\n<p><strong>Dies + Das<\/strong><\/p>\n<ul>\n<li>Sonnenbrille<\/li>\n<li>Taschenlampe<\/li>\n<li>Feuerzeug<\/li>\n<li>Wanderst\u00f6cke je nach pers\u00f6nlicher Vorliebe und Reiseart<\/li>\n<\/ul>\n<p><strong>Beh\u00e4lter<\/strong><\/p>\n<ul>\n<li>Brustbeutel o.\u00c4. f\u00fcr wichtige Dokumente und Geld (vor allem in Santiago zu empfehlen)<\/li>\n<li>Kleiner Tagesrucksack (falls f\u00fcr Wanderungen geplant dann mit Regenh\u00fclle)<\/li>\n<li>Kofferband (vermeidet, dass Koffer beim Transport aufspringen)<\/li>\n<li>Gro\u00dfe Reisetasche (sog. Duffle-Bag) f\u00fcr \u00dcberlandreisen wo starre Koffer das Verladen im Fahrzeug erschweren<\/li>\n<\/ul>\n<\/div><!--.qa-faq-answer-->\n\t\t\t\t<\/div><!--.qa-faq-->\n\t\t\t<div id=\"qa-faq5\" class=\"qa-faq\">\n\t\t\t<h3 class=\"qa-faq-title\"><a class=\"qa-faq-anchor\" href=\"https:\/\/www.chile-reise.com\/de\/faqs\/kann-man-in-chile-ganzjaehrig-reisen\/\">Kann man in Chile ganzj\u00e4hrig reisen?<\/a><\/h3>\n\t\t\t<div class=\"qa-faq-answer\"><p>Ja! Santiago und Umgebung, sowie die Strandressorts haben ein sehr angenehmes mediterranes Klima. In den chilenischen Wintermonaten ist es in diesen Gebieten recht mild, die Anden jedoch sind dann schneebedeckt und ein Paradies f\u00fcr Skifahrer! Auf der Osterinsel ist es das ganze Jahr \u00fcber angenehm warm (21\u00baC Jahresmitteltemperatur). Es gibt keine stark ausgepr\u00e4gten Jahreszeiten \u2013 die Insel ist das ganze Jahr ein besonderes Reiseerlebnis. Nordchile ist sehr sonnenverw\u00f6hnt, so da\u00df Sie auch hierhin ganzj\u00e4hrig reisen k\u00f6nnen. Die nordchilenische Stadt Arica wird wegen ihres angenehmen Klimas \u201eStadt des ewigen Fr\u00fchlings\u201c genannt. In der Atacamaw\u00fcste werden Sie stets warme Tage und kalte N\u00e4chte erleben. Im S\u00fcden Chiles beginnt der Sommer im Oktober und endet im April. Auch September und Mai sind fantastische Reisemonate f\u00fcr Patagonien und das chilenische Seengebiet mit einer faszinierenden Bl\u00fctenpracht im Fr\u00fchling und rotgef\u00e4rbten S\u00fcdbuchen im Herbst. Man muss dazu sagen, dass man in S\u00fcdchile alle vier Jahreszeiten an einem Tag erleben kann\u2026 die Patagonier sagen: \u201eWenn Dir das Wetter nicht gef\u00e4llt, warte einfach eine halbe Stunde.\u201c<\/p>\n<\/div><!--.qa-faq-answer-->\n\t\t\t\t<\/div><!--.qa-faq-->\n\t\t\t<div id=\"qa-faq6\" class=\"qa-faq\">\n\t\t\t<h3 class=\"qa-faq-title\"><a class=\"qa-faq-anchor\" href=\"https:\/\/www.chile-reise.com\/de\/faqs\/benoetige-ich-ein-visum\/\">Ben\u00f6tige ich ein Visum?<\/a><\/h3>\n\t\t\t<div class=\"qa-faq-answer\"><p>Sie brauchen kein Visum, wenn Sie aus Westeuropa, Nordamerika, S\u00fcdamerika (Ausnahme: Bolivien), Australien, Neuseeland oder Japan stammen. Bei allen anderen L\u00e4ndern bitten wir Sie, die chilenische Botschaft zu konsultieren. In JEDEM Fall ben\u00f6tigen Sie jedoch einen Reisepass, der bei Einreise noch mindestens 6 Monate g\u00fcltig ist, um nach Chile einzureisen. B\u00fcrger der folgenden L\u00e4nder m\u00fcssen beim chilenischen Zoll eine Geb\u00fchr zahlen: Kanada (USD 132), Australien (USD 117), Mexico (23), Albanien (30) (Stand 01\/2014). Die Visabestimmungen k\u00f6nnen sich jederzeit \u00e4ndern. Jeder Reisende ist f\u00fcr die Kl\u00e4rung seiner Einreiseformalit\u00e4ten selbst verantwortlich. Falls Sie sich nicht sicher sind, empfehlen wir Ihnen, die chilenische Botschaft in Ihrem Land anzurufen oder aufzusuchen.<\/p>\n<\/div><!--.qa-faq-answer-->\n\t\t\t\t<\/div><!--.qa-faq-->\n\t\t\t<div id=\"qa-faq7\" class=\"qa-faq\">\n\t\t\t<h3 class=\"qa-faq-title\"><a class=\"qa-faq-anchor\" href=\"https:\/\/www.chile-reise.com\/de\/faqs\/wie-buche-ich-bei-travelart\/\">Wie buche ich bei travelArt?<\/a><\/h3>\n\t\t\t<div class=\"qa-faq-answer\"><p>In unserem Kontaktformular beschreiben Sie Ihre W\u00fcnsche und wir unterbreiten Ihnen ein detailliertes Angebot. Hier k\u00f6nnen Sie uns ebenfalls Ihre Wunschpakete mitteilen (Reisebaustein, Kreuzfahrt, Hotels, Aktivreisen) und wir senden Ihnen umgehend weitere Informationen und Preise zu. Wenn Sie lieber in einer kleinen Gruppe reisen, sind unsere Gruppenreisen zu festen Terminen das Richtige f\u00fcr Sie. H\u00e4ufig gehen Dutzende von E-mails zwischen unseren Kunden und uns hin und her, bis der optimale Reiseverlauf mit Hotels und allen Einzelheiten feststeht. Erst, wenn Sie endg\u00fcltig mit unserem Angebot zufrieden sind, werden wir alle Leistungen f\u00fcr Sie reservieren. Bedenken Sie bitte, das diese Vorarbeit f\u00fcr uns sehr zeitintensiv ist. Wir bieten Ihnen ein erstes Angebot kostenfrei an. Wenn Sie dann der Ansicht sind, das wir der richtige Partner f\u00fcr Sie sind, stellen wir f\u00fcr die weitere Ausarbeitung\/\u00c4nderung unserer Vorschl\u00e4ge einmal pauschal 50 Euro in Rechnung, die bei Buchung komplett verrechnet werden.<\/p>\n<\/div><!--.qa-faq-answer-->\n\t\t\t\t<\/div><!--.qa-faq-->\n\t\t\t<div id=\"qa-faq8\" class=\"qa-faq\">\n\t\t\t<h3 class=\"qa-faq-title\"><a class=\"qa-faq-anchor\" href=\"https:\/\/www.chile-reise.com\/de\/faqs\/kann-ich-bei-travelart-einzelne-ausfluge-oder-transfers-buchen\/\">Kann ich bei travelArt einzelne Ausfl\u00fcge oder Transfers buchen?<\/a><\/h3>\n\t\t\t<div class=\"qa-faq-answer\"><p>Wir sind auf die Organisation von hochwertigen Reisen spezialisiert und bieten keine einzelnen Ausfl\u00fcge oder Transfers an. Die Ausfl\u00fcge unter \u201eReisebausteine\u201c k\u00f6nnen nur zusammen mit anderen Leistungen gebucht werden.<\/p>\n<\/div><!--.qa-faq-answer-->\n\t\t\t\t<\/div><!--.qa-faq-->\n\t\t\t<div id=\"qa-faq9\" class=\"qa-faq\">\n\t\t\t<h3 class=\"qa-faq-title\"><a class=\"qa-faq-anchor\" href=\"https:\/\/www.chile-reise.com\/de\/faqs\/wie-buche-ich-meine-fluege\/\">Wie buche ich meine Fl\u00fcge?<\/a><\/h3>\n\t\t\t<div class=\"qa-faq-answer\"><p>Gerne reservieren und buchen wir Ihre Fl\u00fcge innerhalb von Chile. Den internationalen Flug nach Santiago de Chile buchen Sie bitte von Ihrem Heimatland aus.<\/p>\n<\/div><!--.qa-faq-answer-->\n\t\t\t\t<\/div><!--.qa-faq-->\n\t\t\t<div id=\"qa-faq10\" class=\"qa-faq\">\n\t\t\t<h3 class=\"qa-faq-title\"><a class=\"qa-faq-anchor\" href=\"https:\/\/www.chile-reise.com\/de\/faqs\/wie-kann-ich-bezahlen\/\">Wie kann ich bezahlen?<\/a><\/h3>\n\t\t\t<div class=\"qa-faq-answer\"><p>Sobald Sie unsere Buchungsbest\u00e4tigung erhalten, bitten wir Sie, eine Anzahlung von USD 100 zu leisten. Wir akzeptieren folgende Kreditkarten: VISA, MasterCard, Diners Club und American Express. Ebenso akzeptieren wir Geld\u00fcberweisungen. Die vollst\u00e4ndige Zahlung muss sp\u00e4testens 60 Tage vor dem Reisetermin erfolgt sein (Zahlungseingang). Alle Preise werden in US Dollar angegeben und Preis\u00e4nderungen sind vorbehalten. Bei kurzfristigen Buchungen, d.h., wenn zwischen Buchungsdatum und Reisetermin weniger als 60 Tage liegen, ist der Reisepreis in voller H\u00f6he nach Eingang unserer Best\u00e4tigung zu zahlen.<\/p>\n<\/div><!--.qa-faq-answer-->\n\t\t\t\t<\/div><!--.qa-faq-->\n\t\t\t<\/div><!--.qa-category-->\n\t\t<\/div><!--.qa-faqs --><\/p>","protected":false},"excerpt":{"rendered":"<p>Sobald Sie unsere Buchungsbest\u00e4tigung erhalten, bitten wir Sie, eine Anzahlung von USD 100 zu leisten. Wir akzeptieren folgende Kreditkarten: VISA, MasterCard, Diners Club und American Express. Ebenso akzeptieren wir Geld\u00fcberweisungen. Die vollst\u00e4ndige Zahlung muss sp\u00e4testens 60 Tage vor dem Reisetermin &#8230;<\/p>\n","protected":false},"author":16,"featured_media":0,"parent":0,"menu_order":0,"comment_status":"open","ping_status":"open","template":"","meta":{"slim_seo":{"title":"Wie kann ich bezahlen? How can payment be made? - travelArt","description":"Sobald Sie unsere Buchungsbest\u00e4tigung erhalten, bitten wir Sie, eine Anzahlung von USD 100 zu leisten. Wir akzeptieren folgende Kreditkarten: VISA, MasterCard,"},"footnotes":""},"class_list":["post-55","page","type-page","status-publish","hentry"],"_links":{"self":[{"href":"https:\/\/www.chile-reise.com\/de\/wp-json\/wp\/v2\/pages\/55","targetHints":{"allow":["GET"]}}],"collection":[{"href":"https:\/\/www.chile-reise.com\/de\/wp-json\/wp\/v2\/pages"}],"about":[{"href":"https:\/\/www.chile-reise.com\/de\/wp-json\/wp\/v2\/types\/page"}],"author":[{"embeddable":true,"href":"https:\/\/www.chile-reise.com\/de\/wp-json\/wp\/v2\/users\/16"}],"replies":[{"embeddable":true,"href":"https:\/\/www.chile-reise.com\/de\/wp-json\/wp\/v2\/comments?post=55"}],"version-history":[{"count":0,"href":"https:\/\/www.chile-reise.com\/de\/wp-json\/wp\/v2\/pages\/55\/revisions"}],"wp:attachment":[{"href":"https:\/\/www.chile-reise.com\/de\/wp-json\/wp\/v2\/media?parent=55"}],"curies":[{"name":"wp","href":"https:\/\/api.w.org\/{rel}","templated":true}]}}