{"id":5494,"date":"2014-10-15T22:39:41","date_gmt":"2014-10-15T20:39:41","guid":{"rendered":"http:\/\/www.chile-reise.com\/?page_id=5494"},"modified":"2014-12-05T19:05:44","modified_gmt":"2014-12-05T17:05:44","slug":"history-and-legends-chiloe","status":"publish","type":"page","link":"https:\/\/www.chile-reise.com\/de\/packages-daytrips\/seengebiet\/history-and-legends-chiloe\/","title":{"rendered":"Geschichte und Geschichten Chilo\u00e9s"},"content":{"rendered":"<p>\r\n        <style type='text\/css'>\r\n            #gallery-1 {\r\n                margin: auto;\r\n            }\r\n            #gallery-1 .gallery-item {\r\n                float: left;\r\n                margin-top: 10px;\r\n                text-align: center;\r\n                width: 33%;           }\r\n            #gallery-1 img {\r\n                border: 2px solid #cfcfcf;\r\n            }\r\n            #gallery-1 .gallery-caption {\r\n                margin-left: 0;\r\n            }\r\n        <\/style>\r\n        <!-- see gallery_shortcode() in wp-includes\/media.php -->\r\n        <div id='gallery-1' class='gallery-images gallery galleryid-5494'><dl class='gallery-item'>\r\n            <dt class='gallery-icon'>\r\n                <a href='https:\/\/www.chile-reise.com\/wp-content\/uploads\/Chilo\u00e9-from-the-sea.jpg'><img loading=\"lazy\" decoding=\"async\" width=\"240\" height=\"140\" src=\"https:\/\/www.chile-reise.com\/wp-content\/uploads\/Chilo\u00e9-from-the-sea-240x140.jpg\" class=\"attachment-thumbnail size-thumbnail\" alt=\"Chilo\u00e9 from the sea\" \/><\/a>\r\n            <\/dt>\r\n                <dd class='gallery-caption'>\r\n                Chilo\u00e9\r\n                <\/dd><\/dl><dl class='gallery-item'>\r\n            <dt class='gallery-icon'>\r\n                <a href='https:\/\/www.chile-reise.com\/wp-content\/uploads\/Curaco-de-Velez.jpg'><img loading=\"lazy\" decoding=\"async\" width=\"240\" height=\"140\" src=\"https:\/\/www.chile-reise.com\/wp-content\/uploads\/Curaco-de-Velez-240x140.jpg\" class=\"attachment-thumbnail size-thumbnail\" alt=\"Curaco de Velez\" \/><\/a>\r\n            <\/dt>\r\n                <dd class='gallery-caption'>\r\n                Curaco de Velez\r\n                <\/dd><\/dl><dl class='gallery-item'>\r\n            <dt class='gallery-icon'>\r\n                <a href='https:\/\/www.chile-reise.com\/wp-content\/uploads\/Dalcahue.jpg'><img loading=\"lazy\" decoding=\"async\" width=\"240\" height=\"140\" src=\"https:\/\/www.chile-reise.com\/wp-content\/uploads\/Dalcahue-240x140.jpg\" class=\"attachment-thumbnail size-thumbnail\" alt=\"Dalcahue\" \/><\/a>\r\n            <\/dt>\r\n                <dd class='gallery-caption'>\r\n                Ancud\r\n                <\/dd><\/dl><br style=\"clear: both\" \/><dl class='gallery-item'>\r\n            <dt class='gallery-icon'>\r\n                <a href='https:\/\/www.chile-reise.com\/wp-content\/uploads\/Puente-Almas_by-Tierra-Hoteles.jpg'><img loading=\"lazy\" decoding=\"async\" width=\"240\" height=\"140\" src=\"https:\/\/www.chile-reise.com\/wp-content\/uploads\/Puente-Almas_by-Tierra-Hoteles-240x140.jpg\" class=\"attachment-thumbnail size-thumbnail\" alt=\"Puente Almas by Tierra Hoteles\" \/><\/a>\r\n            <\/dt>\r\n                <dd class='gallery-caption'>\r\n                Puente de los Almas\r\n                <\/dd><\/dl><dl class='gallery-item'>\r\n            <dt class='gallery-icon'>\r\n                <a href='https:\/\/www.chile-reise.com\/wp-content\/uploads\/Chilo\u00e9-2_original.jpg'><img loading=\"lazy\" decoding=\"async\" width=\"240\" height=\"140\" src=\"https:\/\/www.chile-reise.com\/wp-content\/uploads\/Chilo\u00e9-2_original-240x140.jpg\" class=\"attachment-thumbnail size-thumbnail\" alt=\"Chilo\u00e9 2 original\" \/><\/a>\r\n            <\/dt>\r\n                <dd class='gallery-caption'>\r\n                Chilo\u00e9\r\n                <\/dd><\/dl><dl class='gallery-item'>\r\n            <dt class='gallery-icon'>\r\n                <a href='https:\/\/www.chile-reise.com\/wp-content\/uploads\/DSC02859.jpg'><img loading=\"lazy\" decoding=\"async\" width=\"240\" height=\"140\" src=\"https:\/\/www.chile-reise.com\/wp-content\/uploads\/DSC02859-240x140.jpg\" class=\"attachment-thumbnail size-thumbnail\" alt=\"DSC02859\" \/><\/a>\r\n            <\/dt>\r\n                <dd class='gallery-caption'>\r\n                Chilo\u00e9 Pacific Coast\r\n                <\/dd><\/dl><br style=\"clear: both\" \/>\r\n            <br style='clear: both;' \/>\r\n        <\/div>\n\n<div class=\"clear\"><\/div><div class=\"divider\"><\/div>\n<p>Chilo\u00e9 ist eine Insel voller Mythen, Legenden, Br\u00e4uchen und interessanten Menschen mit einem ganz eigenen Lebensrhytmus \u2013 Sie werden verzaubert sein!<\/p>\n<p>Die Kirchen von Chilo\u00e9 gelten als einer der gr\u00f6\u00dften Kultursch\u00e4tze des Landes und wurden im Jahr 2000 in das Weltkulturerbe der UNESCO aufgenommen. Die ersten der insgesamt 16 unter Schutz stehenden Kirchen wurden im 18. Jahrhundert von den Jesuiten mit Hilfe der kunstfertigen einheimischen Zimmerleute errichtet. Die Kirchen wurden komplett aus Holz und ohne einen einzigen Nagel gebaut.<\/p>\n<p><strong>Art der Reise:<\/strong> Kultur\/Natur<br \/>\n<strong>Dauer:<\/strong> 3 Tage<\/p>\n\n\t<script type=\"text\/javascript\">\tjQuery(document).ready(function($){\tjQuery(\"ul.tabs-nav\").tabs(\"> .pane\"); }); <\/script>\n\n\t\t<div class=\"post-tabs\">\n\t\t\n<ul class=\"tabs-nav\">\n<li>Tourverlauf<\/li>\n<li>Leistung<\/li>\n<li>Ausr\u00fcstung<\/li>\n<\/ul>\n\n\t\t<div class=\"pane\">\n\t\t\n<strong>Tag 1: Dalcahue und Isla Quinchao<\/strong><br \/>\nFlug nach Castro. Ihr deutschsprachiger Reiseleiter und Chilo\u00e9-Experte wird Sie am Flughafen empfangen. Nach dem Check-in im Hotel machen Sie sich auf eine Entdeckungstour in das Fischerdorf Dalcahue, mit seiner kleinen, sehr sch\u00f6nen Holzkirche. Dalcahue ist der Knotenpunkt f\u00fcr viele kleinere, vor der K\u00fcste liegende Inseln und Fischerd\u00f6rfer. Es gew\u00e4hrt einen Einblick in das traditionelle Leben auf Chilo\u00e9 mit seinen Schindelh\u00e4usern und den bunten Fischerbooten. Hier haben Sie auch etwas Zeit, den Handwerkermarkt zu besuchen. Anschlie\u00dfend setzen Sie mit einem Boot auf die Insel Quinchao mit ihren sch\u00f6nen Aussichtspunkten und Holzkirchen. Sie besichtigen zun\u00e4chst den Weiler Curaco de Velez mit seiner gut erhaltenen Holzkirche und dann das Dorf Anchao. Die Kirche von Achao ist die \u00e4lteste auf Chilo\u00e9 und wird h\u00e4ufig als die wertvollste Kirche des Landes bezeichnet. Teile der Kirche werden auf das Jahr 1740 datiert. Nach der Kirchenbesichtigung haben k\u00f6nnen sie das Dorf erkunden, bevor es zur\u00fcck nach Castro geht.<br \/>\n\u00dcbernachtung in Castro.<\/p>\n<p><strong>Tag 2: Cucao und Punta Pirulil<\/strong><br \/>\nVon Castro aus erkunden Sie heute die dem Pazifik zugewandte Seite der Insel. Die Wanderung startet in Cucao, einer offenen Bucht mit 20 km langem, wei\u00dfen Sandstrand, umgeben von bewaldeten H\u00fcgeln. An der K\u00fcste Entlang wandern Sie durch heimischen Wald in Richtung S\u00fcden und gewinnen dabei an H\u00f6he, bis Sie an einem Aussichtspunkt einen sch\u00f6nen Blick auf den Pazifik haben. Von dort aus geht die Wanderung weiter \u00fcber die H\u00fcgel bis zur mystischen und symboltr\u00e4chtigen \u201ePuente de las Almas\u201c (\u201eBr\u00fccke der Seelen\u201c). Man glaubt, dass von dieser Br\u00fccke aus die Seelen der Verstorbenen ihre Reise ins Jenseits antreten. An einem 70 Meter hohen Kliff legen Sie eine Picknick-Pause mit spektakul\u00e4rem Blick auf den Pazifik ein. Am Abend R\u00fcckkehr nach Castro.<br \/>\n\u00dcbernachtung in Castro.<\/p>\n<p><strong>Tag 3: Puerto Varas<\/strong><br \/>\nAbreise oder Anschlussprogramm Puerto Varas<\/p>\n\n\t\t<\/div>\n\t\n\n\t\t<div class=\"pane\">\n\t\t\n\u00dcbernachtung, Fr\u00fchst\u00fcck, genannte Exkursionen, Reiseleitung<br \/>\n\n\t\t<\/div>\n\t\n\n\t\t<div class=\"pane\">\n\t\t\nBitte denken Sie an Allwetterkleidung: feste Schuhe, Regen- und Sonnenschutz<br \/>\n\n\t\t<\/div>\n\t\n\n\t\t<\/div>\n\t<\/p>","protected":false},"excerpt":{"rendered":"<p>Chilo\u00e9 ist eine Insel voller Mythen, Legenden, Br\u00e4uchen und interessanten Menschen mit einem ganz eigenen Lebensrhytmus \u2013 Sie werden verzaubert sein! Die Kirchen von Chilo\u00e9 gelten als einer der gr\u00f6\u00dften Kultursch\u00e4tze des Landes und wurden im Jahr 2000 in das &#8230;<\/p>\n","protected":false},"author":3,"featured_media":0,"parent":101,"menu_order":0,"comment_status":"open","ping_status":"open","template":"","meta":{"slim_seo":{"title":"Geschichte und Geschichten Chilo\u00e9s History and Legends of Chilo\u00e9 - travelArt","description":"Chilo\u00e9 Curaco de Velez Ancud Puente de los Almas Chilo\u00e9 Chilo\u00e9 Pacific Coast Chilo\u00e9 ist eine Insel voller Mythen, Legenden, Br\u00e4uchen und interessanten Menschen"},"footnotes":""},"class_list":["post-5494","page","type-page","status-publish","hentry"],"_links":{"self":[{"href":"https:\/\/www.chile-reise.com\/de\/wp-json\/wp\/v2\/pages\/5494","targetHints":{"allow":["GET"]}}],"collection":[{"href":"https:\/\/www.chile-reise.com\/de\/wp-json\/wp\/v2\/pages"}],"about":[{"href":"https:\/\/www.chile-reise.com\/de\/wp-json\/wp\/v2\/types\/page"}],"author":[{"embeddable":true,"href":"https:\/\/www.chile-reise.com\/de\/wp-json\/wp\/v2\/users\/3"}],"replies":[{"embeddable":true,"href":"https:\/\/www.chile-reise.com\/de\/wp-json\/wp\/v2\/comments?post=5494"}],"version-history":[{"count":0,"href":"https:\/\/www.chile-reise.com\/de\/wp-json\/wp\/v2\/pages\/5494\/revisions"}],"up":[{"embeddable":true,"href":"https:\/\/www.chile-reise.com\/de\/wp-json\/wp\/v2\/pages\/101"}],"wp:attachment":[{"href":"https:\/\/www.chile-reise.com\/de\/wp-json\/wp\/v2\/media?parent=5494"}],"curies":[{"name":"wp","href":"https:\/\/api.w.org\/{rel}","templated":true}]}}