{"id":5470,"date":"2014-10-15T22:17:35","date_gmt":"2014-10-15T20:17:35","guid":{"rendered":"http:\/\/www.chile-reise.com\/?page_id=5470"},"modified":"2014-12-05T19:02:17","modified_gmt":"2014-12-05T17:02:17","slug":"chiloe-intensiv","status":"publish","type":"page","link":"https:\/\/www.chile-reise.com\/de\/packages-daytrips\/seengebiet\/chiloe-intensiv\/","title":{"rendered":"Chilo\u00e9 intensiv"},"content":{"rendered":"<p>\r\n        <style type='text\/css'>\r\n            #gallery-1 {\r\n                margin: auto;\r\n            }\r\n            #gallery-1 .gallery-item {\r\n                float: left;\r\n                margin-top: 10px;\r\n                text-align: center;\r\n                width: 33%;           }\r\n            #gallery-1 img {\r\n                border: 2px solid #cfcfcf;\r\n            }\r\n            #gallery-1 .gallery-caption {\r\n                margin-left: 0;\r\n            }\r\n        <\/style>\r\n        <!-- see gallery_shortcode() in wp-includes\/media.php -->\r\n        <div id='gallery-1' class='gallery-images gallery galleryid-5470'><dl class='gallery-item'>\r\n            <dt class='gallery-icon'>\r\n                <a href='https:\/\/www.chile-reise.com\/wp-content\/uploads\/Pinguine-Pu\u00f1ihuil.jpeg'><img loading=\"lazy\" decoding=\"async\" width=\"240\" height=\"140\" src=\"https:\/\/www.chile-reise.com\/wp-content\/uploads\/Pinguine-Pu\u00f1ihuil-240x140.jpeg\" class=\"attachment-thumbnail size-thumbnail\" alt=\"Pinguine Pu\u00f1ihuil\" \/><\/a>\r\n            <\/dt>\r\n                <dd class='gallery-caption'>\r\n                Penguins at Pu\u00f1ihuil\r\n                <\/dd><\/dl><dl class='gallery-item'>\r\n            <dt class='gallery-icon'>\r\n                <a href='https:\/\/www.chile-reise.com\/wp-content\/uploads\/Curaco-de-Velez.jpg'><img loading=\"lazy\" decoding=\"async\" width=\"240\" height=\"140\" src=\"https:\/\/www.chile-reise.com\/wp-content\/uploads\/Curaco-de-Velez-240x140.jpg\" class=\"attachment-thumbnail size-thumbnail\" alt=\"Curaco de Velez\" \/><\/a>\r\n            <\/dt>\r\n                <dd class='gallery-caption'>\r\n                Curaco de Velez\r\n                <\/dd><\/dl><dl class='gallery-item'>\r\n            <dt class='gallery-icon'>\r\n                <a href='https:\/\/www.chile-reise.com\/wp-content\/uploads\/Castro.jpg'><img loading=\"lazy\" decoding=\"async\" width=\"240\" height=\"140\" src=\"https:\/\/www.chile-reise.com\/wp-content\/uploads\/Castro-240x140.jpg\" class=\"attachment-thumbnail size-thumbnail\" alt=\"Castro\" \/><\/a>\r\n            <\/dt>\r\n                <dd class='gallery-caption'>\r\n                Castro\r\n                <\/dd><\/dl><br style=\"clear: both\" \/><dl class='gallery-item'>\r\n            <dt class='gallery-icon'>\r\n                <a href='https:\/\/www.chile-reise.com\/wp-content\/uploads\/Dalcahue.jpg'><img loading=\"lazy\" decoding=\"async\" width=\"240\" height=\"140\" src=\"https:\/\/www.chile-reise.com\/wp-content\/uploads\/Dalcahue-240x140.jpg\" class=\"attachment-thumbnail size-thumbnail\" alt=\"Dalcahue\" \/><\/a>\r\n            <\/dt>\r\n                <dd class='gallery-caption'>\r\n                Ancud\r\n                <\/dd><\/dl><dl class='gallery-item'>\r\n            <dt class='gallery-icon'>\r\n                <a href='https:\/\/www.chile-reise.com\/wp-content\/uploads\/Chilo\u00e9-2_original.jpg'><img loading=\"lazy\" decoding=\"async\" width=\"240\" height=\"140\" src=\"https:\/\/www.chile-reise.com\/wp-content\/uploads\/Chilo\u00e9-2_original-240x140.jpg\" class=\"attachment-thumbnail size-thumbnail\" alt=\"Chilo\u00e9 2 original\" \/><\/a>\r\n            <\/dt>\r\n                <dd class='gallery-caption'>\r\n                Chilo\u00e9\r\n                <\/dd><\/dl><dl class='gallery-item'>\r\n            <dt class='gallery-icon'>\r\n                <a href='https:\/\/www.chile-reise.com\/wp-content\/uploads\/Pu\u00f1ihuil-Beach1.jpg'><img loading=\"lazy\" decoding=\"async\" width=\"240\" height=\"140\" src=\"https:\/\/www.chile-reise.com\/wp-content\/uploads\/Pu\u00f1ihuil-Beach1-240x140.jpg\" class=\"attachment-thumbnail size-thumbnail\" alt=\"Pu\u00f1ihuil Beach\" \/><\/a>\r\n            <\/dt>\r\n                <dd class='gallery-caption'>\r\n                Playa Pu\u00f1ihuil\r\n                <\/dd><\/dl><br style=\"clear: both\" \/>\r\n            <br style='clear: both;' \/>\r\n        <\/div>\n\n<div class=\"clear\"><\/div><div class=\"divider\"><\/div>\n<p>Chilo\u00e9 ist eine Insel voller Mythen, Legenden, Br\u00e4uchen und interessanten Menschen mit einem ganz eigenen Lebensrhytmus \u2013 Sie werden verzaubert sein!<\/p>\n<p>Die Kirchen von Chilo\u00e9 gelten als einer der gr\u00f6\u00dften Kultursch\u00e4tze des Landes und wurden im Jahr 2000 in das Weltkulturerbe der UNESCO aufgenommen. Die ersten der insgesamt 16 unter Schutz stehenden Kirchen wurden im 18. Jahrhundert von den Jesuiten mit Hilfe der kunstfertigen einheimischen Zimmerleute errichtet. Die Kirchen wurden komplett aus Holz und ohne einen einzigen Nagel gebaut. <\/p>\n<p><strong>Art der Reise:<\/strong> Kultur \/ Natur<br \/>\n<strong>Dauer:<\/strong> 4 Tage<\/p>\n\n\t<script type=\"text\/javascript\">\tjQuery(document).ready(function($){\tjQuery(\"ul.tabs-nav\").tabs(\"> .pane\"); }); <\/script>\n\n\t\t<div class=\"post-tabs\">\n\t\t\n<ul class=\"tabs-nav\">\n<li>Tourverlauf<\/li>\n<li>Leistung<\/li>\n<li>Ausr\u00fcstung<\/li>\n<\/ul>\n\n\t\t<div class=\"pane\">\n\t\t\n<strong>Tag 1: Dalcahue und Isla Quinchao<\/strong><br \/>\nFlug nach Castro. Ihr deutschsprachiger Reiseleiter und Chilo\u00e9-Experte wird Sie am Flughafen empfangen. Nach dem Check-in  im Hotel machen Sie sich auf eine Entdeckungstour in das Fischerdorf Dalcahue, mit seiner kleinen, sehr sch\u00f6nen Holzkirche. Dalcahue ist der Knotenpunkt f\u00fcr viele kleinere, vor der K\u00fcste liegende Inseln und Fischerd\u00f6rfer. Es gew\u00e4hrt einen Einblick in das traditionelle Leben auf Chilo\u00e9 mit seinen Schindelh\u00e4usern und den bunten Fischerbooten. Hier haben Sie auch etwas Zeit, den Handwerkermarkt zu besuchen. Anschlie\u00dfend setzen Sie mit einem Boot auf die Insel Quinchao mit ihren sch\u00f6nen Aussichtspunkten und Holzkirchen.  Sie besichtigen zun\u00e4chst den Weiler Curaco de Velez mit seiner gut erhaltenen Holzkirche und dann das Dorf Anchao. Die Kirche von Achao ist die \u00e4lteste auf Chilo\u00e9 und wird h\u00e4ufig als die wertvollste Kirche des Landes bezeichnet. Teile der Kirche werden auf das Jahr 1740 datiert. Nach der Kirchenbesichtigung haben k\u00f6nnen Sie das Dorf erkunden, bevor es zur\u00fcck nach Castro geht.<br \/>\n\u00dcbernachtung in Castro.<\/p>\n<p><strong>Tag 2: Castro und die Pinguinkolonie Pu\u00f1ihuil<\/strong><br \/>\nSie beginnen den Tag mit einer Stadtrundfahrt durch die Inselhauptstadt Castro. Sie besichtigen die San Francisco-Kirche, deren farbenfrohe Fassade sich am Hauptplatz der Stadt erhebt. Achten Sie auf die feinen Holzschnitzarbeiten und die Verkleidung mit Alerce-Holz im Innenraum. Am Hafen besuchen Sie den gr\u00f6\u00dften Kunsthandwerkermarkt der Insel. Castro ist f\u00fcr seine \u201ePalafitos\u201c bekannt, H\u00e4user, die auf Pf\u00e4hlen \u00fcber dem Wasser gebaut sind. Es gibt verschiedene Erkl\u00e4rungen f\u00fcr diese Tradition, doch die Einleuchtendste ist vielleicht die einfache Tatsache, dass fr\u00fche Siedler versuchten, Steuern zu sparen, denn der Meeresgrund geh\u00f6rte ja bekanntlich jedermann. In Castro haben Sieauch die m\u00f6glichkeit, eine Handwerker-Kooperative zu besuchen.<br \/>\nDanach geht es in den Norden der Insel, nach Ancud. Auf dem Weg dorthin besteht die M\u00f6glichkeit, zum Mittagessen ein echtes \u201eCuranto\u201c zu probieren, ein lokaltypiches Gericht aus Fleisch, Kartoffeln, Kohn und Meeresfr\u00fcchten, das geschichtet in einem Erdofen gegart wird. Zum Abschluss des Tages zeigen wir Ihnen die Pinguinkolonie von Pu\u00f1ihuil, eine der wenigen Pinguinkolonien, wo Magellan- und Humboldt-Pinguine zusammen leben. Wenn das Wetter es zul\u00e4sst, fahren Sie mit einem kleinen Boot zu den Felsen hinaus, auf denen die Pinguine w\u00e4hrend der Brutzeit nisten.<br \/>\n\u00dcbernachtung in Ancud<br \/>\n<strong><br \/>\nTag 3: Ancud und Caul\u00edn<\/strong><br \/>\nHeute besuchen Sie die Stiftung der \u201eFreunde der Kirchen Chilo\u00e9s\u201c. In dem faszinierenden Museum der Stiftung  lernen Sie alles \u00fcber die einzigartige Architektur der chilotischen Kirchen und die Geschichten dahinter. Weiter geht es in die Bucht Caul\u00edn, wo Sie Schwarzhalsschw\u00e4ne und andere V\u00f6gel beobachten k\u00f6nnen.<br \/>\nFahrt nach Puerto Varas und \u00dcbernachtung<\/p>\n<p><strong>Tag 4: Puerto Varas<\/strong><br \/>\nAbreise oder Anschlussprogramm Puerto Varas<\/p>\n\n\t\t<\/div>\n\t\n\n\t\t<div class=\"pane\">\n\t\t\n\u00dcbernachtung, Fr\u00fchst\u00fcck, genannte Exkursionen, Reiseleitung<br \/>\n\n\t\t<\/div>\n\t\n\n\t\t<div class=\"pane\">\n\t\t\nBitte denken Sie an Allwetterkleidung: feste Schuhe, Regen- und Sonnenschutz<br \/>\n\n\t\t<\/div>\n\t\n\n\t\t<\/div>\n\t<\/p>","protected":false},"excerpt":{"rendered":"<p>Chilo\u00e9 ist eine Insel voller Mythen, Legenden, Br\u00e4uchen und interessanten Menschen mit einem ganz eigenen Lebensrhytmus \u2013 Sie werden verzaubert sein! Die Kirchen von Chilo\u00e9 gelten als einer der gr\u00f6\u00dften Kultursch\u00e4tze des Landes und wurden im Jahr 2000 in das &#8230;<\/p>\n","protected":false},"author":3,"featured_media":0,"parent":101,"menu_order":0,"comment_status":"open","ping_status":"open","template":"","meta":{"slim_seo":{"title":"Chilo\u00e9 intensiv Chilo\u00e9 - Intensive Tour - travelArt","description":"Penguins at Pu\u00f1ihuil Curaco de Velez Castro Ancud Chilo\u00e9 Playa Pu\u00f1ihuil Chilo\u00e9 ist eine Insel voller Mythen, Legenden, Br\u00e4uchen und interessanten Menschen mit e"},"footnotes":""},"class_list":["post-5470","page","type-page","status-publish","hentry"],"_links":{"self":[{"href":"https:\/\/www.chile-reise.com\/de\/wp-json\/wp\/v2\/pages\/5470","targetHints":{"allow":["GET"]}}],"collection":[{"href":"https:\/\/www.chile-reise.com\/de\/wp-json\/wp\/v2\/pages"}],"about":[{"href":"https:\/\/www.chile-reise.com\/de\/wp-json\/wp\/v2\/types\/page"}],"author":[{"embeddable":true,"href":"https:\/\/www.chile-reise.com\/de\/wp-json\/wp\/v2\/users\/3"}],"replies":[{"embeddable":true,"href":"https:\/\/www.chile-reise.com\/de\/wp-json\/wp\/v2\/comments?post=5470"}],"version-history":[{"count":0,"href":"https:\/\/www.chile-reise.com\/de\/wp-json\/wp\/v2\/pages\/5470\/revisions"}],"up":[{"embeddable":true,"href":"https:\/\/www.chile-reise.com\/de\/wp-json\/wp\/v2\/pages\/101"}],"wp:attachment":[{"href":"https:\/\/www.chile-reise.com\/de\/wp-json\/wp\/v2\/media?parent=5470"}],"curies":[{"name":"wp","href":"https:\/\/api.w.org\/{rel}","templated":true}]}}