{"id":5317,"date":"2014-09-05T23:32:34","date_gmt":"2014-09-05T21:32:34","guid":{"rendered":"http:\/\/www.chile-reise.com\/?page_id=5317"},"modified":"2014-10-16T14:57:08","modified_gmt":"2014-10-16T12:57:08","slug":"die-wilde-schoenheit-von-aysen","status":"publish","type":"page","link":"https:\/\/www.chile-reise.com\/de\/packages-daytrips\/carretera-austral\/die-wilde-schoenheit-von-aysen\/","title":{"rendered":"Die wilde Sch\u00f6nheit von Ays\u00e9n"},"content":{"rendered":"<p>\r\n        <style type='text\/css'>\r\n            #gallery-1 {\r\n                margin: auto;\r\n            }\r\n            #gallery-1 .gallery-item {\r\n                float: left;\r\n                margin-top: 10px;\r\n                text-align: center;\r\n                width: 33%;           }\r\n            #gallery-1 img {\r\n                border: 2px solid #cfcfcf;\r\n            }\r\n            #gallery-1 .gallery-caption {\r\n                margin-left: 0;\r\n            }\r\n        <\/style>\r\n        <!-- see gallery_shortcode() in wp-includes\/media.php -->\r\n        <div id='gallery-1' class='gallery-images gallery galleryid-5317'><dl class='gallery-item'>\r\n            <dt class='gallery-icon'>\r\n                <a href='https:\/\/www.chile-reise.com\/wp-content\/uploads\/Loberias.jpg'><img loading=\"lazy\" decoding=\"async\" width=\"240\" height=\"140\" src=\"https:\/\/www.chile-reise.com\/wp-content\/uploads\/Loberias-240x140.jpg\" class=\"attachment-thumbnail size-thumbnail\" alt=\"Loberias\" \/><\/a>\r\n            <\/dt>\r\n                <dd class='gallery-caption'>\r\n                Hotel Lober\u00edas del Sur\r\n                <\/dd><\/dl><dl class='gallery-item'>\r\n            <dt class='gallery-icon'>\r\n                <a href='https:\/\/www.chile-reise.com\/wp-content\/uploads\/Lag-San-Raf-1.jpg'><img loading=\"lazy\" decoding=\"async\" width=\"240\" height=\"140\" src=\"https:\/\/www.chile-reise.com\/wp-content\/uploads\/Lag-San-Raf-1-240x140.jpg\" class=\"attachment-thumbnail size-thumbnail\" alt=\"Lag San Raf\" \/><\/a>\r\n            <\/dt>\r\n                <dd class='gallery-caption'>\r\n                Laguna San Rafael\r\n                <\/dd><\/dl><dl class='gallery-item'>\r\n            <dt class='gallery-icon'>\r\n                <a href='https:\/\/www.chile-reise.com\/wp-content\/uploads\/Lag-San-Raf-2.jpg'><img loading=\"lazy\" decoding=\"async\" width=\"240\" height=\"140\" src=\"https:\/\/www.chile-reise.com\/wp-content\/uploads\/Lag-San-Raf-2-240x140.jpg\" class=\"attachment-thumbnail size-thumbnail\" alt=\"Lag San Raf\" \/><\/a>\r\n            <\/dt>\r\n                <dd class='gallery-caption'>\r\n                Laguna San Rafael\r\n                <\/dd><\/dl><br style=\"clear: both\" \/><dl class='gallery-item'>\r\n            <dt class='gallery-icon'>\r\n                <a href='https:\/\/www.chile-reise.com\/wp-content\/uploads\/Lag-San-Raf-3.jpg'><img loading=\"lazy\" decoding=\"async\" width=\"240\" height=\"140\" src=\"https:\/\/www.chile-reise.com\/wp-content\/uploads\/Lag-San-Raf-3-240x140.jpg\" class=\"attachment-thumbnail size-thumbnail\" alt=\"Lag San Raf\" \/><\/a>\r\n            <\/dt>\r\n                <dd class='gallery-caption'>\r\n                Catamaran at Laguna San Rafael\r\n                <\/dd><\/dl><dl class='gallery-item'>\r\n            <dt class='gallery-icon'>\r\n                <a href='https:\/\/www.chile-reise.com\/wp-content\/uploads\/Aiken-2.jpg'><img loading=\"lazy\" decoding=\"async\" width=\"240\" height=\"140\" src=\"https:\/\/www.chile-reise.com\/wp-content\/uploads\/Aiken-2-240x140.jpg\" class=\"attachment-thumbnail size-thumbnail\" alt=\"Beauty of Aiys\u00e9n\" \/><\/a>\r\n            <\/dt>\r\n                <dd class='gallery-caption'>\r\n                Aiken del Sur Nature Park\r\n                <\/dd><\/dl><dl class='gallery-item'>\r\n            <dt class='gallery-icon'>\r\n                <a href='https:\/\/www.chile-reise.com\/wp-content\/uploads\/Aiken-1.jpg'><img loading=\"lazy\" decoding=\"async\" width=\"240\" height=\"140\" src=\"https:\/\/www.chile-reise.com\/wp-content\/uploads\/Aiken-1-240x140.jpg\" class=\"attachment-thumbnail size-thumbnail\" alt=\"Aiken\" \/><\/a>\r\n            <\/dt>\r\n                <dd class='gallery-caption'>\r\n                Aiken del Sur Nature Park\r\n                <\/dd><\/dl><br style=\"clear: both\" \/>\r\n            <br style='clear: both;' \/>\r\n        <\/div>\n\n<div class=\"clear\"><\/div><div class=\"divider\"><\/div>\n<p>Von Puerto Chacabuco ausgehend erleben Sie eine Naturreise der besonderen Art: Kreuzen Sie in labyrinthartigen Fjorden und entdecken Sie urspr\u00fcngliche, bis ans Meer reichende Urw\u00e4lder. \u00dcber viele Seemeilen geht es durch die patagonischen Kan\u00e4le, zwischen Inseln und versteckten Buchten, zur Laguna San Rafael mit ihrem riesigen Gletscher und den uralten Eisbergen. Sie erleben dieses Abenteuer auf einem komfortablen Katamaran.<\/p>\n\n\t<script type=\"text\/javascript\">\tjQuery(document).ready(function($){\tjQuery(\"ul.tabs-nav\").tabs(\"> .pane\"); }); <\/script>\n\n\t\t<div class=\"post-tabs\">\n\t\t\n<ul class=\"tabs-nav\">\n<li>Tourverlauf<\/li>\n<li>Leistungen<\/li>\n<li>Ausr\u00fcstung<\/li>\n<li>Video<\/li>\n<\/ul>\n\n\t\t<div class=\"pane\">\n\t\t\n<strong>1.Tag \u2013 Puerto Chacabuco<\/strong><br \/>\nSie werden am Flughafen Balmaceda in Empfang genommen und fahren auf der Carretera Austral \u00fcber das h\u00fcbsche St\u00e4dtchen Coyhaique zum Hotel Lober\u00edas del Sur in Puerto Chacabuco. Unterwegs bekommen Sie schon einen kleinen Eindruck von den urspr\u00fcnglichen Landschaften, die Sie erwarten. Im <a title=\"Lober\u00edas del Sur ****\" href=\"https:\/\/www.chile-reise.com\/hotels\/carretera-austral\/loberias-del-sur\/\">Hotel Lober\u00edas del Sur <\/a>werden Sie alle drei N\u00e4chte verbringen.<\/p>\n<p><strong>2. Tag \u2013 Laguna San Rafael<\/strong><br \/>\nFr\u00fch am Morgen stechen Sie in See. Die Route f\u00fchrt Sie vorbei an Inseln, Kan\u00e4len und Fjorden durch die wundervollen Landschaften der Regi\u00f3n Ais\u00e9n bis zur Laguna San Rafael, wo Sie gegen 14:00 Uhr ankommen. Hier bietet sich Ihnen der atemberaubend sch\u00f6ne Anblick des San Rafael Gletschers. Um den Gletscher ganz aus der N\u00e4he erleben zu k\u00f6nnen, steigen Sie in Schlauchboote um und fahren so nah es geht heran. Mit etwas Gl\u00fcck k\u00f6nnen Sie die faszinierende Geburt eines neuen Eisbergs erleben, wenn ein St\u00fcck der Gletscherzunge in die Lagune st\u00fcrzt. Zur Kr\u00f6nung des Tages gibt es Whisky auf Jahrtausende altem Eis aus der Lagune. Nach zwei bis drei Stunden treten Sie die R\u00fcckfahrt an und erreichen Puerto Chacabuco gegen 21:00 Uhr.<\/p>\n<p><strong>3. Tag \u2013 Naturpark \u201cAiken del Sur\u201d<\/strong><br \/>\nUm 9:00 Uhr morgens bringt Sie ein Bus vom Hotel Lober\u00edas del Sur zum Naturpark \u201cAiken del Sur\u201d. Dieser 300 ha gro\u00dfe Naturpark s\u00e4umt das Seeufer des 14 km langen, klaren Sees Lago Riesco. Hier erwarten Sie Wildwasser, Wasserf\u00e4lle und ein immergr\u00fcner Urwald mit Farnen, von denen einige Arten erst vor kurzer Zeit entdeckt wurden. Wandern Sie auf den drei ausgewiesenen Wanderwegen inmitten dieser herrlichen Natur und lassen Sie sich von einem erfahrenen Ranger die Flora und Fauna erkl\u00e4ren. Nach der Wanderung k\u00f6nnen Sie sich bei einem typischen \u201eAsado Patag\u00f3n\u201c (etwa: \u201epatagonisches Grillen\u201c) st\u00e4rken. W\u00e4hrend des Essens werden Sie von einer Folkloregruppe unterhalten.<\/p>\n<p><strong>4. Tag \u2013 R\u00fcckfahrt nach Balmaceda oder Verl\u00e4ngerung<\/strong><br \/>\nAm vierten Tag endet unser Program mit der R\u00fcckfahrt zum Flughafen Balmaceda. Sie k\u00f6nnen aber auch gerne l\u00e4nger bleiben, um weitere Touren in die Umgebung zu unternehmen oder einfach im <a title=\"Lober\u00edas del Sur ****\" href=\"https:\/\/www.chile-reise.com\/hotels\/carretera-austral\/loberias-del-sur\/\">Hotel Lober\u00edas del Sur <\/a>zu entspannen.<\/p>\n\n\t\t<\/div>\n\t\n\n\t\t<div class=\"pane\">\n\t\t\nTransfers<br \/>\nExkursionen<br \/>\nVollpension<br \/>\n\n\t\t<\/div>\n\t\n\n\t\t<div class=\"pane\">\n\t\t\nDenken Sie bitte unbedingt an Allwetterkleidung.<br \/>\n\n\t\t<\/div>\n\t\n\n\t\t<div class=\"pane\">\n\t\t\n<iframe loading=\"lazy\" src=\"\/\/www.youtube.com\/embed\/JkZAR21zgpA?rel=0\" width=\"620\" height=\"349\" frameborder=\"0\" allowfullscreen=\"allowfullscreen\"><\/iframe><br \/>\n\n\t\t<\/div>\n\t\n\n\t\t<\/div>\n\t<\/p>","protected":false},"excerpt":{"rendered":"<p>Von Puerto Chacabuco ausgehend erleben Sie eine Naturreise der besonderen Art: Kreuzen Sie in labyrinthartigen Fjorden und entdecken Sie urspr\u00fcngliche, bis ans Meer reichende Urw\u00e4lder. \u00dcber viele Seemeilen geht es durch die patagonischen Kan\u00e4le, zwischen Inseln und versteckten Buchten, zur &#8230;<\/p>\n","protected":false},"author":3,"featured_media":0,"parent":102,"menu_order":0,"comment_status":"open","ping_status":"open","template":"","meta":{"slim_seo":{"title":"Die wilde Sch\u00f6nheit von Ays\u00e9n The pristine beauty of Ays\u00e9n - travelArt","description":"Hotel Lober\u00edas del Sur Laguna San Rafael Laguna San Rafael Catamaran at Laguna San Rafael Aiken del Sur Nature Park Aiken del Sur Nature Park Von Puerto Chacabu"},"footnotes":""},"class_list":["post-5317","page","type-page","status-publish","hentry"],"_links":{"self":[{"href":"https:\/\/www.chile-reise.com\/de\/wp-json\/wp\/v2\/pages\/5317","targetHints":{"allow":["GET"]}}],"collection":[{"href":"https:\/\/www.chile-reise.com\/de\/wp-json\/wp\/v2\/pages"}],"about":[{"href":"https:\/\/www.chile-reise.com\/de\/wp-json\/wp\/v2\/types\/page"}],"author":[{"embeddable":true,"href":"https:\/\/www.chile-reise.com\/de\/wp-json\/wp\/v2\/users\/3"}],"replies":[{"embeddable":true,"href":"https:\/\/www.chile-reise.com\/de\/wp-json\/wp\/v2\/comments?post=5317"}],"version-history":[{"count":0,"href":"https:\/\/www.chile-reise.com\/de\/wp-json\/wp\/v2\/pages\/5317\/revisions"}],"up":[{"embeddable":true,"href":"https:\/\/www.chile-reise.com\/de\/wp-json\/wp\/v2\/pages\/102"}],"wp:attachment":[{"href":"https:\/\/www.chile-reise.com\/de\/wp-json\/wp\/v2\/media?parent=5317"}],"curies":[{"name":"wp","href":"https:\/\/api.w.org\/{rel}","templated":true}]}}