{"id":523,"date":"2013-07-05T17:40:50","date_gmt":"2013-07-05T15:40:50","guid":{"rendered":"http:\/\/www.chile-reise.com\/wordpress\/?page_id=523"},"modified":"2014-03-17T19:17:09","modified_gmt":"2014-03-17T17:17:09","slug":"walforschungsstation-whalesound","status":"publish","type":"page","link":"https:\/\/www.chile-reise.com\/de\/packages-daytrips\/kreuzfahrten\/walforschungsstation-whalesound\/","title":{"rendered":"Walforschungsstation Whalesound"},"content":{"rendered":"<p>\r\n        <style type='text\/css'>\r\n            #gallery-1 {\r\n                margin: auto;\r\n            }\r\n            #gallery-1 .gallery-item {\r\n                float: left;\r\n                margin-top: 10px;\r\n                text-align: center;\r\n                width: 33%;           }\r\n            #gallery-1 img {\r\n                border: 2px solid #cfcfcf;\r\n            }\r\n            #gallery-1 .gallery-caption {\r\n                margin-left: 0;\r\n            }\r\n        <\/style>\r\n        <!-- see gallery_shortcode() in wp-includes\/media.php -->\r\n        <div id='gallery-1' class='gallery-images gallery galleryid-523'><dl class='gallery-item'>\r\n            <dt class='gallery-icon'>\r\n                <a href='https:\/\/www.chile-reise.com\/wp-content\/uploads\/Whalesound-1_klein.jpg'><img loading=\"lazy\" decoding=\"async\" width=\"240\" height=\"140\" src=\"https:\/\/www.chile-reise.com\/wp-content\/uploads\/Whalesound-1_klein-240x140.jpg\" class=\"attachment-thumbnail size-thumbnail\" alt=\"Whalesound 1 klein\" \/><\/a>\r\n            <\/dt>\r\n                <dd class='gallery-caption'>\r\n                Whalesound\r\n                <\/dd><\/dl><dl class='gallery-item'>\r\n            <dt class='gallery-icon'>\r\n                <a href='https:\/\/www.chile-reise.com\/wp-content\/uploads\/DSC00296_klein.jpg'><img loading=\"lazy\" decoding=\"async\" width=\"240\" height=\"140\" src=\"https:\/\/www.chile-reise.com\/wp-content\/uploads\/DSC00296_klein-240x140.jpg\" class=\"attachment-thumbnail size-thumbnail\" alt=\"DSC00296 klein\" \/><\/a>\r\n            <\/dt>\r\n                <dd class='gallery-caption'>\r\n                Whalesound\r\n                <\/dd><\/dl><dl class='gallery-item'>\r\n            <dt class='gallery-icon'>\r\n                <a href='https:\/\/www.chile-reise.com\/wp-content\/uploads\/DSC_0093_klein.jpg'><img loading=\"lazy\" decoding=\"async\" width=\"240\" height=\"140\" src=\"https:\/\/www.chile-reise.com\/wp-content\/uploads\/DSC_0093_klein-240x140.jpg\" class=\"attachment-thumbnail size-thumbnail\" alt=\"DSC 0093 klein\" \/><\/a>\r\n            <\/dt>\r\n                <dd class='gallery-caption'>\r\n                Whalesound\r\n                <\/dd><\/dl><br style=\"clear: both\" \/><dl class='gallery-item'>\r\n            <dt class='gallery-icon'>\r\n                <a href='https:\/\/www.chile-reise.com\/wp-content\/uploads\/DSC00894_klein.jpg'><img loading=\"lazy\" decoding=\"async\" width=\"240\" height=\"140\" src=\"https:\/\/www.chile-reise.com\/wp-content\/uploads\/DSC00894_klein-240x140.jpg\" class=\"attachment-thumbnail size-thumbnail\" alt=\"DSC00894 klein\" \/><\/a>\r\n            <\/dt>\r\n                <dd class='gallery-caption'>\r\n                Whalesound\r\n                <\/dd><\/dl><dl class='gallery-item'>\r\n            <dt class='gallery-icon'>\r\n                <a href='https:\/\/www.chile-reise.com\/wp-content\/uploads\/DSC_4806_klein.jpg'><img loading=\"lazy\" decoding=\"async\" width=\"240\" height=\"140\" src=\"https:\/\/www.chile-reise.com\/wp-content\/uploads\/DSC_4806_klein-240x140.jpg\" class=\"attachment-thumbnail size-thumbnail\" alt=\"DSC 4806 klein\" \/><\/a>\r\n            <\/dt>\r\n                <dd class='gallery-caption'>\r\n                Whalesound\r\n                <\/dd><\/dl>\r\n            <br style='clear: both;' \/>\r\n        <\/div>\n<div class=\"clear\"><\/div><div class=\"divider\"><\/div>\nSeit 1999 widmet sich die Organisation Whalesound der Erforschung der Meeresfauna in der Magellan-Meerenge. Die Kernzone dieser T\u00e4tigkeit bildet die Insel San Carlos III, wo sich allj\u00e4hrlich von Ende Dezember bis April Buckelwale zur Nahrungsaufnahme und Partnersuche einfinden. In diesem Zeitraum organisiert Whalesound f\u00fcr Touristen Ausfl\u00fcge auf seinem Expeditionsboot, die die riesigen Buckelwale fast in greifbare N\u00e4he bringen. Unter wissenschaftlicher Begleitung tasten Sie sich per Schlauchboot an die friedliebenden Meeresriesen an, um Zeuge ihres Auf- und Abtauchens zu werden &#8211; und mit etwas Gl\u00fcck bereichern Sie Ihre Fotosammlung um eine aus dem Wasser ragende Walflosse!<\/p>\n\n\t<script type=\"text\/javascript\">\tjQuery(document).ready(function($){\tjQuery(\"ul.tabs-nav\").tabs(\"> .pane\"); }); <\/script>\n\n\t\t<div class=\"post-tabs\">\n\t\t\n<ul class=\"tabs-nav\">\n<li>Tourverlauf<\/li>\n<li>Leistungen<\/li>\n<li>Ausr\u00fcstung<\/li>\n<li>Anmerkungen<\/li>\n<li>Video<\/li>\n<\/ul>\n\n\t\t<div class=\"pane\">\n\t\t\n<strong>1. Tag &#8211; Punta Arenas &#8211; Faro San Isidoro<\/strong><br \/>\nAbends Abfahrt von Punta Arenas zum San Isidro Leuchtturm. Ankunft in der Hoster\u00eda Faro San Isidro. Besuch des Leuchtturms und kurzer Spaziergang, um die Umgebung zu erforschen. Abendessen. \u00dcbernachtung in der Hoster\u00eda San Isidro, einem restaurierten, \u00fcber 100-j\u00e4hrigen Leuchtturm.<\/p>\n<p><strong>2. Tag &#8211; Whale Watching und Whalesound Forschungsstation<\/strong><br \/>\nNach einem fr\u00fchen Fr\u00fchst\u00fcck brechen Sie mit dem Motorschiff Y\/M Esturi\u00f3n Richtung Magellanstra\u00dfe zur Charles Insel auf. Um den Walen sowie der \u00fcbrigen Meeresfauna und auch -flora so nahe wie m\u00f6glich zu kommen, steigen Sie in ein Schlauchboot um. Nach diesem einmaligen Erlebnis  erreichen Sie den Campingplatz der Insel Carlos III. Ein kleiner Spaziergang f\u00fchrt Sie in die Umgebung und zu einem Besuch der Forschungsstation von Whalesound. Mittagessen im Camp. Die folgende Exkursion zum Seepark f\u00fchrt Sie wieder in die N\u00e4he der Wale und Seev\u00f6gel. Danach geht es zur\u00fcck zur Insel San Carlos III, wo Sie im Whalesound-Camp in gut ausgestatteten Domo-Zelten \u00fcbernachten werden.<\/p>\n<p><strong>3. Tag &#8211; Whale Watching und Santa Ines-Gletscher<\/strong><br \/>\nAm Morgen brechen Sie erneut zur Walbeobachtung auf. Wer m\u00f6chte, kann die  Umgebung des Rio Batchelor bei einer Wanderung erkunden und dabei auch auf Pinguine, Cormorane und Seel\u00f6wen treffen. Mittagessen im Camp. Am Nachmittag Navegation zum Santa Ines-Gletscher, der sich majest\u00e4tisch als riesige Eiswand vor Ihnen auft\u00fcrmt und ins Meer kalbt. Nach diesem einzigartigen Erlebnis kehren Sie wieder ins Camp zur\u00fcck und \u00fcbernachten dort.<\/p>\n<p><strong>4. Tag &#8211; Whale Watching und R\u00fcckkehr nach Punta Arenas<\/strong><br \/>\nNach dem Fr\u00fchst\u00fcck unternehmen Sie eine letzte kleine Walbeobachtungstour. Mittagessen im Camp oder an Bord. Danach R\u00fcckfahrt nach Punta Arenas.<br \/>\n\n\t\t<\/div>\n\t\n\n\t\t<div class=\"pane\">\n\t\t\nVollpension<br \/>\nGenannte Exkursionen<br \/>\n\n\t\t<\/div>\n\t\n\n\t\t<div class=\"pane\">\n\t\t\nDenken Sie unbedingt an Winter- und Regenkleidung, feste wanderschuhe und Sonnenschutz.<br \/>\nRettungswesten werden gestellt.<br \/>\n\n\t\t<\/div>\n\t\n\n\t\t<div class=\"pane\">\n\t\t\nDas Camp verf\u00fcgt nicht \u00fcber private B\u00e4der sondern es stehen drei B\u00e4der f\u00fcr f\u00fcnf Domo-Zelte (Doppelzimmer) zur Verf\u00fcgung.<br \/>\nNeben diesem 3,5-t\u00e4gigen Programm sind auch Pakete mit einer Dauer von 2 bzw. 4 Tagen sowie eine Kanu-Expedition buchbar.<br \/>\n\n\t\t<\/div>\n\t\n\n\t\t<div class=\"pane\">\n\t\t\n<iframe loading=\"lazy\" width=\"560\" height=\"315\" src=\"\/\/www.youtube.com\/embed\/NmNZjUSvVM4?rel=0\" frameborder=\"0\" allowfullscreen><\/iframe><br \/>\n\n\t\t<\/div>\n\t\n\n\t\t<\/div>\n\t\n<p><\/p>","protected":false},"excerpt":{"rendered":"<p>Seit 1999 widmet sich die Organisation Whalesound der Erforschung der Meeresfauna in der Magellan-Meerenge. Die Kernzone dieser T\u00e4tigkeit bildet die Insel San Carlos III, wo sich allj\u00e4hrlich von Ende Dezember bis April Buckelwale zur Nahrungsaufnahme und Partnersuche einfinden. In diesem &#8230;<\/p>\n","protected":false},"author":16,"featured_media":0,"parent":575,"menu_order":0,"comment_status":"open","ping_status":"open","template":"","meta":{"slim_seo":{"title":"Walforschungsstation Whalesound Whalesound - Research Centre for Whales - travelArt","description":"Whalesound Whalesound Whalesound Whalesound Whalesound Seit 1999 widmet sich die Organisation Whalesound der Erforschung der Meeresfauna in der Magellan-Meereng"},"footnotes":""},"class_list":["post-523","page","type-page","status-publish","hentry"],"_links":{"self":[{"href":"https:\/\/www.chile-reise.com\/de\/wp-json\/wp\/v2\/pages\/523","targetHints":{"allow":["GET"]}}],"collection":[{"href":"https:\/\/www.chile-reise.com\/de\/wp-json\/wp\/v2\/pages"}],"about":[{"href":"https:\/\/www.chile-reise.com\/de\/wp-json\/wp\/v2\/types\/page"}],"author":[{"embeddable":true,"href":"https:\/\/www.chile-reise.com\/de\/wp-json\/wp\/v2\/users\/16"}],"replies":[{"embeddable":true,"href":"https:\/\/www.chile-reise.com\/de\/wp-json\/wp\/v2\/comments?post=523"}],"version-history":[{"count":0,"href":"https:\/\/www.chile-reise.com\/de\/wp-json\/wp\/v2\/pages\/523\/revisions"}],"up":[{"embeddable":true,"href":"https:\/\/www.chile-reise.com\/de\/wp-json\/wp\/v2\/pages\/575"}],"wp:attachment":[{"href":"https:\/\/www.chile-reise.com\/de\/wp-json\/wp\/v2\/media?parent=523"}],"curies":[{"name":"wp","href":"https:\/\/api.w.org\/{rel}","templated":true}]}}