{"id":521,"date":"2013-07-05T17:38:09","date_gmt":"2013-07-05T15:38:09","guid":{"rendered":"http:\/\/www.chile-reise.com\/wordpress\/?page_id=521"},"modified":"2014-03-17T19:12:52","modified_gmt":"2014-03-17T17:12:52","slug":"expediciones-fitz-roy-auf-den-spuren-der-wale","status":"publish","type":"page","link":"https:\/\/www.chile-reise.com\/de\/packages-daytrips\/kreuzfahrten\/expediciones-fitz-roy-auf-den-spuren-der-wale\/","title":{"rendered":"Expediciones Fitz Roy &#8211; Auf den Spuren der Wale"},"content":{"rendered":"<p>\r\n        <style type='text\/css'>\r\n            #gallery-1 {\r\n                margin: auto;\r\n            }\r\n            #gallery-1 .gallery-item {\r\n                float: left;\r\n                margin-top: 10px;\r\n                text-align: center;\r\n                width: 33%;           }\r\n            #gallery-1 img {\r\n                border: 2px solid #cfcfcf;\r\n            }\r\n            #gallery-1 .gallery-caption {\r\n                margin-left: 0;\r\n            }\r\n        <\/style>\r\n        <!-- see gallery_shortcode() in wp-includes\/media.php -->\r\n        <div id='gallery-1' class='gallery-images gallery galleryid-521'><dl class='gallery-item'>\r\n            <dt class='gallery-icon'>\r\n                <a href='https:\/\/www.chile-reise.com\/wp-content\/uploads\/DSC_5491_klein.jpg'><img loading=\"lazy\" decoding=\"async\" width=\"240\" height=\"140\" src=\"https:\/\/www.chile-reise.com\/wp-content\/uploads\/DSC_5491_klein-240x140.jpg\" class=\"attachment-thumbnail size-thumbnail\" alt=\"DSC 5491 klein\" \/><\/a>\r\n            <\/dt>\r\n                <dd class='gallery-caption'>\r\n                Fitz Roy\r\n                <\/dd><\/dl><dl class='gallery-item'>\r\n            <dt class='gallery-icon'>\r\n                <a href='https:\/\/www.chile-reise.com\/wp-content\/uploads\/DSC3714_klein.jpg'><img loading=\"lazy\" decoding=\"async\" width=\"240\" height=\"140\" src=\"https:\/\/www.chile-reise.com\/wp-content\/uploads\/DSC3714_klein-240x140.jpg\" class=\"attachment-thumbnail size-thumbnail\" alt=\"DSC3714 klein\" \/><\/a>\r\n            <\/dt>\r\n                <dd class='gallery-caption'>\r\n                Fitz Roy\r\n                <\/dd><\/dl><dl class='gallery-item'>\r\n            <dt class='gallery-icon'>\r\n                <a href='https:\/\/www.chile-reise.com\/wp-content\/uploads\/DSC_5243_klein.jpg'><img loading=\"lazy\" decoding=\"async\" width=\"240\" height=\"140\" src=\"https:\/\/www.chile-reise.com\/wp-content\/uploads\/DSC_5243_klein-240x140.jpg\" class=\"attachment-thumbnail size-thumbnail\" alt=\"DSC 5243 klein\" \/><\/a>\r\n            <\/dt>\r\n                <dd class='gallery-caption'>\r\n                Fitz Roy\r\n                <\/dd><\/dl><br style=\"clear: both\" \/><dl class='gallery-item'>\r\n            <dt class='gallery-icon'>\r\n                <a href='https:\/\/www.chile-reise.com\/wp-content\/uploads\/DSC2464_klein.jpg'><img loading=\"lazy\" decoding=\"async\" width=\"240\" height=\"140\" src=\"https:\/\/www.chile-reise.com\/wp-content\/uploads\/DSC2464_klein-240x140.jpg\" class=\"attachment-thumbnail size-thumbnail\" alt=\"DSC2464 klein\" \/><\/a>\r\n            <\/dt>\r\n                <dd class='gallery-caption'>\r\n                Expedition Fitz Roy\r\n                <\/dd><\/dl><dl class='gallery-item'>\r\n            <dt class='gallery-icon'>\r\n                <a href='https:\/\/www.chile-reise.com\/wp-content\/uploads\/DSC_1194_klein.jpg'><img loading=\"lazy\" decoding=\"async\" width=\"240\" height=\"140\" src=\"https:\/\/www.chile-reise.com\/wp-content\/uploads\/DSC_1194_klein-240x140.jpg\" class=\"attachment-thumbnail size-thumbnail\" alt=\"DSC 1194 klein\" \/><\/a>\r\n            <\/dt>\r\n                <dd class='gallery-caption'>\r\n                Expedition Fitz Roy\r\n                <\/dd><\/dl>\r\n            <br style='clear: both;' \/>\r\n        <\/div>\n<div class=\"clear\"><\/div><div class=\"divider\"><\/div>\nLernen Sie im tiefsten S\u00fcden Chiles die faszinierende Tierwelt des Meeres kennen! In den verzweigten Fjorden Patagoniens ist eine Vielzahl von beeindruckenden Tierarten zuhause und l\u00e4sst sich mit etwas Gl\u00fcck aus n\u00e4chster N\u00e4he beobachten. Der Star unter den Meeresbewohnern ist sicherlich der Buckelwal, doch auch Seeelefanten, Delfine und Pinguine, sowie Sturmv\u00f6gel, Albatrosse und Kormorane k\u00f6nnen hier gesichtet werden.<\/p>\n<p>Das Schiff M\/N Forrest nimmt Sie mit auf eine Entdeckungstour in das Meeresschutzgebiet Francisco Coloane s\u00fcd-westlich von Punta Arenas. Die regul\u00e4ren Exkursionen mit einer Dauer von drei oder zweieinhalb Tagen beginnen am Seno Otway und f\u00fchren nach S\u00fcden in einen Seitenarm der Magellanstra\u00dfe, wo Sie neben der faszinierenden Tierwelt auch den imposanten Gletscher Santa In\u00e9s kennen lernen k\u00f6nnen. Mehrere Landg\u00e4nge bringen Ihnen auch die heimische Flora n\u00e4her.<\/p>\n<p>Die M\/N Forrest wurde 1968 in England gebaut und nachdem es knapp 40 Jahre als Transportschiff auf den Falkland Inseln gedient hatte, zum Passagierschiff umgewandelt. Mit einer Kapazit\u00e4t von 20 Passagieren bietet es zwar nicht den Komfort eines gro\u00dfen Kreuzfahrschiffes, garantiert den G\u00e4sten jedoch einen angenehmen Aufenthalt an Bord mit pers\u00f6nlichem Service.<\/p>\n\n\t<script type=\"text\/javascript\">\tjQuery(document).ready(function($){\tjQuery(\"ul.tabs-nav\").tabs(\"> .pane\"); }); <\/script>\n\n\t\t<div class=\"post-tabs\">\n\t\t\n<ul class=\"tabs-nav\">\n<li>Tourverlauf<\/li>\n<li>Leistungen<\/li>\n<li>Ausr\u00fcstung<\/li>\n<li>Anmerkungen<\/li>\n<li>Video<\/li>\n<\/ul>\n\n\t\t<div class=\"pane\">\n\t\t\n<strong>Tag 1 &#8211; Punta Arenas &#8211; Caleta Toro &#8211; Isla Carlos III<\/strong><br \/>\nAm fr\u00fchen Morgen werden Sie an Ihrem Hotel in Punta Arenas abgeholt und zum Pier auf der Isla Riesco gebracht, wo Sie an Bord der M\/N Forrest gehen. W\u00e4hrend das Fr\u00fchst\u00fcck serviert wird, geht die Reise los durch den Seno Otway zur Toro-Bucht. Dort findet ihr erster Landgang statt, bei dem Sie den dichten Wald der Bucht erkunden. Anschlie\u00dfend geht es weiter durch den Ger\u00f3nimo-Kanal bis zur Magellanstra\u00dfe. Hier haben Sie die M\u00f6glichkeit, eine Vielfalt an Tieren zu beobachten, unter anderem Seel\u00f6wen, Sturmv\u00f6gel, Albatrosse und Pinguine. Am Abend erreichen Sie die Isla Carlos III, die dem Schiff f\u00fcr die Nacht Schutz gibt.<\/p>\n<p><strong>Tag 2 &#8211; Seno Ballena &#8211; Glaciar Santa In\u00e9s &#8211; Estero Condor<\/strong><br \/>\nNach dem Fr\u00fchst\u00fcck beginnt die Fahrt in Richtung der \u00abBucht der Wale\u00bb (Seno Ballena) und zum beeindruckenden Santa In\u00e9s-Gletscher. Vor dieser wundersch\u00f6nen Kulisse gehen Sie an Land und genie\u00dfen die wilde Natur um Sie herum. Am Nachmittag, w\u00e4hrend des R\u00fcckwegs zur Isla Carlos III, k\u00f6nnen Sie viele verschiedene Tiere beobachten unter denen mit etwas Gl\u00fcck auch Wale sind. In dieser Nacht ankern Sie in der \u201eBucht der Kondore\u201c, wo Sie vor dem Abendessen einen Spaziergang unternehmen k\u00f6nnen.<\/p>\n<p><strong>Tag 3 &#8211; Brazo Nu\u00f1ez &#8211; Bah\u00eda Delfines &#8211; Punta Arenas<\/strong><br \/>\nSie brechen am fr\u00fchen Morgen auf, um zum Nu\u00f1ez-Meeresarm zu fahren, wo Sie eine Zodiac-Tour in der Bahia Delfines und eine Wanderung durch einen Canelo-Wald unternehmen. Danach kehren Sie zum Schiff zur\u00fcck, gehen aber kurze Zeit sp\u00e4ter wieder an Land. Bei einem Spaziergang erkunden Sie eine versteckte Lagune mitten im dichten Wald. Anschlie\u00dfend treten Sie die R\u00fcckkehr durch den malerischen Seno Otway zur Isla Riesco an, wo Ihre Tour endet. Ein Transfer bringt Sie zur\u00fcck nach Punta Arenas.<br \/>\n\n\t\t<\/div>\n\t\n\n\t\t<div class=\"pane\">\n\t\t\nVollpension<br \/>\nGenannte Exkursionen<br \/>\n\n\t\t<\/div>\n\t\n\n\t\t<div class=\"pane\">\n\t\t\nDenken Sie unbedingt an Winter- und Regenkleidung, feste Wanderschuhe sowie Sonnenschutz.<br \/>\nRettungswesten werden gestellt.<br \/>\n\n\t\t<\/div>\n\t\n\n\t\t<div class=\"pane\">\n\t\t\nWeitere Kreuzfahrten ab\/bis Punta Arenas mit Expediciones Fitz Roy sind m\u00f6glich.<br \/>\n\n\t\t<\/div>\n\t\n\n\t\t<div class=\"pane\">\n\t\t\n<iframe loading=\"lazy\" width=\"420\" height=\"315\" src=\"\/\/www.youtube.com\/embed\/QCYzxUaRUlY?rel=0\" frameborder=\"0\" allowfullscreen><\/iframe><br \/>\n\n\t\t<\/div>\n\t\n\n\t\t<\/div>\n\t<\/p>","protected":false},"excerpt":{"rendered":"<p>Lernen Sie im tiefsten S\u00fcden Chiles die faszinierende Tierwelt des Meeres kennen! In den verzweigten Fjorden Patagoniens ist eine Vielzahl von beeindruckenden Tierarten zuhause und l\u00e4sst sich mit etwas Gl\u00fcck aus n\u00e4chster N\u00e4he beobachten. Der Star unter den Meeresbewohnern ist &#8230;<\/p>\n","protected":false},"author":16,"featured_media":0,"parent":575,"menu_order":0,"comment_status":"open","ping_status":"open","template":"","meta":{"slim_seo":{"title":"Expediciones Fitz Roy - Auf den Spuren der Wale Expediciones Fitz Roy - On the Trail of the Whale - travelArt","description":"Fitz Roy Fitz Roy Fitz Roy Expedition Fitz Roy Expedition Fitz Roy Lernen Sie im tiefsten S\u00fcden Chiles die faszinierende Tierwelt des Meeres kennen! In den verz"},"footnotes":""},"class_list":["post-521","page","type-page","status-publish","hentry"],"_links":{"self":[{"href":"https:\/\/www.chile-reise.com\/de\/wp-json\/wp\/v2\/pages\/521","targetHints":{"allow":["GET"]}}],"collection":[{"href":"https:\/\/www.chile-reise.com\/de\/wp-json\/wp\/v2\/pages"}],"about":[{"href":"https:\/\/www.chile-reise.com\/de\/wp-json\/wp\/v2\/types\/page"}],"author":[{"embeddable":true,"href":"https:\/\/www.chile-reise.com\/de\/wp-json\/wp\/v2\/users\/16"}],"replies":[{"embeddable":true,"href":"https:\/\/www.chile-reise.com\/de\/wp-json\/wp\/v2\/comments?post=521"}],"version-history":[{"count":0,"href":"https:\/\/www.chile-reise.com\/de\/wp-json\/wp\/v2\/pages\/521\/revisions"}],"up":[{"embeddable":true,"href":"https:\/\/www.chile-reise.com\/de\/wp-json\/wp\/v2\/pages\/575"}],"wp:attachment":[{"href":"https:\/\/www.chile-reise.com\/de\/wp-json\/wp\/v2\/media?parent=521"}],"curies":[{"name":"wp","href":"https:\/\/api.w.org\/{rel}","templated":true}]}}