{"id":519,"date":"2013-07-05T17:35:11","date_gmt":"2013-07-05T15:35:11","guid":{"rendered":"http:\/\/www.chile-reise.com\/wordpress\/?page_id=519"},"modified":"2014-10-03T21:17:32","modified_gmt":"2014-10-03T19:17:32","slug":"skorpios-iii-kaweskar-explorers-route","status":"publish","type":"page","link":"https:\/\/www.chile-reise.com\/de\/packages-daytrips\/kreuzfahrten\/skorpios-iii-kaweskar-explorers-route\/","title":{"rendered":"Skorpios III &#8211; Kaweskar Explorers Route"},"content":{"rendered":"<p>\r\n        <style type='text\/css'>\r\n            #gallery-1 {\r\n                margin: auto;\r\n            }\r\n            #gallery-1 .gallery-item {\r\n                float: left;\r\n                margin-top: 10px;\r\n                text-align: center;\r\n                width: 33%;           }\r\n            #gallery-1 img {\r\n                border: 2px solid #cfcfcf;\r\n            }\r\n            #gallery-1 .gallery-caption {\r\n                margin-left: 0;\r\n            }\r\n        <\/style>\r\n        <!-- see gallery_shortcode() in wp-includes\/media.php -->\r\n        <div id='gallery-1' class='gallery-images gallery galleryid-519'><dl class='gallery-item'>\r\n            <dt class='gallery-icon'>\r\n                <a href='https:\/\/www.chile-reise.com\/wp-content\/uploads\/m-v-skorpios-iii-kaweskar-entdecker-route_klein.jpg'><img loading=\"lazy\" decoding=\"async\" width=\"240\" height=\"140\" src=\"https:\/\/www.chile-reise.com\/wp-content\/uploads\/m-v-skorpios-iii-kaweskar-entdecker-route_klein-240x140.jpg\" class=\"attachment-thumbnail size-thumbnail\" alt=\"M v skorpios iii kaweskar entdecker route klein\" \/><\/a>\r\n            <\/dt>\r\n                <dd class='gallery-caption'>\r\n                Skorpios III\r\n                <\/dd><\/dl><dl class='gallery-item'>\r\n            <dt class='gallery-icon'>\r\n                <a href='https:\/\/www.chile-reise.com\/wp-content\/uploads\/SkorpiosIII_klein.jpg'><img loading=\"lazy\" decoding=\"async\" width=\"240\" height=\"140\" src=\"https:\/\/www.chile-reise.com\/wp-content\/uploads\/SkorpiosIII_klein-240x140.jpg\" class=\"attachment-thumbnail size-thumbnail\" alt=\"SkorpiosIII klein\" \/><\/a>\r\n            <\/dt>\r\n                <dd class='gallery-caption'>\r\n                Skorpios III\r\n                <\/dd><\/dl><dl class='gallery-item'>\r\n            <dt class='gallery-icon'>\r\n                <a href='https:\/\/www.chile-reise.com\/wp-content\/uploads\/Skorpios-3_klein.jpg'><img loading=\"lazy\" decoding=\"async\" width=\"240\" height=\"140\" src=\"https:\/\/www.chile-reise.com\/wp-content\/uploads\/Skorpios-3_klein-240x140.jpg\" class=\"attachment-thumbnail size-thumbnail\" alt=\"Skorpios 3 klein\" \/><\/a>\r\n            <\/dt>\r\n                <dd class='gallery-caption'>\r\n                Skorpios III\r\n                <\/dd><\/dl><br style=\"clear: both\" \/>\r\n            <br style='clear: both;' \/>\r\n        <\/div>\n\n<div class=\"clear\"><\/div><div class=\"divider\"><\/div>\n<p>Die H\u00f6hepunkte der Kreuzfahrt <strong>Amalia Gletscher<\/strong> Auf der Fahrt entlang des Peel Meeresarms gelangen Sie zum Amalia Gletscher, der sich in der Mitte des S\u00fcdlichen Eisfeldes befindet. Zu sehen, wie der Gletscher aus den Anden herabflie\u00dft, ist ein besonders beeindruckender Anblick. Die Front ist etwa 1 km lang und erreicht eine H\u00f6he von 50 m. Sp\u00e4ter befahren Sie den Calvo Meeresarm, wo Sie sechs Gletscher und schwimmende Eisberge in vielen Farben und Formen sehen werden. Hier werden Sie in spezielle Motorboote umsteigen und sich den Eisbergen ann\u00e4hern. Dabei k\u00f6nnen Sie mit einem Whisky mit Jahrtausende altem Gletschereis auf Ihre Reise ansto\u00dfen.<\/p>\n<p><strong>Flora und Fauna<\/strong> Die Natur in diesem Gebiet zeichnet sich durch ihre besondere Vielfalt aus. Die Tiere und Pflanzen, die hier beheimatet sind, \u00fcberraschen jeden Naturliebhaber. W\u00e4hrend der Schiffsfahrt k\u00f6nnen Sie verschiedene Vogelarten und deren Nistpl\u00e4tze an den Steilklippen der Inseln beobachten. Oft werden Sie von Delfinen und Thunfischen begleitet, die neben dem Boot schwimmen.<\/p>\n<p><strong>Abfahrt jeweils Dienstags und Freitags.<\/strong><\/p>\n\n\t<script type=\"text\/javascript\">\tjQuery(document).ready(function($){\tjQuery(\"ul.tabs-nav\").tabs(\"> .pane\"); }); <\/script>\n\n\t\t<div class=\"post-tabs\">\n\t\t\n<ul class=\"tabs-nav\">\n<li>Tourverlauf<\/li>\n<li>Leistungen<\/li>\n<li>Ausr\u00fcstung<\/li>\n<li>Anmerkungen<\/li>\n<li>Video<\/li>\n<\/ul>\n\n\t\t<div class=\"pane\">\n\t\t\n<h2>Zus\u00e4tzliche Nacht und Ausflug vor der Kreuzfahrt<\/h2>\n<p>F\u00fcr Passagiere, die eine zus\u00e4tzliche Nacht buchen m\u00f6chten, findet am Montag bzw. Donnerstag ein Ausflug zum Nationalpark Torres del Paine mit Besuch der Milod\u00f3n-H\u00f6hle statt (Preise auf Anfrage).<\/p>\n<h2>Puerto Natales &#8211; Amalia Gletscher &#8211; Monta\u00f1as Fjord &#8211; Puerto Natales<\/h2>\n<p>(4 Tage \/ 3 N\u00e4chte)<\/p>\n<p><strong>1. Tag &#8211; Punta Arenas<\/strong><\/p>\n<p>Empfang am Flughafen in Punta Arenas, Transfer zum Skorpios B\u00fcro und Check-in. Sp\u00e4ter privater Transfer von Punta Arenas nach Puerto Natales, wo Sie am Nachmittag an Bord gehen. Zwischen 17:00 Uhr und 18:00 Uhr legt das Schiff ab und passiert die beeindruckend sch\u00f6ne Kirke-Meerenge, bevor es weiter in Richtung Norden durch die s\u00fcdpatagonischen Kan\u00e4le geht. Auf dem Schiff gibt es einen Empfang zur Begr\u00fc\u00dfung, bevor das Abendessen serviert wird.<\/p>\n<p><strong>2. Tag &#8211; Amalia-Gletscher<\/strong><\/p>\n<p>Fr\u00fch am Morgen erreichen Sie den Amalia Gletscher, den Sie vom Schiff aus in seiner ganzen Sch\u00f6nheit bewundern k\u00f6nnen. Danach fahren Sie weiter zum El Brujo-Gletscher, wo Sie gegen 11:00 Uhr ankommen. Bei gutem Wetter k\u00f6nnen Sie an Land gehen um die Umgebung zu erkunden, bevor Sie sp\u00e4ter den Calvo Fjord besuchen. Dort werden Sie vier verschiedene Gletscher sehen k\u00f6nnen und mit kleinen Motobooten auf Exkursion gehen. Sofern das Wetter es erlaubt, wird das Schiff anschlie\u00dfend nah an den Calvo-Gletscher heranfahren. Gegen 18:30 Uhr machen Sie sich auf den Weg zum Monta\u00f1as-Fjord.<\/p>\n<p><strong>3. Tag &#8211; Monta\u00f1as-Fjord<\/strong><\/p>\n<p>Nach dem Fr\u00fchst\u00fcck erkunden Sie den Monta\u00f1as-Fjord, der sich tief in die Sarmiento-Berge eingeschnitten hat. F\u00fcnf Gletscher kalben in diesen Meeresarm! Danach geht die Reise weiter zum Alsina-Gletscher, wo Sie eine kurze Wanderung unternehmen k\u00f6nnen. Als n\u00e4chstes geht es weiter zum Bernal-Gletscher. hier wandern Sie durch einen urspr\u00fcnglichen Wald und \u00fcber Mor\u00e4nen, der Wanderweg f\u00fchrt sogar durch eine kleine Lagune! So gelangen Sie bis zur Stirnseite des Gletschers, das Eis ist zum Greifen nah! Nach diesem unvergesslichen Erlebnis kreuzen Sie in der Bucht des Herman-Gletschers, wo sie eine atemberaubend sch\u00f6ne Landschaft und Eisberge in vielen Blaut\u00f6nen erwarten. Am sp\u00e4ten Nachmittag verlassen Sie den Fjord nach einer letzten Motorbootexkursion in Richtung Puerto Natales. An diesem Abend l\u00e4dt der Kapit\u00e4n Sie zum Abschiedsessen ein. Letzte Nacht an Bord..<\/p>\n<p><strong>4. Tag &#8211; Puerto Natales<\/strong> Ausschiffung in Puerto Natales zwischen 8:00 Uhr und 9:30 Uhr.<br \/>\n\n\t\t<\/div>\n\t\n\n\t\t<div class=\"pane\">\n\t\t\nDer Preis beinhaltet: Vier Mahlzeiten t\u00e4glich (Fr\u00fchst\u00fcck, Mittagessen, Kaffee und Abendessen), Open bar (alkoholische und nicht-alkoholische Getr\u00e4nke), sowie die im Reiseverlauf beschriebenen Exkursionen.\n\t\t<\/div>\n\t \n\t\t<div class=\"pane\">\n\t\t Bitte denken Sie an ausreichend warme Kleidung, Wind- Regen- und Sonnenschutz. Rettungswesten werden gestellt.<br \/>\n\n\t\t<\/div>\n\t\n\n\t\t<div class=\"pane\">\n\t\t\nDer Reiseverlauf kann sich witterungsbedingt \u00e4ndern.<br \/>\n\n\t\t<\/div>\n\t\n\n\t\t<div class=\"pane\">\n\t\t\n<iframe loading=\"lazy\" src=\"\/\/www.youtube.com\/embed\/JHw8rC3yNlM?rel=0\" width=\"560\" height=\"315\" frameborder=\"0\" allowfullscreen=\"allowfullscreen\"><\/iframe><br \/>\n\n\t\t<\/div>\n\t\n\n\t\t<\/div>\n\t<\/p>","protected":false},"excerpt":{"rendered":"<p>Die H\u00f6hepunkte der Kreuzfahrt Amalia Gletscher Auf der Fahrt entlang des Peel Meeresarms gelangen Sie zum Amalia Gletscher, der sich in der Mitte des S\u00fcdlichen Eisfeldes befindet. Zu sehen, wie der Gletscher aus den Anden herabflie\u00dft, ist ein besonders beeindruckender &#8230;<\/p>\n","protected":false},"author":16,"featured_media":0,"parent":575,"menu_order":0,"comment_status":"open","ping_status":"open","template":"","meta":{"slim_seo":{"title":"Skorpios III - Kaweskar Explorers Route Skorpios III - Kaweskar Explorers Route - travelArt","description":"Skorpios III Skorpios III Skorpios III Die H\u00f6hepunkte der Kreuzfahrt Amalia Gletscher Auf der Fahrt entlang des Peel Meeresarms gelangen Sie zum Amalia Gletsche"},"footnotes":""},"class_list":["post-519","page","type-page","status-publish","hentry"],"_links":{"self":[{"href":"https:\/\/www.chile-reise.com\/de\/wp-json\/wp\/v2\/pages\/519","targetHints":{"allow":["GET"]}}],"collection":[{"href":"https:\/\/www.chile-reise.com\/de\/wp-json\/wp\/v2\/pages"}],"about":[{"href":"https:\/\/www.chile-reise.com\/de\/wp-json\/wp\/v2\/types\/page"}],"author":[{"embeddable":true,"href":"https:\/\/www.chile-reise.com\/de\/wp-json\/wp\/v2\/users\/16"}],"replies":[{"embeddable":true,"href":"https:\/\/www.chile-reise.com\/de\/wp-json\/wp\/v2\/comments?post=519"}],"version-history":[{"count":0,"href":"https:\/\/www.chile-reise.com\/de\/wp-json\/wp\/v2\/pages\/519\/revisions"}],"up":[{"embeddable":true,"href":"https:\/\/www.chile-reise.com\/de\/wp-json\/wp\/v2\/pages\/575"}],"wp:attachment":[{"href":"https:\/\/www.chile-reise.com\/de\/wp-json\/wp\/v2\/media?parent=519"}],"curies":[{"name":"wp","href":"https:\/\/api.w.org\/{rel}","templated":true}]}}