{"id":516,"date":"2013-07-05T17:30:11","date_gmt":"2013-07-05T15:30:11","guid":{"rendered":"http:\/\/www.chile-reise.com\/wordpress\/?page_id=516"},"modified":"2015-08-18T22:14:52","modified_gmt":"2015-08-18T20:14:52","slug":"air-cruise-classic-antarctica","status":"publish","type":"page","link":"https:\/\/www.chile-reise.com\/de\/packages-daytrips\/kreuzfahrten\/air-cruise-classic-antarctica\/","title":{"rendered":"Air-Cruise Classic Antarctica"},"content":{"rendered":"<style type='text\/css'>\r\n            #gallery-1 {\r\n                margin: auto;\r\n            }\r\n            #gallery-1 .gallery-item {\r\n                float: left;\r\n                margin-top: 10px;\r\n                text-align: center;\r\n                width: 33%;           }\r\n            #gallery-1 img {\r\n                border: 2px solid #cfcfcf;\r\n            }\r\n            #gallery-1 .gallery-caption {\r\n                margin-left: 0;\r\n            }\r\n        <\/style>\r\n        <!-- see gallery_shortcode() in wp-includes\/media.php -->\r\n        <div id='gallery-1' class='gallery-images gallery galleryid-516'><dl class='gallery-item'>\r\n            <dt class='gallery-icon'>\r\n                <a href='https:\/\/www.chile-reise.com\/wp-content\/uploads\/01ves_evelyn-pfeiffer_ax-1011_img_0560_klein.jpg'><img loading=\"lazy\" decoding=\"async\" width=\"240\" height=\"140\" src=\"https:\/\/www.chile-reise.com\/wp-content\/uploads\/01ves_evelyn-pfeiffer_ax-1011_img_0560_klein-240x140.jpg\" class=\"attachment-thumbnail size-thumbnail\" alt=\"01ves evelyn pfeiffer ax 1011 img 0560 klein\" \/><\/a>\r\n            <\/dt>\r\n                <dd class='gallery-caption'>\r\n                Air Cruise Classic Antarctica\r\n                <\/dd><\/dl><dl class='gallery-item'>\r\n            <dt class='gallery-icon'>\r\n                <a href='https:\/\/www.chile-reise.com\/wp-content\/uploads\/oceanova-cabin-321_klein.jpg'><img loading=\"lazy\" decoding=\"async\" width=\"240\" height=\"140\" src=\"https:\/\/www.chile-reise.com\/wp-content\/uploads\/oceanova-cabin-321_klein-240x140.jpg\" class=\"attachment-thumbnail size-thumbnail\" alt=\"Oceanova cabin 321 klein\" \/><\/a>\r\n            <\/dt>\r\n                <dd class='gallery-caption'>\r\n                Air Cruise Classic Antarctica\r\n                <\/dd><\/dl><dl class='gallery-item'>\r\n            <dt class='gallery-icon'>\r\n                <a href='https:\/\/www.chile-reise.com\/wp-content\/uploads\/DSC_9333_klein.jpg'><img loading=\"lazy\" decoding=\"async\" width=\"240\" height=\"140\" src=\"https:\/\/www.chile-reise.com\/wp-content\/uploads\/DSC_9333_klein-240x140.jpg\" class=\"attachment-thumbnail size-thumbnail\" alt=\"DSC 9333 klein\" \/><\/a>\r\n            <\/dt>\r\n                <dd class='gallery-caption'>\r\n                Antarctic\r\n                <\/dd><\/dl><br style=\"clear: both\" \/><dl class='gallery-item'>\r\n            <dt class='gallery-icon'>\r\n                <a href='https:\/\/www.chile-reise.com\/wp-content\/uploads\/DSC_9560_klein.jpg'><img loading=\"lazy\" decoding=\"async\" width=\"240\" height=\"140\" src=\"https:\/\/www.chile-reise.com\/wp-content\/uploads\/DSC_9560_klein-240x140.jpg\" class=\"attachment-thumbnail size-thumbnail\" alt=\"DSC 9560 klein\" \/><\/a>\r\n            <\/dt>\r\n                <dd class='gallery-caption'>\r\n                Antarctic\r\n                <\/dd><\/dl><dl class='gallery-item'>\r\n            <dt class='gallery-icon'>\r\n                <a href='https:\/\/www.chile-reise.com\/wp-content\/uploads\/Donna-submit-11_klein.jpg'><img loading=\"lazy\" decoding=\"async\" width=\"240\" height=\"140\" src=\"https:\/\/www.chile-reise.com\/wp-content\/uploads\/Donna-submit-11_klein-240x140.jpg\" class=\"attachment-thumbnail size-thumbnail\" alt=\"Donna submit 11 klein\" \/><\/a>\r\n            <\/dt>\r\n                <dd class='gallery-caption'>\r\n                Antarctic\r\n                <\/dd><\/dl><dl class='gallery-item'>\r\n            <dt class='gallery-icon'>\r\n                <a href='https:\/\/www.chile-reise.com\/wp-content\/uploads\/Donna-1-submit_klein.jpg'><img loading=\"lazy\" decoding=\"async\" width=\"240\" height=\"140\" src=\"https:\/\/www.chile-reise.com\/wp-content\/uploads\/Donna-1-submit_klein-240x140.jpg\" class=\"attachment-thumbnail size-thumbnail\" alt=\"Donna 1 submit klein\" \/><\/a>\r\n            <\/dt>\r\n                <dd class='gallery-caption'>\r\n                Antarctic\r\n                <\/dd><\/dl><br style=\"clear: both\" \/>\r\n            <br style='clear: both;' \/>\r\n        <\/div>\n\n<div class=\"clear\"><\/div><div class=\"divider\"><\/div> Antarctica XXI bietet dank seiner exklusiven Kombination von Flug und Kreuzfahrt eine einzigarte M\u00f6glichkeit in die Antarktis zu reisen. In lediglich zwei Stunden \u00fcberfliegen Sie die turbulenten Gew\u00e4sser des Drake-Meeres und gehen an Bord des Ice-Class-Schiffes Ocean Nova, das Sie zu traumhaften Naturattraktionen in der Antarktis f\u00fchrt. Es ist eine sehr abwechslungsreiche Expedition mit vielen Landg\u00e4ngen und Vortr\u00e4gen, die an Bord von deren Antarktis-Experten gehalten werden. Antarctica XXI bietet dank seines 4-Sterne-Service und seinem Reisestil den G\u00e4sten die M\u00f6glichkeit eines unvergesslichen Erlebnisses am Ende der Welt. \n\t<script type=\"text\/javascript\">\tjQuery(document).ready(function($){\tjQuery(\"ul.tabs-nav\").tabs(\"> .pane\"); }); <\/script>\n\n\t\t<div class=\"post-tabs\">\n\t\t <ul class=\"tabs-nav\"> <li>Tourverlauf<\/li> <li>Leistungen<\/li> <li>Ausr\u00fcstung<\/li> <li>Anmerkungen<\/li> <li>Video<\/li><\/ul> \n\t\t<div class=\"pane\">\n\t\t\n<p><strong>Tag 1: Ankunft in Punta Arenas<\/strong> Bei Ihrer Ankunft in Punta Arenas werden Sie in Empfang genommen und zum Hotel Rey Don Felipe begleitet. Am Nachmittag lernen Sie Ihre Mitreisenden kennen und erhalten ausf\u00fchrliche Informationen \u00fcber Verhalten in der Antarktis, Sicherheit, Ein- und Ausschiffung, Nutzung der Zodiac-Boote, und vieles mehr. Bei einem Willkommens-Dinner im historischen Hotel Jos\u00e9 Nogueira k\u00f6nnen Sie erste Kontakte kn\u00fcpfen.<\/p>\n<p><strong>Tag 2: Flug in die Antarktis<\/strong> Heute beginnt Ihr antarktisches Abenteuer mit einem 2-st\u00fcndigen Flug von Punta Arenas zur Frei Station auf der King George Insel (S\u00fcdliche Shetland Inseln). Dort angekommen, besuchen Sie die chilenische Station Frei und die russische Station Bellingshausen. Am Ufer der Fildes Bucht startet die Einschiffung auf das Expeditionsschiff mit Hilfe von Zodiac-Booten.<\/p>\n<p><strong>Tag 3 bis 6: Unvergessliche Tage auf dem wei\u00dfen Kontinent<\/strong> An den folgenden vier Tagen kreuzen Sie zwischen den S\u00fcdlichen Shetland Inseln und der Antarktischen Halbinsel, durchqueren Fjorde, fahren an spektakul\u00e4ren Eisbergen vorbei und geniessen die Begleitung der unter-schiedlichsten Seev\u00f6gel, Seehunde, Pinguine und Wale. Auf der Fahrt Richtung S\u00fcden haben Sie die M\u00f6glichkeit, einige der sch\u00f6nsten Orte des Weissen Kontinents kennenzulernen, wie z.B. Livingston Island, Port Lockroy, Petermann Island, Paradise Bay, Cuverville Island und Deception Island. Das Ziel ist der Lemaire Kanal, wo Sie den Breitengrad 65\u00b0S \u00fcberqueren.<\/p>\n<p><strong>Tag 7: R\u00fcckflug nach Punta Arenas<\/strong> R\u00fcckkehr zur King George Insel, wo Sie ausschiffen und vom Flugplatz der Frei Station aus den R\u00fcckflug nach Punta Arenas antreten. Von hier aus fliegen Sie entweder direkt weiter an Ihr n\u00e4chstes Reiseziel oder werden f\u00fcr eine Anschlussnacht nach Punta Arenas gebracht. <\/p>\n<p><img loading=\"lazy\" decoding=\"async\" class=\"aligncenter size-full wp-image-3911\" src=\"https:\/\/www.chile-reise.com\/wp-content\/uploads\/Route-Classic-Air-Cruise.jpg\" alt=\"Route Classic Air Cruise\" width=\"350\" height=\"307\" \/>\n\t\t<\/div>\n\t <\/p>\n\n\t\t<div class=\"pane\">\n\t\t Vollpension. Die Expedition beinhaltet w\u00e4hrend der Tage 3-6 viele Aktivit\u00e4ten wie t\u00e4gliche Landg\u00e4nge mit Hilfe von Zodiac-Booten und Informationsvortr\u00e4ge der Antarktisexperten an Bord. \n\t\t<\/div>\n\t \n\t\t<div class=\"pane\">\n\t\t Denken Sie unbedingt an gute Winter- und Regenkleidung, sowie Sonnenschutz. Rettungswesten, spezielle Stiefel und wasserabweisende Hosen werden gestellt. \n\t\t<\/div>\n\t \n\t\t<div class=\"pane\">\n\t\t Das Programm ist extrem wetterabh\u00e4ngig. Zeitliche Flexibilit\u00e4t der Passagiere ist erforderlich. Neben dem 7-t\u00e4gigen Programm sind sind auch Pakete mit einer Dauer von 5 bzw. 8 Tagen erh\u00e4ltlich.\n\t\t<\/div>\n\t <\/p>\n\n\t\t<div class=\"pane\">\n\t\t<iframe loading=\"lazy\" width=\"560\" height=\"315\" src=\"https:\/\/www.youtube.com\/embed\/6wNU50GCGTs?rel=0&amp;controls=0&amp;showinfo=0\" frameborder=\"0\" allowfullscreen><\/iframe>\n\t\t<\/div>\n\t  \n\t\t<\/div>","protected":false},"excerpt":{"rendered":"<p>Antarctica XXI bietet dank seiner exklusiven Kombination von Flug und Kreuzfahrt eine einzigarte M\u00f6glichkeit in die Antarktis zu reisen. In lediglich zwei Stunden \u00fcberfliegen Sie die turbulenten Gew\u00e4sser des Drake-Meeres und gehen an Bord des Ice-Class-Schiffes Ocean Nova, das Sie &#8230;<\/p>\n","protected":false},"author":16,"featured_media":0,"parent":575,"menu_order":0,"comment_status":"open","ping_status":"open","template":"","meta":{"slim_seo":{"title":"Air-Cruise Classic Antarctica - travelArt","description":"[:de] Air Cruise Classic Antarctica Air Cruise Classic Antarctica Antarctic Antarctic Antarctic Antarctic Antarctica XXI bietet dank seiner exklusiven Kombinati"},"footnotes":""},"class_list":["post-516","page","type-page","status-publish","hentry"],"_links":{"self":[{"href":"https:\/\/www.chile-reise.com\/de\/wp-json\/wp\/v2\/pages\/516","targetHints":{"allow":["GET"]}}],"collection":[{"href":"https:\/\/www.chile-reise.com\/de\/wp-json\/wp\/v2\/pages"}],"about":[{"href":"https:\/\/www.chile-reise.com\/de\/wp-json\/wp\/v2\/types\/page"}],"author":[{"embeddable":true,"href":"https:\/\/www.chile-reise.com\/de\/wp-json\/wp\/v2\/users\/16"}],"replies":[{"embeddable":true,"href":"https:\/\/www.chile-reise.com\/de\/wp-json\/wp\/v2\/comments?post=516"}],"version-history":[{"count":0,"href":"https:\/\/www.chile-reise.com\/de\/wp-json\/wp\/v2\/pages\/516\/revisions"}],"up":[{"embeddable":true,"href":"https:\/\/www.chile-reise.com\/de\/wp-json\/wp\/v2\/pages\/575"}],"wp:attachment":[{"href":"https:\/\/www.chile-reise.com\/de\/wp-json\/wp\/v2\/media?parent=516"}],"curies":[{"name":"wp","href":"https:\/\/api.w.org\/{rel}","templated":true}]}}