{"id":510,"date":"2013-07-05T17:24:15","date_gmt":"2013-07-05T15:24:15","guid":{"rendered":"http:\/\/www.chile-reise.com\/wordpress\/?page_id=510"},"modified":"2014-03-17T18:57:38","modified_gmt":"2014-03-17T16:57:38","slug":"skorpios-ii-fjorde-gletscher-und-heisse-baeder","status":"publish","type":"page","link":"https:\/\/www.chile-reise.com\/de\/packages-daytrips\/kreuzfahrten\/skorpios-ii-fjorde-gletscher-und-heisse-baeder\/","title":{"rendered":"Skorpios II &#8211; Fjorde, Gletscher und hei\u00dfe B\u00e4der"},"content":{"rendered":"<p>\r\n        <style type='text\/css'>\r\n            #gallery-1 {\r\n                margin: auto;\r\n            }\r\n            #gallery-1 .gallery-item {\r\n                float: left;\r\n                margin-top: 10px;\r\n                text-align: center;\r\n                width: 33%;           }\r\n            #gallery-1 img {\r\n                border: 2px solid #cfcfcf;\r\n            }\r\n            #gallery-1 .gallery-caption {\r\n                margin-left: 0;\r\n            }\r\n        <\/style>\r\n        <!-- see gallery_shortcode() in wp-includes\/media.php -->\r\n        <div id='gallery-1' class='gallery-images gallery galleryid-510'><dl class='gallery-item'>\r\n            <dt class='gallery-icon'>\r\n                <a href='https:\/\/www.chile-reise.com\/wp-content\/uploads\/SkorpiosII_klein.jpg'><img loading=\"lazy\" decoding=\"async\" width=\"240\" height=\"140\" src=\"https:\/\/www.chile-reise.com\/wp-content\/uploads\/SkorpiosII_klein-240x140.jpg\" class=\"attachment-thumbnail size-thumbnail\" alt=\"SkorpiosII klein\" \/><\/a>\r\n            <\/dt>\r\n                <dd class='gallery-caption'>\r\n                Skorpios II\r\n                <\/dd><\/dl><dl class='gallery-item'>\r\n            <dt class='gallery-icon'>\r\n                <a href='https:\/\/www.chile-reise.com\/wp-content\/uploads\/Skorpios-2_klein.jpg'><img loading=\"lazy\" decoding=\"async\" width=\"240\" height=\"140\" src=\"https:\/\/www.chile-reise.com\/wp-content\/uploads\/Skorpios-2_klein-240x140.jpg\" class=\"attachment-thumbnail size-thumbnail\" alt=\"Skorpios 2 klein\" \/><\/a>\r\n            <\/dt>\r\n                <dd class='gallery-caption'>\r\n                Skorpios II\r\n                <\/dd><\/dl><dl class='gallery-item'>\r\n            <dt class='gallery-icon'>\r\n                <a href='https:\/\/www.chile-reise.com\/wp-content\/uploads\/Skorpios_klein.jpg'><img loading=\"lazy\" decoding=\"async\" width=\"240\" height=\"140\" src=\"https:\/\/www.chile-reise.com\/wp-content\/uploads\/Skorpios_klein-240x140.jpg\" class=\"attachment-thumbnail size-thumbnail\" alt=\"Skorpios klein\" \/><\/a>\r\n            <\/dt>\r\n                <dd class='gallery-caption'>\r\n                Skorpios II\r\n                <\/dd><\/dl><br style=\"clear: both\" \/>\r\n            <br style='clear: both;' \/>\r\n        <\/div>\n<div class=\"clear\"><\/div><div class=\"divider\"><\/div>\n<p><\/strong>Die H\u00f6hepunkte der Kreuzfahrt<\/strong><\/p>\n<p><strong>Gletscher San Rafael<\/strong><br \/>\nDer \u00e4quatorn\u00e4chste Gletscher der Erde befindet sich 45-46 Grad s\u00fcdlicher Breite, ca. 400 Seemeilen s\u00fcdlich von Puerto Montt. 1979 erkl\u00e4rte die UNESCO den San Rafael Nationalpark zum Biosph\u00e4renreservat. Der Gletscher ist tausende von Jahren alt. Er kalbt nach ca. 15 km \u201eeisigem\u201c Weg letztendlich in die San Rafael Lagune. An der Frontseite ist der Gletscher ca. 2 km breit und seine Eisw\u00e4nde erheben sich ca. 80m aus dem Wasser. Unterhalb der Wasseroberfl\u00e4che erstreckt sich das Eis jedoch bis zu 230 m. Die Farben des Eises variieren von Dunkelblau \u00fcber Blau und Hellblau bis zu Gr\u00fcnt\u00f6nen, Wei\u00df und letztendlich Grauabstufungen.<\/p>\n<p><strong>Fjorde, Berge und Thermalb\u00e4der<\/strong><br \/>\nDer Fjord von Quitralco und ist umgeben von Bergen und dichten Vegetation. Hier gibt es Thermalb\u00e4der, die exklusiv f\u00fcr die Passagiere der Skorpios zug\u00e4nglich sind. Sie haben die M\u00f6glichkeit zu baden, Bootsausfl\u00fcge zu unternehmen, zu angeln oder inmitten der unber\u00fchrten W\u00e4lder spazieren zu gehen. Das ganze Gebiet steht unter Naturschutz.<\/p>\n<p><strong>Insel Chilo\u00e9<\/strong><br \/>\nDie Route der Skorpios f\u00fchrt an den Fischerd\u00f6rfern Puerto Aguirre und Queil\u00e9n vorbei, wo Sie zu einem Besuch willkommen gehei\u00dfen werden. Castro, die Hauptstadt Chilo\u00e9s, ist ein weiterer sehr interessanter Ort, an dem man auf den M\u00e4rkten sch\u00f6nes Kunsthandwerk aus Holz und Wolle kaufen kann. Die Flora und Fauna in diesen Breitengraden ist beeindruckend: Seel\u00f6wen, M\u00f6wen, Enten, kleine Delfine und viele andere Tierarten werden Sie faszinieren.<\/p>\n\n\t<script type=\"text\/javascript\">\tjQuery(document).ready(function($){\tjQuery(\"ul.tabs-nav\").tabs(\"> .pane\"); }); <\/script>\n\n\t\t<div class=\"post-tabs\">\n\t\t\n<ul class=\"tabs-nav\">\n<li>Tourverlauf<\/li>\n<li>Leistungen<\/li>\n<li>Ausr\u00fcstung<\/li>\n<li>Anmerkungen<\/li>\n<li>Video<\/li>\n<\/ul>\n\n\t\t<div class=\"pane\">\n\t\t\n<strong>1. Tag &#8211; Puerto Montt<\/strong><br \/>\nSie legen mit Ihrem Schiff Skorpios II in Puerto Montt ab, fahren durch das Llanquihue Archipel und kreuzen an der Stadt Calbuco vorbei, durch den Golf von Ancud, das Chilo\u00e9 Archipel und durchqueren gegen Mitternacht den Golf von Corcovado.<\/p>\n<p><strong>2. Tag &#8211; Fischerdorf Puerto Aguirre<\/strong><br \/>\nWeiter geht die Fahrt entlang der Moraleda und Ferronave Kan\u00e4le zum Fischerdorf Puerto Aguirre, wo Sie f\u00fcr eineinhalb Stunden an Land gehen k\u00f6nnen. Gegen 12:30 Uhr legt das Schiff wieder ab und f\u00e4hrt durch die Ferronave-, Pilcomayo- und Costa-Kan\u00e4le. Ca. 30 km vom San Rafael Gletscher entfernt, wird geankert.<\/p>\n<p><strong>3. Tag &#8211; Laguna San Rafael<\/strong><br \/>\nSie fahren fr\u00fch morgens durch den Elefantenkanal zur San Rafael Lagune, wo Sie ca. 2km vor dem Gletscher halten und in kleinere Boote umsteigen, mit denen Sie zwischen den vielfarbigen Eisformationen umherfahren und sich noch n\u00e4her an die immense Gletscherwand heranwagen (wetterabh\u00e4ngig). Gegen Abend geht die Fahrt weiter zum Quitralco Fjord.<\/p>\n<p><strong>4. Tag &#8211; Thermalb\u00e4der<\/strong><br \/>\nNach dem Fr\u00fchst\u00fcck haben Sie die M\u00f6glichkeit, in einem  Thermalbad zu entspannen. Wenn es das Wetter erlaubt, k\u00f6nnen Sie den Fjord mit Motorbooten erkunden. Gegen Abend geht die Fahrt weiter in Richtung Chilo\u00e9 durch die Moraleda- und P\u00e9rez Norte-Kan\u00e4le.<\/p>\n<p><strong>5. Tag &#8211; Chilo\u00e9-Archipel<\/strong><br \/>\nHeute erkunden Sie den Corcovado-Kanal, wo Sie mit etwas Gl\u00fcck Blauwale sichten k\u00f6nnen. Weiter geht es an der Ostseite des Chilo\u00e9-Archipels durch den Yal-Kanal und die Bucht von Castro. Am fr\u00fchen Nachmittag kommen Sie in der Inselhauptstadt an und haben Zeit f\u00fcr einen Rundgang. Am Abend legt das Schiff in Richtung Puerto Montt ab und passiert die Kan\u00e4le von Lemuy, Dalcahue und Quicav\u00ed.<\/p>\n<p><strong>6. Tag &#8211; Puerto Montt<\/strong><br \/>\nAm Morgen legen Sie im Hafen von Puerto Montt an. Nach dem Fr\u00fchst\u00fcck verlassen Sie das Schiff mit vielen neuen Eindr\u00fccken und tollen Erinnerungen.<br \/>\n\n\t\t<\/div>\n\t\n\n\t\t<div class=\"pane\">\n\t\t\nVollpension<br \/>\nGenannte Exkursionen<br \/>\n\n\t\t<\/div>\n\t\n\n\t\t<div class=\"pane\">\n\t\t\nDenken Sie unbedingt an Winter- und Regenkleidung, feste Wanderschuhe sowie Badebekleidung f\u00fcr den 4.Tag.<br \/>\nRettungswesten werden gestellt.<br \/>\n\n\t\t<\/div>\n\t\n\n\t\t<div class=\"pane\">\n\t\t\nDas Programm kann auf Grund klimatischer Bedingungen oder h\u00f6herer Gewalt ge\u00e4ndert werden.<br \/>\n\n\t\t<\/div>\n\t\n\n\t\t<div class=\"pane\">\n\t\t\n<iframe loading=\"lazy\" width=\"560\" height=\"315\" src=\"\/\/www.youtube.com\/embed\/M7VMfvg3J_o?rel=0\" frameborder=\"0\" allowfullscreen><\/iframe><br \/>\n\n\t\t<\/div>\n\t\n\n\t\t<\/div>\n\t<\/p>","protected":false},"excerpt":{"rendered":"<p>Die H\u00f6hepunkte der Kreuzfahrt Gletscher San Rafael Der \u00e4quatorn\u00e4chste Gletscher der Erde befindet sich 45-46 Grad s\u00fcdlicher Breite, ca. 400 Seemeilen s\u00fcdlich von Puerto Montt. 1979 erkl\u00e4rte die UNESCO den San Rafael Nationalpark zum Biosph\u00e4renreservat. Der Gletscher ist tausende von &#8230;<\/p>\n","protected":false},"author":16,"featured_media":0,"parent":575,"menu_order":0,"comment_status":"open","ping_status":"open","template":"","meta":{"slim_seo":{"title":"Skorpios II - Fjorde, Gletscher und hei\u00dfe B\u00e4der Skorpios II - Fjords, Glaciers and Thermal Pools - travelArt","description":"Skorpios II Skorpios II Skorpios II Die H\u00f6hepunkte der Kreuzfahrt Gletscher San Rafael Der \u00e4quatorn\u00e4chste Gletscher der Erde befindet sich 45-46 Grad s\u00fcdlicher"},"footnotes":""},"class_list":["post-510","page","type-page","status-publish","hentry"],"_links":{"self":[{"href":"https:\/\/www.chile-reise.com\/de\/wp-json\/wp\/v2\/pages\/510","targetHints":{"allow":["GET"]}}],"collection":[{"href":"https:\/\/www.chile-reise.com\/de\/wp-json\/wp\/v2\/pages"}],"about":[{"href":"https:\/\/www.chile-reise.com\/de\/wp-json\/wp\/v2\/types\/page"}],"author":[{"embeddable":true,"href":"https:\/\/www.chile-reise.com\/de\/wp-json\/wp\/v2\/users\/16"}],"replies":[{"embeddable":true,"href":"https:\/\/www.chile-reise.com\/de\/wp-json\/wp\/v2\/comments?post=510"}],"version-history":[{"count":0,"href":"https:\/\/www.chile-reise.com\/de\/wp-json\/wp\/v2\/pages\/510\/revisions"}],"up":[{"embeddable":true,"href":"https:\/\/www.chile-reise.com\/de\/wp-json\/wp\/v2\/pages\/575"}],"wp:attachment":[{"href":"https:\/\/www.chile-reise.com\/de\/wp-json\/wp\/v2\/media?parent=510"}],"curies":[{"name":"wp","href":"https:\/\/api.w.org\/{rel}","templated":true}]}}