{"id":508,"date":"2013-07-05T17:19:34","date_gmt":"2013-07-05T15:19:34","guid":{"rendered":"http:\/\/www.chile-reise.com\/wordpress\/?page_id=508"},"modified":"2015-07-02T16:46:09","modified_gmt":"2015-07-02T14:46:09","slug":"cruceros-australis-die-eisigen-gewaesser-von-patagonien-und-feuerland","status":"publish","type":"page","link":"https:\/\/www.chile-reise.com\/de\/packages-daytrips\/kreuzfahrten\/cruceros-australis-die-eisigen-gewaesser-von-patagonien-und-feuerland\/","title":{"rendered":"Australis &#8211; Die eisigen Gew\u00e4sser von Patagonien und Feuerland"},"content":{"rendered":"<p>\r\n        <style type='text\/css'>\r\n            #gallery-1 {\r\n                margin: auto;\r\n            }\r\n            #gallery-1 .gallery-item {\r\n                float: left;\r\n                margin-top: 10px;\r\n                text-align: center;\r\n                width: 33%;           }\r\n            #gallery-1 img {\r\n                border: 2px solid #cfcfcf;\r\n            }\r\n            #gallery-1 .gallery-caption {\r\n                margin-left: 0;\r\n            }\r\n        <\/style>\r\n        <!-- see gallery_shortcode() in wp-includes\/media.php -->\r\n        <div id='gallery-1' class='gallery-images gallery galleryid-508'><dl class='gallery-item'>\r\n            <dt class='gallery-icon'>\r\n                <a href='https:\/\/www.chile-reise.com\/wp-content\/uploads\/STELLA-1024x723.jpg'><img loading=\"lazy\" decoding=\"async\" width=\"240\" height=\"140\" src=\"https:\/\/www.chile-reise.com\/wp-content\/uploads\/STELLA-1024x723-240x140.jpg\" class=\"attachment-thumbnail size-thumbnail\" alt=\"STELLA 1024x723\" \/><\/a>\r\n            <\/dt>\r\n                <dd class='gallery-caption'>\r\n                Stella Australis\r\n                <\/dd><\/dl><dl class='gallery-item'>\r\n            <dt class='gallery-icon'>\r\n                <a href='https:\/\/www.chile-reise.com\/wp-content\/uploads\/Room-Via-Australis.jpg'><img loading=\"lazy\" decoding=\"async\" width=\"240\" height=\"140\" src=\"https:\/\/www.chile-reise.com\/wp-content\/uploads\/Room-Via-Australis-240x140.jpg\" class=\"attachment-thumbnail size-thumbnail\" alt=\"Room Via Australis\" \/><\/a>\r\n            <\/dt>\r\n                <dd class='gallery-caption'>\r\n                Room Via Australis\r\n                <\/dd><\/dl><dl class='gallery-item'>\r\n            <dt class='gallery-icon'>\r\n                <a href='https:\/\/www.chile-reise.com\/wp-content\/uploads\/Restaurante-Stella-Australis.jpg'><img loading=\"lazy\" decoding=\"async\" width=\"240\" height=\"140\" src=\"https:\/\/www.chile-reise.com\/wp-content\/uploads\/Restaurante-Stella-Australis-240x140.jpg\" class=\"attachment-thumbnail size-thumbnail\" alt=\"Restaurante Stella Australis\" \/><\/a>\r\n            <\/dt>\r\n                <dd class='gallery-caption'>\r\n                Restaurant Stella Australis\r\n                <\/dd><\/dl><br style=\"clear: both\" \/><dl class='gallery-item'>\r\n            <dt class='gallery-icon'>\r\n                <a href='https:\/\/www.chile-reise.com\/wp-content\/uploads\/Via-Australis-19-173-1024x682.jpg'><img loading=\"lazy\" decoding=\"async\" width=\"240\" height=\"140\" src=\"https:\/\/www.chile-reise.com\/wp-content\/uploads\/Via-Australis-19-173-1024x682-240x140.jpg\" class=\"attachment-thumbnail size-thumbnail\" alt=\"Via Australis 19 173 1024x682\" \/><\/a>\r\n            <\/dt>\r\n                <dd class='gallery-caption'>\r\n                Via Australis\r\n                <\/dd><\/dl><dl class='gallery-item'>\r\n            <dt class='gallery-icon'>\r\n                <a href='https:\/\/www.chile-reise.com\/wp-content\/uploads\/cape-horn.jpg'><img loading=\"lazy\" decoding=\"async\" width=\"240\" height=\"140\" src=\"https:\/\/www.chile-reise.com\/wp-content\/uploads\/cape-horn-240x140.jpg\" class=\"attachment-thumbnail size-thumbnail\" alt=\"Cape horn\" \/><\/a>\r\n            <\/dt>\r\n                <dd class='gallery-caption'>\r\n                Cape Horn\r\n                <\/dd><\/dl><dl class='gallery-item'>\r\n            <dt class='gallery-icon'>\r\n                <a href='https:\/\/www.chile-reise.com\/wp-content\/uploads\/Tierra-Fuego-Nov-2013139-1024x645.jpg'><img loading=\"lazy\" decoding=\"async\" width=\"240\" height=\"140\" src=\"https:\/\/www.chile-reise.com\/wp-content\/uploads\/Tierra-Fuego-Nov-2013139-1024x645-240x140.jpg\" class=\"attachment-thumbnail size-thumbnail\" alt=\"Tierra Fuego Nov 2013139 1024x645\" \/><\/a>\r\n            <\/dt>\r\n                <dd class='gallery-caption'>\r\n                Penguins Tierra del Fuego\r\n                <\/dd><\/dl><br style=\"clear: both\" \/>\r\n            <br style='clear: both;' \/>\r\n        <\/div>\n<div class=\"clear\"><\/div><div class=\"divider\"><\/div>\n<p>Eine Kreuzfahrt, auf der sich Geschichte und Legenden begegnen. Erleben Sie mit uns die Routen der wagemutigen Segler des 16. Jahrhunderts, wie Hern\u00e1n de Magallan, Sir Francis Drake und Kapit\u00e4n Sarmiento de Gamboa! Sie werden \u00fcberw\u00e4ltigt sein von der zauberhaften Welt des Waldes, des Eises und des Meeres sowie von der artenreichen Flora und Fauna. Die Flotte von Australis umfasst die eleganten Kreuzfahrtschiffe Stella Australis und Via Australis. Die \u00abStella Australis\u00bb wurde im Januar 2011 zum 20-j\u00e4hrigen Jubil\u00e4um der Kreuzfahrtgesellschaft eingeweiht. Beide Schiffe gew\u00e4hren ein H\u00f6chstma\u00df an Sicherheit und Komfort, die Au\u00dfenkabinen bieten atemberaubende Blicke auf Gletscher, W\u00e4lder und schneebedeckte Berge. Die Bordreiseleitung und die Zodiac-Ausfl\u00fcge bekommen seit Jahren beste Kundenbewertungen! Jeder Tag Ihres Abenteuers wird von k\u00f6stlichen regionalen Spezialit\u00e4ten wie Austern, K\u00f6nigskrabben, Fisch, argentinischem Rindfleisch und dem unvergleichlichen patagonischen Lamm gekr\u00f6nt. Unterwegs k\u00f6nnen Sie Ihr Wissen \u00fcber Patagonien und seine Menschen mit interessanten B\u00fcchern, Dokumentarfilmen und informativen Dia-Shows vertiefen. <\/p>\n\n\t<script type=\"text\/javascript\">\tjQuery(document).ready(function($){\tjQuery(\"ul.tabs-nav\").tabs(\"> .pane\"); }); <\/script>\n\n\t\t<div class=\"post-tabs\">\n\t\t\n<ul class=\"tabs-nav\">\n<li>Tourverlauf<\/li>\n<li>Leistungen<\/li>\n<li>Ausr\u00fcstung<\/li>\n<li>Route<\/li>\n<li>Anmerkungen<\/li>\n<\/ul> <\/p>\n\n\t\t<div class=\"pane\">\n\t\t\n<h2>Punta Arenas &#8211; Ushuaia<\/h2>\n<p>(5 Tage \/ 4 N\u00e4chte) <\/p>\n<p><strong>1. Tag &#8211; Punta Arenas<\/strong><br \/>\nNach dem Einchecken in Punta Arenas am Nachmittag hei\u00dft Sie der Kapit\u00e4n bei einem Empfang an Bord willkommen. Dann beginnt Ihre atemberaubende Reise durch die Magellanstra\u00dfe und den Beaglekanal bis ans \u00abEnde der Welt\u00bb. <\/p>\n<p><strong>2. Tag &#8211; Ainsworth Bucht \/ Tucker Island<\/strong><br \/>\nDurch die Meerenge von Almirantazgo gelangen Sie zur Ainsworth Bucht, von wo aus Sie einen Entdeckungsspaziergang zu einem Biberdamm mitten im Magellanwald unternehmen. Am Strand k\u00f6nnen Sie mit etwas Gl\u00fcck eine Seeelefantenkolonie beobachten. Sp\u00e4ter brechen Sie zu einem Besuch der Insel Tucker auf, in deren N\u00e4he sich Magellanpinguine und Komorane von Booten aus beobachten lassen. Im April, wenn die Pinguine auf Wanderschaft gehen, findet stattdessen ein Ausflug zum Gletscher in der Brookes Bucht statt.<\/p>\n<p><strong>3. Tag &#8211; Piagletscher<\/strong><br \/>\nAn diesem Tag f\u00fchrt die Reise durch den Hauptteil des Beaglekanals zur Bucht des Pia-Gletschers. Nach einer kurzen Wanderung erreichen Sie den Aussichtspunkt mit einem spektakularen Blick auf die Gletscherzunge, die sich von den Bergen bis hin zur See erstreckt. Diesem unvergesslichen Ereignis folgt die Fahrt auf dem nordwestlichen Arm des Beaglekanals, durch eine spektakul\u00e4re \u00abGletscher-Allee\u00bb, in deren Reihen sich auch der \u00abDeutschland-Gletscher\u00bb befindet.<\/p>\n<p><strong>4. Tag &#8211; Kap Hoorn \/ Wulaiabucht<\/strong><br \/>\nIhr heutiges Ziel ist der Nationalpark Kap Hoorn, der von der UNESCO zum Weltbiosph\u00e4renreservat erkl\u00e4rt wurde. Am Nachmittag gehen Sie in der Wulaia-Bucht an Land, einst die Region mit den zahlreichsten Eingeborenen-siedlungen. Das Gebiet ist auch f\u00fcr die beeindruckende Sch\u00f6nheit seiner Landschaft bekannt. Vom Aussichtspunkt, den Sie bei einem Spaziergang durch den Magellanwald erreichen, genie\u00dfen Sie den Blick \u00fcber die Vielfalt der einheimischen Flora, wie z.B. Lenga- und Coig\u00fce-B\u00e4ume und Farne. <\/p>\n<p><strong>5. Tag &#8211; Ushuaia<\/strong><br \/>\nAnkunft in Ushuaia, Argentiniens bedeutenster Stadt auf Feuerland. Die Kreuzfahrt endet hier. Gegen 8 Uhr morgens werden Sie von Bord gehen.<\/p>\n<p><iframe loading=\"lazy\" width=\"560\" height=\"315\" src=\"https:\/\/www.youtube.com\/embed\/oZehtF5U0rQ?showinfo=0\" frameborder=\"0\" allowfullscreen><\/iframe><\/p>\n<h2>Ushuaia &#8211; Punta Arenas<\/h2>\n<p>(5 Tage \/ 4 N\u00e4chte) <\/p>\n<p><strong>1. Tag &#8211; Ushuaia<\/strong><br \/>\nNach dem Einchecken in Ushuaia werden Sie mit einem Empfang an Bord willkommen gehei\u00dfen. Danach beginnt Ihre atemberaubende Reise durch die Magellanstra\u00dfe und den Beaglekanal am \u00abEnde der Welt\u00bb. <\/p>\n<p><strong>2. Tag &#8211; Nationalpark Kap Hoorn<\/strong><br \/>\nIhr erstes Ziel ist der Nationalpark Kap Hoorn, der von der UNESCO zum Weltbiosph\u00e4renreservat erkl\u00e4rt wurde (Landgang wetterabh\u00e4ngig). Kap Hoorn hat den mystischen Beinamen \u00abEnde der Welt\u00bb; unz\u00e4hlige Legenden ranken sich um diesen Ort. Am Nachmittag gehen Sie in der Wulaia-Bucht an Land, einst die Region mit den zahlreichsten Eingeborenensiedlungen. Das Gebiet ist auch f\u00fcr die beeindruckende Sch\u00f6nheit seiner Landschaft bekannt. Vom Aussichtspunkt, den Sie bei einem Spaziergang durch den Magellanwald erreichen, genie\u00dfen Sie den Blick \u00fcber die Vielfalt der einheimischen Flora, wie z.B. Lenga- und Coig\u00fce-B\u00e4ume und Farne. <\/p>\n<p><strong>3. Tag &#8211; Pia- und Garibaldigletscher<\/strong><br \/>\n\u00dcber den nordwestlichen Arm des Beagle Kanals erreichen Sie am Morgen den Pia-Fjord, wo Sie nahe des gleichnamigen Gletschers an Land gehen. Ein kurzer Spaziergang bringt Sie zu einem beeindruckenden Aussichtspunkt \u00fcber dem eisigen Riesen. Am Nachmittag erfolgt ein weiterer Landgang am Garibaldifjord mit einer Wanderung durch den dichten Wald zu einem sch\u00f6nen Wasserfall glaziaren Ursprungs. <\/p>\n<p><strong>4. Tag \u2013 Piloto &#038; Nena Gletscher &#8211; Agostini Sund \u2013 \u00c1guila Gletscher<\/strong><br \/>\nMorgens steigen Sie vom Kreuzfahrtschiff auf kleine Zodiac-Boote um, mit denen Sie den Alakaluf-Fjord erkunden. Unterwegs erwarten Sie spektakul\u00e4re Blicke auf zahlreiche Wasserf\u00e4lle und die stahlblauen Gletscher Piloto und Nena. Am Nachmittag erreichen Sie den Agostini-Fjord im Herzen des Darwin-Gebirgszuges, eine spektakul\u00e4re Kulisse aus schroffen Felsen, blau leuchtenden Gletschern und schneebedeckten Gipfeln. Nahe des \u00c1guila-Gletschers gehen Sie an Land und unternehmen einen Spaziergang, der Sie nahe an die Gletscherzunge heranf\u00fchrt. <\/p>\n<p><strong>5. Tag &#8211; Isla Magdalena, die Pinguininsel<\/strong><br \/>\nFr\u00fch am Morgen erreichen Sie die Isla Magdalena. Auf dem Weg zum Leuchtturm des Eilands kommen Sie an einer riesigen Kolonie von Magellanpinguinen vorbei. Im April, wenn die Pinguine auf Wanderschaft gehen, werden Sie stattdessen eine Seel\u00f6wenkolonie auf der Isla Marta besuchen. Gegen Mittag legen Sie in Punta Arenas an, wo Ihre Keuzfahrt endet. <\/p>\n<p><iframe loading=\"lazy\" width=\"560\" height=\"315\" src=\"https:\/\/www.youtube.com\/embed\/_azT9NahoZQ?list=PL8VG7hfgmejzE30qoJxExgg-k9DUSFoPO&amp;controls=0&amp;showinfo=0\" frameborder=\"0\" allowfullscreen><\/iframe><br \/>\n\n\t\t<\/div>\n\t\n\n\t\t<div class=\"pane\">\n\t\t\nVollpension<br \/>\nGenannte Exkursionen<br \/>\n\n\t\t<\/div>\n\t\n\n\t\t<div class=\"pane\">\n\t\t\nDenken Sie unbedingt an Winter- und Regenkleidung sowie feste Wanderschuhe. Rettungswesten werden gestellt. <img loading=\"lazy\" decoding=\"async\" class=\"aligncenter size-full wp-image-3905\" src=\"https:\/\/www.chile-reise.com\/wp-content\/uploads\/img-equipamiento-aleman-baja.jpg\" alt=\"img-equipamiento-aleman-baja\" width=\"600\" height=\"745\" srcset=\"https:\/\/www.chile-reise.com\/wp-content\/uploads\/img-equipamiento-aleman-baja.jpg 600w, https:\/\/www.chile-reise.com\/wp-content\/uploads\/img-equipamiento-aleman-baja-265x330.jpg 265w\" sizes=\"auto, (max-width: 600px) 100vw, 600px\" \/> \n\t\t<\/div>\n\t\n\n\t\t<div class=\"pane\">\n\t\t\n<img loading=\"lazy\" decoding=\"async\" src=\"https:\/\/www.chile-reise.com\/wordpress\/wp-content\/uploads\/USH-PUQ4_en-1024x791.jpg\" alt=\"Cruceros Australis Ushuaia - Punta Arenas\" width=\"1024\" height=\"791\" class=\"aligncenter size-full wp-image-2705\" srcset=\"https:\/\/www.chile-reise.com\/wp-content\/uploads\/USH-PUQ4_en-1024x791.jpg 1024w, https:\/\/www.chile-reise.com\/wp-content\/uploads\/USH-PUQ4_en-1024x791-427x330.jpg 427w\" sizes=\"auto, (max-width: 1024px) 100vw, 1024px\" \/><br \/>\n<img loading=\"lazy\" decoding=\"async\" src=\"https:\/\/www.chile-reise.com\/wordpress\/wp-content\/uploads\/PUQ-USH_en-1024x791.jpg\" alt=\"Cruceros Australis Punta Arenas - Ushuaia\" width=\"1024\" height=\"791\" class=\"aligncenter size-full wp-image-2704\" srcset=\"https:\/\/www.chile-reise.com\/wp-content\/uploads\/PUQ-USH_en-1024x791.jpg 1024w, https:\/\/www.chile-reise.com\/wp-content\/uploads\/PUQ-USH_en-1024x791-427x330.jpg 427w\" sizes=\"auto, (max-width: 1024px) 100vw, 1024px\" \/><br \/>\n\n\t\t<\/div>\n\t\n\n\t\t<div class=\"pane\">\n\t\t\nDie beiden Reisen k\u00f6nnen zu einer Rundreise kombiniert werden. K\u00fcrzere (4 Tage\/3 N\u00e4chte) und l\u00e4ngere Versionen (8 Tage\/7 N\u00e4chte) dieser Kreuzfahrt k\u00f6nnen ebenfalls angeboten werden.<\/p>\n<p><strong>Video zur Reise ab\/bis Ushuaia (3 N\u00e4chte): <\/strong><\/p>\n<p><iframe loading=\"lazy\" width=\"560\" height=\"315\" src=\"https:\/\/www.youtube.com\/embed\/bY8Wp-tAetw?rel=0&amp;controls=0&amp;showinfo=0\" frameborder=\"0\" allowfullscreen><\/iframe><br \/>\n\n\t\t<\/div>\n\t\n\n\t\t<\/div>\n\t<\/p>","protected":false},"excerpt":{"rendered":"<p>Eine Kreuzfahrt, auf der sich Geschichte und Legenden begegnen. Erleben Sie mit uns die Routen der wagemutigen Segler des 16. Jahrhunderts, wie Hern\u00e1n de Magallan, Sir Francis Drake und Kapit\u00e4n Sarmiento de Gamboa! Sie werden \u00fcberw\u00e4ltigt sein von der zauberhaften &#8230;<\/p>\n","protected":false},"author":16,"featured_media":0,"parent":575,"menu_order":0,"comment_status":"open","ping_status":"open","template":"","meta":{"slim_seo":{"title":"Australis - Die eisigen Gew\u00e4sser von Patagonien und Feuerland Australis - Icy Waters of Patagonia and Tierra del Fuego - travelArt","description":"Stella Australis Room Via Australis Restaurant Stella Australis Via Australis Cape Horn Penguins Tierra del Fuego Eine Kreuzfahrt, auf der sich Geschichte und L"},"footnotes":""},"class_list":["post-508","page","type-page","status-publish","hentry"],"_links":{"self":[{"href":"https:\/\/www.chile-reise.com\/de\/wp-json\/wp\/v2\/pages\/508","targetHints":{"allow":["GET"]}}],"collection":[{"href":"https:\/\/www.chile-reise.com\/de\/wp-json\/wp\/v2\/pages"}],"about":[{"href":"https:\/\/www.chile-reise.com\/de\/wp-json\/wp\/v2\/types\/page"}],"author":[{"embeddable":true,"href":"https:\/\/www.chile-reise.com\/de\/wp-json\/wp\/v2\/users\/16"}],"replies":[{"embeddable":true,"href":"https:\/\/www.chile-reise.com\/de\/wp-json\/wp\/v2\/comments?post=508"}],"version-history":[{"count":0,"href":"https:\/\/www.chile-reise.com\/de\/wp-json\/wp\/v2\/pages\/508\/revisions"}],"up":[{"embeddable":true,"href":"https:\/\/www.chile-reise.com\/de\/wp-json\/wp\/v2\/pages\/575"}],"wp:attachment":[{"href":"https:\/\/www.chile-reise.com\/de\/wp-json\/wp\/v2\/media?parent=508"}],"curies":[{"name":"wp","href":"https:\/\/api.w.org\/{rel}","templated":true}]}}