{"id":506,"date":"2013-07-05T17:12:01","date_gmt":"2013-07-05T15:12:01","guid":{"rendered":"http:\/\/www.chile-reise.com\/wordpress\/?page_id=506"},"modified":"2025-03-26T16:51:15","modified_gmt":"2025-03-26T14:51:15","slug":"betreuung-von-kreuzfahrtschiffen","status":"publish","type":"page","link":"https:\/\/www.chile-reise.com\/de\/betreuung-von-kreuzfahrtschiffen\/","title":{"rendered":"Betreuung von Kreuzfahrtschiffen"},"content":{"rendered":"<img loading=\"lazy\" decoding=\"async\" src=\"https:\/\/www.chile-reise.com\/wp-content\/uploads\/Betreuung-vno-Kreuzfahrtschiffen.png\" alt=\"Betreuung vno kreuzfahrtschiffen\" width=\"700\" height=\"394\" class=\"aligncenter size-full wp-image-17198\" srcset=\"https:\/\/www.chile-reise.com\/wp-content\/uploads\/Betreuung-vno-Kreuzfahrtschiffen.png 700w, https:\/\/www.chile-reise.com\/wp-content\/uploads\/Betreuung-vno-Kreuzfahrtschiffen-586x330.png 586w\" sizes=\"auto, (max-width: 700px) 100vw, 700px\" \/><\/p>\n<p>F\u00fcr Kreuzfahrtschiffe, die chilenische H\u00e4fen anlaufen, bieten wir eine gro\u00dfe Auswahl an qualitativ hochwertigen Dienstleistungen an. Wir arbeiten Hand in Hand mit der Schiffsbesatzung und den jeweiligen H\u00e4fen, um einen reibungslosen und ma\u00dfgeschneiderten Ablauf der Landg\u00e4nge und Transporte zu gew\u00e4hrleisten. Seit mehr als zehn Jahren verlassen sich namhafte Reedereien auf unsere Erfahrung bei der Komplettbetreuung von Kreuzfahrtschiffen.<\/p>\n<p><strong><br \/>\nLandausfl\u00fcge<\/strong><br \/>\nAn allen chilenischen H\u00e4fen bieten wir eine breite Palette an Landausfl\u00fcgen: Besichtigungen, Trekking, Sportexkursionen, Rundfl\u00fcge, Weintouren, Folkloreshows, landestypisches Essen und Citytouren f\u00fcr jeden Geschmack. Bei unseren erfahrenen Reiseleitern sind die G\u00e4ste in besten H\u00e4nden. Wir sorgen daf\u00fcr, dass sie auch bei einem kurzen Aufenthalt Chiles beste Seiten zu sehen bekommen!<\/p>\n<p><strong><br \/>\nPassagieraustausch<\/strong><br \/>\nDer Beginn und das Ende einer langen Reise hinterlassen einen bleibenden Eindruck. An allen chilenischen H\u00e4fen und Flugh\u00e4fen steht ein gut ausgebildetes, mehrsprachiges Team bereit, um den G\u00e4sten eine angenehme Ankunft und Abreise zu bereiten mit reibungslosen Transfers und Gep\u00e4ckabfertigungen. Wir meistern die logistischen Herausforderungen eines Passagieraustausches.<\/p>\n<p><strong><br \/>\n\u00dcberland-Programme<\/strong><br \/>\nDienstleistungen von Hafen zu Hafen. Dar\u00fcber hinaus umfasst unser Service auch Ausfl\u00fcge auf dem Landweg in weiter vom Hafen entfernte St\u00e4dte wie zum Ort San Pedro de Atacama (Atacama-W\u00fcste) oder nach Torres del Paine (Patagonien).<\/p>\n<p><strong><br \/>\nProgramme vor und nach der Kreuzfahrt<\/strong><br \/>\nOb eine Entdeckungsreise durch die Atacama-W\u00fcste oder die Erkundung der reichen Tierwelt Patagoniens sowie der exotischen Osterinsel, wir bieten den Kreuzfahrtteilnehmern die M\u00f6glichkeit, ihre Reise mit interessanten Aufenthalten in Chile zu verl\u00e4ngern, vor der Einschiffung oder nach der Ausschiffung in einem der chilenischen H\u00e4fen.<\/p>\n<p><strong><br \/>\nHospitality Desk Service<\/strong><br \/>\nWir legen gro\u00dfen Wert auf die Erf\u00fcllung aller Sonderw\u00fcnsche der Kreuzfahrtgesellschaften, die w\u00e4hrend des Ein- oder Ausschiffungsvorgangs realisiert werden m\u00fcssen. Unser Personal k\u00fcmmert sich um Ihre G\u00e4ste in Chile.  <\/p>\n<p><strong><br \/>\nKontakt:<\/strong><br \/>\n<a href=\"&#x6d;a&#x69;l&#x74;&#111;:&#x63;r&#x75;&#105;s&#x65;s&#x40;&#116;r&#x61;v&#x65;l&#x61;&#x72;t&#x2e;c&#x6f;&#109;\">&#x63;r&#x75;i&#x73;&#101;s&#x40;t&#x72;a&#x76;&#101;l&#x61;r&#x74;&#46;c&#x6f;m<\/a> | <a href=\"&#x6d;&#x61;il&#x74;&#x6f;&#58;in&#x66;&#x6f;&#64;t&#x72;&#x61;&#118;el&#x61;&#x72;t.&#x63;&#x6f;&#109;\">&#x69;nf&#x6f;&#64;t&#x72;av&#x65;la&#x72;t.&#x63;om<\/a>","protected":false},"excerpt":{"rendered":"<p>F\u00fcr Kreuzfahrtschiffe, die chilenische H\u00e4fen anlaufen, bieten wir eine gro\u00dfe Auswahl an qualitativ hochwertigen Dienstleistungen an. Wir arbeiten Hand in Hand mit der Schiffsbesatzung und den jeweiligen H\u00e4fen, um einen reibungslosen und ma\u00dfgeschneiderten Ablauf der Landg\u00e4nge und Transporte zu gew\u00e4hrleisten. &#8230;<\/p>\n","protected":false},"author":16,"featured_media":0,"parent":0,"menu_order":0,"comment_status":"open","ping_status":"open","template":"","meta":{"slim_seo":{"title":"[:de]Betreuung von Kreuzfahrtschiffen[:en]Cruise Handling[:] - travelArt","description":"[:de] F\u00fcr Kreuzfahrtschiffe, die chilenische H\u00e4fen anlaufen, bieten wir eine gro\u00dfe Auswahl an qualitativ hochwertigen Dienstleistungen an. Wir arbeiten Hand in"},"footnotes":""},"class_list":["post-506","page","type-page","status-publish","hentry"],"_links":{"self":[{"href":"https:\/\/www.chile-reise.com\/de\/wp-json\/wp\/v2\/pages\/506","targetHints":{"allow":["GET"]}}],"collection":[{"href":"https:\/\/www.chile-reise.com\/de\/wp-json\/wp\/v2\/pages"}],"about":[{"href":"https:\/\/www.chile-reise.com\/de\/wp-json\/wp\/v2\/types\/page"}],"author":[{"embeddable":true,"href":"https:\/\/www.chile-reise.com\/de\/wp-json\/wp\/v2\/users\/16"}],"replies":[{"embeddable":true,"href":"https:\/\/www.chile-reise.com\/de\/wp-json\/wp\/v2\/comments?post=506"}],"version-history":[{"count":5,"href":"https:\/\/www.chile-reise.com\/de\/wp-json\/wp\/v2\/pages\/506\/revisions"}],"predecessor-version":[{"id":17201,"href":"https:\/\/www.chile-reise.com\/de\/wp-json\/wp\/v2\/pages\/506\/revisions\/17201"}],"wp:attachment":[{"href":"https:\/\/www.chile-reise.com\/de\/wp-json\/wp\/v2\/media?parent=506"}],"curies":[{"name":"wp","href":"https:\/\/api.w.org\/{rel}","templated":true}]}}