{"id":504,"date":"2013-07-04T21:57:02","date_gmt":"2013-07-04T19:57:02","guid":{"rendered":"http:\/\/www.chile-reise.com\/wordpress\/?page_id=504"},"modified":"2024-12-06T15:12:29","modified_gmt":"2024-12-06T13:12:29","slug":"home","status":"publish","type":"page","link":"https:\/\/www.chile-reise.com\/de\/","title":{"rendered":"Reiseveranstalter (DMC) in Chile"},"content":{"rendered":"<h2>\u00a1Bienvenido! Willkommen in Chile<\/h2>\n<p><a href=\"https:\/\/www.chile-reise.com\/wp-content\/uploads\/Photo-tour-operator-travelArt-Chile-700x201.jpg\"><img loading=\"lazy\" decoding=\"async\" class=\"aligncenter size-full wp-image-12740\" src=\"https:\/\/www.chile-reise.com\/wp-content\/uploads\/Photo-tour-operator-travelArt-Chile-700x201.jpg\" alt=\"Photo tour operator travelArt Chile\" width=\"700\" height=\"201\" srcset=\"https:\/\/www.chile-reise.com\/wp-content\/uploads\/Photo-tour-operator-travelArt-Chile-700x201.jpg 700w, https:\/\/www.chile-reise.com\/wp-content\/uploads\/Photo-tour-operator-travelArt-Chile-620x178.jpg 620w\" sizes=\"auto, (max-width: 700px) 100vw, 700px\" \/><\/a><\/p>\n<h3 style=\"text-align: center;\">travelArt. Creating trips to fall in love with.<\/h3>\n<div class=\"one_half\"><img loading=\"lazy\" decoding=\"async\" src=\"https:\/\/www.chile-reise.com\/wp-content\/uploads\/Laguna-Ancacohigue-bienvenido.jpg\" alt=\"Laguna Ancacohigue\" width=\"250\" height=\"250\" class=\"alignleft size-full wp-image-10363\" srcset=\"https:\/\/www.chile-reise.com\/wp-content\/uploads\/Laguna-Ancacohigue-bienvenido.jpg 250w, https:\/\/www.chile-reise.com\/wp-content\/uploads\/Laguna-Ancacohigue-bienvenido-70x70.jpg 70w\" sizes=\"auto, (max-width: 250px) 100vw, 250px\" \/><\/div>\n<div class=\"one_half\">travelArt wurde 1994 als Incoming-Reiseveranstalter (DMC) in Chile gegr\u00fcndet und bietet seither exklusive Gruppenprogramme sowie <strong>ma\u00dfgeschneiderte Gruppen- und Individualreisen<\/strong> f\u00fcr gro\u00dfe internationale Reiseveranstalter an.<\/p>\n<p>Zus\u00e4tzlich zu unserem breiten Angebot an Kultur-, Natur-, Wellness- und Selbstfahrerreisen organisieren wir auch Tagesausfl\u00fcge f\u00fcr G\u00e4ste, die mit einem Kreuzfahrtschiff nach Chile kommen.<\/p>\n<p><strong>Mehr als 30 Jahre Erfahrung!<\/strong><\/div>\n<p>Bei unseren hochqualifizierten, freundlichen Mitarbeitern sind Sie in guten H\u00e4nden: Unsere Reiseleiter kennen ihr Land mit all seiner Vielfalt nicht nur in- und auswendig, sondern teilen ihr Wissen und ihre Erfahrung auch gerne mit den G\u00e4sten. So wird Ihre <strong>Reise nach Chile garantiert zu einem einzigartigen, unvergesslichen Reiseerlebnis<\/strong>.<\/p>\n<p><strong>Unsere Philosophie<\/strong>: Kundenorientierte Servicementalit\u00e4t, freundliche und engagierte Mitarbeiter, immer nah an unseren Partnern, konsequenter Fokus auf die W\u00fcnsche und Anforderungen der G\u00e4ste.<\/p>\n<p>Wir m\u00f6chten Reisen und Aktivit\u00e4ten anbieten, die auf <strong>Nachhaltigkeit<\/strong> ausgerichtet sind. Dazu geh\u00f6rt eine <strong>enge Zusammenarbeit mit lokalen Organisationen,<\/strong> eine verantwortungsvolle Auswahl der Dienstleister, eine sorgf\u00e4ltige Beachtung der Besonderheiten des Landes und ein positives Arbeitsumfeld.<\/p>\n<p style=\"text-align: center;\"><strong>Wir freuen uns auf Sie!<\/strong><\/p>\n<p><\/br><\/p>\n<h1><a title=\"Kleiner Reisef\u00fchrer\" href=\"en\/kleiner-reisefuehrer\">Chile &#8211; Die ganze Welt in einem Land<\/a><\/h1>\n<div id=\"metaslider-id-6748\" style=\"max-width: 620px;\" class=\"ml-slider-3-107-0 metaslider metaslider-nivo metaslider-6748 ml-slider ms-theme-default\" role=\"region\" aria-label=\"Home\" data-height=\"330\" data-width=\"620\">\n    <div id=\"metaslider_container_6748\">\n        <div class='slider-wrapper theme-default'><div class='ribbon'><\/div><div id='metaslider_6748' class='nivoSlider'><a href=\"http:\/\/kleiner-reisefuehrer\/altiplano\/\" target=\"_self\"><img loading=\"lazy\" decoding=\"async\" width=\"620\" height=\"330\" src=\"https:\/\/www.chile-reise.com\/wp-content\/uploads\/slider_altiplano.jpg\" class=\"slider-6748 slide-697 msDefaultImage\" alt=\"Slider altiplano\" data-caption=\"\" data-thumb=\"\" title=\"\" rel=\"\" srcset=\"https:\/\/www.chile-reise.com\/wp-content\/uploads\/slider_altiplano.jpg 620w, https:\/\/www.chile-reise.com\/wp-content\/uploads\/slider_altiplano-300x160.jpg 300w\" sizes=\"auto, (max-width: 620px) 100vw, 620px\" \/><\/a><a href=\"http:\/\/kleiner-reisefuehrer\/atacamawueste\/\" target=\"_self\"><img loading=\"lazy\" decoding=\"async\" width=\"620\" height=\"330\" src=\"https:\/\/www.chile-reise.com\/wp-content\/uploads\/slider_atacamawueste.jpg\" class=\"slider-6748 slide-1694 msDefaultImage\" alt=\"Slider atacamawueste\" data-caption=\"\" data-thumb=\"\" title=\"\" rel=\"\" srcset=\"https:\/\/www.chile-reise.com\/wp-content\/uploads\/slider_atacamawueste.jpg 620w, https:\/\/www.chile-reise.com\/wp-content\/uploads\/slider_atacamawueste-300x160.jpg 300w\" sizes=\"auto, (max-width: 620px) 100vw, 620px\" \/><\/a><a href=\"http:\/\/kleiner-reisefuehrer\/santiago-zentralchile-und-pazifikkueste\/\" target=\"_self\"><img loading=\"lazy\" decoding=\"async\" width=\"620\" height=\"330\" src=\"https:\/\/www.chile-reise.com\/wp-content\/uploads\/slider_zentralchile.jpg\" class=\"slider-6748 slide-1695 msDefaultImage\" alt=\"Slider zentralchile\" data-caption=\"\" data-thumb=\"\" title=\"\" rel=\"\" srcset=\"https:\/\/www.chile-reise.com\/wp-content\/uploads\/slider_zentralchile.jpg 620w, https:\/\/www.chile-reise.com\/wp-content\/uploads\/slider_zentralchile-300x160.jpg 300w\" sizes=\"auto, (max-width: 620px) 100vw, 620px\" \/><\/a><a href=\"http:\/\/kleiner-reisefuehrer\/seengebiet\/\" target=\"_self\"><img loading=\"lazy\" decoding=\"async\" width=\"620\" height=\"330\" src=\"https:\/\/www.chile-reise.com\/wp-content\/uploads\/slider_seengebiet1.jpg\" class=\"slider-6748 slide-924 msDefaultImage\" alt=\"Slider seengebiet\" data-caption=\"\" data-thumb=\"\" title=\"\" rel=\"\" srcset=\"https:\/\/www.chile-reise.com\/wp-content\/uploads\/slider_seengebiet1.jpg 620w, https:\/\/www.chile-reise.com\/wp-content\/uploads\/slider_seengebiet1-300x160.jpg 300w\" sizes=\"auto, (max-width: 620px) 100vw, 620px\" \/><\/a><a href=\"http:\/\/kleiner-reisefuehrer\/carretera-austral\/\" target=\"_self\"><img loading=\"lazy\" decoding=\"async\" width=\"620\" height=\"330\" src=\"https:\/\/www.chile-reise.com\/wp-content\/uploads\/slider_carretera_austral.jpg\" class=\"slider-6748 slide-1696 msDefaultImage\" alt=\"Slider carretera austral\" data-caption=\"\" data-thumb=\"\" title=\"\" rel=\"\" srcset=\"https:\/\/www.chile-reise.com\/wp-content\/uploads\/slider_carretera_austral.jpg 620w, https:\/\/www.chile-reise.com\/wp-content\/uploads\/slider_carretera_austral-300x160.jpg 300w\" sizes=\"auto, (max-width: 620px) 100vw, 620px\" \/><\/a><a href=\"http:\/\/kleiner-reisefuehrer\/patagonien\/\" target=\"_self\"><img loading=\"lazy\" decoding=\"async\" width=\"620\" height=\"330\" src=\"https:\/\/www.chile-reise.com\/wp-content\/uploads\/slider_patagonien1.jpg\" class=\"slider-6748 slide-926 msDefaultImage\" alt=\"Slider patagonien\" data-caption=\"\" data-thumb=\"\" title=\"\" rel=\"\" srcset=\"https:\/\/www.chile-reise.com\/wp-content\/uploads\/slider_patagonien1.jpg 620w, https:\/\/www.chile-reise.com\/wp-content\/uploads\/slider_patagonien1-300x160.jpg 300w\" sizes=\"auto, (max-width: 620px) 100vw, 620px\" \/><\/a><a href=\"http:\/\/kleiner-reisefuehrer\/osterinsel\/\" target=\"_self\"><img loading=\"lazy\" decoding=\"async\" width=\"620\" height=\"330\" src=\"https:\/\/www.chile-reise.com\/wp-content\/uploads\/slider_osterinsel.jpg\" class=\"slider-6748 slide-699 msDefaultImage\" alt=\"Slider osterinsel\" data-caption=\"\" data-thumb=\"\" title=\"\" rel=\"\" srcset=\"https:\/\/www.chile-reise.com\/wp-content\/uploads\/slider_osterinsel.jpg 620w, https:\/\/www.chile-reise.com\/wp-content\/uploads\/slider_osterinsel-300x160.jpg 300w\" sizes=\"auto, (max-width: 620px) 100vw, 620px\" \/><\/a><\/div><\/div>\n        \n    <\/div>\n<\/div>","protected":false},"excerpt":{"rendered":"<p>\u00a1Bienvenido! Willkommen in Chile travelArt. Creating trips to fall in love with. Bei unseren hochqualifizierten, freundlichen Mitarbeitern sind Sie in guten H\u00e4nden: Unsere Reiseleiter kennen ihr Land mit all seiner Vielfalt nicht nur in- und auswendig, sondern teilen ihr Wissen &#8230;<\/p>\n","protected":false},"author":16,"featured_media":0,"parent":0,"menu_order":0,"comment_status":"open","ping_status":"open","template":"","meta":{"slim_seo":{"title":"(English) Incoming Tour Operator (DMC) in Chile - travelArt","description":"(English) Incoming tour operator DMC in Chile with more than 25 years of experience. Tailor-made programs in Chile for groups and individual travellers"},"footnotes":""},"class_list":["post-504","page","type-page","status-publish","hentry"],"_links":{"self":[{"href":"https:\/\/www.chile-reise.com\/de\/wp-json\/wp\/v2\/pages\/504","targetHints":{"allow":["GET"]}}],"collection":[{"href":"https:\/\/www.chile-reise.com\/de\/wp-json\/wp\/v2\/pages"}],"about":[{"href":"https:\/\/www.chile-reise.com\/de\/wp-json\/wp\/v2\/types\/page"}],"author":[{"embeddable":true,"href":"https:\/\/www.chile-reise.com\/de\/wp-json\/wp\/v2\/users\/16"}],"replies":[{"embeddable":true,"href":"https:\/\/www.chile-reise.com\/de\/wp-json\/wp\/v2\/comments?post=504"}],"version-history":[{"count":1,"href":"https:\/\/www.chile-reise.com\/de\/wp-json\/wp\/v2\/pages\/504\/revisions"}],"predecessor-version":[{"id":16874,"href":"https:\/\/www.chile-reise.com\/de\/wp-json\/wp\/v2\/pages\/504\/revisions\/16874"}],"wp:attachment":[{"href":"https:\/\/www.chile-reise.com\/de\/wp-json\/wp\/v2\/media?parent=504"}],"curies":[{"name":"wp","href":"https:\/\/api.w.org\/{rel}","templated":true}]}}