{"id":485,"date":"2013-07-04T19:48:32","date_gmt":"2013-07-04T17:48:32","guid":{"rendered":"http:\/\/www.chile-reise.com\/wordpress\/?page_id=485"},"modified":"2014-03-17T20:53:35","modified_gmt":"2014-03-17T18:53:35","slug":"suedliche-carretera-austral","status":"publish","type":"page","link":"https:\/\/www.chile-reise.com\/de\/mietwagenreisen\/suedliche-carretera-austral\/","title":{"rendered":"S\u00fcdliche Carretera Austral"},"content":{"rendered":"<p>\r\n        <style type='text\/css'>\r\n            #gallery-1 {\r\n                margin: auto;\r\n            }\r\n            #gallery-1 .gallery-item {\r\n                float: left;\r\n                margin-top: 10px;\r\n                text-align: center;\r\n                width: 33%;           }\r\n            #gallery-1 img {\r\n                border: 2px solid #cfcfcf;\r\n            }\r\n            #gallery-1 .gallery-caption {\r\n                margin-left: 0;\r\n            }\r\n        <\/style>\r\n        <!-- see gallery_shortcode() in wp-includes\/media.php -->\r\n        <div id='gallery-1' class='gallery-images gallery galleryid-485'><dl class='gallery-item'>\r\n            <dt class='gallery-icon'>\r\n                <a href='https:\/\/www.chile-reise.com\/wp-content\/uploads\/Capillas-de-Marmol-1_klein1.jpg'><img loading=\"lazy\" decoding=\"async\" width=\"240\" height=\"140\" src=\"https:\/\/www.chile-reise.com\/wp-content\/uploads\/Capillas-de-Marmol-1_klein1-240x140.jpg\" class=\"attachment-thumbnail size-thumbnail\" alt=\"Capillas de Marmol 1 klein\" \/><\/a>\r\n            <\/dt>\r\n                <dd class='gallery-caption'>\r\n                Catedral de M\u00e1rmol\r\n                <\/dd><\/dl><dl class='gallery-item'>\r\n            <dt class='gallery-icon'>\r\n                <a href='https:\/\/www.chile-reise.com\/wp-content\/uploads\/General-Carrera-Lake-1_klein1.jpg'><img loading=\"lazy\" decoding=\"async\" width=\"240\" height=\"140\" src=\"https:\/\/www.chile-reise.com\/wp-content\/uploads\/General-Carrera-Lake-1_klein1-240x140.jpg\" class=\"attachment-thumbnail size-thumbnail\" alt=\"General Carrera Lake 1 klein\" \/><\/a>\r\n            <\/dt>\r\n                <dd class='gallery-caption'>\r\n                Lake General Carrera\r\n                <\/dd><\/dl><dl class='gallery-item'>\r\n            <dt class='gallery-icon'>\r\n                <a href='https:\/\/www.chile-reise.com\/wp-content\/uploads\/Rio-Baker-2_klein.jpg'><img loading=\"lazy\" decoding=\"async\" width=\"240\" height=\"140\" src=\"https:\/\/www.chile-reise.com\/wp-content\/uploads\/Rio-Baker-2_klein-240x140.jpg\" class=\"attachment-thumbnail size-thumbnail\" alt=\"Rio Baker 2 klein\" \/><\/a>\r\n            <\/dt>\r\n                <dd class='gallery-caption'>\r\n                Rio Baker\r\n                <\/dd><\/dl><br style=\"clear: both\" \/>\r\n            <br style='clear: both;' \/>\r\n        <\/div>\n<div class=\"clear\"><\/div><div class=\"divider\"><\/div>\n<p><strong>Region:<\/strong> Carretera Austral<br \/>\n<strong>Dauer:<\/strong> 6 Tage<\/p>\n\n\t<script type=\"text\/javascript\">\tjQuery(document).ready(function($){\tjQuery(\"ul.tabs-nav\").tabs(\"> .pane\"); }); <\/script>\n\n\t\t<div class=\"post-tabs\">\n\t\t\n<ul class=\"tabs-nav\">\n<li>Tourverlauf<\/li>\n<\/ul>\n\n\t\t<div class=\"pane\">\n\t\t\n<p><strong>1. Tag &#8211; Coyhaique &#8211; Puerto Tranquilo<\/strong><\/p>\n<ul>\n<li>\u00dcbergabe des Mietwagens in Coyhaique oder am Flughafen Balmaceda<\/li>\n<li>Fahrt auf der Carretera Austral in Richtung S\u00fcden nach Puerto Tranquilo<\/li>\n<li>Naturreservat Cerro Castillo<\/li>\n<li>Bootsfahrt auf dem General Carrera-See zur \u00abMarmorkatherdrale\u00bb<\/li>\n<li>\u00dcbernachtung in Puerto Tranquilo<\/li>\n<li>70 km Asphaltstra\u00dfe \/ 150 km Schotterstra\u00dfe<\/li>\n<\/ul>\n<p><strong>2. Tag &#8211; Puerto Tranquilo &#8211; Puerto Bertrand<\/strong><\/p>\n<ul>\n<li>Fahrt entlang des General Carrera-Sees<\/li>\n<li>Nachmittags M\u00f6glichkeit zum Wandern, Angeln, oder dem Besuch der Wasserf\u00e4lle des R\u00edo Baker<\/li>\n<li>\u00dcbernachtung in Puerto Bertrand<\/li>\n<li>70 km Schotterstra\u00dfe<\/li>\n<\/ul>\n<p><strong>3. Tag &#8211; Puerto Bertrand &#8211; Puerto Guadal<\/strong><\/p>\n<ul>\n<li>Besuch des Huemul-Naturreservats Tamango bei Cochrane<\/li>\n<li>Ankunft in Puerto Guadal am Nachmittag<\/li>\n<li>Bad in den Hot Tubs der Lodge<\/li>\n<li>\u00dcbernachtung in Puerto Guadal<\/li>\n<li>125 km Schotterstra\u00dfe<\/li>\n<\/ul>\n<p><strong>4. Tag &#8211; Puerto Guadal<\/strong><\/p>\n<ul>\n<li>Exkursionen um Puerto Guadal:  Wandern, Radfahren, Reiten, Fischen&#8230;<\/li>\n<li>\u00dcbernachtung in Puerto Guadal<\/li>\n<\/ul>\n<p><strong>5. Tag &#8211; Puerto Guadal &#8211; Puerto Iba\u00f1ez<\/strong><\/p>\n<ul>\n<li>Fahrt entlang des General Carrera-Sees nach Chile Chico<\/li>\n<li>\u00dcberfahrt (ca. 2 \u00bd Std.) mit der F\u00e4hre nach Puerto Iba\u00f1ez<\/li>\n<li>\u00dcbernachtung in Puerto Iba\u00f1ez<\/li>\n<li>110 km Schotterstra\u00dfe<\/li>\n<\/ul>\n<p><strong>6. Tag Puerto Ib\u00e1\u00f1ez &#8211; Balmaceda<\/strong><\/p>\n<ul>\n<li>Fahrt entlang der Carretera  Austral zur\u00fcck nach Coyhaique oder Balmaceda<\/li>\n<li>Abgabe des Mietwagens<\/li>\n<li>70 km Asphaltstra\u00dfe, 50 km Schotterstra\u00dfe<\/li>\n<\/ul>\n\n\t\t<\/div>\n\t\n\n\t\t<\/div>\n\t<\/p>","protected":false},"excerpt":{"rendered":"<p>Region: Carretera Austral Dauer: 6 Tage<\/p>\n","protected":false},"author":16,"featured_media":0,"parent":192,"menu_order":0,"comment_status":"open","ping_status":"open","template":"","meta":{"slim_seo":{"title":"S\u00fcdliche Carretera Austral Carretera Austral - Southern Part - travelArt","description":"Catedral de M\u00e1rmol Lake General Carrera Rio Baker Region: Carretera Austral Dauer: 6 Tage Tourverlauf 1. Tag - Coyhaique - Puerto Tranquilo \u00dcbergabe des Mietwag"},"footnotes":""},"class_list":["post-485","page","type-page","status-publish","hentry"],"_links":{"self":[{"href":"https:\/\/www.chile-reise.com\/de\/wp-json\/wp\/v2\/pages\/485","targetHints":{"allow":["GET"]}}],"collection":[{"href":"https:\/\/www.chile-reise.com\/de\/wp-json\/wp\/v2\/pages"}],"about":[{"href":"https:\/\/www.chile-reise.com\/de\/wp-json\/wp\/v2\/types\/page"}],"author":[{"embeddable":true,"href":"https:\/\/www.chile-reise.com\/de\/wp-json\/wp\/v2\/users\/16"}],"replies":[{"embeddable":true,"href":"https:\/\/www.chile-reise.com\/de\/wp-json\/wp\/v2\/comments?post=485"}],"version-history":[{"count":0,"href":"https:\/\/www.chile-reise.com\/de\/wp-json\/wp\/v2\/pages\/485\/revisions"}],"up":[{"embeddable":true,"href":"https:\/\/www.chile-reise.com\/de\/wp-json\/wp\/v2\/pages\/192"}],"wp:attachment":[{"href":"https:\/\/www.chile-reise.com\/de\/wp-json\/wp\/v2\/media?parent=485"}],"curies":[{"name":"wp","href":"https:\/\/api.w.org\/{rel}","templated":true}]}}