{"id":4777,"date":"2014-04-22T21:06:34","date_gmt":"2014-04-22T19:06:34","guid":{"rendered":"http:\/\/www.chile-reise.com\/?page_id=4777"},"modified":"2015-06-10T18:28:02","modified_gmt":"2015-06-10T16:28:02","slug":"hotel-radisson-plaza-santiago","status":"publish","type":"page","link":"https:\/\/www.chile-reise.com\/de\/hotels\/santiago-zentralchile-und-pazifikkueste\/hotel-radisson-plaza-santiago\/","title":{"rendered":"Collection Plaza Santiago ****"},"content":{"rendered":"<p>\r\n        <style type='text\/css'>\r\n            #gallery-1 {\r\n                margin: auto;\r\n            }\r\n            #gallery-1 .gallery-item {\r\n                float: left;\r\n                margin-top: 10px;\r\n                text-align: center;\r\n                width: 33%;           }\r\n            #gallery-1 img {\r\n                border: 2px solid #cfcfcf;\r\n            }\r\n            #gallery-1 .gallery-caption {\r\n                margin-left: 0;\r\n            }\r\n        <\/style>\r\n        <!-- see gallery_shortcode() in wp-includes\/media.php -->\r\n        <div id='gallery-1' class='gallery-images gallery galleryid-4777'><dl class='gallery-item'>\r\n            <dt class='gallery-icon'>\r\n                <a href='https:\/\/www.chile-reise.com\/wp-content\/uploads\/Radisson-Stgo_klein.jpg'><img loading=\"lazy\" decoding=\"async\" width=\"240\" height=\"140\" src=\"https:\/\/www.chile-reise.com\/wp-content\/uploads\/Radisson-Stgo_klein-240x140.jpg\" class=\"attachment-thumbnail size-thumbnail\" alt=\"Radisson Stgo klein\" \/><\/a>\r\n            <\/dt>\r\n                <dd class='gallery-caption'>\r\n                Hotel Radisson Plaza Santiago\r\n                <\/dd><\/dl><dl class='gallery-item'>\r\n            <dt class='gallery-icon'>\r\n                <a href='https:\/\/www.chile-reise.com\/wp-content\/uploads\/Radisson-Stgo-Habitaci\u00f3n_klein.jpg'><img loading=\"lazy\" decoding=\"async\" width=\"240\" height=\"140\" src=\"https:\/\/www.chile-reise.com\/wp-content\/uploads\/Radisson-Stgo-Habitaci\u00f3n_klein-240x140.jpg\" class=\"attachment-thumbnail size-thumbnail\" alt=\"Radisson Stgo Habitaci\u00f3n klein\" \/><\/a>\r\n            <\/dt>\r\n                <dd class='gallery-caption'>\r\n                Hotel Radisson Plaza Santiago Room\r\n                <\/dd><\/dl><dl class='gallery-item'>\r\n            <dt class='gallery-icon'>\r\n                <a href='https:\/\/www.chile-reise.com\/wp-content\/uploads\/Radisson-Stgo-Piscina_klein.jpg'><img loading=\"lazy\" decoding=\"async\" width=\"240\" height=\"140\" src=\"https:\/\/www.chile-reise.com\/wp-content\/uploads\/Radisson-Stgo-Piscina_klein-240x140.jpg\" class=\"attachment-thumbnail size-thumbnail\" alt=\"Radisson Stgo Piscina klein\" \/><\/a>\r\n            <\/dt>\r\n                <dd class='gallery-caption'>\r\n                Hotel Radisson Plaza Santiago Pool\r\n                <\/dd><\/dl><br style=\"clear: both\" \/>\r\n            <br style='clear: both;' \/>\r\n        <\/div>\n<div class=\"clear\"><\/div><div class=\"divider\"><\/div>\n<p>Das imposante Hotel Collection Plaza Santiago befindet sich in bester Lage, im Viertel um El Bosque, wo das Herz der modernen Gesch\u00e4ftswelt Santiagos schl\u00e4gt. Die Metrostation Tobalaba ist ganz in der N\u00e4he. Die modern eingerichteten Zimmer sind komfortabel, hell und ger\u00e4umig. F\u00fcr Entspannung sorgt ein Wellnessbereich im oberen Stockwerk, wo die G\u00e4ste es sich zum Beispiel im Whirpool mit Aussicht oder bei einer entspannenden Massage gut gehen lassen k\u00f6nnen. Das elegante Hotelrestaurant Brick mit seinen Ziegelsteinw\u00e4nden verspr\u00fcht gem\u00fctlichen Charme und serviert gute internationale K\u00fcche.  <\/p>\n<p><strong>Zimmer:<\/strong> 159<br \/>\n<strong>Ausstattung:<\/strong> Telefon, Kabel-TV, Zimmersafe, Minibar, B\u00fcgelbrett und -Eisen, Kaffeemaschine, Restaurant, Bar, W\u00e4scheservice, Veranstaltungss\u00e4le. Hallenbad, Whirlpool, Fitnessraum, Sauna, Massageraum, Lesesaal<br \/>\n<strong>Internet:<\/strong> Wi-Fi<\/p>","protected":false},"excerpt":{"rendered":"<p>Das imposante Hotel Collection Plaza Santiago befindet sich in bester Lage, im Viertel um El Bosque, wo das Herz der modernen Gesch\u00e4ftswelt Santiagos schl\u00e4gt. Die Metrostation Tobalaba ist ganz in der N\u00e4he. Die modern eingerichteten Zimmer sind komfortabel, hell und &#8230;<\/p>\n","protected":false},"author":3,"featured_media":0,"parent":210,"menu_order":0,"comment_status":"open","ping_status":"open","template":"","meta":{"slim_seo":{"title":"Collection Plaza Santiago **** Collection Plaza Santiago **** - travelArt","description":"Hotel Radisson Plaza Santiago Hotel Radisson Plaza Santiago Room Hotel Radisson Plaza Santiago Pool Das imposante Hotel Collection Plaza Santiago befindet sich"},"footnotes":""},"class_list":["post-4777","page","type-page","status-publish","hentry"],"_links":{"self":[{"href":"https:\/\/www.chile-reise.com\/de\/wp-json\/wp\/v2\/pages\/4777","targetHints":{"allow":["GET"]}}],"collection":[{"href":"https:\/\/www.chile-reise.com\/de\/wp-json\/wp\/v2\/pages"}],"about":[{"href":"https:\/\/www.chile-reise.com\/de\/wp-json\/wp\/v2\/types\/page"}],"author":[{"embeddable":true,"href":"https:\/\/www.chile-reise.com\/de\/wp-json\/wp\/v2\/users\/3"}],"replies":[{"embeddable":true,"href":"https:\/\/www.chile-reise.com\/de\/wp-json\/wp\/v2\/comments?post=4777"}],"version-history":[{"count":0,"href":"https:\/\/www.chile-reise.com\/de\/wp-json\/wp\/v2\/pages\/4777\/revisions"}],"up":[{"embeddable":true,"href":"https:\/\/www.chile-reise.com\/de\/wp-json\/wp\/v2\/pages\/210"}],"wp:attachment":[{"href":"https:\/\/www.chile-reise.com\/de\/wp-json\/wp\/v2\/media?parent=4777"}],"curies":[{"name":"wp","href":"https:\/\/api.w.org\/{rel}","templated":true}]}}