{"id":4761,"date":"2014-04-22T20:30:11","date_gmt":"2014-04-22T18:30:11","guid":{"rendered":"http:\/\/www.chile-reise.com\/?page_id=4761"},"modified":"2015-04-10T22:32:49","modified_gmt":"2015-04-10T20:32:49","slug":"colonos-del-sur-mirador","status":"publish","type":"page","link":"https:\/\/www.chile-reise.com\/de\/hotels\/seengebiet\/colonos-del-sur-mirador\/","title":{"rendered":"Park Inn by Radisson ****"},"content":{"rendered":"<p>\r\n        <style type='text\/css'>\r\n            #gallery-1 {\r\n                margin: auto;\r\n            }\r\n            #gallery-1 .gallery-item {\r\n                float: left;\r\n                margin-top: 10px;\r\n                text-align: center;\r\n                width: 33%;           }\r\n            #gallery-1 img {\r\n                border: 2px solid #cfcfcf;\r\n            }\r\n            #gallery-1 .gallery-caption {\r\n                margin-left: 0;\r\n            }\r\n        <\/style>\r\n        <!-- see gallery_shortcode() in wp-includes\/media.php -->\r\n        <div id='gallery-1' class='gallery-images gallery galleryid-4761'><dl class='gallery-item'>\r\n            <dt class='gallery-icon'>\r\n                <a href='https:\/\/www.chile-reise.com\/wp-content\/uploads\/Colonos-del-Sur-Mirador_klein.jpg'><img loading=\"lazy\" decoding=\"async\" width=\"240\" height=\"140\" src=\"https:\/\/www.chile-reise.com\/wp-content\/uploads\/Colonos-del-Sur-Mirador_klein-240x140.jpg\" class=\"attachment-thumbnail size-thumbnail\" alt=\"Colonos del Sur Mirador klein\" \/><\/a>\r\n            <\/dt>\r\n                <dd class='gallery-caption'>\r\n                Colonos del Sur Mirador\r\n                <\/dd><\/dl><dl class='gallery-item'>\r\n            <dt class='gallery-icon'>\r\n                <a href='https:\/\/www.chile-reise.com\/wp-content\/uploads\/Colonos-del-Sur-mirador_room_klein.jpg'><img loading=\"lazy\" decoding=\"async\" width=\"240\" height=\"140\" src=\"https:\/\/www.chile-reise.com\/wp-content\/uploads\/Colonos-del-Sur-mirador_room_klein-240x140.jpg\" class=\"attachment-thumbnail size-thumbnail\" alt=\"Colonos del Sur mirador room klein\" \/><\/a>\r\n            <\/dt>\r\n                <dd class='gallery-caption'>\r\n                Colonos del Sur Mirador Room\r\n                <\/dd><\/dl><dl class='gallery-item'>\r\n            <dt class='gallery-icon'>\r\n                <a href='https:\/\/www.chile-reise.com\/wp-content\/uploads\/Colonos-del-Sur-Mirador_restaurant_klein.jpg'><img loading=\"lazy\" decoding=\"async\" width=\"240\" height=\"140\" src=\"https:\/\/www.chile-reise.com\/wp-content\/uploads\/Colonos-del-Sur-Mirador_restaurant_klein-240x140.jpg\" class=\"attachment-thumbnail size-thumbnail\" alt=\"Colonos del Sur Mirador restaurant klein\" \/><\/a>\r\n            <\/dt>\r\n                <dd class='gallery-caption'>\r\n                Colonos del Sur Mirador Restaurant\r\n                <\/dd><\/dl><br style=\"clear: both\" \/>\r\n            <br style='clear: both;' \/>\r\n        <\/div>\n<div class=\"clear\"><\/div><div class=\"divider\"><\/div>\n<p>Das Park Inn by Radisso befindet sich in einem ruhigen Wohnviertel \u00fcber der Stadt, wo Sie einen tollen Panoramaausblick \u00fcber die Region genie\u00dfen k\u00f6nnen. Die Symbiose der deutschen Architektur S\u00fcdchiles aus Naturholz kombiniert sich harmonisch mit modernen Elementen der Seenregion. Die Zimmer \u00fcberzeugen durch ihre geschmackvolle Einrichtung und einen herrlichen Blick auf den See oder die Stadt. Das Restaurant serviert Ihnen Spezialit\u00e4ten aus der Region. Ein Highlight des Hotels ist der Sal\u00f3n Mirador, von dem aus Sie einen 360\u00b0 Blick auf Puerto Varas und die Umgebung genie\u00dfen k\u00f6nnen.<\/p>\n<p><strong>Zimmer:<\/strong> 86<br \/>\n<strong>Ausstattung:<\/strong> Veranstaltungsr\u00e4ume, Business Center, Restaurant\/Bar, Heizung, Kabel-TV, Telefon, Wecker, Safe, Minibar, Haartrockner, Zimmerservice, W\u00e4scheservice<br \/>\n<strong>Internet:<\/strong> Wi-Fi<\/p>","protected":false},"excerpt":{"rendered":"<p>Das Park Inn by Radisso befindet sich in einem ruhigen Wohnviertel \u00fcber der Stadt, wo Sie einen tollen Panoramaausblick \u00fcber die Region genie\u00dfen k\u00f6nnen. Die Symbiose der deutschen Architektur S\u00fcdchiles aus Naturholz kombiniert sich harmonisch mit modernen Elementen der Seenregion. &#8230;<\/p>\n","protected":false},"author":3,"featured_media":0,"parent":214,"menu_order":0,"comment_status":"open","ping_status":"open","template":"","meta":{"slim_seo":{"title":"Park Inn by Radisson **** Park Inn by Radisson **** - travelArt","description":"Colonos del Sur Mirador Colonos del Sur Mirador Room Colonos del Sur Mirador Restaurant Das Park Inn by Radisso befindet sich in einem ruhigen Wohnviertel \u00fcber"},"footnotes":""},"class_list":["post-4761","page","type-page","status-publish","hentry"],"_links":{"self":[{"href":"https:\/\/www.chile-reise.com\/de\/wp-json\/wp\/v2\/pages\/4761","targetHints":{"allow":["GET"]}}],"collection":[{"href":"https:\/\/www.chile-reise.com\/de\/wp-json\/wp\/v2\/pages"}],"about":[{"href":"https:\/\/www.chile-reise.com\/de\/wp-json\/wp\/v2\/types\/page"}],"author":[{"embeddable":true,"href":"https:\/\/www.chile-reise.com\/de\/wp-json\/wp\/v2\/users\/3"}],"replies":[{"embeddable":true,"href":"https:\/\/www.chile-reise.com\/de\/wp-json\/wp\/v2\/comments?post=4761"}],"version-history":[{"count":0,"href":"https:\/\/www.chile-reise.com\/de\/wp-json\/wp\/v2\/pages\/4761\/revisions"}],"up":[{"embeddable":true,"href":"https:\/\/www.chile-reise.com\/de\/wp-json\/wp\/v2\/pages\/214"}],"wp:attachment":[{"href":"https:\/\/www.chile-reise.com\/de\/wp-json\/wp\/v2\/media?parent=4761"}],"curies":[{"name":"wp","href":"https:\/\/api.w.org\/{rel}","templated":true}]}}