{"id":476,"date":"2013-07-04T19:31:26","date_gmt":"2013-07-04T17:31:26","guid":{"rendered":"http:\/\/www.chile-reise.com\/wordpress\/?page_id=476"},"modified":"2014-03-17T20:03:03","modified_gmt":"2014-03-17T18:03:03","slug":"chile-argentinien","status":"publish","type":"page","link":"https:\/\/www.chile-reise.com\/de\/mietwagenreisen\/chile-argentinien\/","title":{"rendered":"Chile &#8211; Argentinien"},"content":{"rendered":"<p>\r\n        <style type='text\/css'>\r\n            #gallery-1 {\r\n                margin: auto;\r\n            }\r\n            #gallery-1 .gallery-item {\r\n                float: left;\r\n                margin-top: 10px;\r\n                text-align: center;\r\n                width: 33%;           }\r\n            #gallery-1 img {\r\n                border: 2px solid #cfcfcf;\r\n            }\r\n            #gallery-1 .gallery-caption {\r\n                margin-left: 0;\r\n            }\r\n        <\/style>\r\n        <!-- see gallery_shortcode() in wp-includes\/media.php -->\r\n        <div id='gallery-1' class='gallery-images gallery galleryid-476'><dl class='gallery-item'>\r\n            <dt class='gallery-icon'>\r\n                <a href='https:\/\/www.chile-reise.com\/wp-content\/uploads\/Isla-Victoria-1-Bariloche_klein.jpg'><img loading=\"lazy\" decoding=\"async\" width=\"240\" height=\"140\" src=\"https:\/\/www.chile-reise.com\/wp-content\/uploads\/Isla-Victoria-1-Bariloche_klein-240x140.jpg\" class=\"attachment-thumbnail size-thumbnail\" alt=\"Isla Victoria 1 (Bariloche) klein\" \/><\/a>\r\n            <\/dt>\r\n                <dd class='gallery-caption'>\r\n                Isla Victoria\r\n                <\/dd><\/dl><dl class='gallery-item'>\r\n            <dt class='gallery-icon'>\r\n                <a href='https:\/\/www.chile-reise.com\/wp-content\/uploads\/Puerto-Varas-2_klein1.jpg'><img loading=\"lazy\" decoding=\"async\" width=\"240\" height=\"140\" src=\"https:\/\/www.chile-reise.com\/wp-content\/uploads\/Puerto-Varas-2_klein1-240x140.jpg\" class=\"attachment-thumbnail size-thumbnail\" alt=\"Puerto Varas 2 klein\" \/><\/a>\r\n            <\/dt>\r\n                <dd class='gallery-caption'>\r\n                Puerto Varas\r\n                <\/dd><\/dl><dl class='gallery-item'>\r\n            <dt class='gallery-icon'>\r\n                <a href='https:\/\/www.chile-reise.com\/wp-content\/uploads\/Rafting-Rio-Trancura_klein.jpg'><img loading=\"lazy\" decoding=\"async\" width=\"240\" height=\"140\" src=\"https:\/\/www.chile-reise.com\/wp-content\/uploads\/Rafting-Rio-Trancura_klein-240x140.jpg\" class=\"attachment-thumbnail size-thumbnail\" alt=\"Rafting Rio Trancura klein\" \/><\/a>\r\n            <\/dt>\r\n                <dd class='gallery-caption'>\r\n                Rafting Rio Trancura\r\n                <\/dd><\/dl><br style=\"clear: both\" \/>\r\n            <br style='clear: both;' \/>\r\n        <\/div>\n<div class=\"clear\"><\/div><div class=\"divider\"><\/div>\n<p><strong>Region:<\/strong> Seengebiet<br \/>\n<strong>Dauer:<\/strong> 8 Tage<\/p>\n\n\t<script type=\"text\/javascript\">\tjQuery(document).ready(function($){\tjQuery(\"ul.tabs-nav\").tabs(\"> .pane\"); }); <\/script>\n\n\t\t<div class=\"post-tabs\">\n\t\t\n<ul class=\"tabs-nav\">\n<li>Tourverlauf<\/li>\n<\/ul>\n\n\t\t<div class=\"pane\">\n\t\t\n<h2>Tourverlauf<\/h2>\n<p><strong>1. Tag &#8211; Temuco<\/strong><\/p>\n<ul>\n<li>\u00dcbergabe des Mietwagens am Flughafen in Temuco<\/li>\n<li>Besichtigung der Stadt Temuco<\/li>\n<li>Fahrt zur Estancia Trailanqui, Erkundung des Gel\u00e4ndes per Rad, Pferd oder  zu Fu\u00df<\/li>\n<li>\u00dcbernachtung auf der Estancia Trailanqui<\/li>\n<li>80 km total \/ 60 km Asphaltstra\u00dfe<\/li>\n<\/ul>\n<p><strong>2. Tag &#8211; Villarrica &#8211; Puc\u00f3n<\/strong><\/p>\n<ul>\n<li>Fahrt auf malerischen Nebenstra\u00dfen nach Villarrica<\/li>\n<li>Auffahrt auf den den aktiven Vulkan Villarrica<\/li>\n<li>Ausflugsm\u00f6glichkeiten: Baden in einer der vielen nat\u00fcrlichen hei\u00dfen Quellen oder Rafting-Abenteuer!<\/li>\n<li>\u00dcbernachtung in Puc\u00f3n<\/li>\n<li>120 km gesamt \/ 60 km Schotterstra\u00dfe<\/li>\n<\/ul>\n<p><strong>3. Tag &#8211; Puc\u00f3n &#8211; San Mart\u00edn de los Andes<\/strong><\/p>\n<ul>\n<li>\u00dcberquerung der  Anden nach  Argentinien<\/li>\n<li>Malerische Route mit herrlichen Ausblicken auf die umliegenden Vulkane<\/li>\n<li>Vulkan Llanin und seltene  Araukarien<\/li>\n<li>\u00dcbernachtung in der im Schweizer Stil erbauten Stadt San Mart\u00edn de los Andes<\/li>\n<li>200 km gesamt \/ 50 km Asphaltstra\u00dfe<\/li>\n<\/ul>\n<p><strong>4. Tag &#8211; San Mart\u00edn de los Andes &#8211; Bariloche<\/strong><\/p>\n<ul>\n<li>Fahrt durch eine \u00abWildwest-Landschaft\u00bb nach Bariloche: \u00abMarlboro-Valley\u00bb<\/li>\n<li>Fahrt  \u00fcber den Cordoba -Pass<\/li>\n<li>Fahrt entlang der K\u00fcstenstra\u00dfe des Nahuel Huapi-Sees<\/li>\n<li>Fahrt auf den Cerro Otto mit \u00fcberw\u00e4ltigender Aussicht auf die umliegenden Seen<\/li>\n<li>\u00dcbernachtung in Bariloche<\/li>\n<li>160 km gesamt \/ 60 km Asphaltstra\u00dfe<\/li>\n<\/ul>\n<p><strong>5. Tag &#8211; Bariloche &#8211; Monte Tronador<\/strong><\/p>\n<ul>\n<li>Fahrt zum Monte Tronador, mit seinen vier riesigen Gletschern<\/li>\n<li>Malerische Route entlang des Mascardi-Sees<\/li>\n<li>Abends R\u00fcckkehr nach Bariloche<\/li>\n<li>\u00dcbernachtung in Bariloche<\/li>\n<li>150 km gesamt \/ 80 km Asphaltstra\u00dfe<\/li>\n<\/ul>\n<p><strong>6. Tag &#8211; Bariloche &#8211; Puerto Varas<\/strong><\/p>\n<ul>\n<li>\u00dcberquerung der Anden nach Chile \u00fcber den Puyehue-Pass<\/li>\n<li>gro\u00dfartige Fahrt durch die  Berge und entlang des Nahuel Huapi-Sees<\/li>\n<li>Puyehue-See<\/li>\n<li>Besuch von Frutillar und dem Museum f\u00fcr die Geschichte der deutschen Besiedlung in dieser Region<\/li>\n<li>Abends  Ankunft in Puerto Varas<\/li>\n<li>\u00dcbernachtung in Puerto Varas<\/li>\n<li>300 km gesamt \/ 260 km Asphaltstra\u00dfe<\/li>\n<\/ul>\n<p><strong>7. Tag &#8211; Vulkan Osorno &#8211; Todos Los Santos See<\/strong><\/p>\n<ul>\n<li>Fahrt entlang des Llanquihue-Sees<\/li>\n<li>Fahrt auf den Vulkan Osorno mit gro\u00dfartigen  Ausblicken<\/li>\n<li>Petrohue -Wasserf\u00e4lle und Todos Los Santos-See<\/li>\n<li>Abends R\u00fcckkehr nach Puerto Varas<\/li>\n<li>\u00dcbernachtung in Puerto Varas<\/li>\n<li>200 km gesamt \/ 140 km Asphaltstra\u00dfe<\/li>\n<\/ul>\n<p><strong>8. Tag &#8211; Puerto Montt<\/strong><\/p>\n<ul>\n<li>Besichtigung der Hafenstadt Puerto Montt<\/li>\n<li>R\u00fcckgabe des Mietwagens am  Flughafen Puerto Montt<\/li>\n<\/ul>\n\n\t\t<\/div>\n\t\n\n\t\t<\/div>\n\t<\/p>","protected":false},"excerpt":{"rendered":"<p>Region: Seengebiet Dauer: 8 Tage<\/p>\n","protected":false},"author":16,"featured_media":0,"parent":192,"menu_order":0,"comment_status":"open","ping_status":"open","template":"","meta":{"slim_seo":{"title":"Chile - Argentinien Chile - Argentina - travelArt","description":"Isla Victoria Puerto Varas Rafting Rio Trancura Region: Seengebiet Dauer: 8 Tage Tourverlauf Tourverlauf 1. Tag - Temuco \u00dcbergabe des Mietwagens am Flughafen in"},"footnotes":""},"class_list":["post-476","page","type-page","status-publish","hentry"],"_links":{"self":[{"href":"https:\/\/www.chile-reise.com\/de\/wp-json\/wp\/v2\/pages\/476","targetHints":{"allow":["GET"]}}],"collection":[{"href":"https:\/\/www.chile-reise.com\/de\/wp-json\/wp\/v2\/pages"}],"about":[{"href":"https:\/\/www.chile-reise.com\/de\/wp-json\/wp\/v2\/types\/page"}],"author":[{"embeddable":true,"href":"https:\/\/www.chile-reise.com\/de\/wp-json\/wp\/v2\/users\/16"}],"replies":[{"embeddable":true,"href":"https:\/\/www.chile-reise.com\/de\/wp-json\/wp\/v2\/comments?post=476"}],"version-history":[{"count":0,"href":"https:\/\/www.chile-reise.com\/de\/wp-json\/wp\/v2\/pages\/476\/revisions"}],"up":[{"embeddable":true,"href":"https:\/\/www.chile-reise.com\/de\/wp-json\/wp\/v2\/pages\/192"}],"wp:attachment":[{"href":"https:\/\/www.chile-reise.com\/de\/wp-json\/wp\/v2\/media?parent=476"}],"curies":[{"name":"wp","href":"https:\/\/api.w.org\/{rel}","templated":true}]}}