{"id":4751,"date":"2014-04-22T19:44:22","date_gmt":"2014-04-22T17:44:22","guid":{"rendered":"http:\/\/www.chile-reise.com\/?page_id=4751"},"modified":"2015-04-10T22:32:05","modified_gmt":"2015-04-10T20:32:05","slug":"reino-fungi-lodge","status":"publish","type":"page","link":"https:\/\/www.chile-reise.com\/de\/hotels\/seengebiet\/reino-fungi-lodge\/","title":{"rendered":"Reino Fungi Lodge *****"},"content":{"rendered":"<p>\r\n        <style type='text\/css'>\r\n            #gallery-1 {\r\n                margin: auto;\r\n            }\r\n            #gallery-1 .gallery-item {\r\n                float: left;\r\n                margin-top: 10px;\r\n                text-align: center;\r\n                width: 33%;           }\r\n            #gallery-1 img {\r\n                border: 2px solid #cfcfcf;\r\n            }\r\n            #gallery-1 .gallery-caption {\r\n                margin-left: 0;\r\n            }\r\n        <\/style>\r\n        <!-- see gallery_shortcode() in wp-includes\/media.php -->\r\n        <div id='gallery-1' class='gallery-images gallery galleryid-4751'><dl class='gallery-item'>\r\n            <dt class='gallery-icon'>\r\n                <a href='https:\/\/www.chile-reise.com\/wp-content\/uploads\/Reino-Fungi-Lodge_klein.jpg'><img loading=\"lazy\" decoding=\"async\" width=\"240\" height=\"140\" src=\"https:\/\/www.chile-reise.com\/wp-content\/uploads\/Reino-Fungi-Lodge_klein-240x140.jpg\" class=\"attachment-thumbnail size-thumbnail\" alt=\"Reino Fungi Lodge klein\" \/><\/a>\r\n            <\/dt>\r\n                <dd class='gallery-caption'>\r\n                Reino Fungi Lodge \r\n                <\/dd><\/dl><dl class='gallery-item'>\r\n            <dt class='gallery-icon'>\r\n                <a href='https:\/\/www.chile-reise.com\/wp-content\/uploads\/Reino-Fungi-Lodge-Room_klein.jpeg'><img loading=\"lazy\" decoding=\"async\" width=\"240\" height=\"140\" src=\"https:\/\/www.chile-reise.com\/wp-content\/uploads\/Reino-Fungi-Lodge-Room_klein-240x140.jpeg\" class=\"attachment-thumbnail size-thumbnail\" alt=\"Reino Fungi Lodge Room klein\" \/><\/a>\r\n            <\/dt>\r\n                <dd class='gallery-caption'>\r\n                Reino Fungi Lodge Room\r\n                <\/dd><\/dl>\r\n            <br style='clear: both;' \/>\r\n        <\/div>\n<div class=\"clear\"><\/div><div class=\"divider\"><\/div>\n<p>Inspiriert von den vielen im Naturpark heimischen Pilzen, bietet dieses Hotel in Form eines riesigen Pilzes ein weiteres Highlight im Huilo-Huilo Naturpark. Die zehn Standard- und zw\u00f6lf Superiorzimmer verteilen sich auf drei Etagen und verf\u00fcgen alle \u00fcber einen eigenen Balkon mit wundersch\u00f6nem Blick in den s\u00fcdchilenischen Regenwald. Einige der Zimmer k\u00f6nnen miteinander verbunden werden. \u00dcber einen Lichtschacht f\u00e4llt viel Tageslicht ins Innere des Geb\u00e4udes, wo nat\u00fcrliche Materialien ein behagliches und komfortables Ambiente erzeugen und ein kleiner Wasserfall pl\u00e4tschert. \u00dcber G\u00e4nge sind die Geb\u00e4ude des Huilo-Huilo Komplexes miteinander verbunden, sodass Sie sich bequem und jederzeit trockenen Fu\u00dfes von einem zum anderen Hotel begeben k\u00f6nnen.<\/p>\n<p><strong>Zimmer:<\/strong> 22<br \/>\n<strong>Ausstattung:<\/strong> Zentralheizung, Safe, Restaurant, Bar, Minigolf, Konferenzraum, Spieleraum, Bibliothek mit Lesesaal, Hot Tubs, Sauna, Spa, W\u00e4scheservice, Parkpl\u00e4tze<br \/>\n<strong>Ausstattung:<\/strong> Im Sommer Canopy, Reiten, Mountain-Biking, Trekking, Fischen, etc.<br \/>\nIm Winter Ski, Schneeschuhwanderungen, Ski, Schneemobil,  Trekking, Reiten, etc.<\/p>","protected":false},"excerpt":{"rendered":"<p>Inspiriert von den vielen im Naturpark heimischen Pilzen, bietet dieses Hotel in Form eines riesigen Pilzes ein weiteres Highlight im Huilo-Huilo Naturpark. Die zehn Standard- und zw\u00f6lf Superiorzimmer verteilen sich auf drei Etagen und verf\u00fcgen alle \u00fcber einen eigenen Balkon &#8230;<\/p>\n","protected":false},"author":3,"featured_media":0,"parent":214,"menu_order":0,"comment_status":"open","ping_status":"open","template":"","meta":{"slim_seo":{"title":"Reino Fungi Lodge ***** Reino Fungi Lodge ***** - travelArt","description":"Reino Fungi Lodge Reino Fungi Lodge Room Inspiriert von den vielen im Naturpark heimischen Pilzen, bietet dieses Hotel in Form eines riesigen Pilzes ein weitere"},"footnotes":""},"class_list":["post-4751","page","type-page","status-publish","hentry"],"_links":{"self":[{"href":"https:\/\/www.chile-reise.com\/de\/wp-json\/wp\/v2\/pages\/4751","targetHints":{"allow":["GET"]}}],"collection":[{"href":"https:\/\/www.chile-reise.com\/de\/wp-json\/wp\/v2\/pages"}],"about":[{"href":"https:\/\/www.chile-reise.com\/de\/wp-json\/wp\/v2\/types\/page"}],"author":[{"embeddable":true,"href":"https:\/\/www.chile-reise.com\/de\/wp-json\/wp\/v2\/users\/3"}],"replies":[{"embeddable":true,"href":"https:\/\/www.chile-reise.com\/de\/wp-json\/wp\/v2\/comments?post=4751"}],"version-history":[{"count":0,"href":"https:\/\/www.chile-reise.com\/de\/wp-json\/wp\/v2\/pages\/4751\/revisions"}],"up":[{"embeddable":true,"href":"https:\/\/www.chile-reise.com\/de\/wp-json\/wp\/v2\/pages\/214"}],"wp:attachment":[{"href":"https:\/\/www.chile-reise.com\/de\/wp-json\/wp\/v2\/media?parent=4751"}],"curies":[{"name":"wp","href":"https:\/\/api.w.org\/{rel}","templated":true}]}}