{"id":4734,"date":"2014-04-21T20:46:55","date_gmt":"2014-04-21T18:46:55","guid":{"rendered":"http:\/\/www.chile-reise.com\/?page_id=4734"},"modified":"2014-04-22T17:33:52","modified_gmt":"2014-04-22T15:33:52","slug":"hotel-torremayor-lyon","status":"publish","type":"page","link":"https:\/\/www.chile-reise.com\/de\/hotels\/santiago-zentralchile-und-pazifikkueste\/hotel-torremayor-lyon\/","title":{"rendered":"Hotel Torremayor Lyon ****"},"content":{"rendered":"<p>\r\n        <style type='text\/css'>\r\n            #gallery-1 {\r\n                margin: auto;\r\n            }\r\n            #gallery-1 .gallery-item {\r\n                float: left;\r\n                margin-top: 10px;\r\n                text-align: center;\r\n                width: 33%;           }\r\n            #gallery-1 img {\r\n                border: 2px solid #cfcfcf;\r\n            }\r\n            #gallery-1 .gallery-caption {\r\n                margin-left: 0;\r\n            }\r\n        <\/style>\r\n        <!-- see gallery_shortcode() in wp-includes\/media.php -->\r\n        <div id='gallery-1' class='gallery-images gallery galleryid-4734'><dl class='gallery-item'>\r\n            <dt class='gallery-icon'>\r\n                <a href='https:\/\/www.chile-reise.com\/wp-content\/uploads\/Hotel-Torremayor_Lyon_klein.jpg'><img loading=\"lazy\" decoding=\"async\" width=\"240\" height=\"140\" src=\"https:\/\/www.chile-reise.com\/wp-content\/uploads\/Hotel-Torremayor_Lyon_klein-240x140.jpg\" class=\"attachment-thumbnail size-thumbnail\" alt=\"Hotel Torremayor Lyon klein\" \/><\/a>\r\n            <\/dt>\r\n                <dd class='gallery-caption'>\r\n                Hotel Torremayor Lyon\r\n                <\/dd><\/dl><dl class='gallery-item'>\r\n            <dt class='gallery-icon'>\r\n                <a href='https:\/\/www.chile-reise.com\/wp-content\/uploads\/Hotel-Torremayor_room_klein.jpg'><img loading=\"lazy\" decoding=\"async\" width=\"240\" height=\"140\" src=\"https:\/\/www.chile-reise.com\/wp-content\/uploads\/Hotel-Torremayor_room_klein-240x140.jpg\" class=\"attachment-thumbnail size-thumbnail\" alt=\"Hotel Torremayor room klein\" \/><\/a>\r\n            <\/dt>\r\n                <dd class='gallery-caption'>\r\n                Hotel Torremayor Lyon Room\r\n                <\/dd><\/dl><dl class='gallery-item'>\r\n            <dt class='gallery-icon'>\r\n                <a href='https:\/\/www.chile-reise.com\/wp-content\/uploads\/Torremayor_room-suite_klein.jpg'><img loading=\"lazy\" decoding=\"async\" width=\"240\" height=\"140\" src=\"https:\/\/www.chile-reise.com\/wp-content\/uploads\/Torremayor_room-suite_klein-240x140.jpg\" class=\"attachment-thumbnail size-thumbnail\" alt=\"Torremayor room suite klein\" \/><\/a>\r\n            <\/dt>\r\n                <dd class='gallery-caption'>\r\n                Hotel Torremayor Lyon Suite\r\n                <\/dd><\/dl><br style=\"clear: both\" \/><dl class='gallery-item'>\r\n            <dt class='gallery-icon'>\r\n                <a href='https:\/\/www.chile-reise.com\/wp-content\/uploads\/Torremayor_restaurante_klein.jpg'><img loading=\"lazy\" decoding=\"async\" width=\"240\" height=\"140\" src=\"https:\/\/www.chile-reise.com\/wp-content\/uploads\/Torremayor_restaurante_klein-240x140.jpg\" class=\"attachment-thumbnail size-thumbnail\" alt=\"Torremayor restaurante klein\" \/><\/a>\r\n            <\/dt>\r\n                <dd class='gallery-caption'>\r\n                Hotel Torremayor Lyon Restaurant\r\n                <\/dd><\/dl><dl class='gallery-item'>\r\n            <dt class='gallery-icon'>\r\n                <a href='https:\/\/www.chile-reise.com\/wp-content\/uploads\/Torremayor_restaurant_klein.jpg'><img loading=\"lazy\" decoding=\"async\" width=\"240\" height=\"140\" src=\"https:\/\/www.chile-reise.com\/wp-content\/uploads\/Torremayor_restaurant_klein-240x140.jpg\" class=\"attachment-thumbnail size-thumbnail\" alt=\"Torremayor restaurant klein\" \/><\/a>\r\n            <\/dt>\r\n                <dd class='gallery-caption'>\r\n                Hotel Torremayor Lyon Restaurant\r\n                <\/dd><\/dl><dl class='gallery-item'>\r\n            <dt class='gallery-icon'>\r\n                <a href='https:\/\/www.chile-reise.com\/wp-content\/uploads\/Hotel-Torremayor_Pool_klein.jpg'><img loading=\"lazy\" decoding=\"async\" width=\"240\" height=\"140\" src=\"https:\/\/www.chile-reise.com\/wp-content\/uploads\/Hotel-Torremayor_Pool_klein-240x140.jpg\" class=\"attachment-thumbnail size-thumbnail\" alt=\"Hotel Torremayor Pool klein\" \/><\/a>\r\n            <\/dt>\r\n                <dd class='gallery-caption'>\r\n                Hotel Torremayor Lyon Pool\r\n                <\/dd><\/dl><br style=\"clear: both\" \/>\r\n            <br style='clear: both;' \/>\r\n        <\/div>\n<div class=\"clear\"><\/div><div class=\"divider\"><\/div>\n<p>Das Hotel Torremayor liegt im lebhaften und sch\u00f6nen Stadtteil Providencia, nah an Gesch\u00e4ften, Bars und Restaurants. Seine Architektur orientiert sich an den T\u00fcrmen mediterraner D\u00f6rfer und auch die geschmackvolle Inneneinrichtung stammt aus Italien. Die Zimmer sind ger\u00e4umig, hell und einladend. Dazu passend bietet das Restaurant vor allem sehr gute italienische K\u00fcche. <\/p>\n<p><strong>Zimmer:<\/strong> 100<br \/>\n<strong>Ausstattung:<\/strong> Heizung, Telefon, F\u00f6n, Zimmersafe, Kabel-TV, Klimaanlage, Minibar, Restaurant,  W\u00e4scheservice, Parkpl\u00e4tze, Konferenzr\u00e4ume, Geldwechsel<br \/>\n<strong>Internet:<\/strong> Wi-Fi<br \/>\n<\/p>","protected":false},"excerpt":{"rendered":"<p>Das Hotel Torremayor liegt im lebhaften und sch\u00f6nen Stadtteil Providencia, nah an Gesch\u00e4ften, Bars und Restaurants. Seine Architektur orientiert sich an den T\u00fcrmen mediterraner D\u00f6rfer und auch die geschmackvolle Inneneinrichtung stammt aus Italien. Die Zimmer sind ger\u00e4umig, hell und einladend. &#8230;<\/p>\n","protected":false},"author":3,"featured_media":0,"parent":210,"menu_order":0,"comment_status":"open","ping_status":"open","template":"","meta":{"slim_seo":{"title":"Hotel Torremayor Lyon **** Hotel Torremayor Lyon **** - travelArt","description":"Hotel Torremayor Lyon Hotel Torremayor Lyon Room Hotel Torremayor Lyon Suite Hotel Torremayor Lyon Restaurant Hotel Torremayor Lyon Restaurant Hotel Torremayor"},"footnotes":""},"class_list":["post-4734","page","type-page","status-publish","hentry"],"_links":{"self":[{"href":"https:\/\/www.chile-reise.com\/de\/wp-json\/wp\/v2\/pages\/4734","targetHints":{"allow":["GET"]}}],"collection":[{"href":"https:\/\/www.chile-reise.com\/de\/wp-json\/wp\/v2\/pages"}],"about":[{"href":"https:\/\/www.chile-reise.com\/de\/wp-json\/wp\/v2\/types\/page"}],"author":[{"embeddable":true,"href":"https:\/\/www.chile-reise.com\/de\/wp-json\/wp\/v2\/users\/3"}],"replies":[{"embeddable":true,"href":"https:\/\/www.chile-reise.com\/de\/wp-json\/wp\/v2\/comments?post=4734"}],"version-history":[{"count":0,"href":"https:\/\/www.chile-reise.com\/de\/wp-json\/wp\/v2\/pages\/4734\/revisions"}],"up":[{"embeddable":true,"href":"https:\/\/www.chile-reise.com\/de\/wp-json\/wp\/v2\/pages\/210"}],"wp:attachment":[{"href":"https:\/\/www.chile-reise.com\/de\/wp-json\/wp\/v2\/media?parent=4734"}],"curies":[{"name":"wp","href":"https:\/\/api.w.org\/{rel}","templated":true}]}}