{"id":472,"date":"2013-07-04T19:25:11","date_gmt":"2013-07-04T17:25:11","guid":{"rendered":"http:\/\/www.chile-reise.com\/wordpress\/?page_id=472"},"modified":"2014-03-17T19:58:41","modified_gmt":"2014-03-17T17:58:41","slug":"route-der-waelder-und-seen","status":"publish","type":"page","link":"https:\/\/www.chile-reise.com\/de\/mietwagenreisen\/route-der-waelder-und-seen\/","title":{"rendered":"Route der W\u00e4lder und Seen"},"content":{"rendered":"<p>\r\n        <style type='text\/css'>\r\n            #gallery-1 {\r\n                margin: auto;\r\n            }\r\n            #gallery-1 .gallery-item {\r\n                float: left;\r\n                margin-top: 10px;\r\n                text-align: center;\r\n                width: 33%;           }\r\n            #gallery-1 img {\r\n                border: 2px solid #cfcfcf;\r\n            }\r\n            #gallery-1 .gallery-caption {\r\n                margin-left: 0;\r\n            }\r\n        <\/style>\r\n        <!-- see gallery_shortcode() in wp-includes\/media.php -->\r\n        <div id='gallery-1' class='gallery-images gallery galleryid-472'><dl class='gallery-item'>\r\n            <dt class='gallery-icon'>\r\n                <a href='https:\/\/www.chile-reise.com\/wp-content\/uploads\/Castro_palafitos_klein1.bmp'><img loading=\"lazy\" decoding=\"async\" width=\"1\" height=\"1\" src=\"https:\/\/www.chile-reise.com\/wp-content\/uploads\/Castro_palafitos_klein1.bmp\" class=\"attachment-thumbnail size-thumbnail\" alt=\"Castro palafitos klein\" \/><\/a>\r\n            <\/dt>\r\n                <dd class='gallery-caption'>\r\n                Castro Palafitos\r\n                <\/dd><\/dl><dl class='gallery-item'>\r\n            <dt class='gallery-icon'>\r\n                <a href='https:\/\/www.chile-reise.com\/wp-content\/uploads\/Hotel-Patag\u00f3nico-Vista-ciudad-Puerto-Varas_klein1.jpg'><img loading=\"lazy\" decoding=\"async\" width=\"240\" height=\"140\" src=\"https:\/\/www.chile-reise.com\/wp-content\/uploads\/Hotel-Patag\u00f3nico-Vista-ciudad-Puerto-Varas_klein1-240x140.jpg\" class=\"attachment-thumbnail size-thumbnail\" alt=\"Hotel Patag\u00f3nico Vista ciudad Puerto Varas klein\" \/><\/a>\r\n            <\/dt>\r\n                <dd class='gallery-caption'>\r\n                Puerto Varas\r\n                <\/dd><\/dl><dl class='gallery-item'>\r\n            <dt class='gallery-icon'>\r\n                <a href='https:\/\/www.chile-reise.com\/wp-content\/uploads\/Puerto-Varas-2_klein.jpg'><img loading=\"lazy\" decoding=\"async\" width=\"240\" height=\"140\" src=\"https:\/\/www.chile-reise.com\/wp-content\/uploads\/Puerto-Varas-2_klein-240x140.jpg\" class=\"attachment-thumbnail size-thumbnail\" alt=\"Puerto Varas 2 klein\" \/><\/a>\r\n            <\/dt>\r\n                <dd class='gallery-caption'>\r\n                Puerto Varas\r\n                <\/dd><\/dl><br style=\"clear: both\" \/><dl class='gallery-item'>\r\n            <dt class='gallery-icon'>\r\n                <a href='https:\/\/www.chile-reise.com\/wp-content\/uploads\/Puerto-Montt_klein.jpg'><img loading=\"lazy\" decoding=\"async\" width=\"240\" height=\"140\" src=\"https:\/\/www.chile-reise.com\/wp-content\/uploads\/Puerto-Montt_klein-240x140.jpg\" class=\"attachment-thumbnail size-thumbnail\" alt=\"Puerto Montt klein\" \/><\/a>\r\n            <\/dt>\r\n                <dd class='gallery-caption'>\r\n                Puerto Montt Angelm\u00f3\r\n                <\/dd><\/dl><dl class='gallery-item'>\r\n            <dt class='gallery-icon'>\r\n                <a href='https:\/\/www.chile-reise.com\/wp-content\/uploads\/Valdivia_klein.jpg'><img loading=\"lazy\" decoding=\"async\" width=\"240\" height=\"140\" src=\"https:\/\/www.chile-reise.com\/wp-content\/uploads\/Valdivia_klein-240x140.jpg\" class=\"attachment-thumbnail size-thumbnail\" alt=\"Valdivia klein\" \/><\/a>\r\n            <\/dt>\r\n                <dd class='gallery-caption'>\r\n                Valdivia\r\n                <\/dd><\/dl><dl class='gallery-item'>\r\n            <dt class='gallery-icon'>\r\n                <a href='https:\/\/www.chile-reise.com\/wp-content\/uploads\/Vulkan-Osorno_klein1.jpg'><img loading=\"lazy\" decoding=\"async\" width=\"240\" height=\"140\" src=\"https:\/\/www.chile-reise.com\/wp-content\/uploads\/Vulkan-Osorno_klein1-240x140.jpg\" class=\"attachment-thumbnail size-thumbnail\" alt=\"Vulkan Osorno klein\" \/><\/a>\r\n            <\/dt>\r\n                <dd class='gallery-caption'>\r\n                Volcano Osorno\r\n                <\/dd><\/dl><br style=\"clear: both\" \/>\r\n            <br style='clear: both;' \/>\r\n        <\/div>\n<div class=\"clear\"><\/div><div class=\"divider\"><\/div>\n<p><strong>Region:<\/strong> Seengebiet<br \/>\n<strong>Dauer:<\/strong> 7 oder 9 Tage<\/p>\n\n\t<script type=\"text\/javascript\">\tjQuery(document).ready(function($){\tjQuery(\"ul.tabs-nav\").tabs(\"> .pane\"); }); <\/script>\n\n\t\t<div class=\"post-tabs\">\n\t\t\n<ul class=\"tabs-nav\">\n<li>Tourverlauf<\/li>\n<\/ul>\n\n\t\t<div class=\"pane\">\n\t\t\n<p><strong>1. Tag &#8211; Temuco<\/strong><\/p>\n<ul>\n<li>\u00dcbergabe des Mietwagens am Flughafen in Temuco<\/li>\n<li>Besichtigung der Stadt Temuco<\/li>\n<li>Fahrt \u00fcber Freire nach Trailanqui oder \u00fcber Curacautin in den Nationalpark Conguillio<\/li>\n<li>\u00dcbernachtung in Trailanqui oder im Nationalpark<\/li>\n<li>Tralanqui 75 km \/ Conguillio 115 km, teilweise asphaltiert<\/li>\n<\/ul>\n<p><strong>2. Tag &#8211; Nationalpark Conguillio<\/strong><\/p>\n<ul>\n<li>Durchqueren Sie den Nationalpark Conguillio<\/li>\n<li>Wanderung am gewaltigen, aktiven Vulkan Llaima, \u00fcber Lavafelder, vorbei  an Lagunen und Araukarien<\/li>\n<li>Weiterfahrt durch den s\u00fcdlichen Teil des Parks nach Trailanqui und \u00dcbernachtung<\/li>\n<li>170 km, teilweise Schotterstra\u00dfe (bei Anfahrt von Trailanqui 340 km)<\/li>\n<\/ul>\n<p><strong>3. Tag &#8211; Villarrica &#8211; Puc\u00f3n<\/strong><\/p>\n<ul>\n<li>Fahrt auf malerischen Nebenstra\u00dfen nach Villarrica<\/li>\n<li>Auffahrt auf den den aktiven Vulkan Villarrica<\/li>\n<li>Ausflugsm\u00f6glichkeiten: Baden in einer der vielen nat\u00fcrlichen hei\u00dfen Quellen oder Rafting-Abenteuer!<\/li>\n<li>\u00dcbernachtung in Puc\u00f3n<\/li>\n<li>120 km gesamt \/ 60 km Schotterstra\u00dfe<\/li>\n<\/ul>\n<p><strong>4. Tag &#8211; Puc\u00f3n &#8211; Valdivia<\/strong><\/p>\n<ul>\n<li>Fahrt nach Valdivia \u00fcber den Panguipulli See zur Pazifikk\u00fcste<\/li>\n<li>Besichtigung der Stadt mit ihrem Flussmarkt und den  alten spanischen Festungen<\/li>\n<li>Bootstour auf dem Fluss<\/li>\n<li>\u00dcbernachtung in Valdivia<\/li>\n<li>200 km gesamt \/ 60 km Asphaltstra\u00dfe<\/li>\n<\/ul>\n<p><strong>5. Tag &#8211; Valdivia &#8211; Puerto Varas<\/strong><\/p>\n<ul>\n<li>Fahrt auf der Panamericana bis Puerto Varas<\/li>\n<li>Besuch von Frutillar und dem Museum f\u00fcr die Geschichte der deutschen Besiedlung in dieser Region<\/li>\n<li>\u00dcbernachtung in Puerto Varas<\/li>\n<li>220 km Asphaltstra\u00dfe<\/li>\n<\/ul>\n<p><strong>6. Tag &#8211; Vulkan Osorno &#8211; Todos Los Santos See<\/strong><\/p>\n<ul>\n<li>Fahrt entlang des Llanquihue-Sees<\/li>\n<li>Fahrt auf den Vulkan Osorno mit gro\u00dfartigen Ausblicken<\/li>\n<li>Petrohue -Wasserf\u00e4lle und Todos Los Santos-See<\/li>\n<li>Abends R\u00fcckkehr nach Puerto Varas<\/li>\n<li>\u00dcbernachtung in Puerto Varas<\/li>\n<li>200 km gesamt \/ 140 km Asphaltstra\u00dfe<\/li>\n<\/ul>\n<p><strong>7. Tag &#8211; Puerto Montt<\/strong><\/p>\n<ul>\n<li>Besichtigung der Hafenstadt Puerto Montt<\/li>\n<li>R\u00fcckgabe  des Mietwagens am  Flughafen Puerto Montt<\/li>\n<\/ul>\n<p><strong>VERL\u00c4NGERUNG INSEL CHILOE<\/strong><\/p>\n<p><strong>7. Tag &#8211; Puerto Montt &#8211; Insel Chilo\u00e9<\/strong><\/p>\n<ul>\n<li>Fahrt zur Insel Chilo\u00e9, F\u00e4hre \u00fcber den Chacao-Kanal<\/li>\n<li>Weiterfahrt nach Castro mit seinen Pfahlbauten<\/li>\n<li>\u00dcbernachtung in Castro<\/li>\n<li>230 km Asphaltstra\u00dfe<\/li>\n<\/ul>\n<p><strong>8. Tag &#8211; Nationalpark Chilo\u00e9 &#8211; Ancud<\/strong><\/p>\n<ul>\n<li>Fahrt in den Nationalpark Chilo\u00e9 am  Pazifik<\/li>\n<li>Naturlehrpfade mit Informationen \u00fcber die einheimischen B\u00e4ume und Pflanzen<\/li>\n<li>Besuch der Pu\u00f1ihuil-Pinguinkolonie<\/li>\n<li>einsame Sandstr\u00e4nde<\/li>\n<li>Abends Fahrt nach Ancud<\/li>\n<li>\u00dcbernachtung in Ancud<\/li>\n<li>150 km total \/ 90 km Asphaltstra\u00dfe<\/li>\n<\/ul>\n<p><strong>9. Tag &#8211; Puerto Montt<\/strong><\/p>\n<ul>\n<li>R\u00fcckgabe des Mietwagens am Flughafen in Puerto Montt<\/li>\n<li>100 km Asphaltstra\u00dfe<\/li>\n<\/ul>\n\n\t\t<\/div>\n\t\n\n\t\t<\/div>\n\t<\/p>","protected":false},"excerpt":{"rendered":"<p>Region: Seengebiet Dauer: 7 oder 9 Tage<\/p>\n","protected":false},"author":16,"featured_media":0,"parent":192,"menu_order":0,"comment_status":"open","ping_status":"open","template":"","meta":{"slim_seo":{"title":"Route der W\u00e4lder und Seen The Route of Forests and Lakes - travelArt","description":"Castro Palafitos Puerto Varas Puerto Varas Puerto Montt Angelm\u00f3 Valdivia Volcano Osorno Region: Seengebiet Dauer: 7 oder 9 Tage Tourverlauf 1. Tag - Temuco \u00dcber"},"footnotes":""},"class_list":["post-472","page","type-page","status-publish","hentry"],"_links":{"self":[{"href":"https:\/\/www.chile-reise.com\/de\/wp-json\/wp\/v2\/pages\/472","targetHints":{"allow":["GET"]}}],"collection":[{"href":"https:\/\/www.chile-reise.com\/de\/wp-json\/wp\/v2\/pages"}],"about":[{"href":"https:\/\/www.chile-reise.com\/de\/wp-json\/wp\/v2\/types\/page"}],"author":[{"embeddable":true,"href":"https:\/\/www.chile-reise.com\/de\/wp-json\/wp\/v2\/users\/16"}],"replies":[{"embeddable":true,"href":"https:\/\/www.chile-reise.com\/de\/wp-json\/wp\/v2\/comments?post=472"}],"version-history":[{"count":0,"href":"https:\/\/www.chile-reise.com\/de\/wp-json\/wp\/v2\/pages\/472\/revisions"}],"up":[{"embeddable":true,"href":"https:\/\/www.chile-reise.com\/de\/wp-json\/wp\/v2\/pages\/192"}],"wp:attachment":[{"href":"https:\/\/www.chile-reise.com\/de\/wp-json\/wp\/v2\/media?parent=472"}],"curies":[{"name":"wp","href":"https:\/\/api.w.org\/{rel}","templated":true}]}}