{"id":469,"date":"2013-07-04T19:18:42","date_gmt":"2013-07-04T17:18:42","guid":{"rendered":"http:\/\/www.chile-reise.com\/wordpress\/?page_id=469"},"modified":"2014-03-17T19:52:52","modified_gmt":"2014-03-17T17:52:52","slug":"araucania-route","status":"publish","type":"page","link":"https:\/\/www.chile-reise.com\/de\/mietwagenreisen\/araucania-route\/","title":{"rendered":"Araucan\u00eda-Route"},"content":{"rendered":"<p>\r\n        <style type='text\/css'>\r\n            #gallery-1 {\r\n                margin: auto;\r\n            }\r\n            #gallery-1 .gallery-item {\r\n                float: left;\r\n                margin-top: 10px;\r\n                text-align: center;\r\n                width: 33%;           }\r\n            #gallery-1 img {\r\n                border: 2px solid #cfcfcf;\r\n            }\r\n            #gallery-1 .gallery-caption {\r\n                margin-left: 0;\r\n            }\r\n        <\/style>\r\n        <!-- see gallery_shortcode() in wp-includes\/media.php -->\r\n        <div id='gallery-1' class='gallery-images gallery galleryid-469'><dl class='gallery-item'>\r\n            <dt class='gallery-icon'>\r\n                <a href='https:\/\/www.chile-reise.com\/wp-content\/uploads\/Araukanien_klein.jpg'><img loading=\"lazy\" decoding=\"async\" width=\"240\" height=\"140\" src=\"https:\/\/www.chile-reise.com\/wp-content\/uploads\/Araukanien_klein-240x140.jpg\" class=\"attachment-thumbnail size-thumbnail\" alt=\"Araukanien klein\" \/><\/a>\r\n            <\/dt>\r\n                <dd class='gallery-caption'>\r\n                 Araucaria\r\n                <\/dd><\/dl><dl class='gallery-item'>\r\n            <dt class='gallery-icon'>\r\n                <a href='https:\/\/www.chile-reise.com\/wp-content\/uploads\/Conguillio_klein1.jpg'><img loading=\"lazy\" decoding=\"async\" width=\"240\" height=\"140\" src=\"https:\/\/www.chile-reise.com\/wp-content\/uploads\/Conguillio_klein1-240x140.jpg\" class=\"attachment-thumbnail size-thumbnail\" alt=\"Conguillio klein\" \/><\/a>\r\n            <\/dt>\r\n                <dd class='gallery-caption'>\r\n                Conguill\u00edo National Park\r\n                <\/dd><\/dl><dl class='gallery-item'>\r\n            <dt class='gallery-icon'>\r\n                <a href='https:\/\/www.chile-reise.com\/wp-content\/uploads\/Cumbre-Volcan-Villarrica-3_klein.jpg'><img loading=\"lazy\" decoding=\"async\" width=\"240\" height=\"140\" src=\"https:\/\/www.chile-reise.com\/wp-content\/uploads\/Cumbre-Volcan-Villarrica-3_klein-240x140.jpg\" class=\"attachment-thumbnail size-thumbnail\" alt=\"Cumbre Volcan Villarrica 3 klein\" \/><\/a>\r\n            <\/dt>\r\n                <dd class='gallery-caption'>\r\n                Volcano Villarrica \r\n                <\/dd><\/dl><br style=\"clear: both\" \/><dl class='gallery-item'>\r\n            <dt class='gallery-icon'>\r\n                <a href='https:\/\/www.chile-reise.com\/wp-content\/uploads\/Huilo-Huilo-Salto-Leona_klein.jpg'><img loading=\"lazy\" decoding=\"async\" width=\"240\" height=\"140\" src=\"https:\/\/www.chile-reise.com\/wp-content\/uploads\/Huilo-Huilo-Salto-Leona_klein-240x140.jpg\" class=\"attachment-thumbnail size-thumbnail\" alt=\"Huilo Huilo Salto Leona klein\" \/><\/a>\r\n            <\/dt>\r\n                <dd class='gallery-caption'>\r\n                Leona Waterfall Huilo Huilo\r\n                <\/dd><\/dl><dl class='gallery-item'>\r\n            <dt class='gallery-icon'>\r\n                <a href='https:\/\/www.chile-reise.com\/wp-content\/uploads\/Termas-Geometricas_klein2.jpg'><img loading=\"lazy\" decoding=\"async\" width=\"240\" height=\"140\" src=\"https:\/\/www.chile-reise.com\/wp-content\/uploads\/Termas-Geometricas_klein2-240x140.jpg\" class=\"attachment-thumbnail size-thumbnail\" alt=\"Termas Geometricas klein\" \/><\/a>\r\n            <\/dt>\r\n                <dd class='gallery-caption'>\r\n                Termas Geometricas\r\n                <\/dd><\/dl><dl class='gallery-item'>\r\n            <dt class='gallery-icon'>\r\n                <a href='https:\/\/www.chile-reise.com\/wp-content\/uploads\/Volcan-Lonquimay_05_klein1.jpg'><img loading=\"lazy\" decoding=\"async\" width=\"240\" height=\"140\" src=\"https:\/\/www.chile-reise.com\/wp-content\/uploads\/Volcan-Lonquimay_05_klein1-240x140.jpg\" class=\"attachment-thumbnail size-thumbnail\" alt=\"OLYMPUS DIGITAL CAMERA\" \/><\/a>\r\n            <\/dt>\r\n                <dd class='gallery-caption'>\r\n                Volcano Lonquimay\r\n                <\/dd><\/dl><br style=\"clear: both\" \/>\r\n            <br style='clear: both;' \/>\r\n        <\/div>\n<div class=\"clear\"><\/div><div class=\"divider\"><\/div>\n<p><strong>Region:<\/strong> Seengebiet<br \/>\n<strong>Dauer:<\/strong> 7 Tage<\/p>\n\n\t<script type=\"text\/javascript\">\tjQuery(document).ready(function($){\tjQuery(\"ul.tabs-nav\").tabs(\"> .pane\"); }); <\/script>\n\n\t\t<div class=\"post-tabs\">\n\t\t\n<ul class=\"tabs-nav\">\n<li>Tourverlauf<\/li>\n<\/ul>\n\n\t\t<div class=\"pane\">\n\t\t\n<p><strong>1. Tag &#8211; Temuco &#8211; Curacaut\u00edn<\/strong><\/p>\n<ul>\n<li>\u00dcbergabe des Mietwagens am Flughafen in Temuco<\/li>\n<li>Besichtigung der Stadt Temuco<\/li>\n<li>Fahrt \u00fcber Curacaut\u00edn nach Malacahuello<\/li>\n<li>\u00dcbernachtung in Malacahuello<\/li>\n<li>ca. 100 -115 km, asphaltiert<\/li>\n<\/ul>\n<p><strong>2. Tag &#8211; Wanderung am Vulkan Lonquimay und zum Krater Navidad<\/strong><\/p>\n<ul>\n<li>Fahrt zum Naturreservat \u00abLas Nalcas\u00bb<\/li>\n<li>Wanderung am Fu\u00df des Vulkans Lonquimay<\/li>\n<li>Faszinierende Araukarienw\u00e4lder und erstaunliche Lavafelder<\/li>\n<li>R\u00fcckfahrt \u00fcber Lonquimay<\/li>\n<li>\u00dcbernachtung in Malacahuello<\/li>\n<li>ca. 25 km Schotterstra\u00dfe<\/li>\n<\/ul>\n<p><strong>3. Tag &#8211; Conguillio Nationalpark<\/strong><\/p>\n<ul>\n<li>Fahrt zum Conguillio Nationalpark<\/li>\n<li>Tag im dichten Urwald, Wanderung von Lagune zu Lagune<\/li>\n<li>Riesige Lavafelder und Sierra Nevada &#8211; Gebirgs-zug mit fantastischen  Ausblicken auf den Vulkan Llaima und andere  Vulkane<\/li>\n<li>\u00dcbernachtung in Trailanqui oder im Nationalpark<\/li>\n<li>ca. 70 km, davon 30 asphaltiert<\/li>\n<\/ul>\n<p><strong>4. Tag &#8211; Puc\u00f3n &#8211; Vulkan Villarrica<\/strong><\/p>\n<ul>\n<li>Fahrt durch wundersch\u00f6ne Landschaft nach Puc\u00f3n und von dort  zum Villarrica Nationalpark<\/li>\n<li>Auffahrt auf den m\u00e4chtigen Vulkan Villarrica<\/li>\n<li>Tour durch die Lavah\u00f6hlen des Vulkans<\/li>\n<li>\u00dcbernachung in Puc\u00f3n<\/li>\n<li>ca. 160 km, davon ca. 60 asphaltiert<\/li>\n<\/ul>\n<p><strong>5. Tag &#8211; Puc\u00f3n &#8211; Termas Geometricas &#8211; Naturpark Huilo Huilo<\/strong><\/p>\n<ul>\n<li>Fahrt  \u00fcber Villarrica zu den wundervollen Termas Geometricas<\/li>\n<li>Entspannen im Thermalwasser &#8211; umgeben von Felsen und Urwald<\/li>\n<li>Weiterfahrt zum Naturpark Huilo Huilo<\/li>\n<li>\u00dcbernachtung im Naturpark Huilo Huilo<\/li>\n<li>Insgesamt ca. 160 km, davon 72 asphaltiert<\/li>\n<\/ul>\n<p><strong>6.Tag &#8211; Naturpark Huilo Huilo<\/strong><\/p>\n<ul>\n<li>Exkursionen im Naturpark Huilo Huilo: Reiten, Canopy, Mountainbike, Bergsteigen, Trekking, Kayak, etc.<\/li>\n<li>\u00dcbernachtung im Naturpark Huilo Huilo<\/li>\n<\/ul>\n<p><strong>7. Tag &#8211; Naturpark Huilo Huilo &#8211; Temuco<\/strong><\/p>\n<ul>\n<li>R\u00fcckgabe des Mietwagens in Temuco und R\u00fcckflug<\/li>\n<li>200 km<\/li>\n<\/ul>\n\n\t\t<\/div>\n\t\n\n\t\t<\/div>\n\t<\/p>","protected":false},"excerpt":{"rendered":"<p>Region: Seengebiet Dauer: 7 Tage<\/p>\n","protected":false},"author":16,"featured_media":0,"parent":192,"menu_order":0,"comment_status":"open","ping_status":"open","template":"","meta":{"slim_seo":{"title":"Araucan\u00eda-Route The Araucan\u00eda Route - travelArt","description":"Araucaria Conguill\u00edo National Park Volcano Villarrica Leona Waterfall Huilo Huilo Termas Geometricas Volcano Lonquimay Region: Seengebiet Dauer: 7 Tage Tourverl"},"footnotes":""},"class_list":["post-469","page","type-page","status-publish","hentry"],"_links":{"self":[{"href":"https:\/\/www.chile-reise.com\/de\/wp-json\/wp\/v2\/pages\/469","targetHints":{"allow":["GET"]}}],"collection":[{"href":"https:\/\/www.chile-reise.com\/de\/wp-json\/wp\/v2\/pages"}],"about":[{"href":"https:\/\/www.chile-reise.com\/de\/wp-json\/wp\/v2\/types\/page"}],"author":[{"embeddable":true,"href":"https:\/\/www.chile-reise.com\/de\/wp-json\/wp\/v2\/users\/16"}],"replies":[{"embeddable":true,"href":"https:\/\/www.chile-reise.com\/de\/wp-json\/wp\/v2\/comments?post=469"}],"version-history":[{"count":0,"href":"https:\/\/www.chile-reise.com\/de\/wp-json\/wp\/v2\/pages\/469\/revisions"}],"up":[{"embeddable":true,"href":"https:\/\/www.chile-reise.com\/de\/wp-json\/wp\/v2\/pages\/192"}],"wp:attachment":[{"href":"https:\/\/www.chile-reise.com\/de\/wp-json\/wp\/v2\/media?parent=469"}],"curies":[{"name":"wp","href":"https:\/\/api.w.org\/{rel}","templated":true}]}}