{"id":460,"date":"2013-07-04T18:53:06","date_gmt":"2013-07-04T16:53:06","guid":{"rendered":"http:\/\/www.chile-reise.com\/wordpress\/?page_id=460"},"modified":"2013-10-21T22:17:23","modified_gmt":"2013-10-21T20:17:23","slug":"hotel-casablanca","status":"publish","type":"page","link":"https:\/\/www.chile-reise.com\/de\/hotels\/weinhotels\/hotel-casablanca\/","title":{"rendered":"Hotel Casablanca ***"},"content":{"rendered":"<p>\r\n        <style type='text\/css'>\r\n            #gallery-1 {\r\n                margin: auto;\r\n            }\r\n            #gallery-1 .gallery-item {\r\n                float: left;\r\n                margin-top: 10px;\r\n                text-align: center;\r\n                width: 33%;           }\r\n            #gallery-1 img {\r\n                border: 2px solid #cfcfcf;\r\n            }\r\n            #gallery-1 .gallery-caption {\r\n                margin-left: 0;\r\n            }\r\n        <\/style>\r\n        <!-- see gallery_shortcode() in wp-includes\/media.php -->\r\n        <div id='gallery-1' class='gallery-images gallery galleryid-460'><dl class='gallery-item'>\r\n            <dt class='gallery-icon'>\r\n                <a href='https:\/\/www.chile-reise.com\/wp-content\/uploads\/Hotel-Casablanca.jpg'><img loading=\"lazy\" decoding=\"async\" width=\"240\" height=\"140\" src=\"https:\/\/www.chile-reise.com\/wp-content\/uploads\/Hotel-Casablanca-240x140.jpg\" class=\"attachment-thumbnail size-thumbnail\" alt=\"Hotel Casablanca\" \/><\/a>\r\n            <\/dt>\r\n                <dd class='gallery-caption'>\r\n                Hotel Casablanca\r\n                <\/dd><\/dl><dl class='gallery-item'>\r\n            <dt class='gallery-icon'>\r\n                <a href='https:\/\/www.chile-reise.com\/wp-content\/uploads\/Casablanca-Twin-Room.jpg'><img loading=\"lazy\" decoding=\"async\" width=\"240\" height=\"140\" src=\"https:\/\/www.chile-reise.com\/wp-content\/uploads\/Casablanca-Twin-Room-240x140.jpg\" class=\"attachment-thumbnail size-thumbnail\" alt=\"Casablanca Twin Room\" \/><\/a>\r\n            <\/dt>\r\n                <dd class='gallery-caption'>\r\n                Casablanca Twin Room\r\n                <\/dd><\/dl><dl class='gallery-item'>\r\n            <dt class='gallery-icon'>\r\n                <a href='https:\/\/www.chile-reise.com\/wp-content\/uploads\/Casablanca-Restaurant.jpg'><img loading=\"lazy\" decoding=\"async\" width=\"240\" height=\"140\" src=\"https:\/\/www.chile-reise.com\/wp-content\/uploads\/Casablanca-Restaurant-240x140.jpg\" class=\"attachment-thumbnail size-thumbnail\" alt=\"Casablanca Restaurant\" \/><\/a>\r\n            <\/dt>\r\n                <dd class='gallery-caption'>\r\n                Casablanca Restaurant\r\n                <\/dd><\/dl><br style=\"clear: both\" \/>\r\n            <br style='clear: both;' \/>\r\n        <\/div>\n\n<div class=\"clear\"><\/div><div class=\"divider\"><\/div>\n<p>Inmitten der wundersch\u00f6nen Landschaft des Casablancatals und nahe der Weing\u00fcter \u00abEmiliana\u00bb und \u00abCasas del Bosque\u00bb steht das Hotel Casablanca &#8211; ein typisches Landhaus aus Lehmziegeln mit gro\u00dfen und geschmackvoll dekorierten R\u00e4umen &#8211; einfach urig! Ein weitl\u00e4ufiger, h\u00fcbscher Garten mit Schwimmbecken l\u00e4dt zum Entspannen ein und im Spa kann man sich mit auf Wein basierenden Anwendungen verw\u00f6hnen lassen. Das Hotelrestaurant bietet erstklassige lokale und internationale Gerichte.<\/p>\n<p><strong>Zimmer:<\/strong> 14<br \/>\n<strong>Ausstattung:<\/strong> Heizung, Kabel-TV, Haartrockner, Safe, Restaurant, Terrasse, Garten, Schwimmbecken, Spa, Weinkeller<br \/>\n<strong>Internet:<\/strong> Wi-Fi<\/p>","protected":false},"excerpt":{"rendered":"<p>Inmitten der wundersch\u00f6nen Landschaft des Casablancatals und nahe der Weing\u00fcter \u00abEmiliana\u00bb und \u00abCasas del Bosque\u00bb steht das Hotel Casablanca &#8211; ein typisches Landhaus aus Lehmziegeln mit gro\u00dfen und geschmackvoll dekorierten R\u00e4umen &#8211; einfach urig! Ein weitl\u00e4ufiger, h\u00fcbscher Garten mit Schwimmbecken &#8230;<\/p>\n","protected":false},"author":16,"featured_media":0,"parent":433,"menu_order":0,"comment_status":"open","ping_status":"open","template":"","meta":{"slim_seo":{"title":"Hotel Casablanca *** Hotel Casablanca *** - travelArt","description":"Hotel Casablanca Casablanca Twin Room Casablanca Restaurant Inmitten der wundersch\u00f6nen Landschaft des Casablancatals und nahe der Weing\u00fcter \u00abEmiliana\u00bb und \u00abCasa"},"footnotes":""},"class_list":["post-460","page","type-page","status-publish","hentry"],"_links":{"self":[{"href":"https:\/\/www.chile-reise.com\/de\/wp-json\/wp\/v2\/pages\/460","targetHints":{"allow":["GET"]}}],"collection":[{"href":"https:\/\/www.chile-reise.com\/de\/wp-json\/wp\/v2\/pages"}],"about":[{"href":"https:\/\/www.chile-reise.com\/de\/wp-json\/wp\/v2\/types\/page"}],"author":[{"embeddable":true,"href":"https:\/\/www.chile-reise.com\/de\/wp-json\/wp\/v2\/users\/16"}],"replies":[{"embeddable":true,"href":"https:\/\/www.chile-reise.com\/de\/wp-json\/wp\/v2\/comments?post=460"}],"version-history":[{"count":0,"href":"https:\/\/www.chile-reise.com\/de\/wp-json\/wp\/v2\/pages\/460\/revisions"}],"up":[{"embeddable":true,"href":"https:\/\/www.chile-reise.com\/de\/wp-json\/wp\/v2\/pages\/433"}],"wp:attachment":[{"href":"https:\/\/www.chile-reise.com\/de\/wp-json\/wp\/v2\/media?parent=460"}],"curies":[{"name":"wp","href":"https:\/\/api.w.org\/{rel}","templated":true}]}}