{"id":459,"date":"2013-07-04T18:51:59","date_gmt":"2013-07-04T16:51:59","guid":{"rendered":"http:\/\/www.chile-reise.com\/wordpress\/?page_id=459"},"modified":"2013-10-21T22:21:39","modified_gmt":"2013-10-21T20:21:39","slug":"hotel-terravina","status":"publish","type":"page","link":"https:\/\/www.chile-reise.com\/de\/hotels\/weinhotels\/hotel-terravina\/","title":{"rendered":"Hotel Terravi\u00f1a ***"},"content":{"rendered":"<p>\r\n        <style type='text\/css'>\r\n            #gallery-1 {\r\n                margin: auto;\r\n            }\r\n            #gallery-1 .gallery-item {\r\n                float: left;\r\n                margin-top: 10px;\r\n                text-align: center;\r\n                width: 50%;           }\r\n            #gallery-1 img {\r\n                border: 2px solid #cfcfcf;\r\n            }\r\n            #gallery-1 .gallery-caption {\r\n                margin-left: 0;\r\n            }\r\n        <\/style>\r\n        <!-- see gallery_shortcode() in wp-includes\/media.php -->\r\n        <div id='gallery-1' class='gallery-images gallery galleryid-459'><dl class='gallery-item'>\r\n            <dt class='gallery-icon'>\r\n                <a href='https:\/\/www.chile-reise.com\/wp-content\/uploads\/Hotel-Terravi\u00f1a-afuera.jpg'><img loading=\"lazy\" decoding=\"async\" width=\"240\" height=\"140\" src=\"https:\/\/www.chile-reise.com\/wp-content\/uploads\/Hotel-Terravi\u00f1a-afuera-240x140.jpg\" class=\"attachment-thumbnail size-thumbnail\" alt=\"Hotel Terravi\u00f1a afuera\" \/><\/a>\r\n            <\/dt>\r\n                <dd class='gallery-caption'>\r\n                Hotel Terravi\u00f1a\r\n                <\/dd><\/dl><dl class='gallery-item'>\r\n            <dt class='gallery-icon'>\r\n                <a href='https:\/\/www.chile-reise.com\/wp-content\/uploads\/Hotel-Terravi\u00f1a-hab.jpg'><img loading=\"lazy\" decoding=\"async\" width=\"240\" height=\"140\" src=\"https:\/\/www.chile-reise.com\/wp-content\/uploads\/Hotel-Terravi\u00f1a-hab-240x140.jpg\" class=\"attachment-thumbnail size-thumbnail\" alt=\"Hotel Terravi\u00f1a\" \/><\/a>\r\n            <\/dt>\r\n                <dd class='gallery-caption'>\r\n                Hotel Terravi\u00f1a Double Room\r\n                <\/dd><\/dl><br style=\"clear: both\" \/>\r\n            <br style='clear: both;' \/>\r\n        <\/div>\n\n<div class=\"clear\"><\/div><div class=\"divider\"><\/div>\n<p>Das Hotel Terravi\u00f1a wurde im Januar 2010 inmitten der Weinberge des Weinguts Laura Hartwig er\u00f6ffnet. Alle Zimmer des im l\u00e4ndlichen Stil erbauten Hauses bieten eine wunderbare Aussicht auf die Bergkette der Anden. Das Colchaguatal h\u00e4lt eine gro\u00dfe Auswahl an Aktivit\u00e4ten f\u00fcr Besucher bereit, wie beispielsweise Weintouren oder Reitausfl\u00fcge. Die Besitzer des Hotels bieten Touren auf Deutsch, Englisch oder D\u00e4nisch an.<\/p>\n<p><strong>Zimmer:<\/strong> 19<br \/>\n<strong>Ausstattung:<\/strong> Safe, Zentralheizung, Kabel-TV, Aufenthaltsraum mit Kamin, Parkpl\u00e4tze<br \/>\n<strong>Internet:<\/strong> Wi-Fi<\/p>","protected":false},"excerpt":{"rendered":"<p>Das Hotel Terravi\u00f1a wurde im Januar 2010 inmitten der Weinberge des Weinguts Laura Hartwig er\u00f6ffnet. Alle Zimmer des im l\u00e4ndlichen Stil erbauten Hauses bieten eine wunderbare Aussicht auf die Bergkette der Anden. Das Colchaguatal h\u00e4lt eine gro\u00dfe Auswahl an Aktivit\u00e4ten &#8230;<\/p>\n","protected":false},"author":16,"featured_media":0,"parent":433,"menu_order":0,"comment_status":"open","ping_status":"open","template":"","meta":{"slim_seo":{"title":"Hotel Terravi\u00f1a *** Hotel Terravi\u00f1a *** - travelArt","description":"Hotel Terravi\u00f1a Hotel Terravi\u00f1a Double Room Das Hotel Terravi\u00f1a wurde im Januar 2010 inmitten der Weinberge des Weinguts Laura Hartwig er\u00f6ffnet. Alle Zimmer des"},"footnotes":""},"class_list":["post-459","page","type-page","status-publish","hentry"],"_links":{"self":[{"href":"https:\/\/www.chile-reise.com\/de\/wp-json\/wp\/v2\/pages\/459","targetHints":{"allow":["GET"]}}],"collection":[{"href":"https:\/\/www.chile-reise.com\/de\/wp-json\/wp\/v2\/pages"}],"about":[{"href":"https:\/\/www.chile-reise.com\/de\/wp-json\/wp\/v2\/types\/page"}],"author":[{"embeddable":true,"href":"https:\/\/www.chile-reise.com\/de\/wp-json\/wp\/v2\/users\/16"}],"replies":[{"embeddable":true,"href":"https:\/\/www.chile-reise.com\/de\/wp-json\/wp\/v2\/comments?post=459"}],"version-history":[{"count":0,"href":"https:\/\/www.chile-reise.com\/de\/wp-json\/wp\/v2\/pages\/459\/revisions"}],"up":[{"embeddable":true,"href":"https:\/\/www.chile-reise.com\/de\/wp-json\/wp\/v2\/pages\/433"}],"wp:attachment":[{"href":"https:\/\/www.chile-reise.com\/de\/wp-json\/wp\/v2\/media?parent=459"}],"curies":[{"name":"wp","href":"https:\/\/api.w.org\/{rel}","templated":true}]}}