{"id":458,"date":"2013-07-04T18:50:56","date_gmt":"2013-07-04T16:50:56","guid":{"rendered":"http:\/\/www.chile-reise.com\/wordpress\/?page_id=458"},"modified":"2016-04-21T16:10:20","modified_gmt":"2016-04-21T14:10:20","slug":"altiplanico-san-alfonso","status":"publish","type":"page","link":"https:\/\/www.chile-reise.com\/de\/hotels\/santiago-zentralchile-und-pazifikkueste\/altiplanico-san-alfonso\/","title":{"rendered":"Altiplanico San Alfonso (B)"},"content":{"rendered":"<style type='text\/css'>\r\n            #gallery-1 {\r\n                margin: auto;\r\n            }\r\n            #gallery-1 .gallery-item {\r\n                float: left;\r\n                margin-top: 10px;\r\n                text-align: center;\r\n                width: 33%;           }\r\n            #gallery-1 img {\r\n                border: 2px solid #cfcfcf;\r\n            }\r\n            #gallery-1 .gallery-caption {\r\n                margin-left: 0;\r\n            }\r\n        <\/style>\r\n        <!-- see gallery_shortcode() in wp-includes\/media.php -->\r\n        <div id='gallery-1' class='gallery-images gallery galleryid-458'><dl class='gallery-item'>\r\n            <dt class='gallery-icon'>\r\n                <a href='https:\/\/www.chile-reise.com\/wp-content\/uploads\/Altipanico-SA-2.jpg'><img loading=\"lazy\" decoding=\"async\" width=\"240\" height=\"140\" src=\"https:\/\/www.chile-reise.com\/wp-content\/uploads\/Altipanico-SA-2-240x140.jpg\" class=\"attachment-thumbnail size-thumbnail\" alt=\"Altipanico SA (2)\" \/><\/a>\r\n            <\/dt>\r\n                <dd class='gallery-caption'>\r\n                Hotel Altiplanico San Alfonso\r\n                <\/dd><\/dl><dl class='gallery-item'>\r\n            <dt class='gallery-icon'>\r\n                <a href='https:\/\/www.chile-reise.com\/wp-content\/uploads\/Altipanico-SA-4.jpg'><img loading=\"lazy\" decoding=\"async\" width=\"240\" height=\"140\" src=\"https:\/\/www.chile-reise.com\/wp-content\/uploads\/Altipanico-SA-4-240x140.jpg\" class=\"attachment-thumbnail size-thumbnail\" alt=\"Altipanico SA (4)\" \/><\/a>\r\n            <\/dt>\r\n                <dd class='gallery-caption'>\r\n                Altiplanico San AlfonsoDouble Room\r\n                <\/dd><\/dl><dl class='gallery-item'>\r\n            <dt class='gallery-icon'>\r\n                <a href='https:\/\/www.chile-reise.com\/wp-content\/uploads\/Altipanico-SA.jpg'><img loading=\"lazy\" decoding=\"async\" width=\"211\" height=\"140\" src=\"https:\/\/www.chile-reise.com\/wp-content\/uploads\/Altipanico-SA-211x140.jpg\" class=\"attachment-thumbnail size-thumbnail\" alt=\"Altipanico San Alfonso\" \/><\/a>\r\n            <\/dt>\r\n                <dd class='gallery-caption'>\r\n                Altiplanico San Alfonso Bar\r\n                <\/dd><\/dl><br style=\"clear: both\" \/><dl class='gallery-item'>\r\n            <dt class='gallery-icon'>\r\n                <a href='https:\/\/www.chile-reise.com\/wp-content\/uploads\/Altipanico-SA-1.jpg'><img loading=\"lazy\" decoding=\"async\" width=\"211\" height=\"140\" src=\"https:\/\/www.chile-reise.com\/wp-content\/uploads\/Altipanico-SA-1-211x140.jpg\" class=\"attachment-thumbnail size-thumbnail\" alt=\"Altipanico SA (1)\" \/><\/a>\r\n            <\/dt>\r\n                <dd class='gallery-caption'>\r\n                Altiplanico San Alfonso Living Room\r\n                <\/dd><\/dl><dl class='gallery-item'>\r\n            <dt class='gallery-icon'>\r\n                <a href='https:\/\/www.chile-reise.com\/wp-content\/uploads\/Altipanico-SA-3.jpg'><img loading=\"lazy\" decoding=\"async\" width=\"240\" height=\"140\" src=\"https:\/\/www.chile-reise.com\/wp-content\/uploads\/Altipanico-SA-3-240x140.jpg\" class=\"attachment-thumbnail size-thumbnail\" alt=\"Altipanico SA (3)\" \/><\/a>\r\n            <\/dt>\r\n                <dd class='gallery-caption'>\r\n                Altiplanico San Alfonso Pool\r\n                <\/dd><\/dl>\r\n            <br style='clear: both;' \/>\r\n        <\/div>\n\n<div class=\"clear\"><\/div><div class=\"divider\"><\/div>\n<p>Das Hotel Altiplanico San Alfonso liegt vor den Toren Santiagos, in einer wunderbar ruhigen Umgebung. Das sch\u00f6ne Hotel schmiegt sich an die H\u00e4nge des Maipotals und passt sich in Bau- und Dekorationsstil an die typischen lokalen Eigenheiten an: warme Farbt\u00f6ne, viel naturbelassenes Holz und teils verwinkelte R\u00e4ume holen das traditionelle Landleben optisch ins Haus. Die acht Zimmer sind ger\u00e4umig und gem\u00fctlich, hier f\u00fchlt man sich schnell wohl. Auch Garten und Terrasse sind mit Liebe zum Detail passend zur umgebenden Berglandschaft angelegt.<\/p>\n<p><strong>Zimmer:<\/strong> 8<br \/>\n<strong>Ausstattung:<\/strong> Zentralheizung, Haartrockner, Kabel-TV, Restaurant, Bar, Garten, Schwimmbecken, Whirlpool, Hot-Tub, Massageraum, Quincho-Grill, Feuerstelle,  W\u00e4scheservice, Parkpl\u00e4tze<br \/>\n<strong>Internet:<\/strong> Wi-Fi","protected":false},"excerpt":{"rendered":"<p>Das Hotel Altiplanico San Alfonso liegt vor den Toren Santiagos, in einer wunderbar ruhigen Umgebung. Das sch\u00f6ne Hotel schmiegt sich an die H\u00e4nge des Maipotals und passt sich in Bau- und Dekorationsstil an die typischen lokalen Eigenheiten an: warme Farbt\u00f6ne, &#8230;<\/p>\n","protected":false},"author":16,"featured_media":0,"parent":210,"menu_order":0,"comment_status":"open","ping_status":"open","template":"","meta":{"slim_seo":{"title":"Altiplanico San Alfonso (B) - travelArt","description":"[:de] Hotel Altiplanico San Alfonso Altiplanico San AlfonsoDouble Room Altiplanico San Alfonso Bar Altiplanico San Alfonso Living Room Altiplanico San Alfonso P"},"footnotes":""},"class_list":["post-458","page","type-page","status-publish","hentry"],"_links":{"self":[{"href":"https:\/\/www.chile-reise.com\/de\/wp-json\/wp\/v2\/pages\/458","targetHints":{"allow":["GET"]}}],"collection":[{"href":"https:\/\/www.chile-reise.com\/de\/wp-json\/wp\/v2\/pages"}],"about":[{"href":"https:\/\/www.chile-reise.com\/de\/wp-json\/wp\/v2\/types\/page"}],"author":[{"embeddable":true,"href":"https:\/\/www.chile-reise.com\/de\/wp-json\/wp\/v2\/users\/16"}],"replies":[{"embeddable":true,"href":"https:\/\/www.chile-reise.com\/de\/wp-json\/wp\/v2\/comments?post=458"}],"version-history":[{"count":0,"href":"https:\/\/www.chile-reise.com\/de\/wp-json\/wp\/v2\/pages\/458\/revisions"}],"up":[{"embeddable":true,"href":"https:\/\/www.chile-reise.com\/de\/wp-json\/wp\/v2\/pages\/210"}],"wp:attachment":[{"href":"https:\/\/www.chile-reise.com\/de\/wp-json\/wp\/v2\/media?parent=458"}],"curies":[{"name":"wp","href":"https:\/\/api.w.org\/{rel}","templated":true}]}}