{"id":457,"date":"2013-07-04T18:49:57","date_gmt":"2013-07-04T16:49:57","guid":{"rendered":"http:\/\/www.chile-reise.com\/wordpress\/?page_id=457"},"modified":"2015-04-09T21:36:22","modified_gmt":"2015-04-09T19:36:22","slug":"hotel-casa-del-campo","status":"publish","type":"page","link":"https:\/\/www.chile-reise.com\/de\/hotels\/weinhotels\/hotel-casa-del-campo\/","title":{"rendered":"Hotel Casa de Campo (B)"},"content":{"rendered":"<p>\r\n        <style type='text\/css'>\r\n            #gallery-1 {\r\n                margin: auto;\r\n            }\r\n            #gallery-1 .gallery-item {\r\n                float: left;\r\n                margin-top: 10px;\r\n                text-align: center;\r\n                width: 33%;           }\r\n            #gallery-1 img {\r\n                border: 2px solid #cfcfcf;\r\n            }\r\n            #gallery-1 .gallery-caption {\r\n                margin-left: 0;\r\n            }\r\n        <\/style>\r\n        <!-- see gallery_shortcode() in wp-includes\/media.php -->\r\n        <div id='gallery-1' class='gallery-images gallery galleryid-457'><dl class='gallery-item'>\r\n            <dt class='gallery-icon'>\r\n                <a href='https:\/\/www.chile-reise.com\/wp-content\/uploads\/Casa-del-campo-afuera.jpg'><img loading=\"lazy\" decoding=\"async\" width=\"240\" height=\"140\" src=\"https:\/\/www.chile-reise.com\/wp-content\/uploads\/Casa-del-campo-afuera-240x140.jpg\" class=\"attachment-thumbnail size-thumbnail\" alt=\"Casa del campo afuera\" \/><\/a>\r\n            <\/dt>\r\n                <dd class='gallery-caption'>\r\n                Hotel Casa de Campo\r\n                <\/dd><\/dl><dl class='gallery-item'>\r\n            <dt class='gallery-icon'>\r\n                <a href='https:\/\/www.chile-reise.com\/wp-content\/uploads\/Casa-del-campo-hab.jpg'><img loading=\"lazy\" decoding=\"async\" width=\"240\" height=\"140\" src=\"https:\/\/www.chile-reise.com\/wp-content\/uploads\/Casa-del-campo-hab-240x140.jpg\" class=\"attachment-thumbnail size-thumbnail\" alt=\"Casa del campo hab\" \/><\/a>\r\n            <\/dt>\r\n                <dd class='gallery-caption'>\r\n                Hotel Casa de Campo Double Room\r\n                <\/dd><\/dl><dl class='gallery-item'>\r\n            <dt class='gallery-icon'>\r\n                <a href='https:\/\/www.chile-reise.com\/wp-content\/uploads\/Casa-del-campo-afuera2.jpg'><img loading=\"lazy\" decoding=\"async\" width=\"240\" height=\"140\" src=\"https:\/\/www.chile-reise.com\/wp-content\/uploads\/Casa-del-campo-afuera2-240x140.jpg\" class=\"attachment-thumbnail size-thumbnail\" alt=\"Casa del campo afuera2\" \/><\/a>\r\n            <\/dt>\r\n                <dd class='gallery-caption'>\r\n                Hotel Casa de Campo Exterior\r\n                <\/dd><\/dl><br style=\"clear: both\" \/>\r\n            <br style='clear: both;' \/>\r\n        <\/div>\n\n<div class=\"clear\"><\/div><div class=\"divider\"><\/div>\n<p>Das Hotel Casa de Campo (\u00abLandhaus\u00bb) liegt in idyllischer Umgebung vor den Toren des malerischen St\u00e4dtchens Santa Cruz mitten im Colchaguatal. Das rustikale, gem\u00fctliche Hotel hat sehr sch\u00f6ne und komfortabel ausgestattete Zimmer mit Blick auf die umliegenden Felder und Berge.<\/p>\n<p><strong>Zimmer:<\/strong> 12<br \/>\n<strong>Ausstattung:<\/strong> Zentralheizung, Sat-TV, Safe, Garten mit Terrasse, Schwimmbecken, Quincho-Grill, Heizung und Warmwasser durch Solarenergie, Parkpl\u00e4tze<br \/>\n<strong>Internet:<\/strong> Wi-Fi<\/p>","protected":false},"excerpt":{"rendered":"<p>Das Hotel Casa de Campo (\u00abLandhaus\u00bb) liegt in idyllischer Umgebung vor den Toren des malerischen St\u00e4dtchens Santa Cruz mitten im Colchaguatal. Das rustikale, gem\u00fctliche Hotel hat sehr sch\u00f6ne und komfortabel ausgestattete Zimmer mit Blick auf die umliegenden Felder und Berge. &#8230;<\/p>\n","protected":false},"author":16,"featured_media":0,"parent":433,"menu_order":0,"comment_status":"open","ping_status":"open","template":"","meta":{"slim_seo":{"title":"Hotel Casa de Campo (B) Hotel Casa de Campo (B) - travelArt","description":"Hotel Casa de Campo Hotel Casa de Campo Double Room Hotel Casa de Campo Exterior Das Hotel Casa de Campo (\u00abLandhaus\u00bb) liegt in idyllischer Umgebung vor den Tore"},"footnotes":""},"class_list":["post-457","page","type-page","status-publish","hentry"],"_links":{"self":[{"href":"https:\/\/www.chile-reise.com\/de\/wp-json\/wp\/v2\/pages\/457","targetHints":{"allow":["GET"]}}],"collection":[{"href":"https:\/\/www.chile-reise.com\/de\/wp-json\/wp\/v2\/pages"}],"about":[{"href":"https:\/\/www.chile-reise.com\/de\/wp-json\/wp\/v2\/types\/page"}],"author":[{"embeddable":true,"href":"https:\/\/www.chile-reise.com\/de\/wp-json\/wp\/v2\/users\/16"}],"replies":[{"embeddable":true,"href":"https:\/\/www.chile-reise.com\/de\/wp-json\/wp\/v2\/comments?post=457"}],"version-history":[{"count":0,"href":"https:\/\/www.chile-reise.com\/de\/wp-json\/wp\/v2\/pages\/457\/revisions"}],"up":[{"embeddable":true,"href":"https:\/\/www.chile-reise.com\/de\/wp-json\/wp\/v2\/pages\/433"}],"wp:attachment":[{"href":"https:\/\/www.chile-reise.com\/de\/wp-json\/wp\/v2\/media?parent=457"}],"curies":[{"name":"wp","href":"https:\/\/api.w.org\/{rel}","templated":true}]}}