{"id":455,"date":"2013-07-04T18:48:45","date_gmt":"2013-07-04T16:48:45","guid":{"rendered":"http:\/\/www.chile-reise.com\/wordpress\/?page_id=455"},"modified":"2015-04-09T21:35:54","modified_gmt":"2015-04-09T19:35:54","slug":"gaestehaus-matetic","status":"publish","type":"page","link":"https:\/\/www.chile-reise.com\/de\/hotels\/weinhotels\/gaestehaus-matetic\/","title":{"rendered":"La Casona de Vi\u00f1a Matetic (B)"},"content":{"rendered":"<p>\r\n        <style type='text\/css'>\r\n            #gallery-1 {\r\n                margin: auto;\r\n            }\r\n            #gallery-1 .gallery-item {\r\n                float: left;\r\n                margin-top: 10px;\r\n                text-align: center;\r\n                width: 33%;           }\r\n            #gallery-1 img {\r\n                border: 2px solid #cfcfcf;\r\n            }\r\n            #gallery-1 .gallery-caption {\r\n                margin-left: 0;\r\n            }\r\n        <\/style>\r\n        <!-- see gallery_shortcode() in wp-includes\/media.php -->\r\n        <div id='gallery-1' class='gallery-images gallery galleryid-455'><dl class='gallery-item'>\r\n            <dt class='gallery-icon'>\r\n                <a href='https:\/\/www.chile-reise.com\/wp-content\/uploads\/Matetic-Hotel-La-Casona.jpg'><img loading=\"lazy\" decoding=\"async\" width=\"240\" height=\"140\" src=\"https:\/\/www.chile-reise.com\/wp-content\/uploads\/Matetic-Hotel-La-Casona-240x140.jpg\" class=\"attachment-thumbnail size-thumbnail\" alt=\"Matetic Hotel La Casona\" \/><\/a>\r\n            <\/dt>\r\n                <dd class='gallery-caption'>\r\n                La Casona de Matetic\r\n                <\/dd><\/dl><dl class='gallery-item'>\r\n            <dt class='gallery-icon'>\r\n                <a href='https:\/\/www.chile-reise.com\/wp-content\/uploads\/Matetic-Double-Room.jpg'><img loading=\"lazy\" decoding=\"async\" width=\"240\" height=\"140\" src=\"https:\/\/www.chile-reise.com\/wp-content\/uploads\/Matetic-Double-Room-240x140.jpg\" class=\"attachment-thumbnail size-thumbnail\" alt=\"La Casona de Matetic\" \/><\/a>\r\n            <\/dt>\r\n                <dd class='gallery-caption'>\r\n                La Casona de Matetic Double Room\r\n                <\/dd><\/dl><dl class='gallery-item'>\r\n            <dt class='gallery-icon'>\r\n                <a href='https:\/\/www.chile-reise.com\/wp-content\/uploads\/Matetic-Dining-Room.jpg'><img loading=\"lazy\" decoding=\"async\" width=\"240\" height=\"140\" src=\"https:\/\/www.chile-reise.com\/wp-content\/uploads\/Matetic-Dining-Room-240x140.jpg\" class=\"attachment-thumbnail size-thumbnail\" alt=\"Matetic Dining Room\" \/><\/a>\r\n            <\/dt>\r\n                <dd class='gallery-caption'>\r\n                La Casona de Matetic Dining Room\r\n                <\/dd><\/dl><br style=\"clear: both\" \/><dl class='gallery-item'>\r\n            <dt class='gallery-icon'>\r\n                <a href='https:\/\/www.chile-reise.com\/wp-content\/uploads\/Matetic-Pool.jpg'><img loading=\"lazy\" decoding=\"async\" width=\"240\" height=\"140\" src=\"https:\/\/www.chile-reise.com\/wp-content\/uploads\/Matetic-Pool-240x140.jpg\" class=\"attachment-thumbnail size-thumbnail\" alt=\"Matetic Pool\" \/><\/a>\r\n            <\/dt>\r\n                <dd class='gallery-caption'>\r\n                La Casona de Matetic Pool \r\n                <\/dd><\/dl><dl class='gallery-item'>\r\n            <dt class='gallery-icon'>\r\n                <a href='https:\/\/www.chile-reise.com\/wp-content\/uploads\/Matetic-Twin-Room.jpg'><img loading=\"lazy\" decoding=\"async\" width=\"240\" height=\"140\" src=\"https:\/\/www.chile-reise.com\/wp-content\/uploads\/Matetic-Twin-Room-240x140.jpg\" class=\"attachment-thumbnail size-thumbnail\" alt=\"Matetic Twin Room\" \/><\/a>\r\n            <\/dt>\r\n                <dd class='gallery-caption'>\r\n                La Casona de Matetic Twin Room \r\n                <\/dd><\/dl><dl class='gallery-item'>\r\n            <dt class='gallery-icon'>\r\n                <a href='https:\/\/www.chile-reise.com\/wp-content\/uploads\/Matetic-Restaurant.jpg'><img loading=\"lazy\" decoding=\"async\" width=\"240\" height=\"140\" src=\"https:\/\/www.chile-reise.com\/wp-content\/uploads\/Matetic-Restaurant-240x140.jpg\" class=\"attachment-thumbnail size-thumbnail\" alt=\"Matetic Restaurant\" \/><\/a>\r\n            <\/dt>\r\n                <dd class='gallery-caption'>\r\n                La Casona de Matetic Restaurant\r\n                <\/dd><\/dl><br style=\"clear: both\" \/>\r\n            <br style='clear: both;' \/>\r\n        <\/div>\n\n<div class=\"clear\"><\/div><div class=\"divider\"><\/div>\n<p>Das Weingut Matetic im Casablancatal, zwischen Santiago und Vi\u00f1a del Mar, bietet in einem restaurierten Herrenhaus aus dem fr\u00fchen 20. Jahrhundert sehr sch\u00f6ne mit Antiquit\u00e4ten ausgestattete Zimmer: stilvoll, einladend und gem\u00fctlich.  Auf diese Weise schafft es das G\u00e4stehaus, den hohen Anspr\u00fcchen der heutigen Zeit gerecht zu werden und den Geist der Epoche dennoch lebendig zu erhalten. Das Restaurant des Weingutes, \u00abEQ\u00bb, serviert exzellente Speisen f\u00fcr Genie\u00dfer. G\u00e4ste k\u00f6nnen die ca. 5 km entfernten Weinkeller besichtigen und an Verkostungen teilnehmen, Reittouren unternehmen, bei der Weinernte mitmachen (Februar bis Mai) oder einfach im Garten oder am  Pool entspannen.<\/p>\n<p><strong>Zimmer:<\/strong> 7<br \/>\n<strong>Ausstattung:<\/strong> Zentralheizung, Telefon, Kabel-TV, Safe, Haartrockner, Morgenmantel, Babybett auf Anfrage, Restaurant, Terrasse, Garten, Schwimmbecken, Weinkeller<br \/>\n<strong>Aktivit\u00e4ten:<\/strong>  Weinproben, Reiten, Erntererlebnis (Februar bis Mai), Wandertouren, Mountainbike<br \/>\n<strong>Internet:<\/strong> Wi-Fi<\/p>","protected":false},"excerpt":{"rendered":"<p>Das Weingut Matetic im Casablancatal, zwischen Santiago und Vi\u00f1a del Mar, bietet in einem restaurierten Herrenhaus aus dem fr\u00fchen 20. Jahrhundert sehr sch\u00f6ne mit Antiquit\u00e4ten ausgestattete Zimmer: stilvoll, einladend und gem\u00fctlich. Auf diese Weise schafft es das G\u00e4stehaus, den hohen &#8230;<\/p>\n","protected":false},"author":16,"featured_media":0,"parent":433,"menu_order":0,"comment_status":"open","ping_status":"open","template":"","meta":{"slim_seo":{"title":"La Casona de Vi\u00f1a Matetic (B) La Casona de Vi\u00f1a Matetic (B) - travelArt","description":"La Casona de Matetic La Casona de Matetic Double Room La Casona de Matetic Dining Room La Casona de Matetic Pool La Casona de Matetic Twin Room La Casona de Mat"},"footnotes":""},"class_list":["post-455","page","type-page","status-publish","hentry"],"_links":{"self":[{"href":"https:\/\/www.chile-reise.com\/de\/wp-json\/wp\/v2\/pages\/455","targetHints":{"allow":["GET"]}}],"collection":[{"href":"https:\/\/www.chile-reise.com\/de\/wp-json\/wp\/v2\/pages"}],"about":[{"href":"https:\/\/www.chile-reise.com\/de\/wp-json\/wp\/v2\/types\/page"}],"author":[{"embeddable":true,"href":"https:\/\/www.chile-reise.com\/de\/wp-json\/wp\/v2\/users\/16"}],"replies":[{"embeddable":true,"href":"https:\/\/www.chile-reise.com\/de\/wp-json\/wp\/v2\/comments?post=455"}],"version-history":[{"count":0,"href":"https:\/\/www.chile-reise.com\/de\/wp-json\/wp\/v2\/pages\/455\/revisions"}],"up":[{"embeddable":true,"href":"https:\/\/www.chile-reise.com\/de\/wp-json\/wp\/v2\/pages\/433"}],"wp:attachment":[{"href":"https:\/\/www.chile-reise.com\/de\/wp-json\/wp\/v2\/media?parent=455"}],"curies":[{"name":"wp","href":"https:\/\/api.w.org\/{rel}","templated":true}]}}