{"id":454,"date":"2013-07-04T18:47:34","date_gmt":"2013-07-04T16:47:34","guid":{"rendered":"http:\/\/www.chile-reise.com\/wordpress\/?page_id=454"},"modified":"2015-04-09T21:35:26","modified_gmt":"2015-04-09T19:35:26","slug":"hotel-casa-silva","status":"publish","type":"page","link":"https:\/\/www.chile-reise.com\/de\/hotels\/weinhotels\/hotel-casa-silva\/","title":{"rendered":"Hotel Casa Silva (B)"},"content":{"rendered":"<p>\r\n        <style type='text\/css'>\r\n            #gallery-1 {\r\n                margin: auto;\r\n            }\r\n            #gallery-1 .gallery-item {\r\n                float: left;\r\n                margin-top: 10px;\r\n                text-align: center;\r\n                width: 33%;           }\r\n            #gallery-1 img {\r\n                border: 2px solid #cfcfcf;\r\n            }\r\n            #gallery-1 .gallery-caption {\r\n                margin-left: 0;\r\n            }\r\n        <\/style>\r\n        <!-- see gallery_shortcode() in wp-includes\/media.php -->\r\n        <div id='gallery-1' class='gallery-images gallery galleryid-454'><dl class='gallery-item'>\r\n            <dt class='gallery-icon'>\r\n                <a href='https:\/\/www.chile-reise.com\/wp-content\/uploads\/Casa-Silva.jpg'><img loading=\"lazy\" decoding=\"async\" width=\"240\" height=\"140\" src=\"https:\/\/www.chile-reise.com\/wp-content\/uploads\/Casa-Silva-240x140.jpg\" class=\"attachment-thumbnail size-thumbnail\" alt=\"Casa Silva\" \/><\/a>\r\n            <\/dt>\r\n                <dd class='gallery-caption'>\r\n                Casa Silva\r\n                <\/dd><\/dl><dl class='gallery-item'>\r\n            <dt class='gallery-icon'>\r\n                <a href='https:\/\/www.chile-reise.com\/wp-content\/uploads\/Casa-Silva-Twin-Room.jpg'><img loading=\"lazy\" decoding=\"async\" width=\"240\" height=\"140\" src=\"https:\/\/www.chile-reise.com\/wp-content\/uploads\/Casa-Silva-Twin-Room-240x140.jpg\" class=\"attachment-thumbnail size-thumbnail\" alt=\"Casa Silva Twin Room\" \/><\/a>\r\n            <\/dt>\r\n                <dd class='gallery-caption'>\r\n                Casa Silva Twin Room\r\n                <\/dd><\/dl><dl class='gallery-item'>\r\n            <dt class='gallery-icon'>\r\n                <a href='https:\/\/www.chile-reise.com\/wp-content\/uploads\/Casa-Silva-Breakfast.jpg'><img loading=\"lazy\" decoding=\"async\" width=\"240\" height=\"140\" src=\"https:\/\/www.chile-reise.com\/wp-content\/uploads\/Casa-Silva-Breakfast-240x140.jpg\" class=\"attachment-thumbnail size-thumbnail\" alt=\"Casa Silva Breakfast\" \/><\/a>\r\n            <\/dt>\r\n                <dd class='gallery-caption'>\r\n                Casa Silva Breakfast\r\n                <\/dd><\/dl><br style=\"clear: both\" \/><dl class='gallery-item'>\r\n            <dt class='gallery-icon'>\r\n                <a href='https:\/\/www.chile-reise.com\/wp-content\/uploads\/Casa-Silva-Terrace.jpg'><img loading=\"lazy\" decoding=\"async\" width=\"240\" height=\"140\" src=\"https:\/\/www.chile-reise.com\/wp-content\/uploads\/Casa-Silva-Terrace-240x140.jpg\" class=\"attachment-thumbnail size-thumbnail\" alt=\"Casa Silva Terrace\" \/><\/a>\r\n            <\/dt>\r\n                <dd class='gallery-caption'>\r\n                Casa Silva Terrace\r\n                <\/dd><\/dl><dl class='gallery-item'>\r\n            <dt class='gallery-icon'>\r\n                <a href='https:\/\/www.chile-reise.com\/wp-content\/uploads\/Casa-Silva-Double-Room.jpg'><img loading=\"lazy\" decoding=\"async\" width=\"240\" height=\"140\" src=\"https:\/\/www.chile-reise.com\/wp-content\/uploads\/Casa-Silva-Double-Room-240x140.jpg\" class=\"attachment-thumbnail size-thumbnail\" alt=\"Casa Silva Double Room\" \/><\/a>\r\n            <\/dt>\r\n                <dd class='gallery-caption'>\r\n                Casa Silva Double Room\r\n                <\/dd><\/dl><dl class='gallery-item'>\r\n            <dt class='gallery-icon'>\r\n                <a href='https:\/\/www.chile-reise.com\/wp-content\/uploads\/Casa-Silva-Pool.jpg'><img loading=\"lazy\" decoding=\"async\" width=\"240\" height=\"140\" src=\"https:\/\/www.chile-reise.com\/wp-content\/uploads\/Casa-Silva-Pool-240x140.jpg\" class=\"attachment-thumbnail size-thumbnail\" alt=\"Casa Silva Pool\" \/><\/a>\r\n            <\/dt>\r\n                <dd class='gallery-caption'>\r\n                Casa Silva Pool\r\n                <\/dd><\/dl><br style=\"clear: both\" \/>\r\n            <br style='clear: both;' \/>\r\n        <\/div>\n\n<div class=\"clear\"><\/div><div class=\"divider\"><\/div>\n<p>Das Hotel Casa Silva auf dem gleichnamigen Weingut am Eingang des Colchaguatals ist der fr\u00fchere Familiensitz der Besitzer des Weingutes. Dieses familiengef\u00fchrte Weingut ist nicht nur das \u00e4lteste im Colchaguatal, sondern mit seinem historischen Gew\u00f6lbekeller auch eines der sch\u00f6nsten in Chile. Jedes der sieben Zimmer ist individuell eingerichtet. Farbenfroh und gem\u00fctlich halten sie den Geist der alten Zeit lebendig. Auf dem Weingut Casa Silva k\u00f6nnen die G\u00e4ste an Weinproben teilnehmen, Polo-Spiele oder Rodeoshows besuchen, die Weinberge bei einer romantischen Kutschfahrt kennenlernen oder sich einfach im Restaurant des Weingutes mit feinen internationalen Gerichten und dem besten der chilenischen K\u00fcche verw\u00f6hnen lassen.<\/p>\n<p><strong>Zimmer:<\/strong> 7<br \/>\n<strong>Ausstattung:<\/strong> Sat-TV, Minibar, Telefon, Restaurant, Schwimmbecken, Terrasse, Rodeoring, Poloplatz, W\u00e4scheservice, Parkpl\u00e4tze<br \/>\n<strong>Internet:<\/strong> Wi-Fi<\/p>","protected":false},"excerpt":{"rendered":"<p>Das Hotel Casa Silva auf dem gleichnamigen Weingut am Eingang des Colchaguatals ist der fr\u00fchere Familiensitz der Besitzer des Weingutes. Dieses familiengef\u00fchrte Weingut ist nicht nur das \u00e4lteste im Colchaguatal, sondern mit seinem historischen Gew\u00f6lbekeller auch eines der sch\u00f6nsten in &#8230;<\/p>\n","protected":false},"author":16,"featured_media":0,"parent":433,"menu_order":0,"comment_status":"open","ping_status":"open","template":"","meta":{"slim_seo":{"title":"Hotel Casa Silva (B) Hotel Casa Silva (B) - travelArt","description":"Casa Silva Casa Silva Twin Room Casa Silva Breakfast Casa Silva Terrace Casa Silva Double Room Casa Silva Pool Das Hotel Casa Silva auf dem gleichnamigen Weingu"},"footnotes":""},"class_list":["post-454","page","type-page","status-publish","hentry"],"_links":{"self":[{"href":"https:\/\/www.chile-reise.com\/de\/wp-json\/wp\/v2\/pages\/454","targetHints":{"allow":["GET"]}}],"collection":[{"href":"https:\/\/www.chile-reise.com\/de\/wp-json\/wp\/v2\/pages"}],"about":[{"href":"https:\/\/www.chile-reise.com\/de\/wp-json\/wp\/v2\/types\/page"}],"author":[{"embeddable":true,"href":"https:\/\/www.chile-reise.com\/de\/wp-json\/wp\/v2\/users\/16"}],"replies":[{"embeddable":true,"href":"https:\/\/www.chile-reise.com\/de\/wp-json\/wp\/v2\/comments?post=454"}],"version-history":[{"count":0,"href":"https:\/\/www.chile-reise.com\/de\/wp-json\/wp\/v2\/pages\/454\/revisions"}],"up":[{"embeddable":true,"href":"https:\/\/www.chile-reise.com\/de\/wp-json\/wp\/v2\/pages\/433"}],"wp:attachment":[{"href":"https:\/\/www.chile-reise.com\/de\/wp-json\/wp\/v2\/media?parent=454"}],"curies":[{"name":"wp","href":"https:\/\/api.w.org\/{rel}","templated":true}]}}