{"id":452,"date":"2013-07-04T18:46:37","date_gmt":"2013-07-04T16:46:37","guid":{"rendered":"http:\/\/www.chile-reise.com\/wordpress\/?page_id=452"},"modified":"2013-10-21T21:43:06","modified_gmt":"2013-10-21T19:43:06","slug":"hotel-santa-cruz-plaza","status":"publish","type":"page","link":"https:\/\/www.chile-reise.com\/de\/hotels\/weinhotels\/hotel-santa-cruz-plaza\/","title":{"rendered":"Hotel Santa Cruz Plaza ****"},"content":{"rendered":"<p>\r\n        <style type='text\/css'>\r\n            #gallery-1 {\r\n                margin: auto;\r\n            }\r\n            #gallery-1 .gallery-item {\r\n                float: left;\r\n                margin-top: 10px;\r\n                text-align: center;\r\n                width: 33%;           }\r\n            #gallery-1 img {\r\n                border: 2px solid #cfcfcf;\r\n            }\r\n            #gallery-1 .gallery-caption {\r\n                margin-left: 0;\r\n            }\r\n        <\/style>\r\n        <!-- see gallery_shortcode() in wp-includes\/media.php -->\r\n        <div id='gallery-1' class='gallery-images gallery galleryid-452'><dl class='gallery-item'>\r\n            <dt class='gallery-icon'>\r\n                <a href='https:\/\/www.chile-reise.com\/wp-content\/uploads\/Hotel-Santa-Cruz-Plaza.jpg'><img loading=\"lazy\" decoding=\"async\" width=\"240\" height=\"140\" src=\"https:\/\/www.chile-reise.com\/wp-content\/uploads\/Hotel-Santa-Cruz-Plaza-240x140.jpg\" class=\"attachment-thumbnail size-thumbnail\" alt=\"Hotel Santa Cruz Plaza\" \/><\/a>\r\n            <\/dt>\r\n                <dd class='gallery-caption'>\r\n                Hotel Santa Cruz Plaza\r\n                <\/dd><\/dl><dl class='gallery-item'>\r\n            <dt class='gallery-icon'>\r\n                <a href='https:\/\/www.chile-reise.com\/wp-content\/uploads\/Santa-Cruz-Plaza-Double-Room.jpg'><img loading=\"lazy\" decoding=\"async\" width=\"240\" height=\"140\" src=\"https:\/\/www.chile-reise.com\/wp-content\/uploads\/Santa-Cruz-Plaza-Double-Room-240x140.jpg\" class=\"attachment-thumbnail size-thumbnail\" alt=\"Santa Cruz Plaza Double Room\" \/><\/a>\r\n            <\/dt>\r\n                <dd class='gallery-caption'>\r\n                Santa Cruz Plaza Double Room\r\n                <\/dd><\/dl><dl class='gallery-item'>\r\n            <dt class='gallery-icon'>\r\n                <a href='https:\/\/www.chile-reise.com\/wp-content\/uploads\/Santa-Cruz-Plaza-Bar-Restaurant.jpg'><img loading=\"lazy\" decoding=\"async\" width=\"240\" height=\"140\" src=\"https:\/\/www.chile-reise.com\/wp-content\/uploads\/Santa-Cruz-Plaza-Bar-Restaurant-240x140.jpg\" class=\"attachment-thumbnail size-thumbnail\" alt=\"Santa Cruz Plaza Bar Restaurant\" \/><\/a>\r\n            <\/dt>\r\n                <dd class='gallery-caption'>\r\n                Santa Cruz Plaza Bar\r\n                <\/dd><\/dl><br style=\"clear: both\" \/><dl class='gallery-item'>\r\n            <dt class='gallery-icon'>\r\n                <a href='https:\/\/www.chile-reise.com\/wp-content\/uploads\/Santa-Cruz-Plaza-Quincho-Pool.jpg'><img loading=\"lazy\" decoding=\"async\" width=\"240\" height=\"140\" src=\"https:\/\/www.chile-reise.com\/wp-content\/uploads\/Santa-Cruz-Plaza-Quincho-Pool-240x140.jpg\" class=\"attachment-thumbnail size-thumbnail\" alt=\"Santa Cruz Plaza Quincho Pool\" \/><\/a>\r\n            <\/dt>\r\n                <dd class='gallery-caption'>\r\n                Santa Cruz Plaza Pool Quincho\r\n                <\/dd><\/dl><dl class='gallery-item'>\r\n            <dt class='gallery-icon'>\r\n                <a href='https:\/\/www.chile-reise.com\/wp-content\/uploads\/Santa-Cruz-Plaza-Suite.jpg'><img loading=\"lazy\" decoding=\"async\" width=\"240\" height=\"140\" src=\"https:\/\/www.chile-reise.com\/wp-content\/uploads\/Santa-Cruz-Plaza-Suite-240x140.jpg\" class=\"attachment-thumbnail size-thumbnail\" alt=\"Santa Cruz Plaza Suite\" \/><\/a>\r\n            <\/dt>\r\n                <dd class='gallery-caption'>\r\n                Santa Cruz Plaza Suite\r\n                <\/dd><\/dl><dl class='gallery-item'>\r\n            <dt class='gallery-icon'>\r\n                <a href='https:\/\/www.chile-reise.com\/wp-content\/uploads\/Santa-Cruz-Plaza-exterior.jpg'><img loading=\"lazy\" decoding=\"async\" width=\"240\" height=\"140\" src=\"https:\/\/www.chile-reise.com\/wp-content\/uploads\/Santa-Cruz-Plaza-exterior-240x140.jpg\" class=\"attachment-thumbnail size-thumbnail\" alt=\"Santa Cruz Plaza exterior\" \/><\/a>\r\n            <\/dt>\r\n                <dd class='gallery-caption'>\r\n                Santa Cruz Plaza exterior\r\n                <\/dd><\/dl><br style=\"clear: both\" \/>\r\n            <br style='clear: both;' \/>\r\n        <\/div>\n\n<div class=\"clear\"><\/div><div class=\"divider\"><\/div>\n<p>Das Hotel Santa Cruz Plaza dominiert den Hauptplatz des idyllischen St\u00e4dchens Santa Cruz im Herzen des Colchaguatals. Das sch\u00f6ne Geb\u00e4ude im Kolonialstil vermittelt den Eindruck, die Zeit sei hier stehen geblieben und auch innen ist die Dekoration darauf ausgerichtet, das Flair des traditionellen chilenischen Landlebens und Weinbaus in ein modernes Ambiente zu \u00fcbertragen. Dazu passend sind die Zimmer klassich eingerichtet, hell und freundlich. Die Gartenanlage mit Terrassen und Schwimmbecken ist mit Liebe zum Detail angelegt. Die breit gef\u00e4cherte Ausstattung des Hotels l\u00e4sst kaum einen Wunsch offen. Das Museo de Colchagua ist gleich nebenan. Hier gibt es Ausstellungen zu Pal\u00e4ontologie, Arch\u00e4ologie, prekolumbinischer Kunst, Eroberung, Kolonialzeit und Unabh\u00e4ngigkeit Chiles, bis in die heutige Zeit zu sehen. F\u00fcr das leibliche Wohl sorgen ein Restaurant mit typisch chilenischen Gerichten sowie eine Pizzeria. In beiden werden Weine der Region serviert.<\/p>\n<p><strong>Zimmer:<\/strong> 116<br \/>\n<strong>Ausstattung:<\/strong> Zentralheizung, Haartrockner, Kabel-TV, Safe, Klimaanlage, Minibar, Restaurant, Bar-Pizzeria, Quincho-Grill, W\u00e4scheservice, Business-Center, Veranstaltungs- und Versammlungsr\u00e4ume, Parkpl\u00e4tze, Garten, Au\u00dfenschwimmbecken, Spa mit beheiztem Schwimmbecken, Whirlpool, Dampfbad und Anwendungsr\u00e4umen, Casino, Spielesaal, Kinder-betreuung, Souvenirshop, Museum, Zwei behindertengerechte Zimmer stehen zur Verf\u00fcgung<br \/>\n<strong>Internet:<\/strong> Wi-Fi <\/p>","protected":false},"excerpt":{"rendered":"<p>Das Hotel Santa Cruz Plaza dominiert den Hauptplatz des idyllischen St\u00e4dchens Santa Cruz im Herzen des Colchaguatals. Das sch\u00f6ne Geb\u00e4ude im Kolonialstil vermittelt den Eindruck, die Zeit sei hier stehen geblieben und auch innen ist die Dekoration darauf ausgerichtet, das &#8230;<\/p>\n","protected":false},"author":16,"featured_media":0,"parent":433,"menu_order":0,"comment_status":"open","ping_status":"open","template":"","meta":{"slim_seo":{"title":"Hotel Santa Cruz Plaza **** Hotel Santa Cruz Plaza **** - travelArt","description":"Hotel Santa Cruz Plaza Santa Cruz Plaza Double Room Santa Cruz Plaza Bar Santa Cruz Plaza Pool Quincho Santa Cruz Plaza Suite Santa Cruz Plaza exterior Das Hote"},"footnotes":""},"class_list":["post-452","page","type-page","status-publish","hentry"],"_links":{"self":[{"href":"https:\/\/www.chile-reise.com\/de\/wp-json\/wp\/v2\/pages\/452","targetHints":{"allow":["GET"]}}],"collection":[{"href":"https:\/\/www.chile-reise.com\/de\/wp-json\/wp\/v2\/pages"}],"about":[{"href":"https:\/\/www.chile-reise.com\/de\/wp-json\/wp\/v2\/types\/page"}],"author":[{"embeddable":true,"href":"https:\/\/www.chile-reise.com\/de\/wp-json\/wp\/v2\/users\/16"}],"replies":[{"embeddable":true,"href":"https:\/\/www.chile-reise.com\/de\/wp-json\/wp\/v2\/comments?post=452"}],"version-history":[{"count":0,"href":"https:\/\/www.chile-reise.com\/de\/wp-json\/wp\/v2\/pages\/452\/revisions"}],"up":[{"embeddable":true,"href":"https:\/\/www.chile-reise.com\/de\/wp-json\/wp\/v2\/pages\/433"}],"wp:attachment":[{"href":"https:\/\/www.chile-reise.com\/de\/wp-json\/wp\/v2\/media?parent=452"}],"curies":[{"name":"wp","href":"https:\/\/api.w.org\/{rel}","templated":true}]}}