{"id":451,"date":"2013-07-04T18:45:15","date_gmt":"2013-07-04T16:45:15","guid":{"rendered":"http:\/\/www.chile-reise.com\/wordpress\/?page_id=451"},"modified":"2015-04-09T20:44:28","modified_gmt":"2015-04-09T18:44:28","slug":"lodge-vik","status":"publish","type":"page","link":"https:\/\/www.chile-reise.com\/de\/hotels\/weinhotels\/lodge-vik\/","title":{"rendered":"Hotel Vi\u00f1a VIK *****"},"content":{"rendered":"<p><div class=\"clear\"><\/div><div class=\"divider\"><\/div>\n<p>Das exklusive Hotel Vi\u00f1a VIK geh\u00f6rt zum Anwesen des Weinguts VIK und wurde auf einem H\u00fcgel mit Blick \u00fcber die umliegenden W\u00e4lder und  Weinberge errichtet. Idyllisch im Millahuetal gelegen, wird das Anwesen auch als \u201ePlatz des Goldes\u201c bezeichnet. im Garten mit Infinity-Pool bleibt die Zeit stehen und die G\u00e4ste geniessen Ruhe pur. Die stilvoll eingerichteten, grossen und gem\u00fctlichen Suiten mit riesigen Fensterfronten bieten tolle Ausblicke auf die Umgebung. Die hochwertige und geschmackvolle Auswahl an Kunstwerken, Bildern, M\u00f6beln, Lampen und Badeinrichtung ist sicher einzigartig in Chile. Vom Hotel  aus k\u00f6nnen Sie Reit- oder  Wanderausfl\u00fcge unternehmen.<\/p>\n<p><strong>Zimmer:<\/strong> 22<br \/>\n<strong>Ausstattung:<\/strong> Klimaanlage und Zentralheizung, Bar, zwei gro\u00dfe Terrassen, Infinity-Pool, Restaurant, Kinderbett und Babysitter auf Anfrage, Fitness-Center, W\u00e4scheservice, Parkpl\u00e4tze<br \/>\n<strong>Internet:<\/strong> Wi-Fi<\/p>","protected":false},"excerpt":{"rendered":"<p>Das exklusive Hotel Vi\u00f1a VIK geh\u00f6rt zum Anwesen des Weinguts VIK und wurde auf einem H\u00fcgel mit Blick \u00fcber die umliegenden W\u00e4lder und Weinberge errichtet. Idyllisch im Millahuetal gelegen, wird das Anwesen auch als \u201ePlatz des Goldes\u201c bezeichnet. im Garten &#8230;<\/p>\n","protected":false},"author":16,"featured_media":0,"parent":433,"menu_order":0,"comment_status":"open","ping_status":"open","template":"","meta":{"slim_seo":{"title":"Hotel Vi\u00f1a VIK ***** Hotel Vi\u00f1a VIK ***** - travelArt","description":"Das exklusive Hotel Vi\u00f1a VIK geh\u00f6rt zum Anwesen des Weinguts VIK und wurde auf einem H\u00fcgel mit Blick \u00fcber die umliegenden W\u00e4lder und Weinberge errichtet. Idylli"},"footnotes":""},"class_list":["post-451","page","type-page","status-publish","hentry"],"_links":{"self":[{"href":"https:\/\/www.chile-reise.com\/de\/wp-json\/wp\/v2\/pages\/451","targetHints":{"allow":["GET"]}}],"collection":[{"href":"https:\/\/www.chile-reise.com\/de\/wp-json\/wp\/v2\/pages"}],"about":[{"href":"https:\/\/www.chile-reise.com\/de\/wp-json\/wp\/v2\/types\/page"}],"author":[{"embeddable":true,"href":"https:\/\/www.chile-reise.com\/de\/wp-json\/wp\/v2\/users\/16"}],"replies":[{"embeddable":true,"href":"https:\/\/www.chile-reise.com\/de\/wp-json\/wp\/v2\/comments?post=451"}],"version-history":[{"count":0,"href":"https:\/\/www.chile-reise.com\/de\/wp-json\/wp\/v2\/pages\/451\/revisions"}],"up":[{"embeddable":true,"href":"https:\/\/www.chile-reise.com\/de\/wp-json\/wp\/v2\/pages\/433"}],"wp:attachment":[{"href":"https:\/\/www.chile-reise.com\/de\/wp-json\/wp\/v2\/media?parent=451"}],"curies":[{"name":"wp","href":"https:\/\/api.w.org\/{rel}","templated":true}]}}