{"id":447,"date":"2013-07-04T18:44:06","date_gmt":"2013-07-04T16:44:06","guid":{"rendered":"http:\/\/www.chile-reise.com\/wordpress\/?page_id=447"},"modified":"2015-04-09T21:34:56","modified_gmt":"2015-04-09T19:34:56","slug":"lapostolle-residence","status":"publish","type":"page","link":"https:\/\/www.chile-reise.com\/de\/hotels\/weinhotels\/lapostolle-residence\/","title":{"rendered":"Lapostolle Residence (B)"},"content":{"rendered":"<p>\r\n        <style type='text\/css'>\r\n            #gallery-1 {\r\n                margin: auto;\r\n            }\r\n            #gallery-1 .gallery-item {\r\n                float: left;\r\n                margin-top: 10px;\r\n                text-align: center;\r\n                width: 50%;           }\r\n            #gallery-1 img {\r\n                border: 2px solid #cfcfcf;\r\n            }\r\n            #gallery-1 .gallery-caption {\r\n                margin-left: 0;\r\n            }\r\n        <\/style>\r\n        <!-- see gallery_shortcode() in wp-includes\/media.php -->\r\n        <div id='gallery-1' class='gallery-images gallery galleryid-447'><dl class='gallery-item'>\r\n            <dt class='gallery-icon'>\r\n                <a href='https:\/\/www.chile-reise.com\/wp-content\/uploads\/Lapostolle-Guest-Houses.jpg'><img loading=\"lazy\" decoding=\"async\" width=\"240\" height=\"140\" src=\"https:\/\/www.chile-reise.com\/wp-content\/uploads\/Lapostolle-Guest-Houses-240x140.jpg\" class=\"attachment-thumbnail size-thumbnail\" alt=\"Lapostolle Guest Houses\" \/><\/a>\r\n            <\/dt>\r\n                <dd class='gallery-caption'>\r\n                Lapostolle Guest Houses\r\n                <\/dd><\/dl><dl class='gallery-item'>\r\n            <dt class='gallery-icon'>\r\n                <a href='https:\/\/www.chile-reise.com\/wp-content\/uploads\/Lapostolle-Guest-House-Interior.jpg'><img loading=\"lazy\" decoding=\"async\" width=\"240\" height=\"140\" src=\"https:\/\/www.chile-reise.com\/wp-content\/uploads\/Lapostolle-Guest-House-Interior-240x140.jpg\" class=\"attachment-thumbnail size-thumbnail\" alt=\"Lapostolle Guest House Interior\" \/><\/a>\r\n            <\/dt>\r\n                <dd class='gallery-caption'>\r\n                Lapostolle Guest House Interior\r\n                <\/dd><\/dl><br style=\"clear: both\" \/><dl class='gallery-item'>\r\n            <dt class='gallery-icon'>\r\n                <a href='https:\/\/www.chile-reise.com\/wp-content\/uploads\/Lapostolle-Infinity-Pool.jpg'><img loading=\"lazy\" decoding=\"async\" width=\"240\" height=\"140\" src=\"https:\/\/www.chile-reise.com\/wp-content\/uploads\/Lapostolle-Infinity-Pool-240x140.jpg\" class=\"attachment-thumbnail size-thumbnail\" alt=\"Lapostolle Residence\" \/><\/a>\r\n            <\/dt>\r\n                <dd class='gallery-caption'>\r\n                Lapostolle Infinity Pool \r\n                <\/dd><\/dl><dl class='gallery-item'>\r\n            <dt class='gallery-icon'>\r\n                <a href='https:\/\/www.chile-reise.com\/wp-content\/uploads\/Lapostolle-Terrace.jpg'><img loading=\"lazy\" decoding=\"async\" width=\"240\" height=\"140\" src=\"https:\/\/www.chile-reise.com\/wp-content\/uploads\/Lapostolle-Terrace-240x140.jpg\" class=\"attachment-thumbnail size-thumbnail\" alt=\"Lapostolle Terrace\" \/><\/a>\r\n            <\/dt>\r\n                <dd class='gallery-caption'>\r\n                Lapostolle Terrace\r\n                <\/dd><\/dl><br style=\"clear: both\" \/>\r\n            <br style='clear: both;' \/>\r\n        <\/div>\n\n<div class=\"clear\"><\/div><div class=\"divider\"><\/div>\n<p>Auf dem Weingut Casa Lapostolle im Colchaguatal, stehen vier elegant eingerichtete H\u00e4user f\u00fcr G\u00e4ste bereit. Sie schmiegen sich an die bewaldeten Bergh\u00e4nge und bieten von ihren Terrassen aus einen herrlichen Blick \u00fcber das Weingut und die umliegenden Berge. Casa Lapostolle hat f\u00fcr ihre G\u00e4steh\u00e4user bewu\u00dft den Clos de Apalta Weinberg ausgew\u00e4hlt &#8211; und den Weinkeller in einer faszinierenden Architektur in den Berg hineingebaut. Wer Ruhe, Entspannung und Stil in einer hervorragenden Umgebung sucht, ist hier genau richtig. Ein Reitstall wartet auf die unternehmungslustigen G\u00e4ste und Erholungs-suchende k\u00f6nnen sich mit Massagen verw\u00f6hnen lassen.<\/p>\n<p><strong>Zimmer:<\/strong> 4 G\u00e4steh\u00e4user mit eigener Terrasse<br \/>\n<strong>Ausstattung:<\/strong> Minibar, Kaffeemaschine, Wohnzimmer, Speiseraum, K\u00fcche, Konferenzraum, Schwimmbecken, private Terrasse, Restaurant, Massageraum, Pferdestall, W\u00e4scheservice, Parkpl\u00e4tze<br \/>\n<strong>Internet:<\/strong> Wi-Fi<\/p>","protected":false},"excerpt":{"rendered":"<p>Auf dem Weingut Casa Lapostolle im Colchaguatal, stehen vier elegant eingerichtete H\u00e4user f\u00fcr G\u00e4ste bereit. Sie schmiegen sich an die bewaldeten Bergh\u00e4nge und bieten von ihren Terrassen aus einen herrlichen Blick \u00fcber das Weingut und die umliegenden Berge. Casa Lapostolle &#8230;<\/p>\n","protected":false},"author":16,"featured_media":0,"parent":433,"menu_order":0,"comment_status":"open","ping_status":"open","template":"","meta":{"slim_seo":{"title":"Lapostolle Residence (B) Lapostolle Residence (B) - travelArt","description":"Lapostolle Guest Houses Lapostolle Guest House Interior Lapostolle Infinity Pool Lapostolle Terrace Auf dem Weingut Casa Lapostolle im Colchaguatal, stehen vier"},"footnotes":""},"class_list":["post-447","page","type-page","status-publish","hentry"],"_links":{"self":[{"href":"https:\/\/www.chile-reise.com\/de\/wp-json\/wp\/v2\/pages\/447","targetHints":{"allow":["GET"]}}],"collection":[{"href":"https:\/\/www.chile-reise.com\/de\/wp-json\/wp\/v2\/pages"}],"about":[{"href":"https:\/\/www.chile-reise.com\/de\/wp-json\/wp\/v2\/types\/page"}],"author":[{"embeddable":true,"href":"https:\/\/www.chile-reise.com\/de\/wp-json\/wp\/v2\/users\/16"}],"replies":[{"embeddable":true,"href":"https:\/\/www.chile-reise.com\/de\/wp-json\/wp\/v2\/comments?post=447"}],"version-history":[{"count":0,"href":"https:\/\/www.chile-reise.com\/de\/wp-json\/wp\/v2\/pages\/447\/revisions"}],"up":[{"embeddable":true,"href":"https:\/\/www.chile-reise.com\/de\/wp-json\/wp\/v2\/pages\/433"}],"wp:attachment":[{"href":"https:\/\/www.chile-reise.com\/de\/wp-json\/wp\/v2\/media?parent=447"}],"curies":[{"name":"wp","href":"https:\/\/api.w.org\/{rel}","templated":true}]}}