{"id":446,"date":"2013-07-04T18:42:11","date_gmt":"2013-07-04T16:42:11","guid":{"rendered":"http:\/\/www.chile-reise.com\/wordpress\/?page_id=446"},"modified":"2015-04-10T19:15:38","modified_gmt":"2015-04-10T17:15:38","slug":"hare-noi","status":"publish","type":"page","link":"https:\/\/www.chile-reise.com\/de\/hotels\/osterinsel\/hare-noi\/","title":{"rendered":"Hare Noi (B)"},"content":{"rendered":"<p>\r\n        <style type='text\/css'>\r\n            #gallery-1 {\r\n                margin: auto;\r\n            }\r\n            #gallery-1 .gallery-item {\r\n                float: left;\r\n                margin-top: 10px;\r\n                text-align: center;\r\n                width: 33%;           }\r\n            #gallery-1 img {\r\n                border: 2px solid #cfcfcf;\r\n            }\r\n            #gallery-1 .gallery-caption {\r\n                margin-left: 0;\r\n            }\r\n        <\/style>\r\n        <!-- see gallery_shortcode() in wp-includes\/media.php -->\r\n        <div id='gallery-1' class='gallery-images gallery galleryid-446'><dl class='gallery-item'>\r\n            <dt class='gallery-icon'>\r\n                <a href='https:\/\/www.chile-reise.com\/wp-content\/uploads\/Hare-Noi-fachada_klein.jpg'><img loading=\"lazy\" decoding=\"async\" width=\"240\" height=\"140\" src=\"https:\/\/www.chile-reise.com\/wp-content\/uploads\/Hare-Noi-fachada_klein-240x140.jpg\" class=\"attachment-thumbnail size-thumbnail\" alt=\"Hare Noi fachada klein\" \/><\/a>\r\n            <\/dt>\r\n                <dd class='gallery-caption'>\r\n                Hotel Hare Noi\r\n                <\/dd><\/dl><dl class='gallery-item'>\r\n            <dt class='gallery-icon'>\r\n                <a href='https:\/\/www.chile-reise.com\/wp-content\/uploads\/Hare-Noi_klein.jpg'><img loading=\"lazy\" decoding=\"async\" width=\"240\" height=\"140\" src=\"https:\/\/www.chile-reise.com\/wp-content\/uploads\/Hare-Noi_klein-240x140.jpg\" class=\"attachment-thumbnail size-thumbnail\" alt=\"Hare Noi klein\" \/><\/a>\r\n            <\/dt>\r\n                <dd class='gallery-caption'>\r\n                Hotel Hare Noi Room\r\n                <\/dd><\/dl><dl class='gallery-item'>\r\n            <dt class='gallery-icon'>\r\n                <a href='https:\/\/www.chile-reise.com\/wp-content\/uploads\/Hare-Noi-3_klein.jpg'><img loading=\"lazy\" decoding=\"async\" width=\"240\" height=\"140\" src=\"https:\/\/www.chile-reise.com\/wp-content\/uploads\/Hare-Noi-3_klein-240x140.jpg\" class=\"attachment-thumbnail size-thumbnail\" alt=\"Hare Noi 3 klein\" \/><\/a>\r\n            <\/dt>\r\n                <dd class='gallery-caption'>\r\n                Hotel Hare Noi Room\r\n                <\/dd><\/dl><br style=\"clear: both\" \/><dl class='gallery-item'>\r\n            <dt class='gallery-icon'>\r\n                <a href='https:\/\/www.chile-reise.com\/wp-content\/uploads\/Hare-Noi-4_klein.jpg'><img loading=\"lazy\" decoding=\"async\" width=\"240\" height=\"140\" src=\"https:\/\/www.chile-reise.com\/wp-content\/uploads\/Hare-Noi-4_klein-240x140.jpg\" class=\"attachment-thumbnail size-thumbnail\" alt=\"Hare Noi 4 klein\" \/><\/a>\r\n            <\/dt>\r\n                <dd class='gallery-caption'>\r\n                Hotel Hare Noi Restaurant\r\n                <\/dd><\/dl>\r\n            <br style='clear: both;' \/>\r\n        <\/div>\n<div class=\"clear\"><\/div><div class=\"divider\"><\/div>\n<p>Das luxuri\u00f6se Hotel Hare Noi besteht aus neun Zimmern in drei \u201eHares\u201c, die an die traditionellen H\u00e4user der Rapa Nui erinnern sollen und von den inseltypischen mit Vulkangestein eingefassten G\u00e4rten umgeben sind. Die modern und elegant ausgestatteten Zimmer sind angenehm hell und bieten viel Platz. Ein sch\u00f6n gestalteter Spabereich aus Vulkangestein sorgt f\u00fcr Erholung in authentischem Ambiente und das Restaurant erwartet die G\u00e4ste mit traditioneller Inselk\u00fcche auf internationalem Niveau. Das Hotel ist ruhig gelegen, leicht au\u00dferhalb von Hanga Roa.<\/p>\n<p><strong>Zimmer:<\/strong> 9<br \/>\n<strong>Ausstattung:<\/strong> Safe, Minibar, Restaurant, Bar, Schwimmbecken, Spa, Garten, Exkursionsangebote, W\u00e4scheservice, Parkpl\u00e4tze<br \/>\n<strong>Internet:<\/strong> Wi-Fi<\/p>","protected":false},"excerpt":{"rendered":"<p>Das luxuri\u00f6se Hotel Hare Noi besteht aus neun Zimmern in drei \u201eHares\u201c, die an die traditionellen H\u00e4user der Rapa Nui erinnern sollen und von den inseltypischen mit Vulkangestein eingefassten G\u00e4rten umgeben sind. Die modern und elegant ausgestatteten Zimmer sind angenehm &#8230;<\/p>\n","protected":false},"author":16,"featured_media":0,"parent":431,"menu_order":0,"comment_status":"open","ping_status":"open","template":"","meta":{"slim_seo":{"title":"Hare Noi (B) Hare Noi (B) - travelArt","description":"Hotel Hare Noi Hotel Hare Noi Room Hotel Hare Noi Room Hotel Hare Noi Restaurant Das luxuri\u00f6se Hotel Hare Noi besteht aus neun Zimmern in drei \u201eHares\u201c, die an d"},"footnotes":""},"class_list":["post-446","page","type-page","status-publish","hentry"],"_links":{"self":[{"href":"https:\/\/www.chile-reise.com\/de\/wp-json\/wp\/v2\/pages\/446","targetHints":{"allow":["GET"]}}],"collection":[{"href":"https:\/\/www.chile-reise.com\/de\/wp-json\/wp\/v2\/pages"}],"about":[{"href":"https:\/\/www.chile-reise.com\/de\/wp-json\/wp\/v2\/types\/page"}],"author":[{"embeddable":true,"href":"https:\/\/www.chile-reise.com\/de\/wp-json\/wp\/v2\/users\/16"}],"replies":[{"embeddable":true,"href":"https:\/\/www.chile-reise.com\/de\/wp-json\/wp\/v2\/comments?post=446"}],"version-history":[{"count":0,"href":"https:\/\/www.chile-reise.com\/de\/wp-json\/wp\/v2\/pages\/446\/revisions"}],"up":[{"embeddable":true,"href":"https:\/\/www.chile-reise.com\/de\/wp-json\/wp\/v2\/pages\/431"}],"wp:attachment":[{"href":"https:\/\/www.chile-reise.com\/de\/wp-json\/wp\/v2\/media?parent=446"}],"curies":[{"name":"wp","href":"https:\/\/api.w.org\/{rel}","templated":true}]}}