{"id":445,"date":"2013-07-04T18:41:06","date_gmt":"2013-07-04T16:41:06","guid":{"rendered":"http:\/\/www.chile-reise.com\/wordpress\/?page_id=445"},"modified":"2014-02-28T19:18:28","modified_gmt":"2014-02-28T17:18:28","slug":"hotel-puku-vai","status":"publish","type":"page","link":"https:\/\/www.chile-reise.com\/de\/hotels\/osterinsel\/hotel-puku-vai\/","title":{"rendered":"Hotel Puku Vai ***"},"content":{"rendered":"<p>\r\n        <style type='text\/css'>\r\n            #gallery-1 {\r\n                margin: auto;\r\n            }\r\n            #gallery-1 .gallery-item {\r\n                float: left;\r\n                margin-top: 10px;\r\n                text-align: center;\r\n                width: 33%;           }\r\n            #gallery-1 img {\r\n                border: 2px solid #cfcfcf;\r\n            }\r\n            #gallery-1 .gallery-caption {\r\n                margin-left: 0;\r\n            }\r\n        <\/style>\r\n        <!-- see gallery_shortcode() in wp-includes\/media.php -->\r\n        <div id='gallery-1' class='gallery-images gallery galleryid-445'><dl class='gallery-item'>\r\n            <dt class='gallery-icon'>\r\n                <a href='https:\/\/www.chile-reise.com\/wp-content\/uploads\/Fachada_klein.jpg'><img loading=\"lazy\" decoding=\"async\" width=\"240\" height=\"140\" src=\"https:\/\/www.chile-reise.com\/wp-content\/uploads\/Fachada_klein-240x140.jpg\" class=\"attachment-thumbnail size-thumbnail\" alt=\"Fachada klein\" \/><\/a>\r\n            <\/dt>\r\n                <dd class='gallery-caption'>\r\n                Hotel Puku Vai\r\n                <\/dd><\/dl><dl class='gallery-item'>\r\n            <dt class='gallery-icon'>\r\n                <a href='https:\/\/www.chile-reise.com\/wp-content\/uploads\/Habitaci\u00f3n_klein.jpg'><img loading=\"lazy\" decoding=\"async\" width=\"240\" height=\"140\" src=\"https:\/\/www.chile-reise.com\/wp-content\/uploads\/Habitaci\u00f3n_klein-240x140.jpg\" class=\"attachment-thumbnail size-thumbnail\" alt=\"Habitaci\u00f3n klein\" \/><\/a>\r\n            <\/dt>\r\n                <dd class='gallery-caption'>\r\n                Hotel Puku Vai Room\r\n                <\/dd><\/dl><dl class='gallery-item'>\r\n            <dt class='gallery-icon'>\r\n                <a href='https:\/\/www.chile-reise.com\/wp-content\/uploads\/Puku-Vai-afuera_klein.jpg'><img loading=\"lazy\" decoding=\"async\" width=\"240\" height=\"140\" src=\"https:\/\/www.chile-reise.com\/wp-content\/uploads\/Puku-Vai-afuera_klein-240x140.jpg\" class=\"attachment-thumbnail size-thumbnail\" alt=\"Puku Vai afuera klein\" \/><\/a>\r\n            <\/dt>\r\n                <dd class='gallery-caption'>\r\n                Hotel Puku Vai Pool\r\n                <\/dd><\/dl><br style=\"clear: both\" \/><dl class='gallery-item'>\r\n            <dt class='gallery-icon'>\r\n                <a href='https:\/\/www.chile-reise.com\/wp-content\/uploads\/comedor_klein.jpg'><img loading=\"lazy\" decoding=\"async\" width=\"240\" height=\"140\" src=\"https:\/\/www.chile-reise.com\/wp-content\/uploads\/comedor_klein-240x140.jpg\" class=\"attachment-thumbnail size-thumbnail\" alt=\"Comedor klein\" \/><\/a>\r\n            <\/dt>\r\n                <dd class='gallery-caption'>\r\n                Hotel Puku Vai Restaurant\r\n                <\/dd><\/dl>\r\n            <br style='clear: both;' \/>\r\n        <\/div>\n<div class=\"clear\"><\/div><div class=\"divider\"><\/div>\n<p>Das  Hotel Puku Vai liegt in hervorragender Lage nahe des Flughafens und doch nicht weit von der Hauptstra\u00dfe der Inselhauptstadt Hanga Roa entfernt. Die hellen und einladenden Zimmer sind praktisch eingerichtet und viel Holz sorgt f\u00fcr eine gem\u00fctliche Atmosph\u00e4re. Alle Zimmer haben direkten Zugang zum tropischen Garten mit Swimmingpool. Ein Restaurant mit Bar rundet das Angebot des Hotels Pukuvai ab.<\/p>\n<p><strong>Zimmer:<\/strong> 13<br \/>\n<strong>Ausstattung:<\/strong> Telefon, TV, Safe, Minibar, Zimmerservice, W\u00e4scheservice, Schwimmbecken, Massageservice, Restaurant, Bar, Veranstaltungssaal, Parkplatz<br \/>\n<strong>Internet:<\/strong> Wi-Fi<\/p>","protected":false},"excerpt":{"rendered":"<p>Das Hotel Puku Vai liegt in hervorragender Lage nahe des Flughafens und doch nicht weit von der Hauptstra\u00dfe der Inselhauptstadt Hanga Roa entfernt. Die hellen und einladenden Zimmer sind praktisch eingerichtet und viel Holz sorgt f\u00fcr eine gem\u00fctliche Atmosph\u00e4re. Alle &#8230;<\/p>\n","protected":false},"author":16,"featured_media":0,"parent":431,"menu_order":0,"comment_status":"open","ping_status":"open","template":"","meta":{"slim_seo":{"title":"Hotel Puku Vai *** Hotel Puku Vai *** - travelArt","description":"Hotel Puku Vai Hotel Puku Vai Room Hotel Puku Vai Pool Hotel Puku Vai Restaurant Das Hotel Puku Vai liegt in hervorragender Lage nahe des Flughafens und doch ni"},"footnotes":""},"class_list":["post-445","page","type-page","status-publish","hentry"],"_links":{"self":[{"href":"https:\/\/www.chile-reise.com\/de\/wp-json\/wp\/v2\/pages\/445","targetHints":{"allow":["GET"]}}],"collection":[{"href":"https:\/\/www.chile-reise.com\/de\/wp-json\/wp\/v2\/pages"}],"about":[{"href":"https:\/\/www.chile-reise.com\/de\/wp-json\/wp\/v2\/types\/page"}],"author":[{"embeddable":true,"href":"https:\/\/www.chile-reise.com\/de\/wp-json\/wp\/v2\/users\/16"}],"replies":[{"embeddable":true,"href":"https:\/\/www.chile-reise.com\/de\/wp-json\/wp\/v2\/comments?post=445"}],"version-history":[{"count":0,"href":"https:\/\/www.chile-reise.com\/de\/wp-json\/wp\/v2\/pages\/445\/revisions"}],"up":[{"embeddable":true,"href":"https:\/\/www.chile-reise.com\/de\/wp-json\/wp\/v2\/pages\/431"}],"wp:attachment":[{"href":"https:\/\/www.chile-reise.com\/de\/wp-json\/wp\/v2\/media?parent=445"}],"curies":[{"name":"wp","href":"https:\/\/api.w.org\/{rel}","templated":true}]}}