{"id":443,"date":"2013-07-04T18:39:18","date_gmt":"2013-07-04T16:39:18","guid":{"rendered":"http:\/\/www.chile-reise.com\/wordpress\/?page_id=443"},"modified":"2014-02-28T21:52:38","modified_gmt":"2014-02-28T19:52:38","slug":"hotel-taha-tai","status":"publish","type":"page","link":"https:\/\/www.chile-reise.com\/de\/hotels\/osterinsel\/hotel-taha-tai\/","title":{"rendered":"Hotel Taha Tai ***"},"content":{"rendered":"<p>\r\n        <style type='text\/css'>\r\n            #gallery-1 {\r\n                margin: auto;\r\n            }\r\n            #gallery-1 .gallery-item {\r\n                float: left;\r\n                margin-top: 10px;\r\n                text-align: center;\r\n                width: 33%;           }\r\n            #gallery-1 img {\r\n                border: 2px solid #cfcfcf;\r\n            }\r\n            #gallery-1 .gallery-caption {\r\n                margin-left: 0;\r\n            }\r\n        <\/style>\r\n        <!-- see gallery_shortcode() in wp-includes\/media.php -->\r\n        <div id='gallery-1' class='gallery-images gallery galleryid-443'><dl class='gallery-item'>\r\n            <dt class='gallery-icon'>\r\n                <a href='https:\/\/www.chile-reise.com\/wp-content\/uploads\/Taha-Tai-afuera_klein.jpg'><img loading=\"lazy\" decoding=\"async\" width=\"240\" height=\"140\" src=\"https:\/\/www.chile-reise.com\/wp-content\/uploads\/Taha-Tai-afuera_klein-240x140.jpg\" class=\"attachment-thumbnail size-thumbnail\" alt=\"Taha Tai afuera klein\" \/><\/a>\r\n            <\/dt>\r\n                <dd class='gallery-caption'>\r\n                Hotel Taha Tai \r\n                <\/dd><\/dl><dl class='gallery-item'>\r\n            <dt class='gallery-icon'>\r\n                <a href='https:\/\/www.chile-reise.com\/wp-content\/uploads\/Lounge_klein.jpg'><img loading=\"lazy\" decoding=\"async\" width=\"240\" height=\"140\" src=\"https:\/\/www.chile-reise.com\/wp-content\/uploads\/Lounge_klein-240x140.jpg\" class=\"attachment-thumbnail size-thumbnail\" alt=\"Lounge klein\" \/><\/a>\r\n            <\/dt>\r\n                <dd class='gallery-caption'>\r\n                Hotel Taha Tai Lobby\r\n                <\/dd><\/dl><dl class='gallery-item'>\r\n            <dt class='gallery-icon'>\r\n                <a href='https:\/\/www.chile-reise.com\/wp-content\/uploads\/Habitaci\u00f3n_klein1.jpg'><img loading=\"lazy\" decoding=\"async\" width=\"240\" height=\"140\" src=\"https:\/\/www.chile-reise.com\/wp-content\/uploads\/Habitaci\u00f3n_klein1-240x140.jpg\" class=\"attachment-thumbnail size-thumbnail\" alt=\"Habitaci\u00f3n klein\" \/><\/a>\r\n            <\/dt>\r\n                <dd class='gallery-caption'>\r\n                Hotel Taha Tai Room\r\n                <\/dd><\/dl><br style=\"clear: both\" \/><dl class='gallery-item'>\r\n            <dt class='gallery-icon'>\r\n                <a href='https:\/\/www.chile-reise.com\/wp-content\/uploads\/Comedor_klein.jpg'><img loading=\"lazy\" decoding=\"async\" width=\"240\" height=\"140\" src=\"https:\/\/www.chile-reise.com\/wp-content\/uploads\/Comedor_klein-240x140.jpg\" class=\"attachment-thumbnail size-thumbnail\" alt=\"Comedor klein\" \/><\/a>\r\n            <\/dt>\r\n                <dd class='gallery-caption'>\r\n                Hotel Taha Tai Restaurant\r\n                <\/dd><\/dl>\r\n            <br style='clear: both;' \/>\r\n        <\/div>\n<div class=\"clear\"><\/div><div class=\"divider\"><\/div>\n<p>Die gro\u00dfz\u00fcgige Hotelanlage Taha Tai liegt direkt an der K\u00fcste im Gr\u00fcnen und ist doch nur 5 Gehminuten vom Zentrum von Hanga Roa entfernt. Die Zimmer sind praktisch und behaglich eingerichtet. Neben dem Garten bietet auch der einladende Aufenthaltsbereich einen herrlichen Blick auf den Pazifik.<\/p>\n<p><strong>Zimmer:<\/strong> 40<br \/>\n<strong>Ausstattung:<\/strong> Telefon, Haartrockner, Safe, Restaurant, Bar, Safe an der Rezeption, TV im Aufenthaltsbereich, Garten, Schwimmbecken, W\u00e4scheservice, Parkpl\u00e4tze<\/p>","protected":false},"excerpt":{"rendered":"<p>Die gro\u00dfz\u00fcgige Hotelanlage Taha Tai liegt direkt an der K\u00fcste im Gr\u00fcnen und ist doch nur 5 Gehminuten vom Zentrum von Hanga Roa entfernt. Die Zimmer sind praktisch und behaglich eingerichtet. Neben dem Garten bietet auch der einladende Aufenthaltsbereich einen &#8230;<\/p>\n","protected":false},"author":16,"featured_media":0,"parent":431,"menu_order":0,"comment_status":"open","ping_status":"open","template":"","meta":{"slim_seo":{"title":"Hotel Taha Tai *** Hotel Taha Tai *** - travelArt","description":"Hotel Taha Tai Hotel Taha Tai Lobby Hotel Taha Tai Room Hotel Taha Tai Restaurant Die gro\u00dfz\u00fcgige Hotelanlage Taha Tai liegt direkt an der K\u00fcste im Gr\u00fcnen und is"},"footnotes":""},"class_list":["post-443","page","type-page","status-publish","hentry"],"_links":{"self":[{"href":"https:\/\/www.chile-reise.com\/de\/wp-json\/wp\/v2\/pages\/443","targetHints":{"allow":["GET"]}}],"collection":[{"href":"https:\/\/www.chile-reise.com\/de\/wp-json\/wp\/v2\/pages"}],"about":[{"href":"https:\/\/www.chile-reise.com\/de\/wp-json\/wp\/v2\/types\/page"}],"author":[{"embeddable":true,"href":"https:\/\/www.chile-reise.com\/de\/wp-json\/wp\/v2\/users\/16"}],"replies":[{"embeddable":true,"href":"https:\/\/www.chile-reise.com\/de\/wp-json\/wp\/v2\/comments?post=443"}],"version-history":[{"count":0,"href":"https:\/\/www.chile-reise.com\/de\/wp-json\/wp\/v2\/pages\/443\/revisions"}],"up":[{"embeddable":true,"href":"https:\/\/www.chile-reise.com\/de\/wp-json\/wp\/v2\/pages\/431"}],"wp:attachment":[{"href":"https:\/\/www.chile-reise.com\/de\/wp-json\/wp\/v2\/media?parent=443"}],"curies":[{"name":"wp","href":"https:\/\/api.w.org\/{rel}","templated":true}]}}