{"id":442,"date":"2013-07-04T18:38:32","date_gmt":"2013-07-04T16:38:32","guid":{"rendered":"http:\/\/www.chile-reise.com\/wordpress\/?page_id=442"},"modified":"2015-04-10T19:15:10","modified_gmt":"2015-04-10T17:15:10","slug":"hotel-otai","status":"publish","type":"page","link":"https:\/\/www.chile-reise.com\/de\/hotels\/osterinsel\/hotel-otai\/","title":{"rendered":"Hotel O\u2019tai ****"},"content":{"rendered":"<p>\n<div class=\"clear\"><\/div><div class=\"divider\"><\/div>\n<p>Das traditionelle 3-Sterne Haus O\u2019tai, das f\u00fcr seinen freundlichen Service bekannt ist, befindet sich in zentraler Lage in Hanga Roa und gleichzeitig nur wenige Schritte vom Meer entfernt. Ein h\u00fcbscher, gro\u00dfer Garten mit Schwimmbecken bietet den G\u00e4sten Erfrischung und Entspannung.<\/p>\n<p><strong>Zimmer:<\/strong> 41<br \/>\n<strong>Ausstattung:<\/strong> Telefon, Ventilator, Terrasse, Superiorzimmer au\u00dferdem mit Safe und Klimaanlage, Restaurant, TV im Aufenthaltsbereich, Konferenzraum, Garten, Schwimmbecken, kleine Bibliothek, W\u00e4scheservice, Parkpl\u00e4tze<br \/>\n<strong>Internet:<\/strong> Wi-Fi in der Lobby<\/p>","protected":false},"excerpt":{"rendered":"<p>Das traditionelle 3-Sterne Haus O\u2019tai, das f\u00fcr seinen freundlichen Service bekannt ist, befindet sich in zentraler Lage in Hanga Roa und gleichzeitig nur wenige Schritte vom Meer entfernt. Ein h\u00fcbscher, gro\u00dfer Garten mit Schwimmbecken bietet den G\u00e4sten Erfrischung und Entspannung. &#8230;<\/p>\n","protected":false},"author":16,"featured_media":0,"parent":431,"menu_order":0,"comment_status":"open","ping_status":"open","template":"","meta":{"slim_seo":{"title":"Hotel O\u2019tai **** Hotel O\u2019tai **** - travelArt","description":"Das traditionelle 3-Sterne Haus O\u2019tai, das f\u00fcr seinen freundlichen Service bekannt ist, befindet sich in zentraler Lage in Hanga Roa und gleichzeitig nur wenige"},"footnotes":""},"class_list":["post-442","page","type-page","status-publish","hentry"],"_links":{"self":[{"href":"https:\/\/www.chile-reise.com\/de\/wp-json\/wp\/v2\/pages\/442","targetHints":{"allow":["GET"]}}],"collection":[{"href":"https:\/\/www.chile-reise.com\/de\/wp-json\/wp\/v2\/pages"}],"about":[{"href":"https:\/\/www.chile-reise.com\/de\/wp-json\/wp\/v2\/types\/page"}],"author":[{"embeddable":true,"href":"https:\/\/www.chile-reise.com\/de\/wp-json\/wp\/v2\/users\/16"}],"replies":[{"embeddable":true,"href":"https:\/\/www.chile-reise.com\/de\/wp-json\/wp\/v2\/comments?post=442"}],"version-history":[{"count":0,"href":"https:\/\/www.chile-reise.com\/de\/wp-json\/wp\/v2\/pages\/442\/revisions"}],"up":[{"embeddable":true,"href":"https:\/\/www.chile-reise.com\/de\/wp-json\/wp\/v2\/pages\/431"}],"wp:attachment":[{"href":"https:\/\/www.chile-reise.com\/de\/wp-json\/wp\/v2\/media?parent=442"}],"curies":[{"name":"wp","href":"https:\/\/api.w.org\/{rel}","templated":true}]}}