{"id":441,"date":"2013-07-04T18:37:38","date_gmt":"2013-07-04T16:37:38","guid":{"rendered":"http:\/\/www.chile-reise.com\/wordpress\/?page_id=441"},"modified":"2013-10-17T21:46:23","modified_gmt":"2013-10-17T19:46:23","slug":"hotel-gomero","status":"publish","type":"page","link":"https:\/\/www.chile-reise.com\/de\/hotels\/osterinsel\/hotel-gomero\/","title":{"rendered":"Hotel Gomero ***"},"content":{"rendered":"<p>\n<div class=\"clear\"><\/div><div class=\"divider\"><\/div>\n<p>Das familiengef\u00fchrte Hotel Gomero liegt g\u00fcnstig und doch ruhig im Zentrum Hanga Roas. Die Atmosph\u00e4re hier ist warm und angenehm, wozu auch der wundersch\u00f6ne tropische Garten mit Schwimmbecken beitr\u00e4gt. Die R\u00e4ume sind praktisch und ansprechend eingerichtet, Superior-Zimmer haben eine kleine Terasse. Der freundliche und pers\u00f6nliche Service der Mitarbeiter im Hotel Gomero sorgt daf\u00fcr, dass die G\u00e4ste sich am \u00abEnde der Welt\u00bb zuhause f\u00fchlen.<\/p>\n<p><strong>Zimmer:<\/strong> 17<br \/>\n<strong>Ausstattung:<\/strong> Telefon, Zimmersafe, Minibar, Ventilator, Restaurant, W\u00e4scheservice, Garten mit Schwimmbecken, Parkplatz, TV im Aufenthaltsraum<br \/>\n<strong>Internet:<\/strong> Wi-Fi<\/p>","protected":false},"excerpt":{"rendered":"<p>Das familiengef\u00fchrte Hotel Gomero liegt g\u00fcnstig und doch ruhig im Zentrum Hanga Roas. Die Atmosph\u00e4re hier ist warm und angenehm, wozu auch der wundersch\u00f6ne tropische Garten mit Schwimmbecken beitr\u00e4gt. Die R\u00e4ume sind praktisch und ansprechend eingerichtet, Superior-Zimmer haben eine kleine &#8230;<\/p>\n","protected":false},"author":16,"featured_media":0,"parent":431,"menu_order":0,"comment_status":"open","ping_status":"open","template":"","meta":{"slim_seo":{"title":"Hotel Gomero *** Hotel Gomero *** - travelArt","description":"Das familiengef\u00fchrte Hotel Gomero liegt g\u00fcnstig und doch ruhig im Zentrum Hanga Roas. Die Atmosph\u00e4re hier ist warm und angenehm, wozu auch der wundersch\u00f6ne trop"},"footnotes":""},"class_list":["post-441","page","type-page","status-publish","hentry"],"_links":{"self":[{"href":"https:\/\/www.chile-reise.com\/de\/wp-json\/wp\/v2\/pages\/441","targetHints":{"allow":["GET"]}}],"collection":[{"href":"https:\/\/www.chile-reise.com\/de\/wp-json\/wp\/v2\/pages"}],"about":[{"href":"https:\/\/www.chile-reise.com\/de\/wp-json\/wp\/v2\/types\/page"}],"author":[{"embeddable":true,"href":"https:\/\/www.chile-reise.com\/de\/wp-json\/wp\/v2\/users\/16"}],"replies":[{"embeddable":true,"href":"https:\/\/www.chile-reise.com\/de\/wp-json\/wp\/v2\/comments?post=441"}],"version-history":[{"count":0,"href":"https:\/\/www.chile-reise.com\/de\/wp-json\/wp\/v2\/pages\/441\/revisions"}],"up":[{"embeddable":true,"href":"https:\/\/www.chile-reise.com\/de\/wp-json\/wp\/v2\/pages\/431"}],"wp:attachment":[{"href":"https:\/\/www.chile-reise.com\/de\/wp-json\/wp\/v2\/media?parent=441"}],"curies":[{"name":"wp","href":"https:\/\/api.w.org\/{rel}","templated":true}]}}