{"id":4403,"date":"2014-05-14T22:57:38","date_gmt":"2014-05-14T20:57:38","guid":{"rendered":"http:\/\/www.chile-reise.com\/?page_id=4403"},"modified":"2014-06-16T23:39:38","modified_gmt":"2014-06-16T21:39:38","slug":"arriero-fuer-einen-tag-reiten-in-der-quebrada-de-penalolen","status":"publish","type":"page","link":"https:\/\/www.chile-reise.com\/de\/packages-daytrips\/santiago-zentralchile-und-pazifikkueste\/arriero-fuer-einen-tag-reiten-in-der-quebrada-de-penalolen\/","title":{"rendered":"Arriero f\u00fcr einen Tag: Reiten in der Schlucht &#8222;Quebrada de Pe\u00f1alolen&#8220;"},"content":{"rendered":"<p><div class=\"clear\"><\/div><div class=\"divider\"><\/div>\n<p><strong>Art der Reise:<\/strong> Aktiv<br \/>\n<strong>Dauer:<\/strong> 1 Tag<\/p>\n\n\t<script type=\"text\/javascript\">\tjQuery(document).ready(function($){\tjQuery(\"ul.tabs-nav\").tabs(\"> .pane\"); }); <\/script>\n\n\t\t<div class=\"post-tabs\">\n\t\t\n<ul class=\"tabs-nav\">\n<li>Tourverlauf<\/li>\n<li>Anmerkungen<\/li>\n<\/ul>\n\n\t\t<div class=\"pane\">\n\t\t\nBei diesem Ausflug wandeln Sie f\u00fcr einen Tag auf den Spuren der Arrieros, den Reitern der Berge. Er beginnt mit einem Transfer vom Hotel zur Comunidad Ecol\u00f3gica de Pe\u00f1alolen (\u00f6kologische Gemeinschaft Pe\u00f1alolen), wo die Pferde bereitstehen. Dann geht es los, zu F\u00fc\u00dfen des m\u00e4chtigen Cerro San Ram\u00f3n durch die Quebrada (Schlucht) de Pe\u00f1alolen, immer bergauf durch einheimische Waldlandschaft bis zu einem Fluss aus klarem Schmelzwasser aus den Anden. Hier wird ein Barbecue serviert und es besteht Gelegenheit zu einem Spaziergang oder einer Erfrischung im klaren Fluss.<br \/>\n\n\t\t<\/div>\n\t\n\n\t\t<div class=\"pane\">\n\t\t\nZeitraum ganzj\u00e4hrig.<br \/>\nKeine Reitkenntnisse erforderlich.<br \/>\nWegstrecke etwa 5 Stunden, wobei 4 Stunden davon geritten werden.<br \/>\nBarbecue inklusive, am Abend R\u00fcckkehr nach Santiago.<br \/>\n\n\t\t<\/div>\n\t\n\n\t\t<\/div>\n\t<\/p>","protected":false},"excerpt":{"rendered":"<p>Art der Reise: Aktiv Dauer: 1 Tag<\/p>\n","protected":false},"author":3,"featured_media":0,"parent":99,"menu_order":0,"comment_status":"open","ping_status":"open","template":"","meta":{"slim_seo":{"title":"Arriero f\u00fcr einen Tag: Reiten in der Schlucht \"Quebrada de Pe\u00f1alolen\" Arriero for a day: riding excursion to the \"Quebrada de Pe\u00f1alolen\" canyon - travelArt","description":"Art der Reise: Aktiv Dauer: 1 Tag Tourverlauf Anmerkungen Bei diesem Ausflug wandeln Sie f\u00fcr einen Tag auf den Spuren der Arrieros, den Reitern der Berge. Er be"},"footnotes":""},"class_list":["post-4403","page","type-page","status-publish","hentry"],"_links":{"self":[{"href":"https:\/\/www.chile-reise.com\/de\/wp-json\/wp\/v2\/pages\/4403","targetHints":{"allow":["GET"]}}],"collection":[{"href":"https:\/\/www.chile-reise.com\/de\/wp-json\/wp\/v2\/pages"}],"about":[{"href":"https:\/\/www.chile-reise.com\/de\/wp-json\/wp\/v2\/types\/page"}],"author":[{"embeddable":true,"href":"https:\/\/www.chile-reise.com\/de\/wp-json\/wp\/v2\/users\/3"}],"replies":[{"embeddable":true,"href":"https:\/\/www.chile-reise.com\/de\/wp-json\/wp\/v2\/comments?post=4403"}],"version-history":[{"count":0,"href":"https:\/\/www.chile-reise.com\/de\/wp-json\/wp\/v2\/pages\/4403\/revisions"}],"up":[{"embeddable":true,"href":"https:\/\/www.chile-reise.com\/de\/wp-json\/wp\/v2\/pages\/99"}],"wp:attachment":[{"href":"https:\/\/www.chile-reise.com\/de\/wp-json\/wp\/v2\/media?parent=4403"}],"curies":[{"name":"wp","href":"https:\/\/api.w.org\/{rel}","templated":true}]}}