{"id":439,"date":"2013-07-04T18:35:54","date_gmt":"2013-07-04T16:35:54","guid":{"rendered":"http:\/\/www.chile-reise.com\/wordpress\/?page_id=439"},"modified":"2015-04-10T19:10:52","modified_gmt":"2015-04-10T17:10:52","slug":"altiplanico-rapa-nui","status":"publish","type":"page","link":"https:\/\/www.chile-reise.com\/de\/hotels\/osterinsel\/altiplanico-rapa-nui\/","title":{"rendered":"Altiplanico Rapa Nui (B)"},"content":{"rendered":"<p>\n<div class=\"clear\"><\/div><div class=\"divider\"><\/div>\n<p>Die Anlage des Altiplanico Rapa Nui, mit der ganz neue Akzente in der Hotellandschaft der Osterinsel gesetzt werden, liegt in ruhiger Lage 4 km von Zentrum Hanga Roas und nur 200 m vom Meer entfernt. Die stilvollen Zimmer befinden sich, zusammen mit dem Privatbad, in jeweils einem separaten H\u00e4uschen, die den alten Bootsh\u00e4usern der Rapa Nui nachempfunden sind. Sie liegen in Gartenanlagen aus \u00abManuvai\u00bb, den auf der Insel \u00fcblichen Steinkreisen, mit Palmen, Zitrusfr\u00fcchten, Ananas, Bananenpflanzen und Blumen bepflanzt.<br \/>\nDas Altipl\u00e1nico Rapa Nui ist ganz darauf ausgelegt, den G\u00e4sten ein Gef\u00fchl f\u00fcr die Kultur der Osterinsel und die traditionelle Lebensweise ihrer Bewohner zu vermitteln. Deswegen l\u00e4dt es mit gro\u00dfz\u00fcgigen Terrassen, einem Au\u00dfenschwimmbecken, Bar, Gartenanlagen und wunderbarem Meerblick dazu ein, m\u00f6glichst viel Zeit im Freien zu verbringen. Auch die Dekoration der H\u00e4uschen und Aufenthaltsbereiche lehnt an die lokale Kunst an. <\/p>\n<p><strong>Zimmer:<\/strong> 16<br \/>\n<strong>Ausstattung:<\/strong> Ventilator, F\u00f6n, Zimmersafe, Terrasse mit Meerblick vor den Zimmern, Restaurant, Bar, Garten, Terrassen, Schwimmbecken, W\u00e4scheservice<br \/>\n<strong>Internet:<\/strong> Anschl\u00fcsse auf den Zimmern, Wi-Fi in den Aufenthaltsbereichen<\/p>","protected":false},"excerpt":{"rendered":"<p>Die Anlage des Altiplanico Rapa Nui, mit der ganz neue Akzente in der Hotellandschaft der Osterinsel gesetzt werden, liegt in ruhiger Lage 4 km von Zentrum Hanga Roas und nur 200 m vom Meer entfernt. Die stilvollen Zimmer befinden sich, &#8230;<\/p>\n","protected":false},"author":16,"featured_media":0,"parent":431,"menu_order":0,"comment_status":"open","ping_status":"open","template":"","meta":{"slim_seo":{"title":"Altiplanico Rapa Nui (B) Altiplanico Rapa Nui (B) - travelArt","description":"Die Anlage des Altiplanico Rapa Nui, mit der ganz neue Akzente in der Hotellandschaft der Osterinsel gesetzt werden, liegt in ruhiger Lage 4 km von Zentrum Hang"},"footnotes":""},"class_list":["post-439","page","type-page","status-publish","hentry"],"_links":{"self":[{"href":"https:\/\/www.chile-reise.com\/de\/wp-json\/wp\/v2\/pages\/439","targetHints":{"allow":["GET"]}}],"collection":[{"href":"https:\/\/www.chile-reise.com\/de\/wp-json\/wp\/v2\/pages"}],"about":[{"href":"https:\/\/www.chile-reise.com\/de\/wp-json\/wp\/v2\/types\/page"}],"author":[{"embeddable":true,"href":"https:\/\/www.chile-reise.com\/de\/wp-json\/wp\/v2\/users\/16"}],"replies":[{"embeddable":true,"href":"https:\/\/www.chile-reise.com\/de\/wp-json\/wp\/v2\/comments?post=439"}],"version-history":[{"count":0,"href":"https:\/\/www.chile-reise.com\/de\/wp-json\/wp\/v2\/pages\/439\/revisions"}],"up":[{"embeddable":true,"href":"https:\/\/www.chile-reise.com\/de\/wp-json\/wp\/v2\/pages\/431"}],"wp:attachment":[{"href":"https:\/\/www.chile-reise.com\/de\/wp-json\/wp\/v2\/media?parent=439"}],"curies":[{"name":"wp","href":"https:\/\/api.w.org\/{rel}","templated":true}]}}