{"id":433,"date":"2013-07-03T23:56:37","date_gmt":"2013-07-03T21:56:37","guid":{"rendered":"http:\/\/www.chile-reise.com\/wordpress\/?page_id=433"},"modified":"2015-04-09T22:32:45","modified_gmt":"2015-04-09T20:32:45","slug":"weinhotels","status":"publish","type":"page","link":"https:\/\/www.chile-reise.com\/de\/hotels\/weinhotels\/","title":{"rendered":"Weinhotels"},"content":{"rendered":"<p><img loading=\"lazy\" decoding=\"async\" src=\"https:\/\/www.chile-reise.com\/wp-content\/uploads\/slider_hotels_weinhotels-240x140.jpg\" alt=\"slider_hotels_weinhotels\" width=\"240\" height=\"140\" class=\"alignleft size-thumbnail wp-image-1064\" \/>Chile\u00b4s Weinhotels, verteilt \u00fcber die sch\u00f6nsten T\u00e4ler der Zentralregion sind ideal, um zu entspannen, sich verw\u00f6hnen zu lassen und den Rest der Welt zu vergessen. Die Auswahl reicht von urigen Unterk\u00fcnften auf alten G\u00fctern \u00fcber gut ausgestattete Hotels und Lodges bis zu luxuri\u00f6sen Villen.<br \/>\n(B) = Boutique Hotel<\/p>\n<h6>Unsere Hotels<\/h6>\n<span id=\"tablepress-17-description\" class=\"tablepress-table-description tablepress-table-description-id-17\"><\/span>\n\n<table id=\"tablepress-17\" class=\"tablepress tablepress-id-17\" aria-describedby=\"tablepress-17-description\">\n<thead>\n<tr class=\"row-1\">\n\t<th class=\"column-1\">Hotel<\/th><th class=\"column-2\">Ort<\/th>\n<\/tr>\n<\/thead>\n<tbody class=\"row-striping row-hover\">\n<tr class=\"row-2\">\n\t<td class=\"column-1\"><a href=\"lapostolle-residence\/\" target=\"_blank\">Lapostolle Residence (B)<\/a><\/td><td class=\"column-2\">Colchaguatal<\/td>\n<\/tr>\n<tr class=\"row-3\">\n\t<td class=\"column-1\"><a href=\"lodge-vik\/\" target=\"_blank\">Hotel Vi\u00f1a VIK*****<\/a><\/td><td class=\"column-2\">Cachapoaltal<\/td>\n<\/tr>\n<tr class=\"row-4\">\n\t<td class=\"column-1\"><a href=\"hotel-santa-cruz-plaza\/\" target=\"_blank\">Hotel Santa Cruz Plaza ****<\/a><\/td><td class=\"column-2\">Colchaguatal<\/td>\n<\/tr>\n<tr class=\"row-5\">\n\t<td class=\"column-1\"><a href=\"hotel-casa-silva\/\" target=\"_blank\">Hotel Casa Silva (B)<\/a><\/td><td class=\"column-2\">Colchaguatal<\/td>\n<\/tr>\n<tr class=\"row-6\">\n\t<td class=\"column-1\"><a href=\"gaestehaus-matetic\/\" target=\"_blank\">La Casona de Vi\u00f1a Matetic (B)<\/a><\/td><td class=\"column-2\">Casablancatal<\/td>\n<\/tr>\n<tr class=\"row-7\">\n\t<td class=\"column-1\"><a href=\"hotel-casa-del-campo\/\" target=\"_blank\">Hotel Casa de Campo (B)<\/a><\/td><td class=\"column-2\">Colchaguatal<\/td>\n<\/tr>\n<tr class=\"row-8\">\n\t<td class=\"column-1\"><a href=\"hotel-terravina\/\" target=\"_blank\">Hotel Terravi\u00f1a ***<\/a><\/td><td class=\"column-2\">Colchaguatal<\/td>\n<\/tr>\n<tr class=\"row-9\">\n\t<td class=\"column-1\"><a href=\"noi-blend-colchagua\/\">NOI Blend Colchagua (B)<\/a><\/td><td class=\"column-2\">Colchaguatal<\/td>\n<\/tr>\n<\/tbody>\n<\/table>\n<!-- #tablepress-17 from cache --><\/p>","protected":false},"excerpt":{"rendered":"<p>Chile\u00b4s Weinhotels, verteilt \u00fcber die sch\u00f6nsten T\u00e4ler der Zentralregion sind ideal, um zu entspannen, sich verw\u00f6hnen zu lassen und den Rest der Welt zu vergessen. Die Auswahl reicht von urigen Unterk\u00fcnften auf alten G\u00fctern \u00fcber gut ausgestattete Hotels und Lodges &#8230;<\/p>\n","protected":false},"author":16,"featured_media":0,"parent":196,"menu_order":0,"comment_status":"open","ping_status":"open","template":"","meta":{"slim_seo":{"title":"Weinhotels Wine Hotels - travelArt","description":"Chile\u00b4s Weinhotels, verteilt \u00fcber die sch\u00f6nsten T\u00e4ler der Zentralregion sind ideal, um zu entspannen, sich verw\u00f6hnen zu lassen und den Rest der Welt zu vergesse"},"footnotes":""},"class_list":["post-433","page","type-page","status-publish","hentry"],"_links":{"self":[{"href":"https:\/\/www.chile-reise.com\/de\/wp-json\/wp\/v2\/pages\/433","targetHints":{"allow":["GET"]}}],"collection":[{"href":"https:\/\/www.chile-reise.com\/de\/wp-json\/wp\/v2\/pages"}],"about":[{"href":"https:\/\/www.chile-reise.com\/de\/wp-json\/wp\/v2\/types\/page"}],"author":[{"embeddable":true,"href":"https:\/\/www.chile-reise.com\/de\/wp-json\/wp\/v2\/users\/16"}],"replies":[{"embeddable":true,"href":"https:\/\/www.chile-reise.com\/de\/wp-json\/wp\/v2\/comments?post=433"}],"version-history":[{"count":0,"href":"https:\/\/www.chile-reise.com\/de\/wp-json\/wp\/v2\/pages\/433\/revisions"}],"up":[{"embeddable":true,"href":"https:\/\/www.chile-reise.com\/de\/wp-json\/wp\/v2\/pages\/196"}],"wp:attachment":[{"href":"https:\/\/www.chile-reise.com\/de\/wp-json\/wp\/v2\/media?parent=433"}],"curies":[{"name":"wp","href":"https:\/\/api.w.org\/{rel}","templated":true}]}}