{"id":426,"date":"2013-07-03T23:52:56","date_gmt":"2013-07-03T21:52:56","guid":{"rendered":"http:\/\/www.chile-reise.com\/wordpress\/?page_id=426"},"modified":"2014-07-11T20:33:25","modified_gmt":"2014-07-11T18:33:25","slug":"lakutaia-lodge","status":"publish","type":"page","link":"https:\/\/www.chile-reise.com\/de\/hotels\/patagonien\/lakutaia-lodge\/","title":{"rendered":"Lakutaia Lodge ****"},"content":{"rendered":"<p>\r\n        <style type='text\/css'>\r\n            #gallery-1 {\r\n                margin: auto;\r\n            }\r\n            #gallery-1 .gallery-item {\r\n                float: left;\r\n                margin-top: 10px;\r\n                text-align: center;\r\n                width: 33%;           }\r\n            #gallery-1 img {\r\n                border: 2px solid #cfcfcf;\r\n            }\r\n            #gallery-1 .gallery-caption {\r\n                margin-left: 0;\r\n            }\r\n        <\/style>\r\n        <!-- see gallery_shortcode() in wp-includes\/media.php -->\r\n        <div id='gallery-1' class='gallery-images gallery galleryid-426'><dl class='gallery-item'>\r\n            <dt class='gallery-icon'>\r\n                <a href='https:\/\/www.chile-reise.com\/wp-content\/uploads\/Lakutaia-2_klein.jpg'><img loading=\"lazy\" decoding=\"async\" width=\"240\" height=\"140\" src=\"https:\/\/www.chile-reise.com\/wp-content\/uploads\/Lakutaia-2_klein-240x140.jpg\" class=\"attachment-thumbnail size-thumbnail\" alt=\"Lakutaia (2) klein\" \/><\/a>\r\n            <\/dt>\r\n                <dd class='gallery-caption'>\r\n                Hotel Lakutaia\r\n                <\/dd><\/dl><dl class='gallery-item'>\r\n            <dt class='gallery-icon'>\r\n                <a href='https:\/\/www.chile-reise.com\/wp-content\/uploads\/canvas_klein.png'><img loading=\"lazy\" decoding=\"async\" width=\"240\" height=\"140\" src=\"https:\/\/www.chile-reise.com\/wp-content\/uploads\/canvas_klein-240x140.png\" class=\"attachment-thumbnail size-thumbnail\" alt=\"Canvas klein\" srcset=\"https:\/\/www.chile-reise.com\/wp-content\/uploads\/canvas_klein-240x140.png 240w, https:\/\/www.chile-reise.com\/wp-content\/uploads\/canvas_klein-561x330.png 561w, https:\/\/www.chile-reise.com\/wp-content\/uploads\/canvas_klein.png 680w\" sizes=\"auto, (max-width: 240px) 100vw, 240px\" \/><\/a>\r\n            <\/dt>\r\n                <dd class='gallery-caption'>\r\n                Hotel Lakutaia Room\r\n                <\/dd><\/dl><dl class='gallery-item'>\r\n            <dt class='gallery-icon'>\r\n                <a href='https:\/\/www.chile-reise.com\/wp-content\/uploads\/LAKUTAIA_comedor_klein.jpg'><img loading=\"lazy\" decoding=\"async\" width=\"240\" height=\"140\" src=\"https:\/\/www.chile-reise.com\/wp-content\/uploads\/LAKUTAIA_comedor_klein-240x140.jpg\" class=\"attachment-thumbnail size-thumbnail\" alt=\"LAKUTAIA comedor klein\" \/><\/a>\r\n            <\/dt>\r\n                <dd class='gallery-caption'>\r\n                Hotel Lakutaia Restaurant\r\n                <\/dd><\/dl><br style=\"clear: both\" \/>\r\n            <br style='clear: both;' \/>\r\n        <\/div>\n\n<div class=\"clear\"><\/div><div class=\"divider\"><\/div>\n<p>Die warme und freundliche Lakutaia Lodge auf Feuerland mit gro\u00dfen Aufenthaltsbereichen und Blick auf den Beagle-Kanal sorgt daf\u00fcr, dass die G\u00e4ste sich auch auch am sprichw\u00f6rtlichen \u201eEnde der Welt\u201c wie zu Hause f\u00fchlen k\u00f6nnen. Hier ist der optimale Start- und Zielpunkt f\u00fcr Ihre Abenteuer auf Feuerland. Eine gut ausgestattete Bibliothek und ein Restaurant mit lokalen und internationalen Spezialit\u00e4ten sorgen f\u00fcr angenehme Abende in dieser wilden Umgebung. Trekking, Fliegenfischen, Bootsfahrten, Heliski oder Rundfl\u00fcge \u00fcber Feuerland stehen auf dem Programm der Lodge, so dass f\u00fcr jeden Geschmack etwas dabei ist. Das interessante anthropologische Martin-Gusinde-Museum befindet sich nur wenige Kilometer entfernt.<\/p>\n<p><strong>Zimmer:<\/strong> 24<br \/>\n<strong>Ausstattung:<\/strong> Heizung, Telefon, Restaurant, Bar, Bibliothek, Pferde, W\u00e4scheservice<br \/>\n<strong>Aktivit\u00e4ten:<\/strong> All-inclusive-Pakete mit Exkursionen<br \/>\n<strong>Internet:<\/strong> Wi-Fi<\/p>","protected":false},"excerpt":{"rendered":"<p>Die warme und freundliche Lakutaia Lodge auf Feuerland mit gro\u00dfen Aufenthaltsbereichen und Blick auf den Beagle-Kanal sorgt daf\u00fcr, dass die G\u00e4ste sich auch auch am sprichw\u00f6rtlichen \u201eEnde der Welt\u201c wie zu Hause f\u00fchlen k\u00f6nnen. Hier ist der optimale Start- und &#8230;<\/p>\n","protected":false},"author":16,"featured_media":0,"parent":221,"menu_order":0,"comment_status":"open","ping_status":"open","template":"","meta":{"slim_seo":{"title":"Lakutaia Lodge **** Lakutaia Lodge **** - travelArt","description":"Hotel Lakutaia Hotel Lakutaia Room Hotel Lakutaia Restaurant Die warme und freundliche Lakutaia Lodge auf Feuerland mit gro\u00dfen Aufenthaltsbereichen und Blick au"},"footnotes":""},"class_list":["post-426","page","type-page","status-publish","hentry"],"_links":{"self":[{"href":"https:\/\/www.chile-reise.com\/de\/wp-json\/wp\/v2\/pages\/426","targetHints":{"allow":["GET"]}}],"collection":[{"href":"https:\/\/www.chile-reise.com\/de\/wp-json\/wp\/v2\/pages"}],"about":[{"href":"https:\/\/www.chile-reise.com\/de\/wp-json\/wp\/v2\/types\/page"}],"author":[{"embeddable":true,"href":"https:\/\/www.chile-reise.com\/de\/wp-json\/wp\/v2\/users\/16"}],"replies":[{"embeddable":true,"href":"https:\/\/www.chile-reise.com\/de\/wp-json\/wp\/v2\/comments?post=426"}],"version-history":[{"count":0,"href":"https:\/\/www.chile-reise.com\/de\/wp-json\/wp\/v2\/pages\/426\/revisions"}],"up":[{"embeddable":true,"href":"https:\/\/www.chile-reise.com\/de\/wp-json\/wp\/v2\/pages\/221"}],"wp:attachment":[{"href":"https:\/\/www.chile-reise.com\/de\/wp-json\/wp\/v2\/media?parent=426"}],"curies":[{"name":"wp","href":"https:\/\/api.w.org\/{rel}","templated":true}]}}